{"id":543,"date":"2016-03-09T10:35:21","date_gmt":"2016-03-09T09:35:21","guid":{"rendered":"http:\/\/agora.xtec.cat\/iesbanus\/?page_id=543"},"modified":"2025-09-15T12:52:07","modified_gmt":"2025-09-15T10:52:07","slug":"1r-eso","status":"publish","type":"page","link":"https:\/\/agora.xtec.cat\/iesbanus\/estudis\/leso\/1r-eso\/","title":{"rendered":"1r ESO"},"content":{"rendered":"<p style=\"text-align: justify;\">Les mat\u00e8ries i la seva assignaci\u00f3 hor\u00e0ria per al proper curs \u00e9s la seg\u00fcent:<\/p>\n<table>\n<tbody>\n<tr>\n<td style=\"text-align: center;\">\n<h3>Mat\u00e8ria<\/h3>\n<\/td>\n<td style=\"text-align: center;\">\n<h3>Hores<\/h3>\n<\/td>\n<\/tr>\n<tr>\n<td>\n<h5>Llengua catalana i literatura<\/h5>\n<h5>Llengua castellana i literatura<\/h5>\n<h5>Angl\u00e8s<\/h5>\n<h5>Ci\u00e8ncies socials: geografia i hist\u00f2ria<\/h5>\n<h5>Ci\u00e8ncies de la naturalesa: biologia i geologia<\/h5>\n<h5>Matem\u00e0tiques<\/h5>\n<h5>Educaci\u00f3 f\u00edsica<\/h5>\n<h5>M\u00fasica<\/h5>\n<h5>Educaci\u00f3 visual i pl\u00e0stica<\/h5>\n<h5>Tecnologia<\/h5>\n<h5>Projecte de Filosofia o Religi\u00f3<\/h5>\n<h5>Tutoria<\/h5>\n<h5>Optatives*<\/h5>\n<\/td>\n<td>\n<h5 style=\"text-align: right;\">3<\/h5>\n<h5 style=\"text-align: right;\">3<\/h5>\n<h5 style=\"text-align: right;\">3<\/h5>\n<h5 style=\"text-align: right;\">3<\/h5>\n<h5 style=\"text-align: right;\">3<\/h5>\n<h5 style=\"text-align: right;\">3<\/h5>\n<h5 style=\"text-align: right;\">2<\/h5>\n<h5 style=\"text-align: right;\">2<\/h5>\n<h5 style=\"text-align: right;\">2<\/h5>\n<h5 style=\"text-align: right;\">2<\/h5>\n<h5 style=\"text-align: right;\">1<\/h5>\n<h5 style=\"text-align: right;\">1<\/h5>\n<h5 style=\"text-align: right;\">2<\/h5>\n<\/td>\n<\/tr>\n<tr>\n<td>\n<h4>TOTAL<\/h4>\n<\/td>\n<td>\n<h4 style=\"text-align: right;\">30<\/h4>\n<\/td>\n<\/tr>\n<\/tbody>\n<\/table>\n<p>*Les optatives s\u00f3n:<\/p>\n<p dir=\"ltr\">&#8211; Iniciar-se en una segona llengua estrangera, el\u00a0<b>Franc\u00e8s\u00a0<\/b>(2 hores): L\u2019alumnat apr\u00e8n a comunicar-se utilitzant les eines ling\u00fc\u00edstiques b\u00e0siques per poder descriure\u2019s ell, la seva fam\u00edlia i el seu entorn m\u00e9s proper, preguntar i respondre, insistint en la comunicaci\u00f3 oral, mitjan\u00e7ant exercicis clars que serveixin per posar les bases, fent el paral\u00b7lelisme amb les altres dues lleng\u00fces rom\u00e0niques que parlen.<\/p>\n<p dir=\"ltr\">&#8211;\u00a0<b>TIC<\/b>\u00a0(1 hora) i\u00a0<b>Cultura Cl\u00e0ssica<\/b>\u00a0(1 hora): A\u00a0<b>TIC<\/b>\u00a0treballarem la compet\u00e8ncia digital que us facilitar\u00e0 el treball a la resta d&#8217;assignatures amb el port\u00e0til i les llic\u00e8ncies digitals.\u00a0\u00a0Aprendrem a utilitzar les aplicacions de Google seg\u00fcents: Gmail, Drive, Documents, Fulls de c\u00e0lcul i Sites.\u00a0La mat\u00e8ria de\u00a0<b>Cultura Cl\u00e0ssica<\/b>\u00a0\u00e9s una aproximaci\u00f3 a les civilitzacions grega i romana des de diferents \u00e0mbits: com vivien?, quines eren les seves creences?, com era la seva llengua? I tot aix\u00f2 per acabar descobrint que el m\u00f3n cl\u00e0ssic encara \u00e9s avui molt present i apreciar la import\u00e0ncia de con\u00e8ixer-lo.<\/p>\n","protected":false},"excerpt":{"rendered":"<p>Les mat\u00e8ries i la seva assignaci\u00f3 hor\u00e0ria per al proper curs \u00e9s la seg\u00fcent:<\/p>\n<p>Mat\u00e8ria<\/p>\n<p>Hores<\/p>\n<p>Llengua catalana i literatura<br \/>\nLlengua castellana i literatura<br \/>\nAngl\u00e8s<br \/>\nCi\u00e8ncies socials: geografia i hist\u00f2ria<br \/>\nCi\u00e8ncies de la naturalesa: biologia i geologia<br \/>\nMatem\u00e0tiques<br \/>\nEducaci\u00f3 f\u00edsica<br \/>\nM\u00fasica<br \/>\nEducaci\u00f3 visual i pl\u00e0stica<br \/>\nTecnologia<br \/>\nProjecte de Filosofia o Religi\u00f3<br \/>\nTutoria<br \/>\nOptatives*<\/p>\n<p>3<br \/>\n3<br \/>\n3<br \/>\n3<br \/>\n3<br \/>\n3<br \/>\n2<br \/>\n2<br \/>\n2<br \/>\n2<br \/>\n1<br \/>\n1<br \/>\n2<\/p>\n<p>TOTAL<\/p>\n<p>30<\/p>\n<p>*Les optatives s\u00f3n:<br \/>\n&#8211; Iniciar-se en una segona llengua&hellip;  <a href=\"https:\/\/agora.xtec.cat\/iesbanus\/estudis\/leso\/1r-eso\/\" title=\"Read 1r ESO\">Llegeix m\u00e9s\u00bb<\/a><\/p>\n","protected":false},"author":4,"featured_media":0,"parent":393,"menu_order":0,"comment_status":"closed","ping_status":"closed","template":"page-templates\/side-menu.php","meta":{"_bbp_topic_count":0,"_bbp_reply_count":0,"_bbp_total_topic_count":0,"_bbp_total_reply_count":0,"_bbp_voice_count":0,"_bbp_anonymous_reply_count":0,"_bbp_topic_count_hidden":0,"_bbp_reply_count_hidden":0,"_bbp_forum_subforum_count":0,"footnotes":""},"class_list":["post-543","page","type-page","status-publish","hentry"],"post_mailing_queue_ids":[],"_links":{"self":[{"href":"https:\/\/agora.xtec.cat\/iesbanus\/wp-json\/wp\/v2\/pages\/543","targetHints":{"allow":["GET"]}}],"collection":[{"href":"https:\/\/agora.xtec.cat\/iesbanus\/wp-json\/wp\/v2\/pages"}],"about":[{"href":"https:\/\/agora.xtec.cat\/iesbanus\/wp-json\/wp\/v2\/types\/page"}],"author":[{"embeddable":true,"href":"https:\/\/agora.xtec.cat\/iesbanus\/wp-json\/wp\/v2\/users\/4"}],"replies":[{"embeddable":true,"href":"https:\/\/agora.xtec.cat\/iesbanus\/wp-json\/wp\/v2\/comments?post=543"}],"version-history":[{"count":7,"href":"https:\/\/agora.xtec.cat\/iesbanus\/wp-json\/wp\/v2\/pages\/543\/revisions"}],"predecessor-version":[{"id":5778,"href":"https:\/\/agora.xtec.cat\/iesbanus\/wp-json\/wp\/v2\/pages\/543\/revisions\/5778"}],"up":[{"embeddable":true,"href":"https:\/\/agora.xtec.cat\/iesbanus\/wp-json\/wp\/v2\/pages\/393"}],"wp:attachment":[{"href":"https:\/\/agora.xtec.cat\/iesbanus\/wp-json\/wp\/v2\/media?parent=543"}],"curies":[{"name":"wp","href":"https:\/\/api.w.org\/{rel}","templated":true}]}}