{"id":43,"date":"2014-09-17T16:45:07","date_gmt":"2014-09-17T16:45:07","guid":{"rendered":"http:\/\/agora.xtec.cat\/iesbanus\/?page_id=43"},"modified":"2025-09-02T07:15:36","modified_gmt":"2025-09-02T05:15:36","slug":"consell-escolar","status":"publish","type":"page","link":"https:\/\/agora.xtec.cat\/iesbanus\/linstitut\/consell-escolar\/","title":{"rendered":"Consell Escolar"},"content":{"rendered":"<div id=\"main\" class=\"site-main\">\n<div class=\"full-container\">\n<div id=\"primary\" class=\"content-area\">\n<div id=\"content\" class=\"site-content\">\n<article id=\"post-1059\" class=\"post-1059 page type-page status-publish hentry post\">\n<div class=\"entry-main\">\n<header class=\"entry-header\"><\/header>\n<div class=\"entry-content\">\n<div id=\"pl-1059\">\n<div id=\"pg-1059-0\" class=\"panel-grid\">\n<div id=\"pgc-1059-0-0\" class=\"panel-grid-cell\">\n<div id=\"panel-1059-0-0-0\" class=\"so-panel widget widget_black-studio-tinymce widget_black_studio_tinymce panel-first-child panel-last-child\">\n<div class=\"textwidget\">\n<p>El consell escolar del centre \u00e9s l&#8217;<strong>\u00f2rgan col\u00b7legiat de participaci\u00f3<\/strong> de la comunitat escolar en el govern del centre. En ell hi ha representats tots els col\u00b7lectius que intervenen en la comunitat educativa: equip directiu, professorat, alumnat, personal d&#8217;administraci\u00f3 i serveis, fam\u00edlies i Ajuntament.<\/p>\n<p>La funci\u00f3 principal del consell escolar \u00e9s participar en la presa de decisions en relaci\u00f3 amb aquells temes importants per al funcionament i l&#8217;organitzaci\u00f3 del centre: el projecte educatiu, la programaci\u00f3 general, la gesti\u00f3 econ\u00f2mica, l&#8217;aprovaci\u00f3 de les sortides pedag\u00f2giques, etc.<\/p>\n<p>Els membres del consell escolar s\u00f3n elegits per un per\u00edode de quatre anys i es renoven per meitats cada dos anys. Actualment s\u00f3n els seg\u00fcents:<\/p>\n<table dir=\"ltr\" style=\"height: 484px; width: 94.8817%; border-color: #000000; border-style: solid;\" border=\"1\" cellspacing=\"0\" cellpadding=\"0\">\n<tbody>\n<tr style=\"height: 33px;\">\n<td style=\"width: 27.9113%; height: 10px;\" colspan=\"2\">SECRETARI<\/td>\n<td style=\"width: 41.1802%; height: 10px;\">Marc Fabregat Navarro<\/td>\n<td style=\"width: 30.2167%; height: 10px;\">mfabre5<span class=\"\">@xtec.cat<\/span><\/td>\n<\/tr>\n<tr style=\"height: 33px;\">\n<td style=\"width: 27.9113%; height: 33px;\" colspan=\"2\">AJUNTAMENT<\/td>\n<td style=\"width: 41.1802%; height: 33px;\">Francisco Javier Abad Ostal\u00e9<\/td>\n<td style=\"width: 30.2167%; height: 33px;\">abadofj@cerdanyola.cat<\/td>\n<\/tr>\n<tr style=\"height: 33px;\">\n<td style=\"width: 27.9113%; height: 66px;\" colspan=\"2\" rowspan=\"2\">EQUIP DIRECTIU<\/td>\n<td style=\"width: 41.1802%; height: 33px;\">Enrique Navarro Mart\u00ed (Director)<\/td>\n<td style=\"width: 30.2167%; height: 33px;\">enavar55@xtec.cat<\/td>\n<\/tr>\n<tr style=\"height: 33px;\">\n<td style=\"width: 41.1802%; height: 33px;\">Mercedes Cant\u00f3 Tortosa (Cap d&#8217;Estudis)<\/td>\n<td style=\"width: 30.2167%; height: 33px;\">mcanto5@xtec.cat<\/td>\n<\/tr>\n<tr style=\"height: 33px;\">\n<td style=\"width: 27.9113%; height: 49px;\" colspan=\"2\" rowspan=\"2\">SECTOR PARES I MARES<\/td>\n<td style=\"width: 41.1802%; height: 39px;\">Jordi Sunyer Pujol<\/td>\n<td style=\"width: 30.2167%; height: 39px;\">jordi.sunyer@enginyers.net<\/td>\n<\/tr>\n<tr style=\"height: 33px;\">\n<td style=\"width: 41.1802%; height: 10px;\">(1 vacant)<\/td>\n<td style=\"width: 30.2167%; height: 10px;\">&#8211;<\/td>\n<\/tr>\n<tr style=\"height: 33px;\">\n<td style=\"width: 27.9113%; height: 33px;\" colspan=\"2\">AFA<\/td>\n<td style=\"width: 41.1802%; height: 33px;\"><span data-sheets-root=\"1\">Mireia L\u00f3pez Mart\u00ednez<\/span> (AFA)<\/td>\n<td style=\"width: 30.2167%; height: 33px;\"><span data-sheets-root=\"1\">pipemire290312@gmail.com<\/span><\/td>\n<\/tr>\n<tr style=\"height: 33px;\">\n<td style=\"width: 27.9113%; height: 24px;\" colspan=\"2\">SECTOR ALUMNAT<\/td>\n<td style=\"width: 41.1802%; height: 24px;\">(3 vacants)<\/td>\n<td style=\"width: 30.2167%; height: 24px;\" data-sheets-value=\"{&quot;1&quot;:2,&quot;2&quot;:&quot;aran.gonzalez@ibanus.cat&quot;}\">&#8211;<\/td>\n<\/tr>\n<tr style=\"height: 33px;\">\n<td style=\"width: 27.9113%; height: 201px;\" colspan=\"2\" rowspan=\"6\">SECTOR PROFESSORAT<\/td>\n<td style=\"width: 41.1802%; height: 33px;\">Teresa Peir\u00f3 Cusell<\/td>\n<td style=\"width: 30.2167%; height: 33px;\" data-sheets-value=\"{&quot;1&quot;:2,&quot;2&quot;:&quot;ada.corbalan@ibanus.cat&quot;}\">mpeiro27@xtec.cat<\/td>\n<\/tr>\n<tr style=\"height: 33px;\">\n<td style=\"width: 41.1802%; height: 33px;\">Jordi Planas Ponce<\/td>\n<td style=\"width: 30.2167%; height: 33px;\" data-sheets-value=\"{&quot;1&quot;:2,&quot;2&quot;:&quot;sira.martin@ibanus.cat&quot;}\">jplana26@xtec.cat<\/td>\n<\/tr>\n<tr style=\"height: 33px;\">\n<td style=\"width: 41.1802%; height: 33px;\">Mireia G\u00e1lvez Junyent<\/td>\n<td style=\"width: 30.2167%; height: 33px;\">mgalve10@xtec.cat<\/td>\n<\/tr>\n<tr style=\"height: 34px;\">\n<td style=\"width: 41.1802%; height: 34px;\"><span data-sheets-root=\"1\">Diego G\u00e1mez P\u00e9rez<\/span><\/td>\n<td style=\"width: 30.2167%; height: 34px;\"><span data-sheets-root=\"1\">dgamez2@xtec.cat<\/span><\/td>\n<\/tr>\n<tr style=\"height: 34px;\">\n<td style=\"width: 41.1802%; height: 34px;\">Gema Ramos Fern\u00e1ndez<\/td>\n<td style=\"width: 30.2167%; height: 34px;\">gramos23@xtec.cat<\/td>\n<\/tr>\n<tr style=\"height: 34px;\">\n<td style=\"width: 41.1802%; height: 34px;\">Jordi Tel del Retiro<\/td>\n<td style=\"width: 30.2167%; height: 34px;\">jtel@xtec.cat<\/td>\n<\/tr>\n<tr style=\"height: 34px;\">\n<td style=\"width: 27.9113%; height: 34px;\" colspan=\"2\">SECTOR PAE<\/td>\n<td style=\"width: 41.1802%; height: 34px;\">Rut Fresco Mu\u00f1oz<\/td>\n<td style=\"width: 30.2167%; height: 34px;\">rfresco@xtec.cat<\/td>\n<\/tr>\n<tr style=\"height: 34px;\">\n<td style=\"width: 27.9113%; height: 34px;\" colspan=\"2\">SECTOR PAS<\/td>\n<td style=\"width: 41.1802%; height: 34px;\">Susana Real Latorre<\/td>\n<td style=\"width: 30.2167%; height: 34px;\"><span data-sheets-value=\"{&quot;1&quot;:2,&quot;2&quot;:&quot; sreal1@xtec.cat&quot;}\" data-sheets-userformat=\"{&quot;2&quot;:15101,&quot;3&quot;:{&quot;1&quot;:0},&quot;5&quot;:{&quot;1&quot;:[{&quot;1&quot;:2,&quot;2&quot;:0,&quot;5&quot;:{&quot;1&quot;:2,&quot;2&quot;:0}},{&quot;1&quot;:0,&quot;2&quot;:0,&quot;3&quot;:3},{&quot;1&quot;:1,&quot;2&quot;:0,&quot;4&quot;:1}]},&quot;6&quot;:{&quot;1&quot;:[{&quot;1&quot;:2,&quot;2&quot;:0,&quot;5&quot;:{&quot;1&quot;:2,&quot;2&quot;:0}},{&quot;1&quot;:0,&quot;2&quot;:0,&quot;3&quot;:3},{&quot;1&quot;:1,&quot;2&quot;:0,&quot;4&quot;:1}]},&quot;7&quot;:{&quot;1&quot;:[{&quot;1&quot;:2,&quot;2&quot;:0,&quot;5&quot;:{&quot;1&quot;:2,&quot;2&quot;:0}},{&quot;1&quot;:0,&quot;2&quot;:0,&quot;3&quot;:3},{&quot;1&quot;:1,&quot;2&quot;:0,&quot;4&quot;:1}]},&quot;8&quot;:{&quot;1&quot;:[{&quot;1&quot;:2,&quot;2&quot;:0,&quot;5&quot;:{&quot;1&quot;:2,&quot;2&quot;:0}},{&quot;1&quot;:0,&quot;2&quot;:0,&quot;3&quot;:3},{&quot;1&quot;:1,&quot;2&quot;:0,&quot;4&quot;:1}]},&quot;9&quot;:1,&quot;10&quot;:1,&quot;12&quot;:0,&quot;14&quot;:{&quot;1&quot;:2,&quot;2&quot;:0},&quot;15&quot;:&quot;Calibri&quot;,&quot;16&quot;:11}\"> sreal1@xtec.cat<\/span><\/td>\n<\/tr>\n<\/tbody>\n<\/table>\n<\/div>\n<\/div>\n<\/div>\n<\/div>\n<\/div>\n<\/div>\n<\/div>\n<\/article>\n<\/div>\n<\/div>\n<\/div>\n<\/div>\n","protected":false},"excerpt":{"rendered":"<p>El consell escolar del centre \u00e9s l&#8217;\u00f2rgan col\u00b7legiat de participaci\u00f3 de la comunitat escolar en el govern del centre. En ell hi ha representats tots els col\u00b7lectius que intervenen en la comunitat educativa: equip directiu, professorat, alumnat, personal d&#8217;administraci\u00f3 i serveis, fam\u00edlies i Ajuntament.<br \/>\nLa funci\u00f3&hellip;  <a href=\"https:\/\/agora.xtec.cat\/iesbanus\/linstitut\/consell-escolar\/\" title=\"Read Consell Escolar\">Llegeix m\u00e9s\u00bb<\/a><\/p>\n","protected":false},"author":1,"featured_media":0,"parent":19,"menu_order":40,"comment_status":"closed","ping_status":"closed","template":"page-templates\/side-menu.php","meta":{"_bbp_topic_count":0,"_bbp_reply_count":0,"_bbp_total_topic_count":0,"_bbp_total_reply_count":0,"_bbp_voice_count":0,"_bbp_anonymous_reply_count":0,"_bbp_topic_count_hidden":0,"_bbp_reply_count_hidden":0,"_bbp_forum_subforum_count":0,"footnotes":""},"class_list":["post-43","page","type-page","status-publish","hentry"],"post_mailing_queue_ids":[],"_links":{"self":[{"href":"https:\/\/agora.xtec.cat\/iesbanus\/wp-json\/wp\/v2\/pages\/43","targetHints":{"allow":["GET"]}}],"collection":[{"href":"https:\/\/agora.xtec.cat\/iesbanus\/wp-json\/wp\/v2\/pages"}],"about":[{"href":"https:\/\/agora.xtec.cat\/iesbanus\/wp-json\/wp\/v2\/types\/page"}],"author":[{"embeddable":true,"href":"https:\/\/agora.xtec.cat\/iesbanus\/wp-json\/wp\/v2\/users\/1"}],"replies":[{"embeddable":true,"href":"https:\/\/agora.xtec.cat\/iesbanus\/wp-json\/wp\/v2\/comments?post=43"}],"version-history":[{"count":9,"href":"https:\/\/agora.xtec.cat\/iesbanus\/wp-json\/wp\/v2\/pages\/43\/revisions"}],"predecessor-version":[{"id":5769,"href":"https:\/\/agora.xtec.cat\/iesbanus\/wp-json\/wp\/v2\/pages\/43\/revisions\/5769"}],"up":[{"embeddable":true,"href":"https:\/\/agora.xtec.cat\/iesbanus\/wp-json\/wp\/v2\/pages\/19"}],"wp:attachment":[{"href":"https:\/\/agora.xtec.cat\/iesbanus\/wp-json\/wp\/v2\/media?parent=43"}],"curies":[{"name":"wp","href":"https:\/\/api.w.org\/{rel}","templated":true}]}}