{"id":407,"date":"2015-12-08T14:01:52","date_gmt":"2015-12-08T13:01:52","guid":{"rendered":"http:\/\/agora.xtec.cat\/iesbanus\/?page_id=407"},"modified":"2017-08-02T12:45:15","modified_gmt":"2017-08-02T10:45:15","slug":"ciencies-experimentals","status":"publish","type":"page","link":"https:\/\/agora.xtec.cat\/iesbanus\/els-ambits\/ciencies-experimentals\/","title":{"rendered":"Cientificotecnol\u00f2gic"},"content":{"rendered":"<p>L&#8217;\u00e0mbit Cientificotecnol\u00f2gic compr\u00e8n dos departaments, per una banda el <a href=\"http:\/\/agora.xtec.cat\/iesbanus\/projecte-educatiu\/els-ambits\/ciencies-experimentals\/departament-de-ciencies\/\" target=\"_blank\" rel=\"noopener noreferrer\">departament de ci\u00e8ncies<\/a> i per l&#8217;altra, el <a href=\"https:\/\/agora.xtec.cat\/iesbanus\/tecnologia\/?customize_changeset_uuid=db966e07-2bb0-41ab-bd86-166b3a44e98b\" target=\"_blank\" rel=\"noopener noreferrer\">departament de tecnologia<\/a>.<\/p>\n","protected":false},"excerpt":{"rendered":"<p>L&#8217;\u00e0mbit Cientificotecnol\u00f2gic compr\u00e8n dos departaments, per una banda el <a href=\"http:\/\/agora.xtec.cat\/iesbanus\/projecte-educatiu\/els-ambits\/ciencies-experimentals\/departament-de-ciencies\/\" target=\"_blank\" rel=\"noopener noreferrer\">departament de ci\u00e8ncies<\/a> i per l&#8217;altra, el <a href=\"https:\/\/agora.xtec.cat\/iesbanus\/tecnologia\/?customize_changeset_uuid=db966e07-2bb0-41ab-bd86-166b3a44e98b\" target=\"_blank\" rel=\"noopener noreferrer\">departament de tecnologia<\/a>.<\/p>\n","protected":false},"author":1,"featured_media":0,"parent":399,"menu_order":10,"comment_status":"closed","ping_status":"closed","template":"page-templates\/side-menu.php","meta":{"_bbp_topic_count":0,"_bbp_reply_count":0,"_bbp_total_topic_count":0,"_bbp_total_reply_count":0,"_bbp_voice_count":0,"_bbp_anonymous_reply_count":0,"_bbp_topic_count_hidden":0,"_bbp_reply_count_hidden":0,"_bbp_forum_subforum_count":0,"footnotes":""},"class_list":["post-407","page","type-page","status-publish","hentry"],"post_mailing_queue_ids":[],"_links":{"self":[{"href":"https:\/\/agora.xtec.cat\/iesbanus\/wp-json\/wp\/v2\/pages\/407","targetHints":{"allow":["GET"]}}],"collection":[{"href":"https:\/\/agora.xtec.cat\/iesbanus\/wp-json\/wp\/v2\/pages"}],"about":[{"href":"https:\/\/agora.xtec.cat\/iesbanus\/wp-json\/wp\/v2\/types\/page"}],"author":[{"embeddable":true,"href":"https:\/\/agora.xtec.cat\/iesbanus\/wp-json\/wp\/v2\/users\/1"}],"replies":[{"embeddable":true,"href":"https:\/\/agora.xtec.cat\/iesbanus\/wp-json\/wp\/v2\/comments?post=407"}],"version-history":[{"count":5,"href":"https:\/\/agora.xtec.cat\/iesbanus\/wp-json\/wp\/v2\/pages\/407\/revisions"}],"predecessor-version":[{"id":1817,"href":"https:\/\/agora.xtec.cat\/iesbanus\/wp-json\/wp\/v2\/pages\/407\/revisions\/1817"}],"up":[{"embeddable":true,"href":"https:\/\/agora.xtec.cat\/iesbanus\/wp-json\/wp\/v2\/pages\/399"}],"wp:attachment":[{"href":"https:\/\/agora.xtec.cat\/iesbanus\/wp-json\/wp\/v2\/media?parent=407"}],"curies":[{"name":"wp","href":"https:\/\/api.w.org\/{rel}","templated":true}]}}