{"id":4019,"date":"2021-01-21T11:30:36","date_gmt":"2021-01-21T10:30:36","guid":{"rendered":"http:\/\/agora.xtec.cat\/iesbanus\/?page_id=4019"},"modified":"2021-03-11T17:56:23","modified_gmt":"2021-03-11T16:56:23","slug":"erasmus-non-toxic-lifestyle","status":"publish","type":"page","link":"https:\/\/agora.xtec.cat\/iesbanus\/projecte-internacional\/erasmus-non-toxic-lifestyle\/","title":{"rendered":"Erasmus+  Non Toxic Lifestyle"},"content":{"rendered":"<p><strong>Start \/ End<\/strong>:01-10-2020 \/ 30-09-2022\u00a0\u00a0\u00a0 <strong>Project Reference<\/strong>: 2020-1-PL01-KA229-081393_2<\/p>\n<p>Al projecte <b>Non Toxic Life<\/b>, l&#8217;alumnat desenvoluparan una guia de bons h\u00e0bits per tal que la nostra vida di\u00e0ria sigui m\u00e9s saludable, cosa que es pot aconseguir reduint la pres\u00e8ncia i ingesta de les subst\u00e0ncies t\u00f2xiques que tenen un impacte negatiu en el nostre cos i poden ser la cau<a href=\"https:\/\/agora.xtec.cat\/iesbanus\/wp-content\/uploads\/usu838\/2021\/03\/logoTurquia.jpg\"><img loading=\"lazy\" decoding=\"async\" class=\"wp-image-4153 alignright\" src=\"https:\/\/agora.xtec.cat\/iesbanus\/wp-content\/uploads\/usu838\/2021\/03\/logoTurquia.jpg\" alt=\"\" width=\"388\" height=\"388\" srcset=\"https:\/\/agora.xtec.cat\/iesbanus\/wp-content\/uploads\/usu838\/2021\/03\/logoTurquia.jpg 1000w, https:\/\/agora.xtec.cat\/iesbanus\/wp-content\/uploads\/usu838\/2021\/03\/logoTurquia-150x150.jpg 150w, https:\/\/agora.xtec.cat\/iesbanus\/wp-content\/uploads\/usu838\/2021\/03\/logoTurquia-300x300.jpg 300w, https:\/\/agora.xtec.cat\/iesbanus\/wp-content\/uploads\/usu838\/2021\/03\/logoTurquia-768x768.jpg 768w\" sizes=\"auto, (max-width: 388px) 100vw, 388px\" \/><\/a>sa de nombroses malalties. Es potencia la creaci\u00f3 d\u2019h\u00e0bits nutricionals saludables, aix\u00ed com l\u2019\u00fas de productes de neteja naturals, tant a la llar com en la cura personal i donant m\u00e9s espai a la nostra vida als esports i a l\u2019activitat f\u00edsica.<\/p>\n<p>Aquest projecte, liderat pel departament d\u2019Educaci\u00f3 F\u00edsica, participen 5 centres educatius de diferents pa\u00efsos i dur\u00e0 a 12 alumnes de 4t de l\u2019ESO i 1r de batxillerat a <strong>Pol\u00f2nia, Turquia, It\u00e0lia i Eslov\u00e0quia<\/strong>.<\/p>\n<p>&nbsp;<\/p>\n<p style=\"text-align: right;\">El logo del projecte<\/p>\n<p>&nbsp;<\/p>\n<p>L&#8217;alumnat del nostre institut va preparar aquest v\u00eddeo de presentaci\u00f3 del nostre centre educatiu per presentar-nos als nostres partners europeus.<\/p>\n<p><iframe loading=\"lazy\" title=\"Non Toxic Lifestyle\" width=\"500\" height=\"281\" src=\"https:\/\/www.youtube.com\/embed\/wkWJIdz25qw?feature=oembed\" frameborder=\"0\" allow=\"accelerometer; autoplay; clipboard-write; encrypted-media; gyroscope; picture-in-picture; web-share\" referrerpolicy=\"strict-origin-when-cross-origin\" allowfullscreen><\/iframe><\/p>\n<p>&nbsp;<\/p>\n","protected":false},"excerpt":{"rendered":"<p>Start \/ End:01-10-2020 \/ 30-09-2022\u00a0\u00a0\u00a0 Project Reference: 2020-1-PL01-KA229-081393_2<br \/>\nAl projecte Non Toxic Life, l&#8217;alumnat desenvoluparan una guia de bons h\u00e0bits per tal que la nostra vida di\u00e0ria sigui m\u00e9s saludable, cosa que es pot aconseguir reduint la pres\u00e8ncia i ingesta de les subst\u00e0ncies t\u00f2xiques que tenen&hellip;  <a href=\"https:\/\/agora.xtec.cat\/iesbanus\/projecte-internacional\/erasmus-non-toxic-lifestyle\/\" title=\"Read Erasmus+  Non Toxic Lifestyle\">Llegeix m\u00e9s\u00bb<\/a><\/p>\n","protected":false},"author":37,"featured_media":0,"parent":3913,"menu_order":4,"comment_status":"closed","ping_status":"closed","template":"","meta":{"_bbp_topic_count":0,"_bbp_reply_count":0,"_bbp_total_topic_count":0,"_bbp_total_reply_count":0,"_bbp_voice_count":0,"_bbp_anonymous_reply_count":0,"_bbp_topic_count_hidden":0,"_bbp_reply_count_hidden":0,"_bbp_forum_subforum_count":0,"footnotes":""},"class_list":["post-4019","page","type-page","status-publish","hentry"],"post_mailing_queue_ids":[],"_links":{"self":[{"href":"https:\/\/agora.xtec.cat\/iesbanus\/wp-json\/wp\/v2\/pages\/4019","targetHints":{"allow":["GET"]}}],"collection":[{"href":"https:\/\/agora.xtec.cat\/iesbanus\/wp-json\/wp\/v2\/pages"}],"about":[{"href":"https:\/\/agora.xtec.cat\/iesbanus\/wp-json\/wp\/v2\/types\/page"}],"author":[{"embeddable":true,"href":"https:\/\/agora.xtec.cat\/iesbanus\/wp-json\/wp\/v2\/users\/37"}],"replies":[{"embeddable":true,"href":"https:\/\/agora.xtec.cat\/iesbanus\/wp-json\/wp\/v2\/comments?post=4019"}],"version-history":[{"count":3,"href":"https:\/\/agora.xtec.cat\/iesbanus\/wp-json\/wp\/v2\/pages\/4019\/revisions"}],"predecessor-version":[{"id":4159,"href":"https:\/\/agora.xtec.cat\/iesbanus\/wp-json\/wp\/v2\/pages\/4019\/revisions\/4159"}],"up":[{"embeddable":true,"href":"https:\/\/agora.xtec.cat\/iesbanus\/wp-json\/wp\/v2\/pages\/3913"}],"wp:attachment":[{"href":"https:\/\/agora.xtec.cat\/iesbanus\/wp-json\/wp\/v2\/media?parent=4019"}],"curies":[{"name":"wp","href":"https:\/\/api.w.org\/{rel}","templated":true}]}}