{"id":399,"date":"2015-12-08T11:30:34","date_gmt":"2015-12-08T10:30:34","guid":{"rendered":"http:\/\/agora.xtec.cat\/iesbanus\/?page_id=399"},"modified":"2018-11-14T22:16:21","modified_gmt":"2018-11-14T21:16:21","slug":"els-ambits","status":"publish","type":"page","link":"https:\/\/agora.xtec.cat\/iesbanus\/els-ambits\/","title":{"rendered":"Els \u00c0mbits"},"content":{"rendered":"<div class=\"entry-content\">\n<div id=\"pl-11\">\n<div id=\"pg-11-0\" class=\"panel-grid\">\n<div id=\"pgc-11-0-0\" class=\"panel-grid-cell\">\n<div id=\"panel-11-0-0-0\" class=\"so-panel widget widget_black-studio-tinymce widget_black_studio_tinymce panel-first-child panel-last-child\" style=\"padding-left: 30px;\">\n<p>Els coneixements i les accions dutes a terme al centre s&#8217;estructuren en \u00e0mbits de treball. Dins d&#8217;aquests, cada departament \u00e9s responsable de l&#8217;organitzaci\u00f3 de la doc\u00e8ncia espec\u00edfica que li pertoca, aix\u00ed com de l&#8217;organitzaci\u00f3 i concreci\u00f3 dels continguts a donar a partir del curr\u00edculum oficial. Al mateix temps, existeixen \u00e0mbits transversals.<\/p>\n<table>\n<tbody>\n<tr>\n<td colspan=\"3\">\n<h4 style=\"padding-left: 30px; text-align: center;\">\u00c0mbits espec\u00edfics<\/h4>\n<\/td>\n<\/tr>\n<tr>\n<td><a href=\"http:\/\/agora.xtec.cat\/iesbanus\/projecte-educatiu\/els-ambits\/ciencies-experimentals\/\">\u00c0mbit Cientificotecnol\u00f2gic<\/a><\/p>\n<p style=\"text-align: center;\"><a href=\"http:\/\/agora.xtec.cat\/iesbanus\/projecte-educatiu\/els-ambits\/educacio-fisica\/\">\u00c0mbit d&#8217;Educaci\u00f3 F\u00edsica<\/a><\/p>\n<p style=\"text-align: center;\"><a href=\"http:\/\/agora.xtec.cat\/iesbanus\/projecte-educatiu\/els-ambits\/expressio\/\">\u00c0mbit d&#8217;Expressi\u00f3<\/a><\/p>\n<\/td>\n<td><a href=\"http:\/\/agora.xtec.cat\/iesbanus\/projecte-educatiu\/els-ambits\/humanistic\/\">\u00c0mbit Human\u00edstic<\/a><\/p>\n<p style=\"text-align: center;\"><a href=\"http:\/\/agora.xtec.cat\/iesbanus\/projecte-educatiu\/els-ambits\/linguistic\/\">\u00c0mbit Ling\u00fc\u00edstic<\/a><\/p>\n<\/td>\n<td style=\"text-align: center;\"><a href=\"http:\/\/agora.xtec.cat\/iesbanus\/projecte-educatiu\/els-ambits\/matematic\/\">\u00c0mbit Matem\u00e0tic<\/a><\/p>\n<p><a href=\"http:\/\/agora.xtec.cat\/iesbanus\/projecte-educatiu\/els-ambits\/social\/\">\u00c0mbit Social<\/a><\/td>\n<\/tr>\n<tr>\n<td colspan=\"3\">\n<h4 style=\"text-align: center;\">\u00c0mbits transversals<\/h4>\n<\/td>\n<\/tr>\n<tr>\n<td style=\"text-align: center;\"><a href=\"http:\/\/agora.xtec.cat\/iesbanus\/projecte-educatiu\/els-ambits\/digital\/\">\u00c0mbit Digital<\/a><\/td>\n<td style=\"text-align: center;\"><a href=\"http:\/\/agora.xtec.cat\/iesbanus\/projecte-educatiu\/els-ambits\/personal\/\">\u00c0mbit Personal<\/a><\/td>\n<td><\/td>\n<\/tr>\n<\/tbody>\n<\/table>\n<p>A la p\u00e0gina de cada \u00e0mbit trobareu la informaci\u00f3 sobre els seus components, la doc\u00e8ncia que donen, els criteris d&#8217;avaluaci\u00f3, i les activitats que organitza, aix\u00ed com enlla\u00e7os\u00a0a les p\u00e0gines que els diferents professors usen per la seva doc\u00e8ncia i altres informacions \u00fatils.<\/p>\n<p>Aqu\u00ed teniu la documentaci\u00f3 corresponent al curr\u00edculum de 1r i 3r de l&#8217;educaci\u00f3 secund\u00e0ria \u00a0obligat\u00f2ria per al curs 2015-2016, segons <a href=\"http:\/\/portaldogc.gencat.cat\/utilsEADOP\/PDF\/6945\/1441278.pdf\" target=\"_blank\" rel=\"noopener\">DECRET 187\/2015<\/a>, de 25 d&#8217;agost, d&#8217;ordenaci\u00f3 dels ensenyaments de l&#8217;educaci\u00f3 secund\u00e0ria obligat\u00f2ria.<\/p>\n<h4><a href=\"http:\/\/agora.xtec.cat\/iesbanus\/projecte-educatiu\/els-ambits\/ciencies-experimentals\/\">\u00c0mbit cientificotecnol\u00f2gic<\/a><\/h4>\n<ul>\n<li>Ci\u00e8ncies de la naturalesa: biologia i geologia, f\u00edsica i qu\u00edmica<\/li>\n<li>Tecnologia<\/li>\n<\/ul>\n<p><strong>Documentaci\u00f3<\/strong><\/p>\n<p><a href=\"http:\/\/www.xtec.cat\/monografics\/documents\/curriculum\/secundaria\/annex5.pdf\" target=\"_blank\" rel=\"noopener\">Curr\u00edculum<\/a><\/p>\n<p><a href=\"http:\/\/ensenyament.gencat.cat\/web\/.content\/home\/departament\/publicacions\/colleccions\/competencies-basiques\/eso\/eso-cientificotecnic.pdf\" target=\"_blank\" rel=\"noopener\">Compet\u00e8ncies b\u00e0siques de l&#8217;\u00e0mbit cientificotecnol\u00f2gic<\/a><\/p>\n<p><a href=\"http:\/\/xtec.gencat.cat\/web\/sites\/xtec\/.content\/curriculum\/eso\/curriculum2015\/documents\/CC-eso-cientificotecnic.pdf\" target=\"_blank\" rel=\"noopener\">Continguts clau &#8211; compet\u00e8ncies<\/a><\/p>\n<hr \/>\n<h4>\u00a0<a href=\"http:\/\/agora.xtec.cat\/iesbanus\/projecte-educatiu\/els-ambits\/educacio-fisica\/\">\u00c0mbit de l\u2019educaci\u00f3 f\u00edsica <\/a><\/h4>\n<ul>\n<li>Educaci\u00f3 f\u00edsica<\/li>\n<\/ul>\n<p><strong>Documentaci\u00f3<\/strong><\/p>\n<p><a href=\"http:\/\/www.xtec.cat\/monografics\/documents\/curriculum\/secundaria\/annex8.pdf\" target=\"_blank\" rel=\"noopener\">Curr\u00edculum<\/a><\/p>\n<p><a href=\"http:\/\/ensenyament.gencat.cat\/web\/.content\/home\/departament\/publicacions\/colleccions\/competencies-basiques\/eso\/eso-ambit-educacio-fisica.pdf\" target=\"_blank\" rel=\"noopener\">Compet\u00e8ncies b\u00e0siques de l&#8217;\u00e0mbit de l&#8217;educaci\u00f3 f\u00edsica<\/a><\/p>\n<p><a href=\"http:\/\/www.xtec.cat\/monografics\/documents\/curriculum\/secundaria\/contingutsedfisica.pdf\" target=\"_blank\" rel=\"noopener\">Continguts clau &#8211; compet\u00e8ncies<\/a><\/p>\n<hr \/>\n<h4><a href=\"http:\/\/agora.xtec.cat\/iesbanus\/projecte-educatiu\/els-ambits\/expressio\/\">\u00a0\u00c0mbit d&#8217;expressi\u00f3<\/a><\/h4>\n<ul>\n<li>M\u00fasica<\/li>\n<li>Educaci\u00f3 visual i pl\u00e0stica<\/li>\n<\/ul>\n<p><strong>Documentaci\u00f3<\/strong><\/p>\n<p><a href=\"http:\/\/www.xtec.cat\/monografics\/documents\/curriculum\/secundaria\/annex7.pdf\" target=\"_blank\" rel=\"noopener\">Curr\u00edculum<\/a><\/p>\n<p><a href=\"http:\/\/ensenyament.gencat.cat\/web\/.content\/home\/departament\/publicacions\/colleccions\/competencies-basiques\/eso\/eso-ambit-artistic.pdf\">Compet\u00e8ncies b\u00e0siques de l&#8217;\u00e0mbit art\u00edstic<\/a><\/p>\n<p><a href=\"http:\/\/xtec.gencat.cat\/web\/sites\/xtec\/.content\/curriculum\/eso\/curriculum2015\/documents\/CC-eso-musica.pdf\" target=\"_blank\" rel=\"noopener\">Continguts clau (m\u00fasica) &#8211; compet\u00e8ncies<\/a><\/p>\n<p><a href=\"http:\/\/www.xtec.cat\/alfresco\/d\/d\/workspace\/SpacesStore\/d51ecbfd-eb92-498c-87b3-12a017ac509e\/Contingutsclau-competencies_EVIP.pdf\" target=\"_blank\" rel=\"noopener\">Continguts clau (educ. visual i pl\u00e0stica) &#8211; compet\u00e8ncies<\/a><\/p>\n<hr \/>\n<h4><a href=\"http:\/\/agora.xtec.cat\/iesbanus\/projecte-educatiu\/els-ambits\/humanistic\/\">\u00a0\u00c0mbit Human\u00edstic<\/a><\/h4>\n<ul>\n<li>Filofofia<\/li>\n<li>Etica<\/li>\n<li>Religi\u00f3<\/li>\n<li>Educaci\u00f3 per la Ciutadania<\/li>\n<li>Cultura cl\u00e0ssica<\/li>\n<\/ul>\n<p><strong>Documentaci\u00f3<\/strong><\/p>\n<p>En preparaci\u00f3<\/p>\n<hr \/>\n<h4><a href=\"http:\/\/agora.xtec.cat\/iesbanus\/projecte-educatiu\/els-ambits\/linguistic\/\">\u00a0\u00c0mbit ling\u00fc\u00edstic<\/a><\/h4>\n<div class=\"basic_text_peq col-xs-12\">\n<div class=\"pd-15x\">\n<ul>\n<li>Llengua catalana i literatura<\/li>\n<li>Llengua castellana i literatura<\/li>\n<li>Lleng\u00fces estrangeres<\/li>\n<\/ul>\n<p><strong>Documentaci\u00f3<\/strong><\/p>\n<p><a href=\"http:\/\/www.xtec.cat\/monografics\/documents\/curriculum\/secundaria\/annex3.pdf\" target=\"_blank\" rel=\"noopener\">Curr\u00edculum<\/a><\/p>\n<p><a href=\"http:\/\/ensenyament.gencat.cat\/web\/.content\/home\/departament\/publicacions\/colleccions\/competencies-basiques\/eso\/eso-linguistic-ca-es-literatura.pdf\" target=\"_blank\" rel=\"noopener\">Compet\u00e8ncies b\u00e0siques de l&#8217;\u00e0mbit ling\u00fc\u00edstic<\/a><\/p>\n<p><a href=\"http:\/\/www.xtec.cat\/alfresco\/d\/d\/workspace\/SpacesStore\/aa8b1e25-e6e9-4a08-96ef-3bdba9b499c1\/Contingutsclau-competencies_llengua.pdf\" target=\"_blank\" rel=\"noopener\">Continguts clau (ll. cat. i ll. cast.) &#8211; compet\u00e8ncies<\/a><\/p>\n<p><a href=\"http:\/\/www.xtec.cat\/alfresco\/d\/d\/workspace\/SpacesStore\/8d9460ba-7e41-4446-8ce5-586e0ea3bc56\/Contingutsclau-competencies_ll_estrangeres.pdf\" target=\"_blank\" rel=\"noopener\">Continguts clau (ll. estrangeres) &#8211; compet\u00e8ncies<\/a><\/p>\n<p><a href=\"http:\/\/ensenyament.gencat.cat\/web\/.content\/home\/departament\/publicacions\/colleccions\/competencies-basiques\/eso\/eso-linguistic-estrangeres.pdf\" target=\"_blank\" rel=\"noopener\">Compet\u00e8ncies b\u00e0siques de l&#8217;\u00e0mbit ling\u00fc\u00edstic. Lleng\u00fces estrangeres<\/a><\/p>\n<hr \/>\n<h4>\u00a0<a href=\"http:\/\/agora.xtec.cat\/iesbanus\/projecte-educatiu\/els-ambits\/matematic\/\">\u00c0mbit matem\u00e0tic <\/a><\/h4>\n<\/div>\n<\/div>\n<ul>\n<li>Matem\u00e0tiques<\/li>\n<\/ul>\n<p><strong>Documentaci\u00f3<\/strong><\/p>\n<p><a href=\"http:\/\/www.xtec.cat\/monografics\/documents\/curriculum\/secundaria\/annex4.pdf\" target=\"_blank\" rel=\"noopener\">Curr\u00edculum<\/a><\/p>\n<p><a href=\"http:\/\/ensenyament.gencat.cat\/web\/.content\/home\/departament\/publicacions\/colleccions\/competencies-basiques\/eso\/eso-matematic.pdf\" target=\"_blank\" rel=\"noopener\">Compet\u00e8ncies b\u00e0siques de l&#8217;\u00e0mbit matem\u00e0tic<\/a><\/p>\n<p><a href=\"http:\/\/www.xtec.cat\/alfresco\/d\/d\/workspace\/SpacesStore\/8d0df4eb-eb99-48ac-a01d-bcc938d9a81a\/Contingutsclau-competencies_matematiques.pdf\" target=\"_blank\" rel=\"noopener\">Continguts clau &#8211; compet\u00e8ncies<\/a><\/p>\n<hr \/>\n<h4><a href=\"http:\/\/agora.xtec.cat\/iesbanus\/projecte-educatiu\/els-ambits\/social\/\">\u00c0mbit social <\/a><\/h4>\n<ul>\n<li>Ci\u00e8ncies socials: geografia i hist\u00f2ria<\/li>\n<li>Cultura cl\u00e0ssica<\/li>\n<li>Emprenedoria<\/li>\n<\/ul>\n<p><strong>Documentaci\u00f3<\/strong><\/p>\n<p><a href=\"http:\/\/www.xtec.cat\/monografics\/documents\/curriculum\/secundaria\/annex6.pdf\" target=\"_blank\" rel=\"noopener\">Curr\u00edculum<\/a><\/p>\n<p><a href=\"http:\/\/ensenyament.gencat.cat\/web\/.content\/home\/departament\/publicacions\/colleccions\/competencies-basiques\/eso\/eso-social.pdf\" target=\"_blank\" rel=\"noopener\">Compet\u00e8ncies b\u00e0siques de l&#8217;\u00e0mbit social<\/a><\/p>\n<p><a href=\"http:\/\/www.xtec.cat\/alfresco\/d\/d\/workspace\/SpacesStore\/ab7a48cd-90bb-4fc9-8b86-827b4037d62d\/Contingutsclau-competencies_ciencies_socials.pdf\" target=\"_blank\" rel=\"noopener\">Continguts clau (ci\u00e8ncies socials) &#8211; compet\u00e8ncies<\/a><\/p>\n<hr \/>\n<h4><a href=\"http:\/\/agora.xtec.cat\/iesbanus\/projecte-educatiu\/els-ambits\/digital\/\">\u00a0\u00c0mbit digital<\/a><\/h4>\n<div class=\"row\">\n<div class=\"col-xs-12 col-sm-8 shadowBox-sm\">\n<div id=\"center_1_1R\">\n<div id=\"b9387cd3-4026-11e5-8cca-000c291c997a\" class=\"fpca_article pd-15\">\n<div>\n<div>\n<div class=\"row\">\n<div class=\"basic_text_peq col-xs-12\">\n<div class=\"pd-15x\">\n<p><strong>Documentaci\u00f3<\/strong><\/p>\n<p><a href=\"http:\/\/www.xtec.cat\/monografics\/documents\/curriculum\/secundaria\/annex10.pdf\" target=\"_blank\" rel=\"noopener\">Curr\u00edculum transversal<\/a><\/p>\n<p><a href=\"http:\/\/ensenyament.gencat.cat\/web\/.content\/home\/departament\/publicacions\/colleccions\/competencies-basiques\/eso\/eso-ambit-digital.pdf\" target=\"_blank\" rel=\"noopener\">Compet\u00e8ncies b\u00e0siques de l&#8217;\u00e0mbit digital<\/a><\/p>\n<p><a href=\"http:\/\/www.xtec.cat\/alfresco\/d\/d\/workspace\/SpacesStore\/247e68b0-f04f-4950-864f-517fd2470307\/Contingutsclau-competencies_digital.pdf\" target=\"_blank\" rel=\"noopener\">Contingut clau &#8211; compet\u00e8ncies<\/a><\/p>\n<p><a href=\"http:\/\/www.xtec.cat\/alfresco\/d\/d\/workspace\/SpacesStore\/db641d99-3d00-466b-ae3f-1c0e8f847c51\/continguts%20clau%20digitals.pdf\" target=\"_blank\" rel=\"noopener\">Continguts clau compet\u00e8ncia digital amb \u00e0mbits curriculars<\/a><\/p>\n<hr \/>\n<h4><a href=\"http:\/\/agora.xtec.cat\/iesbanus\/projecte-educatiu\/els-ambits\/personal\/\">\u00a0\u00c0mbit personal i social<\/a><\/h4>\n<\/div>\n<\/div>\n<\/div>\n<\/div>\n<\/div>\n<\/div>\n<\/div>\n<\/div>\n<\/div>\n<\/div>\n<\/div>\n<\/div>\n<\/div>\n<\/div>\n<p>&nbsp;<\/p>\n","protected":false},"excerpt":{"rendered":"<p>Els coneixements i les accions dutes a terme al centre s&#8217;estructuren en \u00e0mbits de treball. Dins d&#8217;aquests, cada departament \u00e9s responsable de l&#8217;organitzaci\u00f3 de la doc\u00e8ncia espec\u00edfica que li pertoca, aix\u00ed com de l&#8217;organitzaci\u00f3 i concreci\u00f3 dels continguts a donar a partir del curr\u00edculum oficial.&hellip;  <a href=\"https:\/\/agora.xtec.cat\/iesbanus\/els-ambits\/\" title=\"Read Els \u00c0mbits\">Llegeix m\u00e9s\u00bb<\/a><\/p>\n","protected":false},"author":1,"featured_media":0,"parent":0,"menu_order":0,"comment_status":"closed","ping_status":"closed","template":"page-templates\/side-menu.php","meta":{"_bbp_topic_count":0,"_bbp_reply_count":0,"_bbp_total_topic_count":0,"_bbp_total_reply_count":0,"_bbp_voice_count":0,"_bbp_anonymous_reply_count":0,"_bbp_topic_count_hidden":0,"_bbp_reply_count_hidden":0,"_bbp_forum_subforum_count":0,"footnotes":""},"class_list":["post-399","page","type-page","status-publish","hentry"],"post_mailing_queue_ids":[],"_links":{"self":[{"href":"https:\/\/agora.xtec.cat\/iesbanus\/wp-json\/wp\/v2\/pages\/399","targetHints":{"allow":["GET"]}}],"collection":[{"href":"https:\/\/agora.xtec.cat\/iesbanus\/wp-json\/wp\/v2\/pages"}],"about":[{"href":"https:\/\/agora.xtec.cat\/iesbanus\/wp-json\/wp\/v2\/types\/page"}],"author":[{"embeddable":true,"href":"https:\/\/agora.xtec.cat\/iesbanus\/wp-json\/wp\/v2\/users\/1"}],"replies":[{"embeddable":true,"href":"https:\/\/agora.xtec.cat\/iesbanus\/wp-json\/wp\/v2\/comments?post=399"}],"version-history":[{"count":4,"href":"https:\/\/agora.xtec.cat\/iesbanus\/wp-json\/wp\/v2\/pages\/399\/revisions"}],"predecessor-version":[{"id":2450,"href":"https:\/\/agora.xtec.cat\/iesbanus\/wp-json\/wp\/v2\/pages\/399\/revisions\/2450"}],"wp:attachment":[{"href":"https:\/\/agora.xtec.cat\/iesbanus\/wp-json\/wp\/v2\/media?parent=399"}],"curies":[{"name":"wp","href":"https:\/\/api.w.org\/{rel}","templated":true}]}}