{"id":3976,"date":"2020-12-28T09:56:56","date_gmt":"2020-12-28T08:56:56","guid":{"rendered":"http:\/\/agora.xtec.cat\/iesbanus\/?page_id=3976"},"modified":"2020-12-28T10:07:27","modified_gmt":"2020-12-28T09:07:27","slug":"seguretat-i-bons-usos-digitals","status":"publish","type":"page","link":"https:\/\/agora.xtec.cat\/iesbanus\/seguretat-i-bons-usos-digitals\/","title":{"rendered":"Seguretat i bons usos digitals"},"content":{"rendered":"<p>Internet\u00a0\u00e9s un lloc ple d&#8217;oportunitats per als\u00a0menors, on poden aprendre, comunicar-se o jugar. Per\u00f2 tamb\u00e9 hi ha alguns\u00a0riscos\u00a0i\u00a0consells de seguretat\u00a0que han de con\u00e8ixer per evitar problemes. L&#8217;adquisici\u00f3 de la compet\u00e8ncia digital\u00a0i l&#8217;exercici responsable de la ciutadania\u00a0passa per tenir coneixements del que \u00e9s perm\u00e8s a la xarxa i el que \u00e9s una infracci\u00f3, tenir consci\u00e8ncia de la pr\u00f2pia identitat digital i saber salvaguardar les dades personals, detectar abusos i saber demanar ajut a les persones adultes o con\u00e8ixer els sistemes de protecci\u00f3 contra les amenaces dels programaris maliciosos.<\/p>\n<p>Igual que intentem (o ens proposem) seguir un estil de vida sana, amb una alimentaci\u00f3 equilibrada i practicar esport de manera moderada, quan parlem d\u2019Internet tamb\u00e9 haur\u00edem de tenir uns h\u00e0bits cibersaludables.<\/p>\n<p>Benvinguts a l\u2019apartat de\u00a0<strong>\u2018Practica els h\u00e0bits cibersaludables\u2019<\/strong>, on trobar\u00e0s una s\u00e8rie de conceptes que t\u2019ajudaran a desenvolupar el\u00a0<strong>sentit cr\u00edtic<\/strong>\u00a0en el dia a dia digital.<\/p>\n<p>No t\u2019omplirem ni de tecnicismes ni de conceptes inintel\u00b7ligibles, sin\u00f3 que ho farem de manera\u00a0<strong>divulgativa<\/strong>\u00a0i\u00a0<strong>entenedora<\/strong>: volem que et converteixis en un\u00a0<strong>ciutad\u00e0 digitalment segur!\u00a0<\/strong>Entre tots fem una Internet m\u00e9s segura.<\/p>\n<p>En\u00a0la situaci\u00f3 d\u2019excepcionalitat,\u00a0<a href=\"https:\/\/ciberseguretat.gencat.cat\/ca\/detalls\/noticia\/LAgencia-de-Ciberseguretat-de-Catalunya-alerta-la-ciutadania-dels-ciberfraus-i-ciberdelictes-relacionats-amb-la-COVID-19\" target=\"_blank\" rel=\"noreferrer noopener\" aria-label=\"l\u2019Ag\u00e8ncia de Ciberseguretat de Catalunya (s'obre en una nova pestanya)\">l\u2019Ag\u00e8ncia de Ciberseguretat de Catalunya<\/a>\u00a0mant\u00e9 la ciutadania informada amb nous materials en aquesta p\u00e0gina on trobar\u00e0s aviat molts consells i\u00a0<a href=\"https:\/\/internetsegura.cat\/habits-ciber-saludables\/difusio-materials\/\">recursos de la campanya<\/a>\u00a0sobre h\u00e0bits cibersaludables.<\/p>\n<div class=\"wp-block-image\">\n<figure class=\"alignleft size-medium is-resized\"><a href=\"https:\/\/internetsegura.cat\"><img loading=\"lazy\" decoding=\"async\" class=\"wp-image-18879\" src=\"https:\/\/internetsegura.cat\/wp-content\/uploads\/2020\/03\/ciberhabitsQACp-300x300.png\" sizes=\"auto, (max-width: 300px) 100vw, 300px\" srcset=\"https:\/\/internetsegura.cat\/wp-content\/uploads\/2020\/03\/ciberhabitsQACp-300x300.png 300w, https:\/\/internetsegura.cat\/wp-content\/uploads\/2020\/03\/ciberhabitsQACp-150x150.png 150w, https:\/\/internetsegura.cat\/wp-content\/uploads\/2020\/03\/ciberhabitsQACp-66x66.png 66w, https:\/\/internetsegura.cat\/wp-content\/uploads\/2020\/03\/ciberhabitsQACp.png 600w\" alt=\"ciberhabits a casa\" width=\"300\" height=\"300\" \/><\/a><\/figure>\n<\/div>\n<div class=\"wp-block-group\">\n<div class=\"wp-block-group__inner-container\">\n<div class=\"schema-how-to wp-block-yoast-how-to-block\">\n<p class=\"schema-how-to-description\">Els ciberh\u00e0bits a practicar a casa:<\/p>\n<ol class=\"schema-how-to-steps\">\n<li id=\"how-to-step-1584729657600\" class=\"schema-how-to-step\"><strong class=\"schema-how-to-step-name\"><a href=\"https:\/\/internetsegura.cat\/quedatacasa-stop-frau-digital\/\">Frau digital<\/a><\/strong>\n<p class=\"schema-how-to-step-text\">Quelcom que \u00e9s estrany o massa bo per ser cert, podria ser un atac.<\/p>\n<\/li>\n<li id=\"how-to-step-1584729670112\" class=\"schema-how-to-step\"><strong class=\"schema-how-to-step-name\"><a href=\"https:\/\/internetsegura.cat\/quedatacasa-dispositius-al-dia\/\">Dispositius al dia<\/a><\/strong>\n<p class=\"schema-how-to-step-text\">Actualitzant-los podem estalviar molts disgustos.<\/p>\n<\/li>\n<li id=\"how-to-step-1584729671087\" class=\"schema-how-to-step\"><strong class=\"schema-how-to-step-name\"><a href=\"https:\/\/internetsegura.cat\/quedatacasa-revisa-privacitat\/\">Revisa privacitat<\/a><\/strong>\n<p class=\"schema-how-to-step-text\">Perqu\u00e8 no es benefici\u00efn de les nostres dades personals.<\/p>\n<\/li>\n<li id=\"how-to-step-1584729672583\" class=\"schema-how-to-step\"><strong class=\"schema-how-to-step-name\"><a href=\"https:\/\/internetsegura.cat\/quedatacasa-dades-segures\/\">Dades segures<\/a><\/strong>\n<p class=\"schema-how-to-step-text\">Les credencials s\u00f3n l\u2019escut a molta informaci\u00f3 sensible.<\/p>\n<\/li>\n<li id=\"how-to-step-1584729673633\" class=\"schema-how-to-step\"><strong class=\"schema-how-to-step-name\"><a href=\"https:\/\/internetsegura.cat\/quedatacasa-civisme-digital\/\">Civisme digital<\/a><\/strong>\n<p class=\"schema-how-to-step-text\">No hem de contribuir a fer difusi\u00f3 d\u2019informaci\u00f3 que no hem contrastat.<\/p>\n<\/li>\n<\/ol>\n<\/div>\n<\/div>\n<\/div>\n<div class=\"wp-block-button aligncenter is-style-default\" style=\"text-align: center;\"><a class=\"wp-block-button__link has-text-color has-very-dark-gray-color has-background\" style=\"background-color: #ffc30f;\" href=\"https:\/\/internetsegura.cat\/wp-content\/uploads\/2018\/11\/guia_habits_cibersaludables.pdf\"><strong>Descarrega\u2019t la guia d\u2019h\u00e0bits cibersaludables<\/strong> <\/a><\/div>\n<div><\/div>\n<h2>Normes de ciberseguretat per als nostres fills<\/h2>\n<p>No hi ha una edat que determini l\u2019acc\u00e9s dels infants a Internet. Per\u00f2 els experts recomanen que quan s\u00f3n molt petits no \u00e9s adequat fer-ne \u00fas per calmar-los o distreure\u2019ls. En edats primerenques, cal limitar tot el possible el seu \u00fas, estimulant el nen a trav\u00e9s del joc i l\u2019experimentaci\u00f3 amb l\u2019entorn.<\/p>\n<p>Segons les\u00a0<a href=\"https:\/\/internetsegura.cat\/joves-i-xarxa\/\"><strong>enquestes<\/strong><\/a>\u00a0m\u00e9s recents, prop d\u2019un 40% d\u2019infants de 4 anys ja interactua amb dispositius m\u00f2bils, especialment tauletes, i m\u00e9s de la meitat dels de 10 anys tenen m\u00f2bil propi.<\/p>\n<p><img decoding=\"async\" src=\"https:\/\/internetsegura.cat\/wp-content\/uploads\/2019\/05\/Grafic_02.jpg\" \/><\/p>\n<p>\u00c9s per aix\u00f2 que\u00a0<strong>el paper de pares i mares \u00e9s determinant<\/strong>\u00a0a l\u2019hora de fer-los arribar les\u00a0<strong>normes b\u00e0siques de seguretat a la xarxa<\/strong>. Molts dels problemes que es poden trobar a internet es produeixen per no seguir o no con\u00e8ixer aquestes normes, moltes d\u2019elles de sentit com\u00fa i totes f\u00e0cils d\u2019aplicar.<\/p>\n<ul>\n<li>Comproveu\u00a0que l\u2019<strong>antivirus i el tallafocs\u00a0<\/strong>estan sempre actualitzats i operatius.<\/li>\n<\/ul>\n<ul>\n<li>Activeu\u00a0<strong>mesures de control parental<\/strong>\u00a0per evitar que els vostres fills accedeixin a continguts nocius i\/o perillosos.<\/li>\n<\/ul>\n<ul>\n<li>Expliqueu-los la\u00a0<strong>import\u00e0ncia de les dades personals<\/strong>\u00a0i quines dades poden facilitar i quines no.<\/li>\n<\/ul>\n<ul>\n<li><strong>Acordeu\u00a0quines p\u00e0gines es poden visitar<\/strong>\u00a0(agregant-les per exemple a la llista d\u2019adreces d\u2019inter\u00e8s) i reviseu junts l\u2019historial de navegaci\u00f3 que guarda l\u2019ordinador.<\/li>\n<\/ul>\n<ul>\n<li><strong>Estigueu\u00a0al corrent de les novetats en riscos a Internet<\/strong>. Compartiu-les amb els vostres fills i navegueu per la xarxa amb ells per confirmar que els han ent\u00e8s.<\/li>\n<\/ul>\n<ul>\n<li>Estigueu\u00a0<strong>alerta amb les noves amistats que poden fer a les xarxes socials<\/strong>\u00a0i parleu amb ells si veieu algun comportament estrany.<\/li>\n<\/ul>\n<ul>\n<li><strong>Fixeu\u00a0el temps de connexi\u00f3<\/strong>\u00a0i assegureu-vos que no descuiden les activitats escolars i que realitzen altres activitats (esport, quedar amb els amics, etc).<\/li>\n<\/ul>\n<div class=\"fusion-title title\">\n<h2 class=\"title-heading-left\"><strong>Quines responsabilitats tenen els meus fills a Internet?<\/strong><\/h2>\n<div class=\"title-sep-container\">\n<div class=\"title-sep sep-none\"><\/div>\n<\/div>\n<\/div>\n<p>\u00c9s important transmetre als menors que a Internet tenim drets per\u00f2 tamb\u00e9 obligacions. Tot all\u00f2 que fem o diem pot repercutir en els altres.<\/p>\n<p>Cal reflexionar amb ells sobre dues q\u00fcestions:<\/p>\n<ul>\n<li><strong>Internet no \u00e9s an\u00f2nim.\u00a0<\/strong>Molts menors pensen que donar-se d\u2019alta en un compte de correu electr\u00f2nic amb un pseud\u00f2nim garanteix l\u2019anonimat. Altres creuen que poden crear un perfil en una xarxa social amb dades falses i ning\u00fa sabr\u00e0 qui s\u00f3n. Se\u2019ls ha d\u2019explicar que si fan quelcom aix\u00ed perqu\u00e8 despr\u00e9s volen enviar insults, escriure amenaces o penjar fotografies o informaci\u00f3 personal d\u2019una altra persona poden ser denunciats i identificats.<\/li>\n<\/ul>\n<ul>\n<li><strong>Els menors de 14 anys en endavant tenen responsabilitat penal sobre tot el que fan.\u00a0<\/strong>Poden ser denunciats i ser cridats per un jutge, que els aplicar\u00e0 la Llei en funci\u00f3 d\u2019all\u00f2 que hagin fet. Escriure o enviar amenaces, cal\u00famnies, inj\u00faries o difondre imatges d\u2019altres persones sense la seva autoritzaci\u00f3, o dades personals, t\u00e9 conseq\u00fc\u00e8ncies penals. Aquells menors que no tenen els 14 anys no tenen responsabilitat penal, per\u00f2 els seus pares s\u00ed patirien les conseq\u00fc\u00e8ncies. Una sanci\u00f3 econ\u00f2mica per alguna cosa que ha fet un nen\/a de 12 o 13 anys ser\u00e0 pagada pels pares.<\/li>\n<\/ul>\n<p>Per evitar males experi\u00e8ncies a la xarxa, recomanem que traslladeu normes b\u00e0siques als vostres fills com les que citem a continuaci\u00f3:<\/p>\n<ul>\n<li><strong>Hem de respectar les opinions dels altres.\u00a0<\/strong>Tot el m\u00f3n t\u00e9 dret a expressar-se.<\/li>\n<\/ul>\n<ul>\n<li><strong>Hem de respectar als dem\u00e9s com a persones.\u00a0<\/strong>No est\u00e0 justificat insultar, injuriar o calumniar.<\/li>\n<\/ul>\n<ul>\n<li><strong>No podem amena\u00e7ar ning\u00fa a trav\u00e9s d\u2019Internet, ni en converses p\u00fabliques ni en privades.\u00a0<\/strong>Amena\u00e7ar \u00e9s un delicte recollit en el Codi Penal.<\/li>\n<\/ul>\n<ul>\n<li><strong>Hem de respectar la privacitat dels dem\u00e9s.\u00a0<\/strong>No podem publicar dades personals d\u2019altres persones sense la seva autoritzaci\u00f3.<\/li>\n<\/ul>\n<ul>\n<li><strong>Una fotografia d\u2019una persona ha de ser tractada com una dada personal. N<\/strong>o podem publicar fotografies d\u2019altres persones sense la seva autoritzaci\u00f3 pr\u00e8via. Els menors de 14 anys no poden donar aquesta autoritzaci\u00f3, per la qual cosa \u00e9s necessari demanar-la als adults.<\/li>\n<\/ul>\n<ul>\n<li><strong>No podem llegir ni difondre els correus electr\u00f2nics d\u2019altres persones si NO s\u00f3n per a nosaltres.\u00a0<\/strong><\/li>\n<\/ul>\n<ul>\n<li><strong>No podem fer-nos passar per una altra persona a Internet.\u00a0<\/strong>No podem enviar correus fent-nos passar per aquesta persona, i molt menys crear un perfil en una xarxa social prenent la seva identitat. \u00c9s quelcom molt seri\u00f3s i denunciable.<\/li>\n<\/ul>\n<ul>\n<li><strong>No hem de tolerar l\u2019assetjament a Internet, ni fora de la xarxa.\u00a0<\/strong>Si trobes un lloc web, f\u00f2rum o perfil en el que s\u2019assetja, insulta o amena\u00e7a a algun menor d\u2019edat que no sap com actuar, pots comunicar-ho a\u00a0<a href=\"https:\/\/internetsegura.cat\/contactar\/\">internetsegura.cat\/contactar<\/a><\/li>\n<\/ul>\n<ul>\n<li><strong>Si trobes continguts il\u00b7legals o que et resultin especialment desagradables, has de comunicar-ho als mossos d\u2019esquadra o a\u00a0<a href=\"https:\/\/internetsegura.cat\/contactar\/\">internetsegura.cat\/contactar<\/a><\/strong>.<\/li>\n<\/ul>\n<ul>\n<li><strong>Hem de respectar els drets dels autors i els creadors.<\/strong>\u00a0No hem de piratejar els llibres, can\u00e7ons, s\u00e8ries i\/o pel\u00b7l\u00edcules que han suposat treball per a altres persones que tenen drets sobre aquests continguts. Si a m\u00e9s utilitzes programes de P2P, recorda que \u00e9s f\u00e0cil descarregar-se diferents tipus de virus, o fins i tot un contingut il\u00b7legal camuflat sota un nom qualsevol.<\/li>\n<\/ul>\n<p>Per a qualsevol dubte que tingueu, estem per ajudar-vos a\u00a0<a href=\"https:\/\/internetsegura.cat\/contactar\/\">internetsegura.cat\/contactar<\/a>\u00a0o al tel\u00e8fon\u00a0<strong>116 111\u00a0<\/strong>d\u2019<strong>Inf\u00e0ncia Respon<\/strong>\u00a0(tots els dies de l\u2019any).<\/p>\n<h2><a href=\"https:\/\/www.educac.cat\/families\">Educaci\u00f3 medi\u00e0tica<\/a><\/h2>\n<p id=\"block-mainmenu-level2--3-menu\" class=\"visually-hidden\">El Consell Audiovisual de Catalunya elabora guies i continguts per tal de promoure l\u2019educaci\u00f3 medi\u00e0tica en \u00e0mbits educatius formals i informals. Us adjuntem uns enlla\u00e7os que us poden ser de molt inter\u00e8s.<\/p>\n<div class=\"layout-center\">\n<ul class=\"nav-menu\">\n<li class=\"nav-menu__item\"><a class=\"nav-menu__link\" href=\"https:\/\/www.educac.cat\/families\/joves-tecnologia-i-confinament\" data-drupal-link-system-path=\"node\/2591\">Joves, tecnologia i confinament<\/a><\/li>\n<li class=\"nav-menu__item\"><a class=\"nav-menu__link\" href=\"https:\/\/www.educac.cat\/families\/familia-i-pantalles\" data-drupal-link-system-path=\"node\/2516\">Fam\u00edlia i pantalles<\/a><\/li>\n<li class=\"nav-menu__item\"><a class=\"nav-menu__link\" href=\"https:\/\/www.educac.cat\/families\/com-negociar-pacte-tecnologic-familia\" data-drupal-link-system-path=\"node\/2576\">Com negociar un pacte tecnol\u00f2gic en fam\u00edlia?<\/a><\/li>\n<li class=\"nav-menu__item\"><a class=\"nav-menu__link\" href=\"https:\/\/www.educac.cat\/families\/test-les-families-internet-i-els-vostres-fills\" data-drupal-link-system-path=\"node\/2537\">Test per a les fam\u00edlies: internet i els vostres fills<\/a><\/li>\n<li class=\"nav-menu__item\"><a class=\"nav-menu__link\" href=\"https:\/\/www.educac.cat\/families\/bones-vacances-familia\" data-drupal-link-system-path=\"node\/2565\">Consells digitals per les fam\u00edlies<\/a><\/li>\n<li class=\"nav-menu__item\"><a class=\"nav-menu__link\" title=\"Fake news: com les podem detectar?\" href=\"https:\/\/www.educac.cat\/families\/fake-news-com-les-podem-detectar\" data-drupal-link-system-path=\"node\/2495\">Fake news: com les podem detectar?<\/a><\/li>\n<li class=\"nav-menu__item\"><a class=\"nav-menu__link\" href=\"https:\/\/www.educac.cat\/families\/fake-news-how-can-we-detect-it\" data-drupal-link-system-path=\"node\/2579\">Fake news: how can we detect it?<\/a><\/li>\n<\/ul>\n<\/div>\n<h3>Recordeu sempre ser cauts i cr\u00edtics!!!<\/h3>\n<p>&nbsp;<\/p>\n","protected":false},"excerpt":{"rendered":"<p>Internet\u00a0\u00e9s un lloc ple d&#8217;oportunitats per als\u00a0menors, on poden aprendre, comunicar-se o jugar. Per\u00f2 tamb\u00e9 hi ha alguns\u00a0riscos\u00a0i\u00a0consells de seguretat\u00a0que han de con\u00e8ixer per evitar problemes. L&#8217;adquisici\u00f3 de la compet\u00e8ncia digital\u00a0i l&#8217;exercici responsable de la ciutadania\u00a0passa per tenir coneixements del que \u00e9s perm\u00e8s a la&hellip;  <a href=\"https:\/\/agora.xtec.cat\/iesbanus\/seguretat-i-bons-usos-digitals\/\" title=\"Read Seguretat i bons usos digitals\">Llegeix m\u00e9s\u00bb<\/a><\/p>\n","protected":false},"author":1,"featured_media":0,"parent":0,"menu_order":0,"comment_status":"closed","ping_status":"closed","template":"","meta":{"_bbp_topic_count":0,"_bbp_reply_count":0,"_bbp_total_topic_count":0,"_bbp_total_reply_count":0,"_bbp_voice_count":0,"_bbp_anonymous_reply_count":0,"_bbp_topic_count_hidden":0,"_bbp_reply_count_hidden":0,"_bbp_forum_subforum_count":0,"footnotes":""},"class_list":["post-3976","page","type-page","status-publish","hentry"],"post_mailing_queue_ids":[],"_links":{"self":[{"href":"https:\/\/agora.xtec.cat\/iesbanus\/wp-json\/wp\/v2\/pages\/3976","targetHints":{"allow":["GET"]}}],"collection":[{"href":"https:\/\/agora.xtec.cat\/iesbanus\/wp-json\/wp\/v2\/pages"}],"about":[{"href":"https:\/\/agora.xtec.cat\/iesbanus\/wp-json\/wp\/v2\/types\/page"}],"author":[{"embeddable":true,"href":"https:\/\/agora.xtec.cat\/iesbanus\/wp-json\/wp\/v2\/users\/1"}],"replies":[{"embeddable":true,"href":"https:\/\/agora.xtec.cat\/iesbanus\/wp-json\/wp\/v2\/comments?post=3976"}],"version-history":[{"count":3,"href":"https:\/\/agora.xtec.cat\/iesbanus\/wp-json\/wp\/v2\/pages\/3976\/revisions"}],"predecessor-version":[{"id":3986,"href":"https:\/\/agora.xtec.cat\/iesbanus\/wp-json\/wp\/v2\/pages\/3976\/revisions\/3986"}],"wp:attachment":[{"href":"https:\/\/agora.xtec.cat\/iesbanus\/wp-json\/wp\/v2\/media?parent=3976"}],"curies":[{"name":"wp","href":"https:\/\/api.w.org\/{rel}","templated":true}]}}