{"id":397,"date":"2015-12-08T11:24:29","date_gmt":"2015-12-08T10:24:29","guid":{"rendered":"http:\/\/agora.xtec.cat\/iesbanus\/?page_id=397"},"modified":"2024-08-08T17:42:50","modified_gmt":"2024-08-08T15:42:50","slug":"batxillerat","status":"publish","type":"page","link":"https:\/\/agora.xtec.cat\/iesbanus\/estudis\/batxillerat\/","title":{"rendered":"Batxillerat"},"content":{"rendered":"<div class=\"entry-content\">\n<div id=\"pl-31\">\n<div id=\"pg-31-0\" class=\"panel-grid\">\n<div id=\"pgc-31-0-0\" class=\"panel-grid-cell\">\n<div id=\"panel-31-0-0-0\" class=\"so-panel widget widget_siteorigin-panels-builder panel-first-child panel-last-child\">\n<div id=\"pl-w555300b923a53\">\n<div id=\"pg-w555300b923a53-0\" class=\"panel-grid\">\n<div id=\"pgc-w555300b923a53-0-0\" class=\"panel-grid-cell\">\n<div id=\"panel-w555300b923a53-0-0-0\" class=\"so-panel widget widget_black-studio-tinymce widget_black_studio_tinymce panel-first-child panel-last-child\">\n<div class=\"textwidget\">\n<div class=\"bulletsGenerals\">\n<h3 class=\"widget-title\">Qu\u00e8 \u00e9s el Batxillerat?<\/h3>\n<p>El <strong>Batxillerat<\/strong> \u00e9s l&#8217;etapa que es cursa normalment entre els 16 i els 18 anys, tot i que \u00e9s oberta a persones de qualsevol edat, ja sigui de forma presencial o a dist\u00e0ncia. \u00c9s un cicle format per dos cursos de trenta hores lectives setmanals.<\/p>\n<p>Aquesta etapa prepara l&#8217;alumnat per a la seva incorporaci\u00f3 a estudis posteriors, tant professionals com universitaris, i per a l&#8217;acc\u00e9s al m\u00f3n laboral.<\/p>\n<h3 class=\"widget-title\">Qu\u00e8 s\u2019hi fa?<\/h3>\n<div class=\"bulletsGenerals\">\n<p>Es pot escollir entre cinc modalitats:<\/p>\n<ul>\n<li>Batxillerat de <em><strong>Ci\u00e8ncies i de Ci\u00e8ncies del Medi Ambient<\/strong><\/em><\/li>\n<li>Batxillerat de <em><strong>Tecnologia i Enginyeria<\/strong><\/em><\/li>\n<li>Batxillerat de <em><strong>Ci\u00e8ncies Socials i Jur\u00eddiques<\/strong><\/em><\/li>\n<li>Batxillerat d&#8217;<em><strong>Humanitats<\/strong><\/em><\/li>\n<li>Batxillerat d&#8217;<em><strong>Arts Esc\u00e8niques<\/strong><\/em><\/li>\n<\/ul>\n<p>El curr\u00edculum de batxillerat consta d&#8217;una part comuna (les mat\u00e8ries comunes) i una part diversificada (les mat\u00e8ries de modalitat, les mat\u00e8ries optatives i el treball de recerca). A m\u00e9s, els alumnes tenen assignada una hora setmanal de tutoria.<\/p>\n<div class=\"bulletsGenerals\">\n<p>La configuraci\u00f3 actual del batxillerat \u00e9s la seg\u00fcent:<\/p>\n<ul>\n<li>Les <strong>mat\u00e8ries comunes<\/strong>.<\/li>\n<li>La <strong>mat\u00e8ria de modalitat obligat\u00f2ria<\/strong>, que ve determinada per l&#8217;itinerari escollit per l&#8217;alumne.<\/li>\n<li>Les altres dues <strong>mat\u00e8ries de modalitat<\/strong>, tamb\u00e9 determinades per l&#8217;itinerari.<\/li>\n<li>Les <strong>mat\u00e8ries optatives<\/strong>, que poden ser triades per l&#8217;alumnat d&#8217;acord amb els seus interessos dins l&#8217;oferta del centre.<\/li>\n<\/ul>\n<\/div>\n<\/div>\n<p>Els itineraris que ofereix el nostre centre s\u00f3n els seg\u00fcents:<\/p>\n<p><a href=\"https:\/\/agora.xtec.cat\/iesbanus\/wp-content\/uploads\/usu838\/2024\/05\/Proposta-ditineraris-1r-BATX-24-25-1_page-0001.jpg\"><img loading=\"lazy\" decoding=\"async\" class=\"alignnone wp-image-5361 size-full\" src=\"https:\/\/agora.xtec.cat\/iesbanus\/wp-content\/uploads\/usu838\/2024\/05\/Proposta-ditineraris-1r-BATX-24-25-1_page-0001.jpg\" alt=\"\" width=\"1240\" height=\"1755\" srcset=\"https:\/\/agora.xtec.cat\/iesbanus\/wp-content\/uploads\/usu838\/2024\/05\/Proposta-ditineraris-1r-BATX-24-25-1_page-0001.jpg 1240w, https:\/\/agora.xtec.cat\/iesbanus\/wp-content\/uploads\/usu838\/2024\/05\/Proposta-ditineraris-1r-BATX-24-25-1_page-0001-212x300.jpg 212w, https:\/\/agora.xtec.cat\/iesbanus\/wp-content\/uploads\/usu838\/2024\/05\/Proposta-ditineraris-1r-BATX-24-25-1_page-0001-724x1024.jpg 724w, https:\/\/agora.xtec.cat\/iesbanus\/wp-content\/uploads\/usu838\/2024\/05\/Proposta-ditineraris-1r-BATX-24-25-1_page-0001-768x1087.jpg 768w, https:\/\/agora.xtec.cat\/iesbanus\/wp-content\/uploads\/usu838\/2024\/05\/Proposta-ditineraris-1r-BATX-24-25-1_page-0001-1085x1536.jpg 1085w\" sizes=\"auto, (max-width: 1240px) 100vw, 1240px\" \/><\/a><\/p>\n<p><a href=\"https:\/\/agora.xtec.cat\/iesbanus\/wp-content\/uploads\/usu838\/2024\/05\/Proposta-ditineraris-2n-BATX-24-25-1_page-0001.jpg\"><img loading=\"lazy\" decoding=\"async\" class=\"alignnone size-full wp-image-5362\" src=\"https:\/\/agora.xtec.cat\/iesbanus\/wp-content\/uploads\/usu838\/2024\/05\/Proposta-ditineraris-2n-BATX-24-25-1_page-0001.jpg\" alt=\"\" width=\"1240\" height=\"1755\" srcset=\"https:\/\/agora.xtec.cat\/iesbanus\/wp-content\/uploads\/usu838\/2024\/05\/Proposta-ditineraris-2n-BATX-24-25-1_page-0001.jpg 1240w, https:\/\/agora.xtec.cat\/iesbanus\/wp-content\/uploads\/usu838\/2024\/05\/Proposta-ditineraris-2n-BATX-24-25-1_page-0001-212x300.jpg 212w, https:\/\/agora.xtec.cat\/iesbanus\/wp-content\/uploads\/usu838\/2024\/05\/Proposta-ditineraris-2n-BATX-24-25-1_page-0001-724x1024.jpg 724w, https:\/\/agora.xtec.cat\/iesbanus\/wp-content\/uploads\/usu838\/2024\/05\/Proposta-ditineraris-2n-BATX-24-25-1_page-0001-768x1087.jpg 768w, https:\/\/agora.xtec.cat\/iesbanus\/wp-content\/uploads\/usu838\/2024\/05\/Proposta-ditineraris-2n-BATX-24-25-1_page-0001-1085x1536.jpg 1085w\" sizes=\"auto, (max-width: 1240px) 100vw, 1240px\" \/><\/a><\/p>\n<p><em>*L&#8217;<strong>itinerari Cient\u00edfic\/Esportiu<\/strong> \u00e9s una proposta del centre d&#8217;assignatures optatives dirigida a l&#8217;alumnat que voldr\u00e0 continuar els estudis en l&#8217;\u00e0mbit esportiu, per\u00f2 no es tracta d&#8217;un Batxillerat Esportiu oficial.<\/em><\/p>\n<h3 class=\"widget-title\">I despr\u00e9s?<\/h3>\n<p>Amb el t\u00edtol de <strong>batxiller<\/strong> es pot accedir:<\/p>\n<ul>\n<li>a la universitat (un cop aprovades les proves d&#8217;acc\u00e9s),<\/li>\n<li>a un cicle formatiu de grau superior de formaci\u00f3 professional espec\u00edfica, d&#8217;arts pl\u00e0stiques i disseny,<\/li>\n<li>a un cicle formatiu de grau superior d\u2019ensenyaments esportius, si es tenen els requisits d\u2019acc\u00e9s,<\/li>\n<li>als ensenyaments superiors art\u00edstics (un cop superada una prova espec\u00edfica d&#8217;acc\u00e9s) i<\/li>\n<li>al m\u00f3n laboral.<\/li>\n<\/ul>\n<\/div>\n<\/div>\n<\/div>\n<\/div>\n<\/div>\n<\/div>\n<\/div>\n<\/div>\n<\/div>\n<\/div>\n<\/div>\n","protected":false},"excerpt":{"rendered":"<p>Qu\u00e8 \u00e9s el Batxillerat?<br \/>\nEl Batxillerat \u00e9s l&#8217;etapa que es cursa normalment entre els 16 i els 18 anys, tot i que \u00e9s oberta a persones de qualsevol edat, ja sigui de forma presencial o a dist\u00e0ncia. \u00c9s un cicle format per dos cursos de trenta&hellip;  <a href=\"https:\/\/agora.xtec.cat\/iesbanus\/estudis\/batxillerat\/\" title=\"Read Batxillerat\">Llegeix m\u00e9s\u00bb<\/a><\/p>\n","protected":false},"author":1,"featured_media":0,"parent":195,"menu_order":1,"comment_status":"closed","ping_status":"closed","template":"","meta":{"_bbp_topic_count":0,"_bbp_reply_count":0,"_bbp_total_topic_count":0,"_bbp_total_reply_count":0,"_bbp_voice_count":0,"_bbp_anonymous_reply_count":0,"_bbp_topic_count_hidden":0,"_bbp_reply_count_hidden":0,"_bbp_forum_subforum_count":0,"footnotes":""},"class_list":["post-397","page","type-page","status-publish","hentry"],"post_mailing_queue_ids":[],"_links":{"self":[{"href":"https:\/\/agora.xtec.cat\/iesbanus\/wp-json\/wp\/v2\/pages\/397","targetHints":{"allow":["GET"]}}],"collection":[{"href":"https:\/\/agora.xtec.cat\/iesbanus\/wp-json\/wp\/v2\/pages"}],"about":[{"href":"https:\/\/agora.xtec.cat\/iesbanus\/wp-json\/wp\/v2\/types\/page"}],"author":[{"embeddable":true,"href":"https:\/\/agora.xtec.cat\/iesbanus\/wp-json\/wp\/v2\/users\/1"}],"replies":[{"embeddable":true,"href":"https:\/\/agora.xtec.cat\/iesbanus\/wp-json\/wp\/v2\/comments?post=397"}],"version-history":[{"count":9,"href":"https:\/\/agora.xtec.cat\/iesbanus\/wp-json\/wp\/v2\/pages\/397\/revisions"}],"predecessor-version":[{"id":5506,"href":"https:\/\/agora.xtec.cat\/iesbanus\/wp-json\/wp\/v2\/pages\/397\/revisions\/5506"}],"up":[{"embeddable":true,"href":"https:\/\/agora.xtec.cat\/iesbanus\/wp-json\/wp\/v2\/pages\/195"}],"wp:attachment":[{"href":"https:\/\/agora.xtec.cat\/iesbanus\/wp-json\/wp\/v2\/media?parent=397"}],"curies":[{"name":"wp","href":"https:\/\/api.w.org\/{rel}","templated":true}]}}