{"id":3963,"date":"2020-12-28T10:06:13","date_gmt":"2020-12-28T09:06:13","guid":{"rendered":"http:\/\/agora.xtec.cat\/iesbanus\/?page_id=3963"},"modified":"2020-12-28T10:06:13","modified_gmt":"2020-12-28T09:06:13","slug":"tic-chromebook","status":"publish","type":"page","link":"https:\/\/agora.xtec.cat\/iesbanus\/tic-chromebook\/","title":{"rendered":"TIC &#8211; Chromebook"},"content":{"rendered":"<h1>No et funciona l&#8217;ordinador port\u00e0til-Chromebook?<a href=\"https:\/\/agora.xtec.cat\/iesbanus\/wp-content\/uploads\/usu838\/2020\/12\/Image_001-e1609097160848.png\"><img loading=\"lazy\" decoding=\"async\" class=\"wp-image-3964 size-medium alignright\" src=\"https:\/\/agora.xtec.cat\/iesbanus\/wp-content\/uploads\/usu838\/2020\/12\/Image_001-e1609097160848-300x261.png\" alt=\"\" width=\"300\" height=\"261\" srcset=\"https:\/\/agora.xtec.cat\/iesbanus\/wp-content\/uploads\/usu838\/2020\/12\/Image_001-e1609097160848-300x261.png 300w, https:\/\/agora.xtec.cat\/iesbanus\/wp-content\/uploads\/usu838\/2020\/12\/Image_001-e1609097160848.png 745w\" sizes=\"auto, (max-width: 300px) 100vw, 300px\" \/><\/a><\/h1>\n<ol>\n<li>\n<h3><span style=\"color: #00ccff;\">Tramita la teva incid\u00e8ncia a trav\u00e9s del seg\u00fcent <a href=\"https:\/\/forms.gle\/iZhUeVVV2U2r3Xbp8\">formulari<\/a> i indican&#8217;s el <em>serial number<\/em> que trobar\u00e0s a sota de l&#8217;equip.<\/span><\/h3>\n<\/li>\n<li>\n<h3>Contactarem amb tu per indicar-te el procediment a seguir i recollirem l&#8217;equip en el centre educatiu o en el lloc que t&#8217;indiquem.<\/h3>\n<ul>\n<li>\n<h3>Demana al centre si disposa d&#8217;equips de substituci\u00f3 o nosaltres et podem llogar un equip de recanvi mitjan\u00e7ant un dip\u00f2sit.<\/h3>\n<\/li>\n<\/ul>\n<\/li>\n<li>\n<h3><span style=\"color: #00ccff;\">Si la reparaci\u00f3 est\u00e0 coberta per garantia o has contractat l&#8217;asseguran\u00e7a de danys accidentals l&#8217;equip ser\u00e0 reparat autom\u00e0ticament. <\/span><\/h3>\n<ul>\n<li>\n<h3><span style=\"color: #00ccff;\">Recorda que en els danys accidentals s&#8217;ha d&#8217;abonar una fian\u00e7a de 30\u20ac per a trencadisses de pantalles i 5\u20ac per a la resta d&#8217;elements).<\/span><\/h3>\n<\/li>\n<\/ul>\n<\/li>\n<li>\n<h3>Si la reparaci\u00f3 no est\u00e0 coberta per la garantia, et facilitarem un pressupost de reparaci\u00f3 al correu indicat amb l&#8217;import de la reparaci\u00f3 i la forma de pagament.<\/h3>\n<ul>\n<li>\n<h3>Recorda que les reparacions es poden fer de manera lliure i en cap cas hi ha obligatorietat de fer-la amb la nostra empresa.<\/h3>\n<\/li>\n<\/ul>\n<\/li>\n<li>\n<h3>Tornarem l&#8217;equip totalment reparat al centre educatiu o en el lloc que t&#8217;indiquem.<\/h3>\n<\/li>\n<\/ol>\n<p><a href=\"mailto:suporttic@coopux.cat\" target=\"_blank\" rel=\"noopener noreferrer\"><img loading=\"lazy\" decoding=\"async\" class=\"alignnone size-medium wp-image-3970\" src=\"https:\/\/agora.xtec.cat\/iesbanus\/wp-content\/uploads\/usu838\/2020\/12\/CapturaCoopux-300x186.png\" alt=\"\" width=\"300\" height=\"186\" srcset=\"https:\/\/agora.xtec.cat\/iesbanus\/wp-content\/uploads\/usu838\/2020\/12\/CapturaCoopux-300x186.png 300w, https:\/\/agora.xtec.cat\/iesbanus\/wp-content\/uploads\/usu838\/2020\/12\/CapturaCoopux.png 695w\" sizes=\"auto, (max-width: 300px) 100vw, 300px\" \/><\/a> <a href=\"https:\/\/agora.xtec.cat\/iesbanus\/wp-content\/uploads\/usu838\/2020\/12\/A9R1frjnv0_1i5qp3l_a8o.png\"><img loading=\"lazy\" decoding=\"async\" class=\"size-medium wp-image-3971 alignright\" src=\"https:\/\/agora.xtec.cat\/iesbanus\/wp-content\/uploads\/usu838\/2020\/12\/A9R1frjnv0_1i5qp3l_a8o-300x300.png\" alt=\"\" width=\"300\" height=\"300\" srcset=\"https:\/\/agora.xtec.cat\/iesbanus\/wp-content\/uploads\/usu838\/2020\/12\/A9R1frjnv0_1i5qp3l_a8o-300x300.png 300w, https:\/\/agora.xtec.cat\/iesbanus\/wp-content\/uploads\/usu838\/2020\/12\/A9R1frjnv0_1i5qp3l_a8o-150x150.png 150w, https:\/\/agora.xtec.cat\/iesbanus\/wp-content\/uploads\/usu838\/2020\/12\/A9R1frjnv0_1i5qp3l_a8o.png 339w\" sizes=\"auto, (max-width: 300px) 100vw, 300px\" \/><\/a><\/p>\n","protected":false},"excerpt":{"rendered":"<p>No et funciona l&#8217;ordinador port\u00e0til-Chromebook?<a href=\"https:\/\/agora.xtec.cat\/iesbanus\/wp-content\/uploads\/usu838\/2020\/12\/Image_001-e1609097160848.png\"><\/a><\/p>\n<ol>\n<li>\nTramita la teva incid\u00e8ncia a trav\u00e9s del seg\u00fcent <a href=\"https:\/\/forms.gle\/iZhUeVVV2U2r3Xbp8\">formulari<\/a> i indican&#8217;s el serial number que trobar\u00e0s a sota de l&#8217;equip.\n<\/li>\n<li>\nContactarem amb tu per indicar-te el procediment a seguir i recollirem l&#8217;equip en el centre educatiu o en el lloc&hellip;  <a href=\"https:\/\/agora.xtec.cat\/iesbanus\/tic-chromebook\/\" title=\"Read TIC &#8211; Chromebook\">Llegeix m\u00e9s\u00bb<\/a><\/p>\n","protected":false},"author":1,"featured_media":0,"parent":0,"menu_order":0,"comment_status":"closed","ping_status":"closed","template":"","meta":{"_bbp_topic_count":0,"_bbp_reply_count":0,"_bbp_total_topic_count":0,"_bbp_total_reply_count":0,"_bbp_voice_count":0,"_bbp_anonymous_reply_count":0,"_bbp_topic_count_hidden":0,"_bbp_reply_count_hidden":0,"_bbp_forum_subforum_count":0,"footnotes":""},"class_list":["post-3963","page","type-page","status-publish","hentry"],"post_mailing_queue_ids":[],"_links":{"self":[{"href":"https:\/\/agora.xtec.cat\/iesbanus\/wp-json\/wp\/v2\/pages\/3963","targetHints":{"allow":["GET"]}}],"collection":[{"href":"https:\/\/agora.xtec.cat\/iesbanus\/wp-json\/wp\/v2\/pages"}],"about":[{"href":"https:\/\/agora.xtec.cat\/iesbanus\/wp-json\/wp\/v2\/types\/page"}],"author":[{"embeddable":true,"href":"https:\/\/agora.xtec.cat\/iesbanus\/wp-json\/wp\/v2\/users\/1"}],"replies":[{"embeddable":true,"href":"https:\/\/agora.xtec.cat\/iesbanus\/wp-json\/wp\/v2\/comments?post=3963"}],"version-history":[{"count":3,"href":"https:\/\/agora.xtec.cat\/iesbanus\/wp-json\/wp\/v2\/pages\/3963\/revisions"}],"predecessor-version":[{"id":3975,"href":"https:\/\/agora.xtec.cat\/iesbanus\/wp-json\/wp\/v2\/pages\/3963\/revisions\/3975"}],"wp:attachment":[{"href":"https:\/\/agora.xtec.cat\/iesbanus\/wp-json\/wp\/v2\/media?parent=3963"}],"curies":[{"name":"wp","href":"https:\/\/api.w.org\/{rel}","templated":true}]}}