{"id":3951,"date":"2020-12-27T11:30:23","date_gmt":"2020-12-27T10:30:23","guid":{"rendered":"http:\/\/agora.xtec.cat\/iesbanus\/?page_id=3951"},"modified":"2020-12-27T11:39:01","modified_gmt":"2020-12-27T10:39:01","slug":"erasmus-our-future-in-our-hands-2020","status":"publish","type":"page","link":"https:\/\/agora.xtec.cat\/iesbanus\/projecte-internacional\/erasmus-our-future-in-our-hands-2020\/","title":{"rendered":"Erasmus+ Our Future in our Hands 2020"},"content":{"rendered":"<p>Projecte coordinat pel nostre soci,<span class=\"css-901oao css-16my406 r-1qd0xha r-ad9z0x r-bcqeeo r-qvutc0\"> permetr\u00e0 a deu alumnes de batxillerat retornar-los la visita que ens feren al novembre, on ens van poder exposar les particularitats del seu centre, regi\u00f3 i pais a m\u00e9s de compartir nombroses activitats i vetllades. Aqu\u00ed podeu veure el que v\u00e0rem fer i el que en pens\u00e0rem al marxar.<br \/>\n<\/span><\/p>\n<ul>\n<li><a href=\"https:\/\/docs.google.com\/forms\/d\/1P5UU7SVAOj3Z7-J5eoZ2egVM-7iWHRZIi52tMMqaT5k\/viewanalytics#start=publishanalytics\" target=\"_blank\" rel=\"noopener noreferrer\" data-cke-saved-href=\"https:\/\/docs.google.com\/forms\/d\/1P5UU7SVAOj3Z7-J5eoZ2egVM-7iWHRZIi52tMMqaT5k\/viewanalytics#start=publishanalytics\">Evaluation Survey Banus-Curie November 2019 <\/a><\/li>\n<li><a href=\"https:\/\/docs.google.com\/forms\/d\/16ztcGWuVWK_laYAU00VBBIQk2YInxg2IBs2tGoeRy_4\/viewanalytics\" target=\"_blank\" rel=\"noopener noreferrer\" data-cke-saved-href=\"https:\/\/docs.google.com\/forms\/d\/16ztcGWuVWK_laYAU00VBBIQk2YInxg2IBs2tGoeRy_4\/viewanalytics\">What the hosts students said. Valoraci\u00f3 estada alumnes Polonesos <\/a><\/li>\n<li><a href=\"https:\/\/docs.google.com\/forms\/d\/1cbioNtjG6pV70f0ijwHvLnbwyKbc-QTqEmMtQjGnRyw\/viewanalytics\" target=\"_blank\" rel=\"noopener noreferrer\" data-cke-saved-href=\"https:\/\/docs.google.com\/forms\/d\/1cbioNtjG6pV70f0ijwHvLnbwyKbc-QTqEmMtQjGnRyw\/viewanalytics\">What the students&#8217; families said -Valoraci\u00f3 estada alumnes Polonesos Fam\u00edlies <\/a><\/li>\n<\/ul>\n<p><span class=\"css-901oao css-16my406 r-1qd0xha r-ad9z0x r-bcqeeo r-qvutc0\">Aquest abril emprendrem el vol cap a Crac\u00f2via.\u00a0<\/span><\/p>\n<p><span style=\"font-weight: 400;\">El nou projecte <\/span><b>ERASMUS+<\/b><span style=\"font-weight: 400;\"> presentat per l<\/span><b>\u2019Institut Ban\u00fas de Cerdanyola del Vall\u00e8s<\/b><span style=\"font-weight: 400;\"> i la <\/span><b>FUNDACJA EUROPEJSKI INSTYTUT OUTSOURCINGU<\/b><span style=\"font-weight: 400;\"> ha obtingut\u00a0 una subvenci\u00f3 de 9600 \u20ac dels fons de la <\/span><b>Uni\u00f3 Europea<\/b><span style=\"font-weight: 400;\"> per a les despeses del viatge i l\u2019estada que realitzaran un grup de 10 alumnes de batxillerat a la localitat de Ch\u00f3rzow i a la muntanya de Brenna per a realitzar una estada de cinc dies amb els seus companys\u00a0 de <span class=\"css-901oao css-16my406 r-1qd0xha r-ad9z0x r-bcqeeo r-qvutc0\">l<a href=\"http:\/\/curie.edu.pl\/\" target=\"_blank\" rel=\"noopener noreferrer\">\u2018Institut IV M. Curie<\/a> de Ch\u00f3rzow<\/span><\/span><\/p>\n<p><span style=\"font-weight: 400;\">El projecte anomenat pret\u00e9n treballar sobre la import\u00e0ncia d\u2019ampliar els horitzons professionals de l\u2019alumnat\u00a0 des del respecte i el coneixement de les diferents cultures i sensibilitats, desenvolupant les compt\u00e8ncies necess\u00e0ries per a realitzar un treball en un equip internacional i pluridisciplinar.<\/span><\/p>\n<p><span style=\"font-weight: 400;\">Els alumnes polonesos en la seva estada a Cerdanyola van tenir la possibilitat de gaudir de m\u00faltiples visites a la ciutat, a les seves festes local de Sant Mart\u00ed\u00a0 i a llocs emblem\u00e0tics de Cerdanyola tal com, el sincrotr\u00f3, el MAC, un assaig dels castellers i unes lli\u00e7ons de tir amb arc amb tiradors ol\u00edmpics, a m\u00e9s de la corresponent recepci\u00f3 per part l\u2019alcalde.<\/span><\/p>\n<p>En tornar al seu centre despr\u00e9s dels dies de visita, varen fer una festa per posar en com\u00fa el seu viatge, aqu\u00ed teniu algunes de les imatges d&#8217;aquesta <a href=\"https:\/\/www.facebook.com\/4.lo.chorzow\/?hc_ref=ARSNbXZdmXAqZvwZ4tsvp76MmGul8iwE4UGv6hx2h9iTi3QemD0pLWDqbQ9cEoJGxBA&amp;fref=nf&amp;__xts__%5B0%5D=68.ARA3kEiox3DPqHd3lZZ5nB5eczZ1CiMXnqyk2pEcmyyqNLkDarnltkbdGxIgdRluRWCi3Rl-MLrfW4Nw4-2rNFvku7OfsMEDo7lzF0swxm5CpIVmk3stWs09mC2ELYgSBhA4k4pH3denn0OrQvtLqKjDQm-exsclJDQV3LphH9_z1tnkwTtbXgeUQW8FnQdyA_HMMP4091CIrT5Oq8UXKxRP05FZL-nFyQ0w8e2YZI9vTvkZKY04PWGa50kUYrcIDJP_gYdPoXkvHA9pfoFR4TNUjZnZLveBNVD5osfiU6hFuyMTHxe_mu8kxG01rUELlXjJJmLtweKG3S3N0loCs1qvIg&amp;__tn__=kC-R\">festa-exposici\u00f3<\/a>.<\/p>\n<h4 dir=\"auto\" lang=\"ca\"><a href=\"https:\/\/ec.europa.eu\/programmes\/erasmus-plus\/projects\/#search\/keyword=Ban%C3%BAs&amp;matchAllCountries=false\" target=\"_blank\" rel=\"noopener noreferrer\"><span style=\"color: #0000ff;\"><em>S\u2019estenen els ErasBamnus+ entre els alumnes\u2026.i entre els professors !!<\/em><\/span><\/a><\/h4>\n<div dir=\"auto\" lang=\"ca\"><\/div>\n<div dir=\"auto\" lang=\"ca\"><\/div>\n<p><a href=\"https:\/\/agora.xtec.cat\/iesbanus\/wp-content\/uploads\/usu838\/2019\/10\/logosbeneficaireserasmusright_fr.jpg\"><img loading=\"lazy\" decoding=\"async\" class=\"alignnone wp-image-3118 size-medium\" src=\"https:\/\/agora.xtec.cat\/iesbanus\/wp-content\/uploads\/usu838\/2019\/10\/logosbeneficaireserasmusright_fr-300x62.jpg\" alt=\"\" width=\"300\" height=\"62\" srcset=\"https:\/\/agora.xtec.cat\/iesbanus\/wp-content\/uploads\/usu838\/2019\/10\/logosbeneficaireserasmusright_fr-300x62.jpg 300w, https:\/\/agora.xtec.cat\/iesbanus\/wp-content\/uploads\/usu838\/2019\/10\/logosbeneficaireserasmusright_fr-768x158.jpg 768w, https:\/\/agora.xtec.cat\/iesbanus\/wp-content\/uploads\/usu838\/2019\/10\/logosbeneficaireserasmusright_fr-1024x210.jpg 1024w\" sizes=\"auto, (max-width: 300px) 100vw, 300px\" \/><\/a><a href=\"https:\/\/agora.xtec.cat\/iesbanus\/wp-content\/uploads\/usu838\/2019\/10\/logosbeneficaireserasmusleft_es.jpg\"><img loading=\"lazy\" decoding=\"async\" class=\"alignnone wp-image-3119 size-medium\" src=\"https:\/\/agora.xtec.cat\/iesbanus\/wp-content\/uploads\/usu838\/2019\/10\/logosbeneficaireserasmusleft_es-300x66.jpg\" alt=\"\" width=\"300\" height=\"66\" srcset=\"https:\/\/agora.xtec.cat\/iesbanus\/wp-content\/uploads\/usu838\/2019\/10\/logosbeneficaireserasmusleft_es-300x66.jpg 300w, https:\/\/agora.xtec.cat\/iesbanus\/wp-content\/uploads\/usu838\/2019\/10\/logosbeneficaireserasmusleft_es-768x169.jpg 768w, https:\/\/agora.xtec.cat\/iesbanus\/wp-content\/uploads\/usu838\/2019\/10\/logosbeneficaireserasmusleft_es-1024x225.jpg 1024w\" sizes=\"auto, (max-width: 300px) 100vw, 300px\" \/><\/a><\/p>\n<p><a href=\"https:\/\/ec.europa.eu\/programmes\/erasmus-plus\/projects\/#search\/keyword=Ban%C3%BAs&amp;matchAllCountries=false\" target=\"_blank\" rel=\"noopener noreferrer\"><span style=\"color: #3366ff;\"><span style=\"font-size: small;\">Los proyectos Eramus+ estan cofinanciados por el programa Erasmus+ de la Uni\u00f3n Europea. El contenido de esta publicaci\u00f3n es responsabilidad exclusiva de l&#8217;institut Ban\u00fas \u00a0y ni la Comisi\u00f3n Europea, ni el Servicio Espa\u00f1ol para la Internacionalizaci\u00f3n de la Educaci\u00f3n (SEPIE) son responsables del uso que pueda hacerse de la informaci\u00f3n aqu\u00ed difundida.<\/span><\/span><\/a><\/p>\n<p><a href=\"https:\/\/agora.xtec.cat\/iesbanus\/wp-content\/uploads\/usu838\/2020\/01\/SEPIE_erasmus_plus.gif\"><img loading=\"lazy\" decoding=\"async\" class=\"size-full wp-image-3268 aligncenter\" src=\"https:\/\/agora.xtec.cat\/iesbanus\/wp-content\/uploads\/usu838\/2020\/01\/SEPIE_erasmus_plus.gif\" alt=\"\" width=\"400\" height=\"100\" \/><\/a><\/p>\n<p>&nbsp;<\/p>\n","protected":false},"excerpt":{"rendered":"<p>Projecte coordinat pel nostre soci, permetr\u00e0 a deu alumnes de batxillerat retornar-los la visita que ens feren al novembre, on ens van poder exposar les particularitats del seu centre, regi\u00f3 i pais a m\u00e9s de compartir nombroses activitats i vetllades. Aqu\u00ed podeu veure el que&hellip;  <a href=\"https:\/\/agora.xtec.cat\/iesbanus\/projecte-internacional\/erasmus-our-future-in-our-hands-2020\/\" title=\"Read Erasmus+ Our Future in our Hands 2020\">Llegeix m\u00e9s\u00bb<\/a><\/p>\n","protected":false},"author":1,"featured_media":0,"parent":3913,"menu_order":2,"comment_status":"closed","ping_status":"closed","template":"page-templates\/side-menu.php","meta":{"_bbp_topic_count":0,"_bbp_reply_count":0,"_bbp_total_topic_count":0,"_bbp_total_reply_count":0,"_bbp_voice_count":0,"_bbp_anonymous_reply_count":0,"_bbp_topic_count_hidden":0,"_bbp_reply_count_hidden":0,"_bbp_forum_subforum_count":0,"footnotes":""},"class_list":["post-3951","page","type-page","status-publish","hentry"],"post_mailing_queue_ids":[],"_links":{"self":[{"href":"https:\/\/agora.xtec.cat\/iesbanus\/wp-json\/wp\/v2\/pages\/3951","targetHints":{"allow":["GET"]}}],"collection":[{"href":"https:\/\/agora.xtec.cat\/iesbanus\/wp-json\/wp\/v2\/pages"}],"about":[{"href":"https:\/\/agora.xtec.cat\/iesbanus\/wp-json\/wp\/v2\/types\/page"}],"author":[{"embeddable":true,"href":"https:\/\/agora.xtec.cat\/iesbanus\/wp-json\/wp\/v2\/users\/1"}],"replies":[{"embeddable":true,"href":"https:\/\/agora.xtec.cat\/iesbanus\/wp-json\/wp\/v2\/comments?post=3951"}],"version-history":[{"count":3,"href":"https:\/\/agora.xtec.cat\/iesbanus\/wp-json\/wp\/v2\/pages\/3951\/revisions"}],"predecessor-version":[{"id":3960,"href":"https:\/\/agora.xtec.cat\/iesbanus\/wp-json\/wp\/v2\/pages\/3951\/revisions\/3960"}],"up":[{"embeddable":true,"href":"https:\/\/agora.xtec.cat\/iesbanus\/wp-json\/wp\/v2\/pages\/3913"}],"wp:attachment":[{"href":"https:\/\/agora.xtec.cat\/iesbanus\/wp-json\/wp\/v2\/media?parent=3951"}],"curies":[{"name":"wp","href":"https:\/\/api.w.org\/{rel}","templated":true}]}}