{"id":393,"date":"2015-12-08T11:20:49","date_gmt":"2015-12-08T10:20:49","guid":{"rendered":"http:\/\/agora.xtec.cat\/iesbanus\/?page_id=393"},"modified":"2024-08-08T17:26:49","modified_gmt":"2024-08-08T15:26:49","slug":"leso","status":"publish","type":"page","link":"https:\/\/agora.xtec.cat\/iesbanus\/estudis\/leso\/","title":{"rendered":"ESO"},"content":{"rendered":"<div id=\"pg-w54ca5ea48d5a0-0\" class=\"panel-grid\">\n<div id=\"pgc-w54ca5ea48d5a0-0-0\" class=\"panel-grid-cell\">\n<div id=\"panel-w54ca5ea48d5a0-0-0-0\" class=\"so-panel widget widget_black-studio-tinymce widget_black_studio_tinymce panel-first-child panel-last-child\">\n<h3 class=\"widget-title\">Qu\u00e8 \u00e9s l\u2019ESO?<\/h3>\n<div class=\"textwidget\">\n<p>L&#8217;educaci\u00f3 secund\u00e0ria obligat\u00f2ria (ESO) \u00e9s gratu\u00efta i compr\u00e8n quatre cursos acad\u00e8mics. Generalment s&#8217;inicia l&#8217;any natural en qu\u00e8 es compleixen 12 anys i s&#8217;acaba als 16, tot i que l\u2019alumnat t\u00e9 dret a romandre en el centre amb r\u00e8gim ordinari fins als 18.<\/p>\n<\/div>\n<\/div>\n<\/div>\n<\/div>\n<div id=\"pg-w54ca5ea48d5a0-1\" class=\"panel-grid\">\n<div id=\"pgc-w54ca5ea48d5a0-1-0\" class=\"panel-grid-cell\">\n<div id=\"panel-w54ca5ea48d5a0-1-0-0\" class=\"so-panel widget widget_black-studio-tinymce widget_black_studio_tinymce panel-first-child panel-last-child\">\n<h3 class=\"widget-title\">Qu\u00e8 s\u2019hi fa?<\/h3>\n<p>Podeu consultar les assignatures clicant a cada un dels nivells:<\/p>\n<ul>\n<li><a href=\"https:\/\/agora.xtec.cat\/iesbanus\/estudis\/leso\/1r-eso\/\">1r d&#8217;ESO<\/a><\/li>\n<li><a href=\"https:\/\/agora.xtec.cat\/iesbanus\/estudis\/leso\/2n-eso\/\">2n d&#8217;ESO<\/a><\/li>\n<li><a href=\"https:\/\/agora.xtec.cat\/iesbanus\/estudis\/leso\/3r-eso\/\">3r d&#8217;ESO<\/a><\/li>\n<li><a href=\"https:\/\/agora.xtec.cat\/iesbanus\/estudis\/leso\/4t-eso\/\">4t d&#8217;ESO<\/a><\/li>\n<\/ul>\n<p><span style=\"font-family: inherit; font-size: 1em; text-align: justify;\">Per a m\u00e9s informaci\u00f3 sobre l&#8217;ESO, us deixem la <\/span>normativa que regeix els curr\u00edculums en el seg\u00fcent <a style=\"font-family: inherit; font-size: 1em; text-align: justify;\" href=\"http:\/\/xtec.gencat.cat\/ca\/curriculum\/eso\/\" target=\"_blank\" rel=\"noopener\"><strong>enlla\u00e7<\/strong><\/a>.<\/p>\n<\/div>\n<\/div>\n<\/div>\n<div id=\"pg-w54ca5ea48d5a0-2\" class=\"panel-grid\">\n<div id=\"pgc-w54ca5ea48d5a0-2-0\" class=\"panel-grid-cell\">\n<div id=\"panel-w54ca5ea48d5a0-2-0-0\" class=\"so-panel widget widget_black-studio-tinymce widget_black_studio_tinymce panel-first-child panel-last-child\">\n<h3 class=\"widget-title\">I despr\u00e9s?<\/h3>\n<p><a href=\"http:\/\/agora.xtec.cat\/iesbanus\/wp-content\/uploads\/usu838\/2015\/12\/sistema.gif\"><img loading=\"lazy\" decoding=\"async\" class=\" wp-image-394 aligncenter\" src=\"http:\/\/agora.xtec.cat\/iesbanus\/wp-content\/uploads\/usu838\/2015\/12\/sistema.gif\" alt=\"sistema\" width=\"616\" height=\"616\" \/><\/a><\/p>\n<\/div>\n<\/div>\n<\/div>\n","protected":false},"excerpt":{"rendered":"<p>Qu\u00e8 \u00e9s l\u2019ESO?<\/p>\n<p>L&#8217;educaci\u00f3 secund\u00e0ria obligat\u00f2ria (ESO) \u00e9s gratu\u00efta i compr\u00e8n quatre cursos acad\u00e8mics. Generalment s&#8217;inicia l&#8217;any natural en qu\u00e8 es compleixen 12 anys i s&#8217;acaba als 16, tot i que l\u2019alumnat t\u00e9 dret a romandre en el centre amb r\u00e8gim ordinari fins als 18.<\/p>\n<p>Qu\u00e8 s\u2019hi&hellip;  <a href=\"https:\/\/agora.xtec.cat\/iesbanus\/estudis\/leso\/\" title=\"Read ESO\">Llegeix m\u00e9s\u00bb<\/a><\/p>\n","protected":false},"author":1,"featured_media":0,"parent":195,"menu_order":0,"comment_status":"closed","ping_status":"closed","template":"page-templates\/side-menu.php","meta":{"_bbp_topic_count":0,"_bbp_reply_count":0,"_bbp_total_topic_count":0,"_bbp_total_reply_count":0,"_bbp_voice_count":0,"_bbp_anonymous_reply_count":0,"_bbp_topic_count_hidden":0,"_bbp_reply_count_hidden":0,"_bbp_forum_subforum_count":0,"footnotes":""},"class_list":["post-393","page","type-page","status-publish","hentry"],"post_mailing_queue_ids":[],"_links":{"self":[{"href":"https:\/\/agora.xtec.cat\/iesbanus\/wp-json\/wp\/v2\/pages\/393","targetHints":{"allow":["GET"]}}],"collection":[{"href":"https:\/\/agora.xtec.cat\/iesbanus\/wp-json\/wp\/v2\/pages"}],"about":[{"href":"https:\/\/agora.xtec.cat\/iesbanus\/wp-json\/wp\/v2\/types\/page"}],"author":[{"embeddable":true,"href":"https:\/\/agora.xtec.cat\/iesbanus\/wp-json\/wp\/v2\/users\/1"}],"replies":[{"embeddable":true,"href":"https:\/\/agora.xtec.cat\/iesbanus\/wp-json\/wp\/v2\/comments?post=393"}],"version-history":[{"count":7,"href":"https:\/\/agora.xtec.cat\/iesbanus\/wp-json\/wp\/v2\/pages\/393\/revisions"}],"predecessor-version":[{"id":5500,"href":"https:\/\/agora.xtec.cat\/iesbanus\/wp-json\/wp\/v2\/pages\/393\/revisions\/5500"}],"up":[{"embeddable":true,"href":"https:\/\/agora.xtec.cat\/iesbanus\/wp-json\/wp\/v2\/pages\/195"}],"wp:attachment":[{"href":"https:\/\/agora.xtec.cat\/iesbanus\/wp-json\/wp\/v2\/media?parent=393"}],"curies":[{"name":"wp","href":"https:\/\/api.w.org\/{rel}","templated":true}]}}