{"id":3913,"date":"2020-12-27T11:16:50","date_gmt":"2020-12-27T10:16:50","guid":{"rendered":"http:\/\/agora.xtec.cat\/iesbanus\/?page_id=3913"},"modified":"2026-03-31T17:52:04","modified_gmt":"2026-03-31T15:52:04","slug":"projecte-internacional","status":"publish","type":"page","link":"https:\/\/agora.xtec.cat\/iesbanus\/projecte-internacional\/","title":{"rendered":"Projecte ERASMUS+"},"content":{"rendered":"<div>\n<div><span style=\"font-family: arial, sans-serif;\"><strong>El nostre centre\u00a0<\/strong><strong>aposta<\/strong>\u00a0decididament per obrir canals de col\u00b7laboraci\u00f3\u00a0internacional amb diferents pa\u00efsos, principalment de l\u2019\u00e0mbit d\u2019influ\u00e8ncia Europea a trav\u00e9s dels projectes\u00a0<a href=\"https:\/\/erasmus-plus.ec.europa.eu\/es\" target=\"_blank\" rel=\"noopener\" data-saferedirecturl=\"https:\/\/www.google.com\/url?q=https:\/\/erasmus-plus.ec.europa.eu\/es&amp;source=gmail&amp;ust=1703167907435000&amp;usg=AOvVaw3ftKsb_9URTjMw7rXPOenM\">Erasmus+<\/a>\u00a0i\u00a0<a href=\"https:\/\/school-education.ec.europa.eu\/es\/etwinning\" target=\"_blank\" rel=\"noopener\" data-saferedirecturl=\"https:\/\/www.google.com\/url?q=https:\/\/school-education.ec.europa.eu\/es\/etwinning&amp;source=gmail&amp;ust=1703167907435000&amp;usg=AOvVaw2xEg241BZ6cSCGF3Fsc7fm\">eTwinning<\/a><wbr \/>.<\/span><\/div>\n<div><\/div>\n<\/div>\n<div>\n<p><span style=\"font-family: arial, sans-serif;\"><a href=\"https:\/\/agora.xtec.cat\/iesbanus\/wp-content\/uploads\/usu838\/2023\/12\/ka120-acreditado-1-300x266-1.png\"><img loading=\"lazy\" decoding=\"async\" class=\"size-full wp-image-5257 alignleft\" src=\"https:\/\/agora.xtec.cat\/iesbanus\/wp-content\/uploads\/usu838\/2023\/12\/ka120-acreditado-1-300x266-1.png\" alt=\"\" width=\"300\" height=\"266\" \/><\/a><\/span><\/p>\n<div><\/div>\n<p><span style=\"font-family: arial, sans-serif;\">El curs 2021-22 vam obtenir l\u2019<strong>acreditaci\u00f3 KA120<\/strong>\u00a0del\u00a0<a href=\"http:\/\/sepie.es\/\" target=\"_blank\" rel=\"noopener\" data-saferedirecturl=\"https:\/\/www.google.com\/url?q=http:\/\/sepie.es\/&amp;source=gmail&amp;ust=1703167907435000&amp;usg=AOvVaw0kLZJzlUGW66ATC_RZUofU\">SEPIE<\/a> (Servicio Espa\u00f1ol para la Internacionalizaci\u00f3n de la Educaci\u00f3n) al nostre programa Europeu fins el <strong>2027<\/strong>. Aix\u00f2 significa un impuls decisiu al nostre programa d\u2019internacionalitzaci\u00f3 amb uns objectius concrets que es volen assolir mitjan\u00e7ant formacions i estades a centres de pa\u00efsos de la Uni\u00f3 Europea. Aquestes estades o mobilitats poden ser:<\/span><\/p>\n<ul>\n<li><span style=\"font-family: arial, sans-serif;\">Mobilitats individuals de curta estada (inferior a 30 dies)<\/span><\/li>\n<li><span style=\"font-family: arial, sans-serif;\">Mobilitats individuals de llarga estada (fins a un curs sencer)<\/span><\/li>\n<li><span style=\"font-family: arial, sans-serif;\">Mobilitats de grup de curta estada (1 setmana habitualment)<\/span><\/li>\n<\/ul>\n<p><span style=\"font-family: arial, sans-serif;\"><a href=\"https:\/\/agora.xtec.cat\/iesbanus\/wp-content\/uploads\/usu838\/2023\/12\/Diploma-acreditacio_page-0001.jpg\"><img loading=\"lazy\" decoding=\"async\" class=\"size-medium wp-image-5255 alignleft\" src=\"https:\/\/agora.xtec.cat\/iesbanus\/wp-content\/uploads\/usu838\/2023\/12\/Diploma-acreditacio_page-0001-300x212.jpg\" alt=\"\" width=\"300\" height=\"212\" srcset=\"https:\/\/agora.xtec.cat\/iesbanus\/wp-content\/uploads\/usu838\/2023\/12\/Diploma-acreditacio_page-0001-300x212.jpg 300w, https:\/\/agora.xtec.cat\/iesbanus\/wp-content\/uploads\/usu838\/2023\/12\/Diploma-acreditacio_page-0001-1024x724.jpg 1024w, https:\/\/agora.xtec.cat\/iesbanus\/wp-content\/uploads\/usu838\/2023\/12\/Diploma-acreditacio_page-0001-768x543.jpg 768w, https:\/\/agora.xtec.cat\/iesbanus\/wp-content\/uploads\/usu838\/2023\/12\/Diploma-acreditacio_page-0001-1536x1086.jpg 1536w, https:\/\/agora.xtec.cat\/iesbanus\/wp-content\/uploads\/usu838\/2023\/12\/Diploma-acreditacio_page-0001.jpg 1755w\" sizes=\"auto, (max-width: 300px) 100vw, 300px\" \/><\/a><\/span><\/p>\n<p><span style=\"font-family: arial, sans-serif;\">L\u2019objectiu \u00e9s\u00a0enriquir la formaci\u00f3 del nostre alumnat amb experi\u00e8ncies reals de comunicaci\u00f3 i interacci\u00f3 en lleng\u00fces estrangeres i donar l\u2019oportunitat de viure una experi\u00e8ncia \u00fanica en primera persona. Tot aix\u00f2, tenint en compte els objectius del programa ERASMUS+:<\/span><\/p>\n<ul>\n<li dir=\"ltr\">\n<p dir=\"ltr\" role=\"presentation\"><span style=\"font-family: arial, sans-serif;\">Promocionar la <em><strong>mobilitat educativa<\/strong><\/em><\/span><\/p>\n<\/li>\n<li dir=\"ltr\">\n<p dir=\"ltr\" role=\"presentation\"><span style=\"font-family: arial, sans-serif;\">Fomentar <em><strong>la cooperaci\u00f3, la inclusi\u00f3 i l\u2019equitat<\/strong><\/em><\/span><\/p>\n<\/li>\n<li dir=\"ltr\">\n<p dir=\"ltr\" role=\"presentation\"><span style=\"font-family: arial, sans-serif;\">Desenvolupar les <em><strong>capacitats digitals<\/strong><\/em><br \/>\n<\/span><\/p>\n<\/li>\n<li dir=\"ltr\">\n<p dir=\"ltr\" role=\"presentation\"><span style=\"font-family: arial, sans-serif;\">Contribuir al <b><i>creixement sostenible<\/i><\/b><\/span><\/p>\n<\/li>\n<li dir=\"ltr\">\n<p dir=\"ltr\" role=\"presentation\"><span style=\"font-family: arial, sans-serif;\">Enfortir la <em><strong>identitat europea<\/strong><\/em>, la ciutadania activa i la participaci\u00f3 en la vida democr\u00e0tica<br \/>\n<\/span><\/p>\n<\/li>\n<\/ul>\n<p><span style=\"font-family: arial, sans-serif;\">Per tal d&#8217;assolir-ho, els objectius concrets que s&#8217;ha proposat l&#8217;Institut Ban\u00fas en la seva acreditaci\u00f3 ERASMUS+\u00a0K121 s\u00f3n:<\/span><\/p>\n<ol>\n<li dir=\"ltr\">\n<p dir=\"ltr\" role=\"presentation\"><span style=\"font-family: arial, sans-serif;\">Assoliment de compet\u00e8ncies i capacitats rellevants d\u2019alt nivell<br \/>\n<\/span><\/p>\n<\/li>\n<li dir=\"ltr\">\n<p dir=\"ltr\" role=\"presentation\"><span style=\"font-family: arial, sans-serif;\">Europa inclusiva i diversa<br \/>\n<\/span><\/p>\n<\/li>\n<li dir=\"ltr\">\n<p dir=\"ltr\" role=\"presentation\"><span style=\"font-family: arial, sans-serif;\">Consolidaci\u00f3 i ampliaci\u00f3 d\u2019un equip de professorat de disciplines diverses amb la formaci\u00f3 i preparaci\u00f3 necess\u00e0ries per assolir els objectius pr\u00e8viament exposats<\/span><\/p>\n<\/li>\n<\/ol>\n<p><span style=\"font-weight: 400;\">Actualment tenim aquestes destinacions en marxa:<\/span><\/p>\n<ol>\n<li style=\"font-weight: 400;\" aria-level=\"1\"><span style=\"font-weight: 400;\">3r i 4t d\u2019ESO Opt. Ed. F\u00edsica (CIATE) &#8211; <\/span><strong><i>Mens sana in corpore sano<\/i><\/strong><span style=\"font-weight: 400;\"> (Arrifana, Portugal) &#8211; <a href=\"https:\/\/agora.xtec.cat\/iesbanus\/wp-content\/uploads\/usu838\/2025\/10\/Criteris-de-seleccio-Mens-sana-in-corpore-sano.pdf\" target=\"_blank\" rel=\"noopener\">Criteris de selecci\u00f3 curs 2025-2026<\/a>\u00a0 &#8211; <a href=\"https:\/\/sites.google.com\/ibanus.cat\/erasmusarrifana2025-26\/inici\" target=\"_blank\" rel=\"noopener\">SITES de l&#8217;aplicaci\u00f3 del projecte<\/a><\/span><\/li>\n<li style=\"font-weight: 400;\" aria-level=\"1\"><span style=\"font-weight: 400;\">4t d\u2019ESO Alumnat NESE &#8211; <\/span><strong><i>Nature Diverse<\/i><\/strong><span style=\"font-weight: 400;\"> (Esbjerg, Dinamarca) &#8211; <a href=\"https:\/\/agora.xtec.cat\/iesbanus\/wp-content\/uploads\/usu838\/2025\/10\/Criteris-de-seleccio-Nature-Diverse.pdf\" target=\"_blank\" rel=\"noopener\">Criteris de selecci\u00f3 curs 2025-2026<\/a>\u00a0 &#8211;\u00a0 SITES de l&#8217;aplicaci\u00f3 del projecte<\/span><\/li>\n<li style=\"font-weight: 400;\" aria-level=\"1\"><span style=\"font-weight: 400;\">1r de Batx. Cient\u00edfic\/Tecnol\u00f2gic &#8211; <\/span><strong><i>Air pollution and asthma<\/i><\/strong><span style=\"font-weight: 400;\"> (Wageningen, Pa\u00efsos Baixos) &#8211; <a href=\"https:\/\/drive.google.com\/file\/d\/1q0YTDf8g3kAp2o6lM13Ne4XXWxcnGok6\/view?usp=sharing\">Criteris de selecci\u00f3 curs 2025-2026<\/a>\u00a0 &#8211;\u00a0 SITES de l&#8217;aplicaci\u00f3 del projecte<\/span><\/li>\n<li style=\"font-weight: 400;\" aria-level=\"1\"><span style=\"font-weight: 400;\">1r de Batx. Esc\u00e8nic &#8211; <\/span><strong><i>Growth through drama<\/i><\/strong><span style=\"font-weight: 400;\"> (Wald-Michelbach, Alemanya) &#8211; <a href=\"https:\/\/agora.xtec.cat\/iesbanus\/wp-content\/uploads\/usu838\/2025\/11\/Criteris_mobilitat_de_GRUP_2025-26_WALD-MICHELBACH.docx.pdf\" target=\"_blank\" rel=\"noopener\">Criteris de selecci\u00f3 curs 2025-2026<\/a>\u00a0 &#8211;\u00a0 SITES de l&#8217;aplicaci\u00f3 del projecte<\/span><\/li>\n<li style=\"font-weight: 400;\" aria-level=\"1\"><span style=\"font-weight: 400;\">1r de Batx. Social &#8211; <\/span><strong><i>Haciendo memoria<\/i><\/strong><span style=\"font-weight: 400;\"> (Berl\u00edn, Alemanya) &#8211; <a href=\"https:\/\/drive.google.com\/file\/d\/12VizQQ5dK-ycc2KEUwbHvRyoE-4edAmg\/view?usp=sharing\">Criteris de selecci\u00f3 curs 2025-2026<\/a>\u00a0 &#8211;\u00a0 <a href=\"https:\/\/sites.google.com\/ibanus.cat\/erasmusberlin2025-26\/inici\" target=\"_blank\" rel=\"noopener\">SITES de l&#8217;aplicaci\u00f3 del projecte<\/a><\/span><\/li>\n<li style=\"font-weight: 400;\" aria-level=\"1\">1r de Batx. Human\u00edstic &#8211; <strong><i style=\"font-family: inherit; font-size: 1em;\">Roman heritage<\/i><\/strong><span style=\"font-weight: 400;\"> (Airola, It\u00e0lia) &#8211; <a href=\"https:\/\/agora.xtec.cat\/iesbanus\/wp-content\/uploads\/usu838\/2025\/10\/Criteris-mobilitat-de-GRUP-2025-26_AIROLA.pdf\" target=\"_blank\" rel=\"noopener\">Criteris de selecci\u00f3 curs 2025-26<\/a>\u00a0 &#8211;\u00a0 <a href=\"https:\/\/sites.google.com\/ibanus.cat\/erasmusairola2025-26\/inici\" target=\"_blank\" rel=\"noopener\">SITES de l&#8217;aplicaci\u00f3 del projecte<\/a><\/span><\/li>\n<li><span style=\"font-weight: 400;\">1r Batx. Franc\u00e8s &#8211; <\/span><strong><i>Mobilitats individuals de curta durada<\/i><\/strong><span style=\"font-weight: 400;\"> (Saint-Nazaire, Fran\u00e7a) &#8211; <a href=\"https:\/\/drive.google.com\/file\/d\/14ivOQBTOr06YA1z3XijiPbQ8lKHvlABc\/view?usp=sharing\">Criteris de selecci\u00f3 curs 2025-26<\/a>\u00a0 &#8211;\u00a0 SITES de l&#8217;aplicaci\u00f3 del projecte<\/span><\/li>\n<\/ol>\n<ul>\n<li>Cada mobilitat estableix els seus criteris espec\u00edfics en funci\u00f3 de les caracter\u00edstiques del projecte ERASMUS+ i s&#8217;aniran penjant a mesura que estiguin acordats entre els caps de cada mobilitat i la Comissi\u00f3 ERASMUS+ del centre (els podeu consultar clicant als links anteriors). A continuaci\u00f3 us deixem un document amb el recull dels criteris de selecci\u00f3 gen\u00e8rics per les mobilitats de grup:\n<ul>\n<li><a href=\"https:\/\/drive.google.com\/file\/d\/1Med1CvDgQb_1f7zIvC7k2I4tZ2Q2hHfI\/view?usp=sharing\">Criteris de selecci\u00f3 gen\u00e8rics<\/a><\/li>\n<\/ul>\n<\/li>\n<\/ul>\n<p style=\"text-align: center;\"><strong><span style=\"font-family: arial, sans-serif;\"><i>\u201cLa vida \u00e9s un viatge\u2026 I qui viatja viu dues vegades.\u201d<\/i><\/span><\/strong><\/p>\n<\/div>\n<p align=\"center\"><a href=\"https:\/\/agora.xtec.cat\/iesbanus\/wp-content\/uploads\/usu838\/2024\/08\/EN-V-Co-funded-by-the-EU_POS-1.jpg\"><img loading=\"lazy\" decoding=\"async\" class=\"alignnone wp-image-5456\" src=\"https:\/\/agora.xtec.cat\/iesbanus\/wp-content\/uploads\/usu838\/2024\/08\/EN-V-Co-funded-by-the-EU_POS-1-296x300.jpg\" alt=\"\" width=\"137\" height=\"139\" srcset=\"https:\/\/agora.xtec.cat\/iesbanus\/wp-content\/uploads\/usu838\/2024\/08\/EN-V-Co-funded-by-the-EU_POS-1-296x300.jpg 296w, https:\/\/agora.xtec.cat\/iesbanus\/wp-content\/uploads\/usu838\/2024\/08\/EN-V-Co-funded-by-the-EU_POS-1-768x778.jpg 768w, https:\/\/agora.xtec.cat\/iesbanus\/wp-content\/uploads\/usu838\/2024\/08\/EN-V-Co-funded-by-the-EU_POS-1.jpg 910w\" sizes=\"auto, (max-width: 137px) 100vw, 137px\" \/><\/a><\/p>\n<p align=\"center\"><a href=\"https:\/\/agora.xtec.cat\/iesbanus\/wp-content\/uploads\/usu838\/2023\/12\/Logo-CETE.jpg\"><img loading=\"lazy\" decoding=\"async\" class=\"alignnone wp-image-5259\" src=\"https:\/\/agora.xtec.cat\/iesbanus\/wp-content\/uploads\/usu838\/2023\/12\/Logo-CETE-300x275.jpg\" alt=\"\" width=\"114\" height=\"105\" srcset=\"https:\/\/agora.xtec.cat\/iesbanus\/wp-content\/uploads\/usu838\/2023\/12\/Logo-CETE-300x275.jpg 300w, https:\/\/agora.xtec.cat\/iesbanus\/wp-content\/uploads\/usu838\/2023\/12\/Logo-CETE-768x704.jpg 768w, https:\/\/agora.xtec.cat\/iesbanus\/wp-content\/uploads\/usu838\/2023\/12\/Logo-CETE.jpg 834w\" sizes=\"auto, (max-width: 114px) 100vw, 114px\" \/><\/a><\/p>\n<h4><\/h4>\n<div class=\"addtoany_share_save_container addtoany_content addtoany_content_bottom\">\n<div class=\"a2a_kit a2a_kit_size_25 addtoany_list\" data-a2a-url=\"https:\/\/agora.xtec.cat\/iesbanus\/projecte-eramus-eurobot-3-0\/\" data-a2a-title=\"Erasmus+\"><\/div>\n<\/div>\n","protected":false},"excerpt":{"rendered":"<p>El nostre centre\u00a0aposta\u00a0decididament per obrir canals de col\u00b7laboraci\u00f3\u00a0internacional amb diferents pa\u00efsos, principalment de l\u2019\u00e0mbit d\u2019influ\u00e8ncia Europea a trav\u00e9s dels projectes\u00a0<a href=\"https:\/\/erasmus-plus.ec.europa.eu\/es\" target=\"_blank\" rel=\"noopener\" data-saferedirecturl=\"https:\/\/www.google.com\/url?q=https:\/\/erasmus-plus.ec.europa.eu\/es&amp;source=gmail&amp;ust=1703167907435000&amp;usg=AOvVaw3ftKsb_9URTjMw7rXPOenM\">Erasmus+<\/a>\u00a0i\u00a0<a href=\"https:\/\/school-education.ec.europa.eu\/es\/etwinning\" target=\"_blank\" rel=\"noopener\" data-saferedirecturl=\"https:\/\/www.google.com\/url?q=https:\/\/school-education.ec.europa.eu\/es\/etwinning&amp;source=gmail&amp;ust=1703167907435000&amp;usg=AOvVaw2xEg241BZ6cSCGF3Fsc7fm\">eTwinning<\/a>.<\/p>\n<p><a href=\"https:\/\/agora.xtec.cat\/iesbanus\/wp-content\/uploads\/usu838\/2023\/12\/ka120-acreditado-1-300x266-1.png\"><\/a><\/p>\n<p>El curs 2021-22 vam obtenir l\u2019acreditaci\u00f3 KA120\u00a0del\u00a0<a href=\"http:\/\/sepie.es\/\" target=\"_blank\" rel=\"noopener\" data-saferedirecturl=\"https:\/\/www.google.com\/url?q=http:\/\/sepie.es\/&amp;source=gmail&amp;ust=1703167907435000&amp;usg=AOvVaw0kLZJzlUGW66ATC_RZUofU\">SEPIE<\/a> (Servicio Espa\u00f1ol para la Internacionalizaci\u00f3n de&hellip;  <a href=\"https:\/\/agora.xtec.cat\/iesbanus\/projecte-internacional\/\" title=\"Read Projecte ERASMUS+\">Llegeix m\u00e9s\u00bb<\/a><\/p>\n","protected":false},"author":1,"featured_media":0,"parent":0,"menu_order":0,"comment_status":"closed","ping_status":"closed","template":"page-templates\/side-menu.php","meta":{"_bbp_topic_count":0,"_bbp_reply_count":0,"_bbp_total_topic_count":0,"_bbp_total_reply_count":0,"_bbp_voice_count":0,"_bbp_anonymous_reply_count":0,"_bbp_topic_count_hidden":0,"_bbp_reply_count_hidden":0,"_bbp_forum_subforum_count":0,"footnotes":""},"class_list":["post-3913","page","type-page","status-publish","hentry"],"post_mailing_queue_ids":[],"_links":{"self":[{"href":"https:\/\/agora.xtec.cat\/iesbanus\/wp-json\/wp\/v2\/pages\/3913","targetHints":{"allow":["GET"]}}],"collection":[{"href":"https:\/\/agora.xtec.cat\/iesbanus\/wp-json\/wp\/v2\/pages"}],"about":[{"href":"https:\/\/agora.xtec.cat\/iesbanus\/wp-json\/wp\/v2\/types\/page"}],"author":[{"embeddable":true,"href":"https:\/\/agora.xtec.cat\/iesbanus\/wp-json\/wp\/v2\/users\/1"}],"replies":[{"embeddable":true,"href":"https:\/\/agora.xtec.cat\/iesbanus\/wp-json\/wp\/v2\/comments?post=3913"}],"version-history":[{"count":5,"href":"https:\/\/agora.xtec.cat\/iesbanus\/wp-json\/wp\/v2\/pages\/3913\/revisions"}],"predecessor-version":[{"id":5914,"href":"https:\/\/agora.xtec.cat\/iesbanus\/wp-json\/wp\/v2\/pages\/3913\/revisions\/5914"}],"wp:attachment":[{"href":"https:\/\/agora.xtec.cat\/iesbanus\/wp-json\/wp\/v2\/media?parent=3913"}],"curies":[{"name":"wp","href":"https:\/\/api.w.org\/{rel}","templated":true}]}}