{"id":39,"date":"2014-09-17T16:36:44","date_gmt":"2014-09-17T16:36:44","guid":{"rendered":"http:\/\/agora.xtec.cat\/iesbanus\/?page_id=39"},"modified":"2024-08-08T18:25:43","modified_gmt":"2024-08-08T16:25:43","slug":"instal%c2%b7lacions","status":"publish","type":"page","link":"https:\/\/agora.xtec.cat\/iesbanus\/linstitut\/instal%c2%b7lacions\/","title":{"rendered":"Instal\u00b7lacions"},"content":{"rendered":"<div id=\"main\" class=\"site-main\">\n<div class=\"full-container\">\n<div id=\"primary\" class=\"content-area\">\n<div id=\"content\" class=\"site-content\">\n<article id=\"post-159\" class=\"post-159 page type-page status-publish hentry post\">\n<div class=\"entry-main\">\n<header class=\"entry-header\">\n<h1 class=\"entry-title\" style=\"text-align: justify;\">Els espais<\/h1>\n<\/header>\n<div class=\"entry-content\" style=\"text-align: justify;\">\n<p>L\u2019INS Ban\u00fas compta amb un total de 30 aules destinades a la doc\u00e8ncia ordin\u00e0ria, a m\u00e9s d\u2019espais espec\u00edfics com 2 tallers de tecnologia i 2 laboratoris. En l\u2019actualitat, totes les aules ordin\u00e0ries estan equipades amb can\u00f3 i equip de so.<\/p>\n<p><span style=\"font-size: 1.6875em; font-weight: bold;\">Gimn\u00e0s<\/span><\/p>\n<p><span style=\"font-family: inherit; font-size: 1em;\">El gimn\u00e0s interior permet la pr\u00e0ctica de diferents esports a l&#8217;interior del centre, equipat amb barres, <\/span><span style=\"font-family: inherit; font-size: 1em;\">pl\u00edntons, pilotes, raquetes de badminton i tot l&#8217;equipament habitual. \u00c9s \u00e0mpliament usat a les tardes en activitats <\/span><strong style=\"font-family: inherit; font-size: 1em;\">extraescolars<\/strong><span style=\"font-family: inherit; font-size: 1em;\"> com la gimn\u00e0stica r\u00edtmica, el hip-hop, funky, tennis taula per nens i joves de l&#8217;institut\u00a0 i fitness per a mares i pares, tot sota el paraig\u00fces de l&#8217;Associaci\u00f3 esportiva.<\/span><\/p>\n<p><span style=\"font-family: inherit; font-size: 1em;\">Compta amb un total de 250 cadires plegables que permeten el seu \u00fas com a sala d&#8217;actes, on es fan confer\u00e8ncies, xerrades i actes commemoratius del propi centre.<\/span><\/p>\n<\/div>\n<\/div>\n<\/article>\n<p style=\"text-align: justify;\"><a href=\"http:\/\/agora.xtec.cat\/iesbanus\/wp-content\/uploads\/usu838\/2015\/11\/Gimn\u00e0s-21-1024x681.jpg\"><img loading=\"lazy\" decoding=\"async\" class=\"alignnone size-large wp-image-271\" src=\"http:\/\/agora.xtec.cat\/iesbanus\/wp-content\/uploads\/usu838\/2015\/11\/Gimn\u00e0s-21-1024x681-1024x681.jpg\" alt=\"Gimn\u00e0s-21-1024x681\" width=\"1024\" height=\"681\" srcset=\"https:\/\/agora.xtec.cat\/iesbanus\/wp-content\/uploads\/usu838\/2015\/11\/Gimn\u00e0s-21-1024x681.jpg 1024w, https:\/\/agora.xtec.cat\/iesbanus\/wp-content\/uploads\/usu838\/2015\/11\/Gimn\u00e0s-21-1024x681-300x200.jpg 300w\" sizes=\"auto, (max-width: 1024px) 100vw, 1024px\" \/><\/a><\/p>\n<h2 style=\"text-align: justify;\">Pista exterior<\/h2>\n<p style=\"text-align: justify;\">La pista exterior \u00e9s on t\u00e9 lloc la concorreguda <strong>lliga del pati<\/strong> i la major part d&#8217;esports extraescolars com el futbol, el b\u00e0squet i el voleibol.<\/p>\n<\/div>\n<\/div>\n<h2 style=\"text-align: justify;\"><a href=\"http:\/\/agora.xtec.cat\/iesbanus\/wp-content\/uploads\/usu838\/2015\/11\/Pati-1024x632.jpg\"><img loading=\"lazy\" decoding=\"async\" class=\"alignnone size-large wp-image-275\" src=\"http:\/\/agora.xtec.cat\/iesbanus\/wp-content\/uploads\/usu838\/2015\/11\/Pati-1024x632-1024x632.jpg\" alt=\"Pati-1024x632\" width=\"1024\" height=\"632\" srcset=\"https:\/\/agora.xtec.cat\/iesbanus\/wp-content\/uploads\/usu838\/2015\/11\/Pati-1024x632.jpg 1024w, https:\/\/agora.xtec.cat\/iesbanus\/wp-content\/uploads\/usu838\/2015\/11\/Pati-1024x632-300x185.jpg 300w\" sizes=\"auto, (max-width: 1024px) 100vw, 1024px\" \/><\/a><\/h2>\n<\/div>\n<h2>Associaci\u00f3 de ve\u00efns<\/h2>\n<p>Algunes assignatures de teatre de 4t d&#8217;ESO i de Batxillerat Esc\u00e8nic es realitzen fora del centre, a l&#8217;Associaci\u00f3 de ve\u00efns que est\u00e0 just al costat de la Policia Local. \u00c9s un espai di\u00e0fan amb terra laminat i miralls, pel que el fa idoni per aquest tipus de doc\u00e8ncia.<\/p>\n<p><a href=\"https:\/\/agora.xtec.cat\/iesbanus\/wp-content\/uploads\/usu838\/2024\/08\/PXL_20230928_110056290-scaled.jpg\"><img loading=\"lazy\" decoding=\"async\" class=\"alignnone size-medium wp-image-5525\" src=\"https:\/\/agora.xtec.cat\/iesbanus\/wp-content\/uploads\/usu838\/2024\/08\/PXL_20230928_110056290-300x169.jpg\" alt=\"\" width=\"300\" height=\"169\" srcset=\"https:\/\/agora.xtec.cat\/iesbanus\/wp-content\/uploads\/usu838\/2024\/08\/PXL_20230928_110056290-300x169.jpg 300w, https:\/\/agora.xtec.cat\/iesbanus\/wp-content\/uploads\/usu838\/2024\/08\/PXL_20230928_110056290-1024x576.jpg 1024w, https:\/\/agora.xtec.cat\/iesbanus\/wp-content\/uploads\/usu838\/2024\/08\/PXL_20230928_110056290-768x432.jpg 768w, https:\/\/agora.xtec.cat\/iesbanus\/wp-content\/uploads\/usu838\/2024\/08\/PXL_20230928_110056290-1536x864.jpg 1536w, https:\/\/agora.xtec.cat\/iesbanus\/wp-content\/uploads\/usu838\/2024\/08\/PXL_20230928_110056290-2048x1152.jpg 2048w\" sizes=\"auto, (max-width: 300px) 100vw, 300px\" \/><\/a><\/p>\n<\/div>\n<h2>Ateneu de Cerdanyola<\/h2>\n<p>L&#8217;Institut Ban\u00fas t\u00e9 una relaci\u00f3 molt estreta amb aquest equipament municipal: des de la celebraci\u00f3 de Sant Jordi, fins a la la Mostra de Teatre i Arts Esc\u00e8niques que organitza el centre. \u00c9s una gran oportunitat per l&#8217;alumnat poder disposar d&#8217;un teatre professional per a les celebracions i tamb\u00e9 les seves representacions.<\/p>\n<p><a href=\"https:\/\/agora.xtec.cat\/iesbanus\/wp-content\/uploads\/usu838\/2024\/08\/Ateneu.jpg\"><img loading=\"lazy\" decoding=\"async\" class=\"alignnone size-medium wp-image-5526\" src=\"https:\/\/agora.xtec.cat\/iesbanus\/wp-content\/uploads\/usu838\/2024\/08\/Ateneu-300x225.jpg\" alt=\"\" width=\"300\" height=\"225\" srcset=\"https:\/\/agora.xtec.cat\/iesbanus\/wp-content\/uploads\/usu838\/2024\/08\/Ateneu-300x225.jpg 300w, https:\/\/agora.xtec.cat\/iesbanus\/wp-content\/uploads\/usu838\/2024\/08\/Ateneu-200x150.jpg 200w, https:\/\/agora.xtec.cat\/iesbanus\/wp-content\/uploads\/usu838\/2024\/08\/Ateneu.jpg 720w\" sizes=\"auto, (max-width: 300px) 100vw, 300px\" \/><\/a><\/p>\n","protected":false},"excerpt":{"rendered":"<p>Els espais<\/p>\n<p>L\u2019INS Ban\u00fas compta amb un total de 30 aules destinades a la doc\u00e8ncia ordin\u00e0ria, a m\u00e9s d\u2019espais espec\u00edfics com 2 tallers de tecnologia i 2 laboratoris. En l\u2019actualitat, totes les aules ordin\u00e0ries estan equipades amb can\u00f3 i equip de so.<br \/>\nGimn\u00e0s<br \/>\nEl gimn\u00e0s interior permet la&hellip;  <a href=\"https:\/\/agora.xtec.cat\/iesbanus\/linstitut\/instal%c2%b7lacions\/\" title=\"Read Instal\u00b7lacions\">Llegeix m\u00e9s\u00bb<\/a><\/p>\n","protected":false},"author":1,"featured_media":0,"parent":19,"menu_order":30,"comment_status":"closed","ping_status":"closed","template":"page-templates\/side-menu.php","meta":{"_bbp_topic_count":0,"_bbp_reply_count":0,"_bbp_total_topic_count":0,"_bbp_total_reply_count":0,"_bbp_voice_count":0,"_bbp_anonymous_reply_count":0,"_bbp_topic_count_hidden":0,"_bbp_reply_count_hidden":0,"_bbp_forum_subforum_count":0,"footnotes":""},"class_list":["post-39","page","type-page","status-publish","hentry"],"post_mailing_queue_ids":[],"_links":{"self":[{"href":"https:\/\/agora.xtec.cat\/iesbanus\/wp-json\/wp\/v2\/pages\/39","targetHints":{"allow":["GET"]}}],"collection":[{"href":"https:\/\/agora.xtec.cat\/iesbanus\/wp-json\/wp\/v2\/pages"}],"about":[{"href":"https:\/\/agora.xtec.cat\/iesbanus\/wp-json\/wp\/v2\/types\/page"}],"author":[{"embeddable":true,"href":"https:\/\/agora.xtec.cat\/iesbanus\/wp-json\/wp\/v2\/users\/1"}],"replies":[{"embeddable":true,"href":"https:\/\/agora.xtec.cat\/iesbanus\/wp-json\/wp\/v2\/comments?post=39"}],"version-history":[{"count":7,"href":"https:\/\/agora.xtec.cat\/iesbanus\/wp-json\/wp\/v2\/pages\/39\/revisions"}],"predecessor-version":[{"id":5530,"href":"https:\/\/agora.xtec.cat\/iesbanus\/wp-json\/wp\/v2\/pages\/39\/revisions\/5530"}],"up":[{"embeddable":true,"href":"https:\/\/agora.xtec.cat\/iesbanus\/wp-json\/wp\/v2\/pages\/19"}],"wp:attachment":[{"href":"https:\/\/agora.xtec.cat\/iesbanus\/wp-json\/wp\/v2\/media?parent=39"}],"curies":[{"name":"wp","href":"https:\/\/api.w.org\/{rel}","templated":true}]}}