{"id":21,"date":"2014-09-17T16:14:14","date_gmt":"2014-09-17T16:14:14","guid":{"rendered":"http:\/\/agora.xtec.cat\/iesbanus\/?page_id=21"},"modified":"2024-08-08T17:57:12","modified_gmt":"2024-08-08T15:57:12","slug":"on-som","status":"publish","type":"page","link":"https:\/\/agora.xtec.cat\/iesbanus\/linstitut\/on-som\/","title":{"rendered":"On som"},"content":{"rendered":"<p style=\"color: #666666;\"><strong>Institut\u00a0Ban\u00fas<\/strong><br \/>\nc\/ Sant Casimir, 16<br \/>\n08290\u00a0Cerdanyola del Vall\u00e8s<\/p>\n<p><iframe loading=\"lazy\" style=\"border: 0;\" src=\"https:\/\/www.google.com\/maps\/embed?pb=!1m18!1m12!1m3!1d729.0104399753783!2d2.1344861925647978!3d41.49221946668832!2m3!1f0!2f0!3f0!3m2!1i1024!2i768!4f13.1!3m3!1m2!1s0x12a4960feb10158f%3A0xa01ef8d8d38c57d6!2sInstitut+Ban%C3%BAs!5e1!3m2!1sca!2ses!4v1448224207528\" width=\"600\" height=\"450\" frameborder=\"0\" allowfullscreen=\"allowfullscreen\"><\/iframe><\/p>\n<p><strong>Com arribar-hi:<br \/>\n<\/strong><\/p>\n<ul>\n<li>Per tren: Estaci\u00f3\u00a0Cerdanyola del Vall\u00e8s R4<\/li>\n<li>Per bus:\u00a0A4 Sant Casimir, SU3 carrer Francol\u00ed, SU1 Pla\u00e7a Sant Ram\u00f3n<\/li>\n<\/ul>\n<p><strong>Escoles adscrites a l&#8217;institut:<br \/>\n<\/strong><a href=\"https:\/\/agora.xtec.cat\/escolasaltells\/\" target=\"_blank\" rel=\"noopener\">Escola Saltells<\/a>, <a href=\"https:\/\/agora.xtec.cat\/ceipserraparera\/\" target=\"_blank\" rel=\"noopener\">Escola Serraparera<\/a>, <a href=\"https:\/\/agora.xtec.cat\/escolamunicipal-lasinia\/\" target=\"_blank\" rel=\"noopener\">Escola La S\u00ednia<\/a>, <a href=\"https:\/\/agora.xtec.cat\/ceipxarau\/\" target=\"_blank\" rel=\"noopener\">Escola Xarau<\/a><\/p>\n<p><strong>E-mails de contacte:<\/strong><\/p>\n<ul>\n<li><span style=\"font-size: medium;\">Equip Directiu: <a href=\"mailto:direccio@ibanus.cat\" target=\"_blank\" rel=\"noopener\">direccio@ibanus.cat<\/a><\/span><\/li>\n<li>Secretaria: <span style=\"color: #008080;\"><a href=\"mailto:secretaria@ibanus.cat\" target=\"_blank\" rel=\"noopener\">secretaria@ibanus.cat<\/a><\/span><\/li>\n<li>Consergeria:\u00a0<a href=\"mailto:consergeria@ibanus.cat\" target=\"_blank\" rel=\"noopener\">consergeria@ibanus.cat<\/a><\/li>\n<\/ul>\n","protected":false},"excerpt":{"rendered":"<p>Institut\u00a0Ban\u00fas<br \/>\nc\/ Sant Casimir, 16<br \/>\n08290\u00a0Cerdanyola del Vall\u00e8s<\/p>\n<p>Com arribar-hi:<\/p>\n<ul>\n<li>Per tren: Estaci\u00f3\u00a0Cerdanyola del Vall\u00e8s R4<\/li>\n<li>Per bus:\u00a0A4 Sant Casimir, SU3 carrer Francol\u00ed, SU1 Pla\u00e7a Sant Ram\u00f3n<\/li>\n<\/ul>\n<p>Escoles adscrites a l&#8217;institut:<br \/>\n<a href=\"https:\/\/agora.xtec.cat\/escolasaltells\/\" target=\"_blank\" rel=\"noopener\">Escola Saltells<\/a>, <a href=\"https:\/\/agora.xtec.cat\/ceipserraparera\/\" target=\"_blank\" rel=\"noopener\">Escola Serraparera<\/a>, <a href=\"https:\/\/agora.xtec.cat\/escolamunicipal-lasinia\/\" target=\"_blank\" rel=\"noopener\">Escola La S\u00ednia<\/a>, <a href=\"https:\/\/agora.xtec.cat\/ceipxarau\/\" target=\"_blank\" rel=\"noopener\">Escola Xarau<\/a><br \/>\nE-mails&hellip;  <a href=\"https:\/\/agora.xtec.cat\/iesbanus\/linstitut\/on-som\/\" title=\"Read On som\">Llegeix m\u00e9s\u00bb<\/a><\/p>\n","protected":false},"author":1,"featured_media":0,"parent":19,"menu_order":10,"comment_status":"closed","ping_status":"closed","template":"page-templates\/side-menu.php","meta":{"_bbp_topic_count":0,"_bbp_reply_count":0,"_bbp_total_topic_count":0,"_bbp_total_reply_count":0,"_bbp_voice_count":0,"_bbp_anonymous_reply_count":0,"_bbp_topic_count_hidden":0,"_bbp_reply_count_hidden":0,"_bbp_forum_subforum_count":0,"footnotes":""},"class_list":["post-21","page","type-page","status-publish","hentry"],"post_mailing_queue_ids":[],"_links":{"self":[{"href":"https:\/\/agora.xtec.cat\/iesbanus\/wp-json\/wp\/v2\/pages\/21","targetHints":{"allow":["GET"]}}],"collection":[{"href":"https:\/\/agora.xtec.cat\/iesbanus\/wp-json\/wp\/v2\/pages"}],"about":[{"href":"https:\/\/agora.xtec.cat\/iesbanus\/wp-json\/wp\/v2\/types\/page"}],"author":[{"embeddable":true,"href":"https:\/\/agora.xtec.cat\/iesbanus\/wp-json\/wp\/v2\/users\/1"}],"replies":[{"embeddable":true,"href":"https:\/\/agora.xtec.cat\/iesbanus\/wp-json\/wp\/v2\/comments?post=21"}],"version-history":[{"count":6,"href":"https:\/\/agora.xtec.cat\/iesbanus\/wp-json\/wp\/v2\/pages\/21\/revisions"}],"predecessor-version":[{"id":5517,"href":"https:\/\/agora.xtec.cat\/iesbanus\/wp-json\/wp\/v2\/pages\/21\/revisions\/5517"}],"up":[{"embeddable":true,"href":"https:\/\/agora.xtec.cat\/iesbanus\/wp-json\/wp\/v2\/pages\/19"}],"wp:attachment":[{"href":"https:\/\/agora.xtec.cat\/iesbanus\/wp-json\/wp\/v2\/media?parent=21"}],"curies":[{"name":"wp","href":"https:\/\/api.w.org\/{rel}","templated":true}]}}