{"id":19,"date":"2014-09-17T14:56:56","date_gmt":"2014-09-17T14:56:56","guid":{"rendered":"http:\/\/agora.xtec.cat\/iesbanus\/?page_id=19"},"modified":"2024-08-08T17:51:07","modified_gmt":"2024-08-08T15:51:07","slug":"linstitut","status":"publish","type":"page","link":"https:\/\/agora.xtec.cat\/iesbanus\/linstitut\/","title":{"rendered":"L&#8217;institut"},"content":{"rendered":"<p>A l&#8217;institut Ban\u00fas tractem d&#8217;encomanar a l&#8217;alumnat, la il\u00b7lusi\u00f3, l&#8217;inter\u00e8s i la passi\u00f3 que els professors tenim per les nostres mat\u00e8ries respectives (lleng\u00fces, hist\u00f2ria, art, ci\u00e8ncia, matem\u00e0tiques i tecnologia) i el bon gust per treballar b\u00e9.<\/p>\n<p>A les fam\u00edlies pretenem encomanar-vos l&#8217;inter\u00e8s per l&#8217;ensenyament en general i facilitar-vos el seguiment dels vostres fills\/es, mitjan\u00e7ant l&#8217;AMPA i el consell escolar us obrim les portes a participar de la gesti\u00f3 del centre i sempre que volgueu o tingueu cap incid\u00e8ncia estarem disposat a donar-vos les explicacions oportunes des d&#8217;on pertoqui, direcci\u00f3, secretaria o coordinacions d&#8217;equips docents.<\/p>\n<p>Des d&#8217;un tracte proper per\u00f2 respectu\u00f3s treballem per a qu\u00e8 hi hagi un bon ambient tant ales aules com als passadissos i al pati en les hores d&#8217;esbarjo.<\/p>\n<p>Us hi convidem!!<\/p>\n","protected":false},"excerpt":{"rendered":"<p>A l&#8217;institut Ban\u00fas tractem d&#8217;encomanar a l&#8217;alumnat, la il\u00b7lusi\u00f3, l&#8217;inter\u00e8s i la passi\u00f3 que els professors tenim per les nostres mat\u00e8ries respectives (lleng\u00fces, hist\u00f2ria, art, ci\u00e8ncia, matem\u00e0tiques i tecnologia) i el bon gust per treballar b\u00e9.<br \/>\nA les fam\u00edlies pretenem encomanar-vos l&#8217;inter\u00e8s per l&#8217;ensenyament en general&hellip;  <a href=\"https:\/\/agora.xtec.cat\/iesbanus\/linstitut\/\" title=\"Read L&#8217;institut\">Llegeix m\u00e9s\u00bb<\/a><\/p>\n","protected":false},"author":1,"featured_media":0,"parent":0,"menu_order":0,"comment_status":"closed","ping_status":"closed","template":"page-templates\/side-menu.php","meta":{"_bbp_topic_count":0,"_bbp_reply_count":0,"_bbp_total_topic_count":0,"_bbp_total_reply_count":0,"_bbp_voice_count":0,"_bbp_anonymous_reply_count":0,"_bbp_topic_count_hidden":0,"_bbp_reply_count_hidden":0,"_bbp_forum_subforum_count":0,"footnotes":""},"class_list":["post-19","page","type-page","status-publish","hentry"],"post_mailing_queue_ids":[],"_links":{"self":[{"href":"https:\/\/agora.xtec.cat\/iesbanus\/wp-json\/wp\/v2\/pages\/19","targetHints":{"allow":["GET"]}}],"collection":[{"href":"https:\/\/agora.xtec.cat\/iesbanus\/wp-json\/wp\/v2\/pages"}],"about":[{"href":"https:\/\/agora.xtec.cat\/iesbanus\/wp-json\/wp\/v2\/types\/page"}],"author":[{"embeddable":true,"href":"https:\/\/agora.xtec.cat\/iesbanus\/wp-json\/wp\/v2\/users\/1"}],"replies":[{"embeddable":true,"href":"https:\/\/agora.xtec.cat\/iesbanus\/wp-json\/wp\/v2\/comments?post=19"}],"version-history":[{"count":4,"href":"https:\/\/agora.xtec.cat\/iesbanus\/wp-json\/wp\/v2\/pages\/19\/revisions"}],"predecessor-version":[{"id":5514,"href":"https:\/\/agora.xtec.cat\/iesbanus\/wp-json\/wp\/v2\/pages\/19\/revisions\/5514"}],"wp:attachment":[{"href":"https:\/\/agora.xtec.cat\/iesbanus\/wp-json\/wp\/v2\/media?parent=19"}],"curies":[{"name":"wp","href":"https:\/\/api.w.org\/{rel}","templated":true}]}}