{"id":1298,"date":"2016-11-30T10:54:41","date_gmt":"2016-11-30T09:54:41","guid":{"rendered":"http:\/\/agora.xtec.cat\/iesbanus\/?page_id=1298"},"modified":"2021-03-11T17:03:37","modified_gmt":"2021-03-11T16:03:37","slug":"professorat","status":"publish","type":"page","link":"https:\/\/agora.xtec.cat\/iesbanus\/els-ambits\/educacio-fisica\/professorat\/","title":{"rendered":"Professorat"},"content":{"rendered":"<p><a href=\"https:\/\/agora.xtec.cat\/iesbanus\/wp-content\/uploads\/usu838\/2021\/03\/IMG-20210219-WA0006.jpg\"><img loading=\"lazy\" decoding=\"async\" class=\"alignnone size-large wp-image-4144\" src=\"https:\/\/agora.xtec.cat\/iesbanus\/wp-content\/uploads\/usu838\/2021\/03\/IMG-20210219-WA0006-1024x768.jpg\" alt=\"\" width=\"1024\" height=\"768\" srcset=\"https:\/\/agora.xtec.cat\/iesbanus\/wp-content\/uploads\/usu838\/2021\/03\/IMG-20210219-WA0006-1024x768.jpg 1024w, https:\/\/agora.xtec.cat\/iesbanus\/wp-content\/uploads\/usu838\/2021\/03\/IMG-20210219-WA0006-300x225.jpg 300w, https:\/\/agora.xtec.cat\/iesbanus\/wp-content\/uploads\/usu838\/2021\/03\/IMG-20210219-WA0006-768x576.jpg 768w, https:\/\/agora.xtec.cat\/iesbanus\/wp-content\/uploads\/usu838\/2021\/03\/IMG-20210219-WA0006-200x150.jpg 200w, https:\/\/agora.xtec.cat\/iesbanus\/wp-content\/uploads\/usu838\/2021\/03\/IMG-20210219-WA0006.jpg 2048w\" sizes=\"auto, (max-width: 1024px) 100vw, 1024px\" \/><\/a><\/p>\n<p>De esquerra a dreta:<\/p>\n<p>Fran Navarro, Maria Garriga, M\u00aa Jos\u00e9 Blasco, Marta Mira i Marc Gonz\u00e1lez<\/p>\n<p>El professorat de l&#8217;\u00c0mbit de l&#8217;Educaci\u00f3 F\u00edsica us anima a gaudir d&#8217;una vida activa i sana.<\/p>\n<p>Per contactar amb el professorat de l&#8217;\u00e0mbit: <a href=\"mailto:educacio.fisica@ibanus.cat\"><span class=\"PbnGhe oJeWuf fb0g6 eejsDc\"><span dir=\"ltr\">educacio.fisica@ibanus.cat<\/span><\/span><\/a><\/p>\n","protected":false},"excerpt":{"rendered":"<p><a href=\"https:\/\/agora.xtec.cat\/iesbanus\/wp-content\/uploads\/usu838\/2021\/03\/IMG-20210219-WA0006.jpg\"><\/a><br \/>\nDe esquerra a dreta:<br \/>\nFran Navarro, Maria Garriga, M\u00aa Jos\u00e9 Blasco, Marta Mira i Marc Gonz\u00e1lez<br \/>\nEl professorat de l&#8217;\u00c0mbit de l&#8217;Educaci\u00f3 F\u00edsica us anima a gaudir d&#8217;una vida activa i sana.<br \/>\nPer contactar amb el professorat de l&#8217;\u00e0mbit: <a href=\"mailto:educacio.fisica@ibanus.cat\">educacio.fisica@ibanus.cat<\/a><\/p>\n","protected":false},"author":57,"featured_media":0,"parent":596,"menu_order":0,"comment_status":"closed","ping_status":"closed","template":"page-templates\/side-menu.php","meta":{"_bbp_topic_count":0,"_bbp_reply_count":0,"_bbp_total_topic_count":0,"_bbp_total_reply_count":0,"_bbp_voice_count":0,"_bbp_anonymous_reply_count":0,"_bbp_topic_count_hidden":0,"_bbp_reply_count_hidden":0,"_bbp_forum_subforum_count":0,"footnotes":""},"class_list":["post-1298","page","type-page","status-publish","hentry"],"post_mailing_queue_ids":[],"_links":{"self":[{"href":"https:\/\/agora.xtec.cat\/iesbanus\/wp-json\/wp\/v2\/pages\/1298","targetHints":{"allow":["GET"]}}],"collection":[{"href":"https:\/\/agora.xtec.cat\/iesbanus\/wp-json\/wp\/v2\/pages"}],"about":[{"href":"https:\/\/agora.xtec.cat\/iesbanus\/wp-json\/wp\/v2\/types\/page"}],"author":[{"embeddable":true,"href":"https:\/\/agora.xtec.cat\/iesbanus\/wp-json\/wp\/v2\/users\/57"}],"replies":[{"embeddable":true,"href":"https:\/\/agora.xtec.cat\/iesbanus\/wp-json\/wp\/v2\/comments?post=1298"}],"version-history":[{"count":3,"href":"https:\/\/agora.xtec.cat\/iesbanus\/wp-json\/wp\/v2\/pages\/1298\/revisions"}],"predecessor-version":[{"id":3038,"href":"https:\/\/agora.xtec.cat\/iesbanus\/wp-json\/wp\/v2\/pages\/1298\/revisions\/3038"}],"up":[{"embeddable":true,"href":"https:\/\/agora.xtec.cat\/iesbanus\/wp-json\/wp\/v2\/pages\/596"}],"wp:attachment":[{"href":"https:\/\/agora.xtec.cat\/iesbanus\/wp-json\/wp\/v2\/media?parent=1298"}],"curies":[{"name":"wp","href":"https:\/\/api.w.org\/{rel}","templated":true}]}}