{"id":1248,"date":"2016-11-14T16:29:05","date_gmt":"2016-11-14T15:29:05","guid":{"rendered":"http:\/\/agora.xtec.cat\/iesbanus\/?page_id=1248"},"modified":"2018-01-10T17:44:14","modified_gmt":"2018-01-10T16:44:14","slug":"servei-de-neteja","status":"publish","type":"page","link":"https:\/\/agora.xtec.cat\/iesbanus\/serveis\/servei-de-neteja\/","title":{"rendered":"Servei de Neteja"},"content":{"rendered":"<p>La neteja del centre \u00e9s objecte de contractaci\u00f3 p\u00fablica de forma peri\u00f2dica. Aquest any es realitza concurs p\u00fablic per a la concessi\u00f3 de la neteja durant l&#8217;any 2018.<\/p>\n<ul>\n<li><a href=\"https:\/\/agora.xtec.cat\/iesbanus\/docs\/contracte-de-neteja\/?bp-attachment=2018_Plec-Condicions-Administratives_CON_Banus.pdf\">Plec de Condicions Administratives<\/a><\/li>\n<li><a href=\"https:\/\/agora.xtec.cat\/iesbanus\/docs\/contracte-de-neteja\/?bp-attachment=2018-_Plec-Condicions-Tecniques_DOC_003-Banus.pdf\">Plec de Condicions\u00a0t\u00e8cniques<\/a><\/li>\n<li><a href=\"https:\/\/agora.xtec.cat\/iesbanus\/docs\/contracte-de-neteja\/?bp-attachment=A323ResolucioIniciAprovacioExpedient.pdf\">Anunci del Concurs<\/a><\/li>\n<li><a href=\"https:\/\/agora.xtec.cat\/iesbanus\/docs\/contracte-de-neteja\/?bp-attachment=PublicacioDOGC1642255.pdf\">Publicaci\u00f3 Anunci al DOGC<\/a><\/li>\n<\/ul>\n<p><strong>Dates importants<\/strong><\/p>\n<ul>\n<li style=\"text-align: justify;\">Data L\u00edmit de presentaci\u00f3 d&#8217;ofertes <strong>Divendres 17 de novembre de 2017 a les 14:00 hores<\/strong>.<\/li>\n<li style=\"text-align: justify;\">Data\u00a0<strong>obertura<\/strong> sobre <strong>C<\/strong>\u00a0<strong>Dilluns\u00a018 de\u00a0desembre de 2017 a les 12:30 hores<\/strong>.<\/li>\n<\/ul>\n<p><strong>Resoluci\u00f3 D&#8217;adjudicaci\u00f3<\/strong><\/p>\n<ul>\n<li><a href=\"https:\/\/agora.xtec.cat\/iesbanus\/docs\/resolucio-adjudicacio-neteja-2018-2019\/?bp-attachment=ResolucioAdjudicacioNeteja20182019.pdf\">Resoluci\u00f3 d&#8217;adjudicaci\u00f3 de l&#8217;expedient de Neteja 2017.10 pels anys 2018-2019<\/a><\/li>\n<\/ul>\n<p>&nbsp;<\/p>\n<p>&nbsp;<\/p>\n<p>&nbsp;<\/p>\n<p>&nbsp;<\/p>\n<p>&nbsp;<\/p>\n<p>&nbsp;<\/p>\n","protected":false},"excerpt":{"rendered":"<p>La neteja del centre \u00e9s objecte de contractaci\u00f3 p\u00fablica de forma peri\u00f2dica. Aquest any es realitza concurs p\u00fablic per a la concessi\u00f3 de la neteja durant l&#8217;any 2018.<\/p>\n<ul>\n<li><a href=\"https:\/\/agora.xtec.cat\/iesbanus\/docs\/contracte-de-neteja\/?bp-attachment=2018_Plec-Condicions-Administratives_CON_Banus.pdf\">Plec de Condicions Administratives<\/a><\/li>\n<li><a href=\"https:\/\/agora.xtec.cat\/iesbanus\/docs\/contracte-de-neteja\/?bp-attachment=2018-_Plec-Condicions-Tecniques_DOC_003-Banus.pdf\">Plec de Condicions\u00a0t\u00e8cniques<\/a><\/li>\n<li><a href=\"https:\/\/agora.xtec.cat\/iesbanus\/docs\/contracte-de-neteja\/?bp-attachment=A323ResolucioIniciAprovacioExpedient.pdf\">Anunci del Concurs<\/a><\/li>\n<li><a href=\"https:\/\/agora.xtec.cat\/iesbanus\/docs\/contracte-de-neteja\/?bp-attachment=PublicacioDOGC1642255.pdf\">Publicaci\u00f3 Anunci al DOGC<\/a><\/li>\n<\/ul>\n<p>Dates importants<\/p>\n<ul>\n<li style=\"text-align: justify;\">Data&hellip;  <a href=\"https:\/\/agora.xtec.cat\/iesbanus\/serveis\/servei-de-neteja\/\" title=\"Read Servei de Neteja\">Llegeix m\u00e9s\u00bb<\/a><br \/>\n","protected":false},"author":1,"featured_media":0,"parent":63,"menu_order":0,"comment_status":"closed","ping_status":"closed","template":"page-templates\/side-menu.php","meta":{"_bbp_topic_count":0,"_bbp_reply_count":0,"_bbp_total_topic_count":0,"_bbp_total_reply_count":0,"_bbp_voice_count":0,"_bbp_anonymous_reply_count":0,"_bbp_topic_count_hidden":0,"_bbp_reply_count_hidden":0,"_bbp_forum_subforum_count":0,"footnotes":""},"class_list":["post-1248","page","type-page","status-publish","hentry"],"post_mailing_queue_ids":[],"_links":{"self":[{"href":"https:\/\/agora.xtec.cat\/iesbanus\/wp-json\/wp\/v2\/pages\/1248","targetHints":{"allow":["GET"]}}],"collection":[{"href":"https:\/\/agora.xtec.cat\/iesbanus\/wp-json\/wp\/v2\/pages"}],"about":[{"href":"https:\/\/agora.xtec.cat\/iesbanus\/wp-json\/wp\/v2\/types\/page"}],"author":[{"embeddable":true,"href":"https:\/\/agora.xtec.cat\/iesbanus\/wp-json\/wp\/v2\/users\/1"}],"replies":[{"embeddable":true,"href":"https:\/\/agora.xtec.cat\/iesbanus\/wp-json\/wp\/v2\/comments?post=1248"}],"version-history":[{"count":3,"href":"https:\/\/agora.xtec.cat\/iesbanus\/wp-json\/wp\/v2\/pages\/1248\/revisions"}],"predecessor-version":[{"id":1972,"href":"https:\/\/agora.xtec.cat\/iesbanus\/wp-json\/wp\/v2\/pages\/1248\/revisions\/1972"}],"up":[{"embeddable":true,"href":"https:\/\/agora.xtec.cat\/iesbanus\/wp-json\/wp\/v2\/pages\/63"}],"wp:attachment":[{"href":"https:\/\/agora.xtec.cat\/iesbanus\/wp-json\/wp\/v2\/media?parent=1248"}],"curies":[{"name":"wp","href":"https:\/\/api.w.org\/{rel}","templated":true}]}}