{"id":901,"date":"2025-12-17T14:53:31","date_gmt":"2025-12-17T13:53:31","guid":{"rendered":"https:\/\/agora.xtec.cat\/iesb7\/?page_id=901"},"modified":"2026-04-21T08:24:37","modified_gmt":"2026-04-21T06:24:37","slug":"batxillerat","status":"publish","type":"page","link":"https:\/\/agora.xtec.cat\/iesb7\/estudis\/batxillerat\/","title":{"rendered":"Batxillerat"},"content":{"rendered":"<p>El nostre centre ofereix <strong>dues l\u00ednies de batxillerat<\/strong>. La gran majoria del nostre alumnat prov\u00e9 dels estudis d&#8217;ESO del nostre centre.<\/p>\n<p>Les <strong>modalitats de batxillerat<\/strong> ofertes s\u00f3n la de <strong>Ci\u00e8ncies i tecnologia<\/strong>, i <strong>Humanitats i ci\u00e8ncies socials<\/strong>.<\/p>\n<p><a href=\"https:\/\/agora.xtec.cat\/iesb7\/estudis\/batxillerat\/curriculum-de-batxillerat\/\">Curr\u00edculum<\/a><\/p>\n<p><a href=\"https:\/\/agora.xtec.cat\/iesb7\/estudis\/batxillerat\/criteris-davaluacio-de-batxillerat\/\">Criteris d&#8217;avaluaci\u00f3<\/a><\/p>\n<p>Pots fer una ullada a les <a href=\"https:\/\/agora.xtec.cat\/iesb7\/categoria\/batxillerat\/\">not\u00edcies de batxillerat<\/a> per tal de con\u00e8ixer una mica l&#8217;activitat d&#8217;aquests estudis.<\/p>\n","protected":false},"excerpt":{"rendered":"<p>El nostre centre ofereix dues l\u00ednies de batxillerat. La gran majoria del nostre alumnat prov\u00e9 dels estudis d&#8217;ESO del nostre centre. Les modalitats de batxillerat ofertes s\u00f3n la de Ci\u00e8ncies i tecnologia, i Humanitats i ci\u00e8ncies socials. Curr\u00edculum Criteris d&#8217;avaluaci\u00f3 Pots fer una ullada a les not\u00edcies de batxillerat per tal de con\u00e8ixer una mica [&hellip;]<\/p>\n","protected":false},"author":1,"featured_media":0,"parent":195,"menu_order":1,"comment_status":"closed","ping_status":"closed","template":"","meta":{"_bbp_topic_count":0,"_bbp_reply_count":0,"_bbp_total_topic_count":0,"_bbp_total_reply_count":0,"_bbp_voice_count":0,"_bbp_anonymous_reply_count":0,"_bbp_topic_count_hidden":0,"_bbp_reply_count_hidden":0,"_bbp_forum_subforum_count":0,"site-sidebar-layout":"default","site-content-layout":"","ast-site-content-layout":"default","site-content-style":"default","site-sidebar-style":"default","ast-global-header-display":"","ast-banner-title-visibility":"","ast-main-header-display":"","ast-hfb-above-header-display":"","ast-hfb-below-header-display":"","ast-hfb-mobile-header-display":"","site-post-title":"","ast-breadcrumbs-content":"","ast-featured-img":"","footer-sml-layout":"","theme-transparent-header-meta":"default","adv-header-id-meta":"","stick-header-meta":"","header-above-stick-meta":"","header-main-stick-meta":"","header-below-stick-meta":"","astra-migrate-meta-layouts":"set","ast-page-background-enabled":"default","ast-page-background-meta":{"desktop":{"background-color":"var(--ast-global-color-4)","background-image":"","background-repeat":"repeat","background-position":"center center","background-size":"auto","background-attachment":"scroll","background-type":"","background-media":"","overlay-type":"","overlay-color":"","overlay-opacity":"","overlay-gradient":""},"tablet":{"background-color":"","background-image":"","background-repeat":"repeat","background-position":"center center","background-size":"auto","background-attachment":"scroll","background-type":"","background-media":"","overlay-type":"","overlay-color":"","overlay-opacity":"","overlay-gradient":""},"mobile":{"background-color":"","background-image":"","background-repeat":"repeat","background-position":"center center","background-size":"auto","background-attachment":"scroll","background-type":"","background-media":"","overlay-type":"","overlay-color":"","overlay-opacity":"","overlay-gradient":""}},"ast-content-background-meta":{"desktop":{"background-color":"var(--ast-global-color-5)","background-image":"","background-repeat":"repeat","background-position":"center center","background-size":"auto","background-attachment":"scroll","background-type":"","background-media":"","overlay-type":"","overlay-color":"","overlay-opacity":"","overlay-gradient":""},"tablet":{"background-color":"var(--ast-global-color-5)","background-image":"","background-repeat":"repeat","background-position":"center center","background-size":"auto","background-attachment":"scroll","background-type":"","background-media":"","overlay-type":"","overlay-color":"","overlay-opacity":"","overlay-gradient":""},"mobile":{"background-color":"var(--ast-global-color-5)","background-image":"","background-repeat":"repeat","background-position":"center center","background-size":"auto","background-attachment":"scroll","background-type":"","background-media":"","overlay-type":"","overlay-color":"","overlay-opacity":"","overlay-gradient":""}},"footnotes":""},"class_list":["post-901","page","type-page","status-publish","hentry"],"post_mailing_queue_ids":[],"_links":{"self":[{"href":"https:\/\/agora.xtec.cat\/iesb7\/wp-json\/wp\/v2\/pages\/901","targetHints":{"allow":["GET"]}}],"collection":[{"href":"https:\/\/agora.xtec.cat\/iesb7\/wp-json\/wp\/v2\/pages"}],"about":[{"href":"https:\/\/agora.xtec.cat\/iesb7\/wp-json\/wp\/v2\/types\/page"}],"author":[{"embeddable":true,"href":"https:\/\/agora.xtec.cat\/iesb7\/wp-json\/wp\/v2\/users\/1"}],"replies":[{"embeddable":true,"href":"https:\/\/agora.xtec.cat\/iesb7\/wp-json\/wp\/v2\/comments?post=901"}],"version-history":[{"count":6,"href":"https:\/\/agora.xtec.cat\/iesb7\/wp-json\/wp\/v2\/pages\/901\/revisions"}],"predecessor-version":[{"id":1359,"href":"https:\/\/agora.xtec.cat\/iesb7\/wp-json\/wp\/v2\/pages\/901\/revisions\/1359"}],"up":[{"embeddable":true,"href":"https:\/\/agora.xtec.cat\/iesb7\/wp-json\/wp\/v2\/pages\/195"}],"wp:attachment":[{"href":"https:\/\/agora.xtec.cat\/iesb7\/wp-json\/wp\/v2\/media?parent=901"}],"curies":[{"name":"wp","href":"https:\/\/api.w.org\/{rel}","templated":true}]}}