{"id":879,"date":"2025-12-16T10:06:58","date_gmt":"2025-12-16T09:06:58","guid":{"rendered":"https:\/\/agora.xtec.cat\/iesb7\/?page_id=879"},"modified":"2026-04-21T08:29:35","modified_gmt":"2026-04-21T06:29:35","slug":"presentacio-deso","status":"publish","type":"page","link":"https:\/\/agora.xtec.cat\/iesb7\/estudis\/presentacio-deso\/","title":{"rendered":"ESO"},"content":{"rendered":"<div id=\"13775\" style=\"width: 100%; max-width: 600px; height: 400px; display: none; text-align: center;\"><img decoding=\"async\" src=\"https:\/\/lh3.googleusercontent.com\/pw\/AP1GczOGrraHzQtcCdg2ScAArpqYUC8ktgebybd6uoWjA9aCTy19qB4XIUPo0n1nZg6hHLbqXoMNmYqs2uXpkNBagxnSe1nI1q12Xvn-7yqG-5NWHO-6NHp7bq--AiWS2TnRsjefd2j6ZIt_51M0FLbfu3oldyc0WnbjEONWgUem9ab_IduF8T5KbnzqAi9lt2HN0zG0nE2CHeBzjiFNvZ4AfxopvWhk1mdngfpvndRobTdgI0BFhbQFkvPbA-e0RYgo-soHU3FYYyqkT0f-j3IENWDRMliePvVX3douM9OZOIy3PnKezZdo0veqcc4JO73BN-nfw1gq4qq5tx3J6RToe73OkpTymKdm7iJYZvORmoO0f6qtsXvrAbfzKfFJuNO22_cwfNJFkHQeh-yowLwIHjXgUniMVFa2zx9YBfrzD7jwPG_JFWXZP1JPCm7ttbMUDeFh1wSujgmdXORydkNu0iEdAEYG1gNYlWrq4zp2bk7Y8IvBdzJ4PhME_dcXMwA7OfdDJ1QIZ4GR1ttAlRxb9e0YtcT5dRqcQH2elqETh-4UIE6PiX1S6hLzZDhVyeZZbQ65rhR6TqD1nQyFZ06WGYbmQCBeE_nM4-BnPHg9lJgAXzZH3USZGh4sFnvu0K6lmN0gfTooTL-JDgorqfRWJodVu8ZiD1eV5pzsSCL-9pXb99q8Y66HrSftqwXnNLW1m9IqKybaOZpGTm4j3xXy1x_k9ofI9LwSdC-_6wJ6LxLhVK6IKYyUDG0hSElN7ATyeHfPuFkD7M2q8k2V1act8z58r_Ew_4gRLYcnLGecO9SNtttJe28eoJP-OKt_I9kkITFKaeLjAh8TX6xAoSBqUYWCtBRiuyY084FO1BVOexg-QythgYp34sUJ-ZKv2Pp3E_xCsLf3mF_you3CdNlT_mZJ7MIB1e3JmpyIKfFJWJci3yvT5vamUbkIot6k3xNZx573dMC1=w800-h600-no--no?authuser=0\" data-link=\"https:\/\/photos.google.com\/share\/AF1QipMTzFDWbfscqRjDPQWOuNd-Wkj810B8CDC_LnJqEXet5Pb1yeYpiH0kcoG9-pnxrg\/photo\/AF1QipNZjERi34spqTS4RXroDKPOtezgcnM06Nt-YfsH?key=NlNOODN4UzMxSzExejhDZHpEQ3dzeWluVEJXZUhn\" \/><br \/>\n<img decoding=\"async\" src=\"https:\/\/lh3.googleusercontent.com\/pw\/AP1GczM9sS8xpsOmoxvLQ7tGhWv3tPzdRTAwJg-yXbrVohqDbo4jlTiyOU-6O6GzHSBcQfgFrXSoNtkKgobGbX3DL8o46Z2bI7ar3L1zV3-fF_zJW1rx0t4uIKL8OQd3yXD84u-2vZSt3Noq8hNKxsIqwd5Yk4CC69bOJ8ZF88fNs7j5NSi-zeUZWUBqT_1O1yqHk7VmrfUQvlNxzRiUgOLyFJRx-dvzcg16xRS80ug1WVvj9ttDRV-QxkAEELyVCpORQ9ARu7XJ0aVOLVEh2gDwT9XJ7cYRJFNm6Q4oDvvZ73-NyAOwG5Mz5qTTP31iWjUc0eExSmg-LCs0Zfg77d7Q2xbbW1daBe765DV0QV6hKH61w1dzBDq2DP2UY9L9EiDFflvr_3DNoRota8IIRMrG8hgUlZF72Y-NtVQebHxzQSnQAZPTR2sDxtf0zuHfclzwN2pc91m0zWarnm1yzgoJPGM3BT263Tf3xwEUr86iAhopfdlLtHK-HCQp263QEmdCR7FKtFjv89957OKdpMbjCa-E4xGQ7rNC-V4VxPuICJo39eOrR4FI-jLbHfGrWmO-pwZuGUfGYaSJWTNGu9WQ9mvB4Xa5T7_tAoI--xR-_RRwcd1k9jyyFv8uhBo5SfOXoIzIe62KdtvXFK8xHiq_rXn6l226n_Mv6J9HZT7ZbqoDEOM8JETcQVJMO7ycRD7Yxi7MtQwI30SS9-qTAmG2smbOaGurvttWsgHNr5rdlQXABGSn3TKb08deJ90IqfekpQV5lMrUNIpOQ2-NOujOSWbCK53ZMbn-n-weIN_gXQh3krnXKI4pEplfudZPsI__BKwC94sm_VSkYWV8tjlVTkvcocSHP_-KSDkaI-tNusWflqyWtEomyWzaJFyZsFZY1uHBoKVbfCOlltKfFZrtyQD0h_KTtXe9UUV2AYdSY6w71pDiqq0su4cfeR2u3LIeF_lN-wYo=w800-h600-no--no?authuser=0\" data-link=\"https:\/\/photos.google.com\/share\/AF1QipMTzFDWbfscqRjDPQWOuNd-Wkj810B8CDC_LnJqEXet5Pb1yeYpiH0kcoG9-pnxrg\/photo\/AF1QipNYWDi4WgOie6f_1PurJrO7W92ck-z8Xuh0UtXI?key=NlNOODN4UzMxSzExejhDZHpEQ3dzeWluVEJXZUhn\" \/><\/div>\n<p>El nostre centre ofereix <strong>quatre l\u00ednies d&#8217;ESO<\/strong> de 1r a 4t curs. La majoria del nostre alumnat prov\u00e9 de les escoles de prim\u00e0ria adscrites. Actualment les escoles de prim\u00e0ria adscrites al nostre centre s\u00f3n: <a href=\"https:\/\/agora.xtec.cat\/ceip-ventosmir\/\" target=\"_blank\" rel=\"noopener\">Escola Vent\u00f3s Mir<\/a>, <a href=\"https:\/\/agora.xtec.cat\/escolajungfrau\/\" target=\"_blank\" rel=\"noopener\">Escola Jungfrau<\/a>, <a href=\"https:\/\/agora.xtec.cat\/ceipgitanjali\/\" target=\"_blank\" rel=\"noopener\">Escola Gitanjali<\/a>, <a href=\"https:\/\/agora.xtec.cat\/escolaprogres\/\" target=\"_blank\" rel=\"noopener\">Escola Progr\u00e9s<\/a>, <a href=\"https:\/\/agora.xtec.cat\/escolabadalonaport\/\" target=\"_blank\" rel=\"noopener\">Escola Badalona Port<\/a>, <a href=\"https:\/\/agora.xtec.cat\/escolamercerodoredabadalona\/\" target=\"_blank\" rel=\"noopener\">Escola Merc\u00e8 Rodoreda<\/a> i <a href=\"https:\/\/agora.xtec.cat\/ceipllorensartigas\/\" target=\"_blank\" rel=\"noopener\">Escola Llorens i Artigas<\/a>.<\/p>\n<p>La distribuci\u00f3 de grups d&#8217;ESO \u00e9s generalment <strong>heterog\u00e8nia<\/strong> de 1r a 4t curs.<\/p>\n<p>Fem agrupaments de <strong>r\u00e0tio redu\u00efda<\/strong> (20 alumnes aprox.) en les mat\u00e8ries de Llengua catalana, Llengua castellana, Llengua anglesa i Matem\u00e0tiques a 1r i 2n d&#8217;ESO.<\/p>\n<p>Hi ha <strong>desdoblaments<\/strong> (15 alumnes aprox.) a les mat\u00e8ries de Tecnologia, Ci\u00e8ncies naturals, M\u00fasica, Llengua anglesa, Matem\u00e0tiques, Llengua catalana i Llengua castellana en alguns cursos de 1r a 4t d&#8217;ESO.<\/p>\n<p>Les mat\u00e8ries de M\u00fasica i Educaci\u00f3 visual i pl\u00e0stica es realitzen de forma conjunta a 2n i 3r d&#8217;ESO en el que anomenem <strong>projecte art\u00edstic<\/strong>.<\/p>\n<p>De 1r a 3r d&#8217;ESO la <strong>franja d&#8217;optatives<\/strong> ofereix opcions molts diverses: teatre musical, teatre, cor, banda, esports, fabricaci\u00f3 digital, programaci\u00f3 i rob\u00f2tica, etc. A 4t d&#8217;ESO s&#8217;ofereixen <strong>optatives<\/strong> en tres franges: Tecnologia, Biologia i Geologia, Llat\u00ed, Filosofia, etc.<\/p>\n<p>De 1r a 3r d&#8217;ESO l&#8217;alumnat t\u00e9 una franja de treball per <strong>projectes interdisciplinaris<\/strong>.<\/p>\n<p>A m\u00e9s, el centre compta amb una <strong>Aula d&#8217;acollida<\/strong> per a l&#8217;alumnat nouvingut, un <strong><a href=\"https:\/\/xtec.gencat.cat\/ca\/curriculum\/diversitat-i-inclusio\/mesures-i-suports\/intensius\/siei\/\" target=\"_blank\" rel=\"noopener\">SIEI<\/a><\/strong> i professionals de suport <strong><a href=\"https:\/\/xtec.gencat.cat\/ca\/curriculum\/diversitat-i-inclusio\/mesures-i-suports\/intensius\/sial\/\" target=\"_blank\" rel=\"noopener\">SIAL<\/a><\/strong>.<\/p>\n<p><a href=\"https:\/\/agora.xtec.cat\/iesb7\/estudis\/presentacio-deso\/curriculum-deso\/\">Curr\u00edculum<\/a><\/p>\n<p><a href=\"https:\/\/agora.xtec.cat\/iesb7\/estudis\/presentacio-deso\/criteris-davaluacio-deso\/\">Criteris d&#8217;avaluaci\u00f3<\/a><\/p>\n<p>Pots fer una ullada a les <a href=\"https:\/\/agora.xtec.cat\/iesb7\/categoria\/eso\/\">not\u00edcies d&#8217;ESO<\/a> per tal de con\u00e8ixer una mica l&#8217;activitat d&#8217;aquets estudis.<\/p>\n","protected":false},"excerpt":{"rendered":"<p>El nostre centre ofereix quatre l\u00ednies d&#8217;ESO de 1r a 4t curs. La majoria del nostre alumnat prov\u00e9 de les escoles de prim\u00e0ria adscrites. Actualment les escoles de prim\u00e0ria adscrites al nostre centre s\u00f3n: Escola Vent\u00f3s Mir, Escola Jungfrau, Escola Gitanjali, Escola Progr\u00e9s, Escola Badalona Port, Escola Merc\u00e8 Rodoreda i Escola Llorens i Artigas. La [&hellip;]<\/p>\n","protected":false},"author":1,"featured_media":0,"parent":195,"menu_order":0,"comment_status":"closed","ping_status":"closed","template":"","meta":{"_bbp_topic_count":0,"_bbp_reply_count":0,"_bbp_total_topic_count":0,"_bbp_total_reply_count":0,"_bbp_voice_count":0,"_bbp_anonymous_reply_count":0,"_bbp_topic_count_hidden":0,"_bbp_reply_count_hidden":0,"_bbp_forum_subforum_count":0,"site-sidebar-layout":"left-sidebar","site-content-layout":"","ast-site-content-layout":"default","site-content-style":"default","site-sidebar-style":"default","ast-global-header-display":"","ast-banner-title-visibility":"","ast-main-header-display":"","ast-hfb-above-header-display":"","ast-hfb-below-header-display":"","ast-hfb-mobile-header-display":"","site-post-title":"","ast-breadcrumbs-content":"","ast-featured-img":"","footer-sml-layout":"","theme-transparent-header-meta":"default","adv-header-id-meta":"","stick-header-meta":"","header-above-stick-meta":"","header-main-stick-meta":"","header-below-stick-meta":"","astra-migrate-meta-layouts":"set","ast-page-background-enabled":"default","ast-page-background-meta":{"desktop":{"background-color":"var(--ast-global-color-4)","background-image":"","background-repeat":"repeat","background-position":"center center","background-size":"auto","background-attachment":"scroll","background-type":"","background-media":"","overlay-type":"","overlay-color":"","overlay-opacity":"","overlay-gradient":""},"tablet":{"background-color":"","background-image":"","background-repeat":"repeat","background-position":"center center","background-size":"auto","background-attachment":"scroll","background-type":"","background-media":"","overlay-type":"","overlay-color":"","overlay-opacity":"","overlay-gradient":""},"mobile":{"background-color":"","background-image":"","background-repeat":"repeat","background-position":"center center","background-size":"auto","background-attachment":"scroll","background-type":"","background-media":"","overlay-type":"","overlay-color":"","overlay-opacity":"","overlay-gradient":""}},"ast-content-background-meta":{"desktop":{"background-color":"var(--ast-global-color-5)","background-image":"","background-repeat":"repeat","background-position":"center center","background-size":"auto","background-attachment":"scroll","background-type":"","background-media":"","overlay-type":"","overlay-color":"","overlay-opacity":"","overlay-gradient":""},"tablet":{"background-color":"var(--ast-global-color-5)","background-image":"","background-repeat":"repeat","background-position":"center center","background-size":"auto","background-attachment":"scroll","background-type":"","background-media":"","overlay-type":"","overlay-color":"","overlay-opacity":"","overlay-gradient":""},"mobile":{"background-color":"var(--ast-global-color-5)","background-image":"","background-repeat":"repeat","background-position":"center center","background-size":"auto","background-attachment":"scroll","background-type":"","background-media":"","overlay-type":"","overlay-color":"","overlay-opacity":"","overlay-gradient":""}},"footnotes":""},"class_list":["post-879","page","type-page","status-publish","hentry"],"post_mailing_queue_ids":[],"_links":{"self":[{"href":"https:\/\/agora.xtec.cat\/iesb7\/wp-json\/wp\/v2\/pages\/879","targetHints":{"allow":["GET"]}}],"collection":[{"href":"https:\/\/agora.xtec.cat\/iesb7\/wp-json\/wp\/v2\/pages"}],"about":[{"href":"https:\/\/agora.xtec.cat\/iesb7\/wp-json\/wp\/v2\/types\/page"}],"author":[{"embeddable":true,"href":"https:\/\/agora.xtec.cat\/iesb7\/wp-json\/wp\/v2\/users\/1"}],"replies":[{"embeddable":true,"href":"https:\/\/agora.xtec.cat\/iesb7\/wp-json\/wp\/v2\/comments?post=879"}],"version-history":[{"count":6,"href":"https:\/\/agora.xtec.cat\/iesb7\/wp-json\/wp\/v2\/pages\/879\/revisions"}],"predecessor-version":[{"id":1363,"href":"https:\/\/agora.xtec.cat\/iesb7\/wp-json\/wp\/v2\/pages\/879\/revisions\/1363"}],"up":[{"embeddable":true,"href":"https:\/\/agora.xtec.cat\/iesb7\/wp-json\/wp\/v2\/pages\/195"}],"wp:attachment":[{"href":"https:\/\/agora.xtec.cat\/iesb7\/wp-json\/wp\/v2\/media?parent=879"}],"curies":[{"name":"wp","href":"https:\/\/api.w.org\/{rel}","templated":true}]}}