{"id":65,"date":"2014-09-18T10:12:22","date_gmt":"2014-09-18T10:12:22","guid":{"rendered":"http:\/\/agora.xtec.cat\/iesb7\/?page_id=65"},"modified":"2026-02-10T06:50:07","modified_gmt":"2026-02-10T05:50:07","slug":"serveis-digitals","status":"publish","type":"page","link":"https:\/\/agora.xtec.cat\/iesb7\/serveis\/serveis-digitals\/","title":{"rendered":"Serveis digitals"},"content":{"rendered":"<p><a href=\"https:\/\/agora.xtec.cat\/iesb7\/wp-content\/uploads\/usu3030\/2026\/02\/wifi.png\"><img loading=\"lazy\" decoding=\"async\" class=\"alignnone size-thumbnail wp-image-1197\" src=\"https:\/\/agora.xtec.cat\/iesb7\/wp-content\/uploads\/usu3030\/2026\/02\/wifi-150x150.png\" alt=\"\" width=\"150\" height=\"150\" srcset=\"https:\/\/agora.xtec.cat\/iesb7\/wp-content\/uploads\/usu3030\/2026\/02\/wifi-150x150.png 150w, https:\/\/agora.xtec.cat\/iesb7\/wp-content\/uploads\/usu3030\/2026\/02\/wifi-300x300.png 300w, https:\/\/agora.xtec.cat\/iesb7\/wp-content\/uploads\/usu3030\/2026\/02\/wifi.png 512w\" sizes=\"auto, (max-width: 150px) 100vw, 150px\" \/><\/a><\/p>\n<p>El nostre centre disposa de xarxa WIFI d&#8217;\u00fas lliure a totes les seves instal\u00b7lacions.<\/p>\n<p>&nbsp;<\/p>\n<p><a href=\"https:\/\/agora.xtec.cat\/iesb7\/wp-content\/uploads\/usu3030\/2026\/02\/PEDC.jpg\"><img loading=\"lazy\" decoding=\"async\" class=\"alignnone size-medium wp-image-1199\" src=\"https:\/\/agora.xtec.cat\/iesb7\/wp-content\/uploads\/usu3030\/2026\/02\/PEDC-300x106.jpg\" alt=\"\" width=\"300\" height=\"106\" srcset=\"https:\/\/agora.xtec.cat\/iesb7\/wp-content\/uploads\/usu3030\/2026\/02\/PEDC-300x106.jpg 300w, https:\/\/agora.xtec.cat\/iesb7\/wp-content\/uploads\/usu3030\/2026\/02\/PEDC-768x272.jpg 768w, https:\/\/agora.xtec.cat\/iesb7\/wp-content\/uploads\/usu3030\/2026\/02\/PEDC.jpg 916w\" sizes=\"auto, (max-width: 300px) 100vw, 300px\" \/><\/a><\/p>\n<p>A inici de curs es podran cedir ordinadors a l\u2019alumnat d&#8217;ESO que ho sol\u00b7liciti en modalitat de pr\u00e9stec. El dispositiu \u00e9s personal i intransferible, sota contrasenya i configurat per realitzar les tasques pr\u00f2pies del centre.<\/p>\n<p>&nbsp;<\/p>\n<p><a href=\"https:\/\/agora.xtec.cat\/iesb7\/wp-content\/uploads\/usu3030\/2026\/02\/Moodle.png\"><img loading=\"lazy\" decoding=\"async\" class=\"alignnone size-medium wp-image-1195\" src=\"https:\/\/agora.xtec.cat\/iesb7\/wp-content\/uploads\/usu3030\/2026\/02\/Moodle-300x77.png\" alt=\"\" width=\"300\" height=\"77\" srcset=\"https:\/\/agora.xtec.cat\/iesb7\/wp-content\/uploads\/usu3030\/2026\/02\/Moodle-300x77.png 300w, https:\/\/agora.xtec.cat\/iesb7\/wp-content\/uploads\/usu3030\/2026\/02\/Moodle-1024x262.png 1024w, https:\/\/agora.xtec.cat\/iesb7\/wp-content\/uploads\/usu3030\/2026\/02\/Moodle-768x197.png 768w, https:\/\/agora.xtec.cat\/iesb7\/wp-content\/uploads\/usu3030\/2026\/02\/Moodle.png 1280w\" sizes=\"auto, (max-width: 300px) 100vw, 300px\" \/><\/a> <a href=\"https:\/\/agora.xtec.cat\/iesb7\/wp-content\/uploads\/usu3030\/2026\/02\/Google-Workspace.jpg\"><img loading=\"lazy\" decoding=\"async\" class=\"alignnone size-medium wp-image-1196\" src=\"https:\/\/agora.xtec.cat\/iesb7\/wp-content\/uploads\/usu3030\/2026\/02\/Google-Workspace-300x75.jpg\" alt=\"\" width=\"300\" height=\"75\" srcset=\"https:\/\/agora.xtec.cat\/iesb7\/wp-content\/uploads\/usu3030\/2026\/02\/Google-Workspace-300x75.jpg 300w, https:\/\/agora.xtec.cat\/iesb7\/wp-content\/uploads\/usu3030\/2026\/02\/Google-Workspace-768x193.jpg 768w, https:\/\/agora.xtec.cat\/iesb7\/wp-content\/uploads\/usu3030\/2026\/02\/Google-Workspace.jpg 823w\" sizes=\"auto, (max-width: 300px) 100vw, 300px\" \/><\/a><\/p>\n<p>L&#8217;alumnat del centre disposa de correu electr\u00f2nic de domini propi (@institutb7.cat) i de la resta d&#8217;eines ofertes per Google Workspace. Com a EVA fem servir Classroom i Moodle.<\/p>\n<p>&nbsp;<\/p>\n<p><a href=\"https:\/\/agora.xtec.cat\/iesb7\/wp-content\/uploads\/usu3030\/2026\/01\/iEduca.jpg\"><img loading=\"lazy\" decoding=\"async\" class=\"alignnone size-full wp-image-1169\" src=\"https:\/\/agora.xtec.cat\/iesb7\/wp-content\/uploads\/usu3030\/2026\/01\/iEduca.jpg\" alt=\"\" width=\"215\" height=\"75\" \/><\/a><\/p>\n<p>Fem servir el programari <strong><a href=\"https:\/\/www.ieduca.com\/\" target=\"_blank\" rel=\"noopener\">iEduca<\/a><\/strong> per fer el control d&#8217;assist\u00e8ncia i comunicar incid\u00e8ncies. Tamb\u00e9 es poden consultar els horaris de classe i el calendari d&#8217;activitats del centre. Es facilita un usuari d&#8217;acc\u00e9s als tutors de l&#8217;alumnat i a l&#8217;alumnat major d&#8217;edat.<\/p>\n<p>L&#8217;acc\u00e9s es pot realitzar a trav\u00e9s de web o d&#8217;APP.<\/p>\n<p>Podeu trobar m\u00e9s informaci\u00f3 sobre l&#8217;\u00fas d&#8217;iEduca en <a href=\"https:\/\/view.genially.com\/62060ee8ab239900110f3b56\/presentation-ieduca-que-puc-fer-com-a-pare-a-ieduca\" target=\"_blank\" rel=\"noopener\">aquest enlla\u00e7<\/a>.<\/p>\n<p>&nbsp;<\/p>\n<p><a href=\"https:\/\/agora.xtec.cat\/iesb7\/wp-content\/uploads\/usu3030\/2026\/01\/TPVescola.jpg\"><img loading=\"lazy\" decoding=\"async\" class=\"alignnone size-full wp-image-1170\" src=\"https:\/\/agora.xtec.cat\/iesb7\/wp-content\/uploads\/usu3030\/2026\/01\/TPVescola.jpg\" alt=\"\" width=\"159\" height=\"47\" \/><\/a><\/p>\n<p>Mitjan\u00e7ant el programari <a href=\"https:\/\/tpvescola.com\/DesktopNew\/Acces.aspx?\" target=\"_blank\" rel=\"noopener\"><strong>TPVescola<\/strong><\/a> fem les comunicacions generals a les fam\u00edlies, i gestionem les comunicacions i els pagaments de les sortides.<\/p>\n<p>L&#8217;acc\u00e9s es pot realitzar a trav\u00e9s de web o d&#8217;APP.<\/p>\n<p>Podeu trobar m\u00e9s informaci\u00f3 sobre l&#8217;\u00fas de TPVescola en <a href=\"https:\/\/www.youtube.com\/@tpvescola3402\/videos\" target=\"_blank\" rel=\"noopener\">aquest enlla\u00e7<\/a>.<\/p>\n","protected":false},"excerpt":{"rendered":"<p>El nostre centre disposa de xarxa WIFI d&#8217;\u00fas lliure a totes les seves instal\u00b7lacions. &nbsp; A inici de curs es podran cedir ordinadors a l\u2019alumnat d&#8217;ESO que ho sol\u00b7liciti en modalitat de pr\u00e9stec. El dispositiu \u00e9s personal i intransferible, sota contrasenya i configurat per realitzar les tasques pr\u00f2pies del centre. &nbsp; L&#8217;alumnat del centre disposa [&hellip;]<\/p>\n","protected":false},"author":1,"featured_media":0,"parent":63,"menu_order":1,"comment_status":"closed","ping_status":"closed","template":"","meta":{"_bbp_topic_count":0,"_bbp_reply_count":0,"_bbp_total_topic_count":0,"_bbp_total_reply_count":0,"_bbp_voice_count":0,"_bbp_anonymous_reply_count":0,"_bbp_topic_count_hidden":0,"_bbp_reply_count_hidden":0,"_bbp_forum_subforum_count":0,"site-sidebar-layout":"default","site-content-layout":"","ast-site-content-layout":"default","site-content-style":"default","site-sidebar-style":"default","ast-global-header-display":"","ast-banner-title-visibility":"","ast-main-header-display":"","ast-hfb-above-header-display":"","ast-hfb-below-header-display":"","ast-hfb-mobile-header-display":"","site-post-title":"","ast-breadcrumbs-content":"","ast-featured-img":"","footer-sml-layout":"","theme-transparent-header-meta":"default","adv-header-id-meta":"","stick-header-meta":"","header-above-stick-meta":"","header-main-stick-meta":"","header-below-stick-meta":"","astra-migrate-meta-layouts":"set","ast-page-background-enabled":"default","ast-page-background-meta":{"desktop":{"background-color":"var(--ast-global-color-4)","background-image":"","background-repeat":"repeat","background-position":"center center","background-size":"auto","background-attachment":"scroll","background-type":"","background-media":"","overlay-type":"","overlay-color":"","overlay-opacity":"","overlay-gradient":""},"tablet":{"background-color":"","background-image":"","background-repeat":"repeat","background-position":"center center","background-size":"auto","background-attachment":"scroll","background-type":"","background-media":"","overlay-type":"","overlay-color":"","overlay-opacity":"","overlay-gradient":""},"mobile":{"background-color":"","background-image":"","background-repeat":"repeat","background-position":"center center","background-size":"auto","background-attachment":"scroll","background-type":"","background-media":"","overlay-type":"","overlay-color":"","overlay-opacity":"","overlay-gradient":""}},"ast-content-background-meta":{"desktop":{"background-color":"var(--ast-global-color-5)","background-image":"","background-repeat":"repeat","background-position":"center center","background-size":"auto","background-attachment":"scroll","background-type":"","background-media":"","overlay-type":"","overlay-color":"","overlay-opacity":"","overlay-gradient":""},"tablet":{"background-color":"var(--ast-global-color-5)","background-image":"","background-repeat":"repeat","background-position":"center center","background-size":"auto","background-attachment":"scroll","background-type":"","background-media":"","overlay-type":"","overlay-color":"","overlay-opacity":"","overlay-gradient":""},"mobile":{"background-color":"var(--ast-global-color-5)","background-image":"","background-repeat":"repeat","background-position":"center center","background-size":"auto","background-attachment":"scroll","background-type":"","background-media":"","overlay-type":"","overlay-color":"","overlay-opacity":"","overlay-gradient":""}},"footnotes":""},"class_list":["post-65","page","type-page","status-publish","hentry"],"post_mailing_queue_ids":[],"_links":{"self":[{"href":"https:\/\/agora.xtec.cat\/iesb7\/wp-json\/wp\/v2\/pages\/65","targetHints":{"allow":["GET"]}}],"collection":[{"href":"https:\/\/agora.xtec.cat\/iesb7\/wp-json\/wp\/v2\/pages"}],"about":[{"href":"https:\/\/agora.xtec.cat\/iesb7\/wp-json\/wp\/v2\/types\/page"}],"author":[{"embeddable":true,"href":"https:\/\/agora.xtec.cat\/iesb7\/wp-json\/wp\/v2\/users\/1"}],"replies":[{"embeddable":true,"href":"https:\/\/agora.xtec.cat\/iesb7\/wp-json\/wp\/v2\/comments?post=65"}],"version-history":[{"count":6,"href":"https:\/\/agora.xtec.cat\/iesb7\/wp-json\/wp\/v2\/pages\/65\/revisions"}],"predecessor-version":[{"id":1256,"href":"https:\/\/agora.xtec.cat\/iesb7\/wp-json\/wp\/v2\/pages\/65\/revisions\/1256"}],"up":[{"embeddable":true,"href":"https:\/\/agora.xtec.cat\/iesb7\/wp-json\/wp\/v2\/pages\/63"}],"wp:attachment":[{"href":"https:\/\/agora.xtec.cat\/iesb7\/wp-json\/wp\/v2\/media?parent=65"}],"curies":[{"name":"wp","href":"https:\/\/api.w.org\/{rel}","templated":true}]}}