{"id":622,"date":"2024-04-03T17:32:05","date_gmt":"2024-04-03T15:32:05","guid":{"rendered":"https:\/\/agora.xtec.cat\/iesb7\/?page_id=622"},"modified":"2026-04-21T08:25:57","modified_gmt":"2026-04-21T06:25:57","slug":"cfgm-sistemes-microinformatics-i-xarxes","status":"publish","type":"page","link":"https:\/\/agora.xtec.cat\/iesb7\/estudis\/cicles-formatius\/cfgm-sistemes-microinformatics-i-xarxes\/","title":{"rendered":"CFGM Sistemes Microinform\u00e0tics i Xarxes"},"content":{"rendered":"<p>Aquest cicle formatiu pertany a la <strong><a href=\"https:\/\/triaeducativa.gencat.cat\/ca\/fp\/grau-mitja\/families-professionals\/informatica-comunicacions\/\" target=\"_blank\" rel=\"noopener\">fam\u00edlia d&#8217;Inform\u00e0tica i comunicacions<\/a><\/strong>.<\/p>\n<p>Aquests estudis postobligatoris capaciten per instal\u00b7lar i mantenir serveis de xarxes fixes i m\u00f2bils, serveis d\u2019Internet i sistemes inform\u00e0tics i tamb\u00e9 per prestar suport als usuaris i usu\u00e0ries.<\/p>\n<p>Tenen una durada de 2.000 hores distribu\u00efdes en dos cursos acad\u00e8mics (1.485 en un centre educatiu i 515 (hores d&#8217;estada a l&#8217;empresa) en un centre de treball).<\/p>\n<p>Aquest estudi substitueix el cicle Explotaci\u00f3 de Sistemes Inform\u00e0tics (LOGSE).<\/p>\n<p><strong>Sortides professionals<\/strong><\/p>\n<p>La superaci\u00f3 d&#8217;aquest cicle formatiu permet accedir al m\u00f3n laboral com a:<\/p>\n<ul>\n<li>t\u00e8cnic instal\u00b7lador i reparador o t\u00e8cnica instal\u00b7ladora i reparadora d&#8217;equips inform\u00e0tics;<\/li>\n<li>t\u00e8cnic o t\u00e8cnica en manteniment de sistemes inform\u00e0tics;<\/li>\n<li>t\u00e8cnic o t\u00e8cnica en manteniment de serveis d&#8217;Internet;<\/li>\n<li>t\u00e8cnic o t\u00e8cnica de suport inform\u00e0tic;\u00e7<\/li>\n<li>t\u00e8cnic o t\u00e8cnica de xarxes de dades;<\/li>\n<li>t\u00e8cnic o t\u00e8cnica en vendes de TIC per a sectors industrials;<\/li>\n<li>reparador o reparadora de perif\u00e8rics de sistemes microinform\u00e0tics;<\/li>\n<li>comercial de microinform\u00e0tica;<\/li>\n<li>operador o operadora de teleassist\u00e8ncia, i<\/li>\n<li>operador o operadora de sistemes.<\/li>\n<\/ul>\n<p><strong><a href=\"https:\/\/agora.xtec.cat\/iesb7\/estudis\/cicles-formatius\/cfgm-sistemes-microinformatics-i-xarxes\/curriculum-cfgm-sistemes-microinformatics-i-xarxes\/\">Curr\u00edculum<\/a><\/strong><\/p>\n<p><strong><a href=\"https:\/\/agora.xtec.cat\/iesb7\/estudis\/cicles-formatius\/cfgm-sistemes-microinformatics-i-xarxes\/criteris-davaluacio-cfgm-sistemes-microinformatics-i-xarxes\/\">Criteris d\u2019avaluaci\u00f3.<\/a><\/strong><\/p>\n<p>Podr\u00e0s trobar m\u00e9s informaci\u00f3 sobre aquests estudis en <a href=\"https:\/\/triaeducativa.gencat.cat\/ca\/estudis\/?sistemes-microinformatics-xarxes&amp;p_id=123\" target=\"_blank\" rel=\"noopener\">aquest enlla\u00e7<\/a>.<\/p>\n","protected":false},"excerpt":{"rendered":"<p>Aquest cicle formatiu pertany a la fam\u00edlia d&#8217;Inform\u00e0tica i comunicacions. Aquests estudis postobligatoris capaciten per instal\u00b7lar i mantenir serveis de xarxes fixes i m\u00f2bils, serveis d\u2019Internet i sistemes inform\u00e0tics i tamb\u00e9 per prestar suport als usuaris i usu\u00e0ries. Tenen una durada de 2.000 hores distribu\u00efdes en dos cursos acad\u00e8mics (1.485 en un centre educatiu i [&hellip;]<\/p>\n","protected":false},"author":1,"featured_media":0,"parent":554,"menu_order":1,"comment_status":"closed","ping_status":"closed","template":"","meta":{"_bbp_topic_count":0,"_bbp_reply_count":0,"_bbp_total_topic_count":0,"_bbp_total_reply_count":0,"_bbp_voice_count":0,"_bbp_anonymous_reply_count":0,"_bbp_topic_count_hidden":0,"_bbp_reply_count_hidden":0,"_bbp_forum_subforum_count":0,"site-sidebar-layout":"default","site-content-layout":"","ast-site-content-layout":"default","site-content-style":"default","site-sidebar-style":"default","ast-global-header-display":"","ast-banner-title-visibility":"","ast-main-header-display":"","ast-hfb-above-header-display":"","ast-hfb-below-header-display":"","ast-hfb-mobile-header-display":"","site-post-title":"","ast-breadcrumbs-content":"","ast-featured-img":"","footer-sml-layout":"","theme-transparent-header-meta":"default","adv-header-id-meta":"","stick-header-meta":"","header-above-stick-meta":"","header-main-stick-meta":"","header-below-stick-meta":"","astra-migrate-meta-layouts":"set","ast-page-background-enabled":"default","ast-page-background-meta":{"desktop":{"background-color":"var(--ast-global-color-4)","background-image":"","background-repeat":"repeat","background-position":"center center","background-size":"auto","background-attachment":"scroll","background-type":"","background-media":"","overlay-type":"","overlay-color":"","overlay-opacity":"","overlay-gradient":""},"tablet":{"background-color":"","background-image":"","background-repeat":"repeat","background-position":"center center","background-size":"auto","background-attachment":"scroll","background-type":"","background-media":"","overlay-type":"","overlay-color":"","overlay-opacity":"","overlay-gradient":""},"mobile":{"background-color":"","background-image":"","background-repeat":"repeat","background-position":"center center","background-size":"auto","background-attachment":"scroll","background-type":"","background-media":"","overlay-type":"","overlay-color":"","overlay-opacity":"","overlay-gradient":""}},"ast-content-background-meta":{"desktop":{"background-color":"var(--ast-global-color-5)","background-image":"","background-repeat":"repeat","background-position":"center center","background-size":"auto","background-attachment":"scroll","background-type":"","background-media":"","overlay-type":"","overlay-color":"","overlay-opacity":"","overlay-gradient":""},"tablet":{"background-color":"var(--ast-global-color-5)","background-image":"","background-repeat":"repeat","background-position":"center center","background-size":"auto","background-attachment":"scroll","background-type":"","background-media":"","overlay-type":"","overlay-color":"","overlay-opacity":"","overlay-gradient":""},"mobile":{"background-color":"var(--ast-global-color-5)","background-image":"","background-repeat":"repeat","background-position":"center center","background-size":"auto","background-attachment":"scroll","background-type":"","background-media":"","overlay-type":"","overlay-color":"","overlay-opacity":"","overlay-gradient":""}},"footnotes":""},"class_list":["post-622","page","type-page","status-publish","hentry"],"post_mailing_queue_ids":[],"_links":{"self":[{"href":"https:\/\/agora.xtec.cat\/iesb7\/wp-json\/wp\/v2\/pages\/622","targetHints":{"allow":["GET"]}}],"collection":[{"href":"https:\/\/agora.xtec.cat\/iesb7\/wp-json\/wp\/v2\/pages"}],"about":[{"href":"https:\/\/agora.xtec.cat\/iesb7\/wp-json\/wp\/v2\/types\/page"}],"author":[{"embeddable":true,"href":"https:\/\/agora.xtec.cat\/iesb7\/wp-json\/wp\/v2\/users\/1"}],"replies":[{"embeddable":true,"href":"https:\/\/agora.xtec.cat\/iesb7\/wp-json\/wp\/v2\/comments?post=622"}],"version-history":[{"count":6,"href":"https:\/\/agora.xtec.cat\/iesb7\/wp-json\/wp\/v2\/pages\/622\/revisions"}],"predecessor-version":[{"id":1361,"href":"https:\/\/agora.xtec.cat\/iesb7\/wp-json\/wp\/v2\/pages\/622\/revisions\/1361"}],"up":[{"embeddable":true,"href":"https:\/\/agora.xtec.cat\/iesb7\/wp-json\/wp\/v2\/pages\/554"}],"wp:attachment":[{"href":"https:\/\/agora.xtec.cat\/iesb7\/wp-json\/wp\/v2\/media?parent=622"}],"curies":[{"name":"wp","href":"https:\/\/api.w.org\/{rel}","templated":true}]}}