{"id":620,"date":"2024-04-03T17:31:45","date_gmt":"2024-04-03T15:31:45","guid":{"rendered":"https:\/\/agora.xtec.cat\/iesb7\/?page_id=620"},"modified":"2026-04-21T08:25:12","modified_gmt":"2026-04-21T06:25:12","slug":"cfgm-gestio-administrativa","status":"publish","type":"page","link":"https:\/\/agora.xtec.cat\/iesb7\/estudis\/cicles-formatius\/cfgm-gestio-administrativa\/","title":{"rendered":"CFGM Gesti\u00f3 Administrativa"},"content":{"rendered":"<p>Aquest cicle formatiu pertany a la <strong><a href=\"https:\/\/triaeducativa.gencat.cat\/ca\/fp\/grau-mitja\/families-professionals\/administracio-gestio\/\" target=\"_blank\" rel=\"noopener\">fam\u00edlia d&#8217;Administraci\u00f3 i gesti\u00f3<\/a><\/strong>.<\/p>\n<p>Aquests estudis capaciten per exercir tasques de suport administratiu en l\u2019\u00e0mbit laboral, comptable, comercial, financer i fiscal i tasques de suport a les persones, en empreses p\u00fabliques o privades.<\/p>\n<p>La durada \u00e9s de 2.000 hores distribu\u00efdes en dos cursos acad\u00e8mics (1.485 en un centre educatiu i 515 (hores d&#8217;estada a l&#8217;empresa) en un centre de treball).<\/p>\n<p>Aquest estudi substitueix el cicle Gesti\u00f3 Administrativa (LOGSE).<\/p>\n<p><strong>Sortides professionals<\/strong><\/p>\n<p>La superaci\u00f3 d&#8217;aquest cicle formatiu permet accedir al\u00a0<strong>m\u00f3n laboral<\/strong>\u00a0com a:<\/p>\n<ul>\n<li>\u00a0auxiliar administratiu o administrativa;<\/li>\n<li>\u00a0ajudant o ajudanta d&#8217;oficina;<\/li>\n<li>\u00a0auxiliar administratiu o administrativa de cobraments i pagaments, de gesti\u00f3 de personal;<\/li>\n<li>\u00a0administratiu o administrativa comercial;<\/li>\n<li>\u00a0auxiliar administratiu o administrativa de les administracions p\u00fabliques;<\/li>\n<li>\u00a0recepcionista;<\/li>\n<li>\u00a0empleat o empleada d&#8217;atenci\u00f3 al p\u00fablic;<\/li>\n<li>\u00a0empleat o empleada de tresoreria, i<\/li>\n<li>\u00a0empleat o empleada en mitjans de pagament.<\/li>\n<\/ul>\n<p><strong><a href=\"https:\/\/agora.xtec.cat\/iesb7\/estudis\/cicles-formatius\/cfgm-gestio-administrativa\/curriculum-gadm\/\">Curr\u00edculum<\/a><\/strong><\/p>\n<p><strong><a href=\"https:\/\/agora.xtec.cat\/iesb7\/estudis\/cicles-formatius\/cfgm-gestio-administrativa\/criteris-davaluacio-gadm\/\">Criteris d&#8217;avaluaci\u00f3<\/a><\/strong><\/p>\n<p>Podr\u00e0s trobar m\u00e9s informaci\u00f3 sobre aquests estudis en <a href=\"https:\/\/triaeducativa.gencat.cat\/ca\/estudis\/?gestio-administrativa&amp;p_id=49\" target=\"_blank\" rel=\"noopener\">aquest enlla\u00e7<\/a>.<\/p>\n","protected":false},"excerpt":{"rendered":"<p>Aquest cicle formatiu pertany a la fam\u00edlia d&#8217;Administraci\u00f3 i gesti\u00f3. Aquests estudis capaciten per exercir tasques de suport administratiu en l\u2019\u00e0mbit laboral, comptable, comercial, financer i fiscal i tasques de suport a les persones, en empreses p\u00fabliques o privades. La durada \u00e9s de 2.000 hores distribu\u00efdes en dos cursos acad\u00e8mics (1.485 en un centre educatiu [&hellip;]<\/p>\n","protected":false},"author":1,"featured_media":0,"parent":554,"menu_order":0,"comment_status":"closed","ping_status":"closed","template":"","meta":{"_bbp_topic_count":0,"_bbp_reply_count":0,"_bbp_total_topic_count":0,"_bbp_total_reply_count":0,"_bbp_voice_count":0,"_bbp_anonymous_reply_count":0,"_bbp_topic_count_hidden":0,"_bbp_reply_count_hidden":0,"_bbp_forum_subforum_count":0,"site-sidebar-layout":"default","site-content-layout":"","ast-site-content-layout":"default","site-content-style":"default","site-sidebar-style":"default","ast-global-header-display":"","ast-banner-title-visibility":"","ast-main-header-display":"","ast-hfb-above-header-display":"","ast-hfb-below-header-display":"","ast-hfb-mobile-header-display":"","site-post-title":"","ast-breadcrumbs-content":"","ast-featured-img":"","footer-sml-layout":"","theme-transparent-header-meta":"default","adv-header-id-meta":"","stick-header-meta":"","header-above-stick-meta":"","header-main-stick-meta":"","header-below-stick-meta":"","astra-migrate-meta-layouts":"set","ast-page-background-enabled":"default","ast-page-background-meta":{"desktop":{"background-color":"var(--ast-global-color-4)","background-image":"","background-repeat":"repeat","background-position":"center center","background-size":"auto","background-attachment":"scroll","background-type":"","background-media":"","overlay-type":"","overlay-color":"","overlay-opacity":"","overlay-gradient":""},"tablet":{"background-color":"","background-image":"","background-repeat":"repeat","background-position":"center center","background-size":"auto","background-attachment":"scroll","background-type":"","background-media":"","overlay-type":"","overlay-color":"","overlay-opacity":"","overlay-gradient":""},"mobile":{"background-color":"","background-image":"","background-repeat":"repeat","background-position":"center center","background-size":"auto","background-attachment":"scroll","background-type":"","background-media":"","overlay-type":"","overlay-color":"","overlay-opacity":"","overlay-gradient":""}},"ast-content-background-meta":{"desktop":{"background-color":"var(--ast-global-color-5)","background-image":"","background-repeat":"repeat","background-position":"center center","background-size":"auto","background-attachment":"scroll","background-type":"","background-media":"","overlay-type":"","overlay-color":"","overlay-opacity":"","overlay-gradient":""},"tablet":{"background-color":"var(--ast-global-color-5)","background-image":"","background-repeat":"repeat","background-position":"center center","background-size":"auto","background-attachment":"scroll","background-type":"","background-media":"","overlay-type":"","overlay-color":"","overlay-opacity":"","overlay-gradient":""},"mobile":{"background-color":"var(--ast-global-color-5)","background-image":"","background-repeat":"repeat","background-position":"center center","background-size":"auto","background-attachment":"scroll","background-type":"","background-media":"","overlay-type":"","overlay-color":"","overlay-opacity":"","overlay-gradient":""}},"footnotes":""},"class_list":["post-620","page","type-page","status-publish","hentry"],"post_mailing_queue_ids":[],"_links":{"self":[{"href":"https:\/\/agora.xtec.cat\/iesb7\/wp-json\/wp\/v2\/pages\/620","targetHints":{"allow":["GET"]}}],"collection":[{"href":"https:\/\/agora.xtec.cat\/iesb7\/wp-json\/wp\/v2\/pages"}],"about":[{"href":"https:\/\/agora.xtec.cat\/iesb7\/wp-json\/wp\/v2\/types\/page"}],"author":[{"embeddable":true,"href":"https:\/\/agora.xtec.cat\/iesb7\/wp-json\/wp\/v2\/users\/1"}],"replies":[{"embeddable":true,"href":"https:\/\/agora.xtec.cat\/iesb7\/wp-json\/wp\/v2\/comments?post=620"}],"version-history":[{"count":7,"href":"https:\/\/agora.xtec.cat\/iesb7\/wp-json\/wp\/v2\/pages\/620\/revisions"}],"predecessor-version":[{"id":1360,"href":"https:\/\/agora.xtec.cat\/iesb7\/wp-json\/wp\/v2\/pages\/620\/revisions\/1360"}],"up":[{"embeddable":true,"href":"https:\/\/agora.xtec.cat\/iesb7\/wp-json\/wp\/v2\/pages\/554"}],"wp:attachment":[{"href":"https:\/\/agora.xtec.cat\/iesb7\/wp-json\/wp\/v2\/media?parent=620"}],"curies":[{"name":"wp","href":"https:\/\/api.w.org\/{rel}","templated":true}]}}