{"id":576,"date":"2024-03-21T16:44:52","date_gmt":"2024-03-21T15:44:52","guid":{"rendered":"https:\/\/agora.xtec.cat\/iesb7\/?page_id=576"},"modified":"2026-04-29T14:30:26","modified_gmt":"2026-04-29T12:30:26","slug":"preinscripcio","status":"publish","type":"page","link":"https:\/\/agora.xtec.cat\/iesb7\/secretaria\/preinscripcio\/","title":{"rendered":"Preinscripci\u00f3"},"content":{"rendered":"<h1><span style=\"color: #000000;\">ESO<\/span><\/h1>\n<p><a href=\"https:\/\/preinscripcio.gencat.cat\/ca\/estudis\/eso\/inici\/\" target=\"_blank\" rel=\"noopener\">Informaci\u00f3 general sobre el proc\u00e9s de preinscripci\u00f3 i matr\u00edcula d&#8217;ESO<\/a><\/p>\n<p><a href=\"https:\/\/preinscripcio.gencat.cat\/web\/.content\/estudis\/eso\/informat\/busca-centre\/adscripcio-centres\/adscripcio-centres-pri-eso-BAR.pdf\" target=\"_blank\" rel=\"noopener\">Centres adscrits<\/a><\/p>\n<p><a href=\"https:\/\/drive.google.com\/drive\/folders\/1a-xivJRjwcstswgUKmjmHu241zP856Rk?usp=sharing\" target=\"_blank\" rel=\"noopener\">Oferta de places d&#8217;ESO<\/a><\/p>\n<p><a href=\"https:\/\/drive.google.com\/drive\/folders\/1lECRYjjq5qoa9DVePFUc8IttJcI6dwI9?usp=sharing\" target=\"_blank\" rel=\"noopener\">Publicaci\u00f3 de llistes d&#8217;ESO<\/a><\/p>\n<h1><span style=\"color: #000000;\">BATXILLERAT<\/span><\/h1>\n<p><a href=\"https:\/\/preinscripcio.gencat.cat\/ca\/estudis\/batxillerat\/inici\/\" target=\"_blank\" rel=\"noopener\">Informaci\u00f3 general sobre el proc\u00e9s de preinscripci\u00f3 i matr\u00edcula de batxillerat<\/a><\/p>\n<p><a href=\"https:\/\/preinscripcio.gencat.cat\/web\/.content\/estudis\/eso\/informat\/busca-centre\/adscripcio-centres\/adscripcio-centres-eso-btx-BAR.pdf\" target=\"_blank\" rel=\"noopener\">Centres adscrits<\/a><\/p>\n<p><a href=\"https:\/\/drive.google.com\/drive\/folders\/1zmnjlw13tyuF7xM85RFODQhc2BehTo-R?usp=sharing\" target=\"_blank\" rel=\"noopener\">Oferta de places de batxillerat<\/a><\/p>\n<p><a href=\"https:\/\/drive.google.com\/drive\/folders\/1Hlzt3ZNyXFvNjHixOgb2_ccuafop33Hy?usp=sharing\" target=\"_blank\" rel=\"noopener\">Publicaci\u00f3 de llistes de batxillerat<\/a><\/p>\n<h1><span style=\"color: #000000;\">CICLES FORMATIUS DE GRAU MITJ\u00c0<\/span><\/h1>\n<p><a href=\"https:\/\/preinscripcio.gencat.cat\/ca\/estudis\/fp-grau-mitja\/inici\/\" target=\"_blank\" rel=\"noopener\">Informaci\u00f3 general sobre el proc\u00e9s de preinscripci\u00f3 i matr\u00edcula de cicles formatius de grau mitj\u00e0 de formaci\u00f3 professional<\/a><\/p>\n<p><a href=\"https:\/\/drive.google.com\/drive\/folders\/1lxRpijoQZO4Sao0aog1i17714WJjgMY0?usp=sharing\" target=\"_blank\" rel=\"noopener\">Oferta de places de CFGM<\/a><\/p>\n<p><a href=\"https:\/\/drive.google.com\/drive\/folders\/1OMXEuKF23H22v0NTe_w-zYLO5uWAa_x4?usp=sharing\" target=\"_blank\" rel=\"noopener\">Publicaci\u00f3 de llistes de cicles formatius de grau mitj\u00e0<\/a><\/p>\n<h1><span style=\"color: #000000;\">CICLES FORMATIUS DE GRAU SUPERIOR<\/span><\/h1>\n<p><a href=\"https:\/\/preinscripcio.gencat.cat\/ca\/estudis\/fp-grau-superior\/inici\/\" target=\"_blank\" rel=\"noopener\">Informaci\u00f3 general sobre el proc\u00e9s de preinscripci\u00f3 i matr\u00edcula de cicles formatius de grau superior de formaci\u00f3 professional<\/a><\/p>\n<p><a href=\"https:\/\/drive.google.com\/drive\/folders\/1CEfcnCXm1FC6ydcQkzq87RagdYEoVLnV?usp=sharing\" target=\"_blank\" rel=\"noopener\">Oferta de places de CFGS<\/a><\/p>\n<p><a href=\"https:\/\/drive.google.com\/drive\/folders\/1_-8rkTgDL-Xx0CqpLkLtF_-hgPJc8eYK?usp=sharing\" target=\"_blank\" rel=\"noopener\">Publicaci\u00f3 de llistes de cicles formatius de grau superior<\/a><\/p>\n","protected":false},"excerpt":{"rendered":"<p>ESO Informaci\u00f3 general sobre el proc\u00e9s de preinscripci\u00f3 i matr\u00edcula d&#8217;ESO Centres adscrits Oferta de places d&#8217;ESO Publicaci\u00f3 de llistes d&#8217;ESO BATXILLERAT Informaci\u00f3 general sobre el proc\u00e9s de preinscripci\u00f3 i matr\u00edcula de batxillerat Centres adscrits Oferta de places de batxillerat Publicaci\u00f3 de llistes de batxillerat CICLES FORMATIUS DE GRAU MITJ\u00c0 Informaci\u00f3 general sobre el proc\u00e9s [&hellip;]<\/p>\n","protected":false},"author":1,"featured_media":0,"parent":81,"menu_order":1,"comment_status":"closed","ping_status":"closed","template":"","meta":{"_bbp_topic_count":0,"_bbp_reply_count":0,"_bbp_total_topic_count":0,"_bbp_total_reply_count":0,"_bbp_voice_count":0,"_bbp_anonymous_reply_count":0,"_bbp_topic_count_hidden":0,"_bbp_reply_count_hidden":0,"_bbp_forum_subforum_count":0,"site-sidebar-layout":"default","site-content-layout":"","ast-site-content-layout":"default","site-content-style":"default","site-sidebar-style":"default","ast-global-header-display":"","ast-banner-title-visibility":"","ast-main-header-display":"","ast-hfb-above-header-display":"","ast-hfb-below-header-display":"","ast-hfb-mobile-header-display":"","site-post-title":"","ast-breadcrumbs-content":"","ast-featured-img":"","footer-sml-layout":"","theme-transparent-header-meta":"default","adv-header-id-meta":"","stick-header-meta":"","header-above-stick-meta":"","header-main-stick-meta":"","header-below-stick-meta":"","astra-migrate-meta-layouts":"set","ast-page-background-enabled":"default","ast-page-background-meta":{"desktop":{"background-color":"var(--ast-global-color-4)","background-image":"","background-repeat":"repeat","background-position":"center center","background-size":"auto","background-attachment":"scroll","background-type":"","background-media":"","overlay-type":"","overlay-color":"","overlay-opacity":"","overlay-gradient":""},"tablet":{"background-color":"","background-image":"","background-repeat":"repeat","background-position":"center center","background-size":"auto","background-attachment":"scroll","background-type":"","background-media":"","overlay-type":"","overlay-color":"","overlay-opacity":"","overlay-gradient":""},"mobile":{"background-color":"","background-image":"","background-repeat":"repeat","background-position":"center center","background-size":"auto","background-attachment":"scroll","background-type":"","background-media":"","overlay-type":"","overlay-color":"","overlay-opacity":"","overlay-gradient":""}},"ast-content-background-meta":{"desktop":{"background-color":"var(--ast-global-color-5)","background-image":"","background-repeat":"repeat","background-position":"center center","background-size":"auto","background-attachment":"scroll","background-type":"","background-media":"","overlay-type":"","overlay-color":"","overlay-opacity":"","overlay-gradient":""},"tablet":{"background-color":"var(--ast-global-color-5)","background-image":"","background-repeat":"repeat","background-position":"center center","background-size":"auto","background-attachment":"scroll","background-type":"","background-media":"","overlay-type":"","overlay-color":"","overlay-opacity":"","overlay-gradient":""},"mobile":{"background-color":"var(--ast-global-color-5)","background-image":"","background-repeat":"repeat","background-position":"center center","background-size":"auto","background-attachment":"scroll","background-type":"","background-media":"","overlay-type":"","overlay-color":"","overlay-opacity":"","overlay-gradient":""}},"footnotes":""},"class_list":["post-576","page","type-page","status-publish","hentry"],"post_mailing_queue_ids":[],"_links":{"self":[{"href":"https:\/\/agora.xtec.cat\/iesb7\/wp-json\/wp\/v2\/pages\/576","targetHints":{"allow":["GET"]}}],"collection":[{"href":"https:\/\/agora.xtec.cat\/iesb7\/wp-json\/wp\/v2\/pages"}],"about":[{"href":"https:\/\/agora.xtec.cat\/iesb7\/wp-json\/wp\/v2\/types\/page"}],"author":[{"embeddable":true,"href":"https:\/\/agora.xtec.cat\/iesb7\/wp-json\/wp\/v2\/users\/1"}],"replies":[{"embeddable":true,"href":"https:\/\/agora.xtec.cat\/iesb7\/wp-json\/wp\/v2\/comments?post=576"}],"version-history":[{"count":7,"href":"https:\/\/agora.xtec.cat\/iesb7\/wp-json\/wp\/v2\/pages\/576\/revisions"}],"predecessor-version":[{"id":1370,"href":"https:\/\/agora.xtec.cat\/iesb7\/wp-json\/wp\/v2\/pages\/576\/revisions\/1370"}],"up":[{"embeddable":true,"href":"https:\/\/agora.xtec.cat\/iesb7\/wp-json\/wp\/v2\/pages\/81"}],"wp:attachment":[{"href":"https:\/\/agora.xtec.cat\/iesb7\/wp-json\/wp\/v2\/media?parent=576"}],"curies":[{"name":"wp","href":"https:\/\/api.w.org\/{rel}","templated":true}]}}