{"id":541,"date":"2024-03-14T06:39:15","date_gmt":"2024-03-14T05:39:15","guid":{"rendered":"https:\/\/agora.xtec.cat\/iesb7\/?page_id=541"},"modified":"2024-03-14T06:39:15","modified_gmt":"2024-03-14T05:39:15","slug":"preinscripcio-curs-2024-25","status":"publish","type":"page","link":"https:\/\/agora.xtec.cat\/iesb7\/preinscripcio-curs-2024-25\/","title":{"rendered":"Preinscripci\u00f3 curs 2024-25"},"content":{"rendered":"<h1><strong>ESO<\/strong><\/h1>\n<p style=\"padding-left: 40px;\"><strong>Oferta inicial de places<\/strong>\u00a0escolars el\u00a0<strong>5<\/strong><strong>\u00a0de mar\u00e7.<\/p>\n<p><\/strong><\/p>\n<p style=\"padding-left: 40px;\"><strong><img loading=\"lazy\" decoding=\"async\" class=\"img-fluid atto_image_button_text-bottom aligncenter\" src=\"https:\/\/educaciodigital.cat\/iesb7\/moodle\/pluginfile.php\/122021\/mod_forum\/post\/41518\/image.png\" alt=\"\" width=\"500\" height=\"263\" \/><\/strong><\/p>\n<p style=\"padding-left: 40px;\"><strong><br \/>\n<\/strong><strong>Presentaci\u00f3 telem\u00e0tica de sol\u00b7licituds<\/strong>\u00a0del\u00a0<strong>8 al 20 de mar\u00e7<\/strong>\u00a0(lliurament de documentaci\u00f3 acreditativa fins al\u00a0<strong>22 de mar\u00e7<\/strong>) Podeu fer la preinscripci\u00f3 des d&#8217;aquest\u00a0<a href=\"https:\/\/preinscripcio.gencat.cat\/ca\/estudis\/eso\/preinscriute\/sollicitud\/\" target=\"_blank\" rel=\"noreferrer noopener\">enlla\u00e7<\/a>.<\/p>\n<p>Llista de\u00a0<strong>sol\u00b7licituds amb puntuaci\u00f3 provisional<\/strong>\u00a0el\u00a0<strong>17\u00a0<\/strong><strong>d&#8217;abril<\/strong>.<\/p>\n<p>Presentaci\u00f3 de\u00a0<strong>reclamacions<\/strong>\u00a0a les puntuacions provisionals del\u00a0<strong>17 al 21 d&#8217;abril<\/strong>.<\/p>\n<p>Llista de\u00a0<strong>sol\u00b7licituds amb la puntuaci\u00f3<\/strong>\u00a0un cop resoltes les reclamacions el\u00a0<strong>25 d&#8217;abril<\/strong>.<\/p>\n<p><strong>Sorteig<\/strong>\u00a0per resoldre les sol\u00b7licituds de preinscripci\u00f3 empatades en punts el\u00a0<strong>30 d&#8217;abril<\/strong>.<\/p>\n<p>Llista de\u00a0<strong>preinscripcions ordenada<\/strong>\u00a0el\u00a0<strong>2 de maig<\/strong>.<\/p>\n<p><strong>Ampliaci\u00f3 de peticions<\/strong>\u00a0de preinscripci\u00f3 per a alumnes\u00a0<strong>sense pla\u00e7a assignada<\/strong>\u00a0a cap centre del\u00a0<strong>14 i 15 de maig<\/strong>.<\/p>\n<p><strong>Oferta final de places<\/strong>\u00a0escolars el\u00a0<strong>7 de juny:<br \/>\n<\/strong><\/p>\n<p style=\"padding-left: 40px;\">Llista d&#8217;<strong>alumnes admesos<\/strong>\u00a0i llista d&#8217;<strong>espera<\/strong>\u00a0el\u00a0<strong>10 de juny<\/strong>.<\/p>\n<p><a href=\"https:\/\/preinscripcio.gencat.cat\/ca\/estudis\/eso\/inici\/\" target=\"_blank\" rel=\"noreferrer noopener\">M\u00e9s informaci\u00f3 sobre la preinscripci\u00f3 i matr\u00edcula a l&#8217;ESO.<\/a><\/p>\n<h1>\n<strong>BATXILLERAT<\/strong><\/h1>\n<p dir=\"ltr\" style=\"padding-left: 40px;\"><strong>Oferta inicial de places<\/strong>\u00a0escolars el\u00a0<strong>16 d&#8217;abril<\/strong>.<\/p>\n<p dir=\"ltr\" style=\"padding-left: 40px;\"><strong>Presentaci\u00f3 telem\u00e0tica de sol\u00b7licituds<\/strong>\u00a0del\u00a0<strong>18 al 25 d&#8217;abril<\/strong>\u00a0(lliurament de documentaci\u00f3 acreditativa fins al\u00a0<strong>26 d&#8217;abril<\/strong>) Podeu fer la preinscripci\u00f3 des d&#8217;aquest\u00a0<a href=\"https:\/\/educacio.gencat.cat\/ca\/tramits\/tramits-temes\/9388-batxillerat?moda=1\" target=\"_blank\" rel=\"noreferrer noopener\">enlla\u00e7<\/a>.<\/p>\n<p dir=\"ltr\" style=\"padding-left: 40px;\">Llista de\u00a0<strong>sol\u00b7licituds amb puntuaci\u00f3 provisional<\/strong>\u00a0el\u00a0<strong>17<\/strong><strong>\u00a0de maig<\/strong>.<\/p>\n<p dir=\"ltr\" style=\"padding-left: 40px;\">Presentaci\u00f3 de\u00a0<strong>reclamacions<\/strong>\u00a0a les puntuacions provisionals del\u00a0<strong>17 al 23 de maig<\/strong>.<\/p>\n<p dir=\"ltr\" style=\"padding-left: 40px;\">Llista de\u00a0<strong>sol\u00b7licituds amb la puntuaci\u00f3<\/strong>\u00a0un cop resoltes les reclamacions el\u00a0<strong>29 de maig<\/strong>.<\/p>\n<p dir=\"ltr\" style=\"padding-left: 40px;\"><strong>Sorteig<\/strong>\u00a0per resoldre les sol\u00b7licituds de preinscripci\u00f3 empatades en punts el\u00a0<strong>29 de maig<\/strong>.<\/p>\n<p dir=\"ltr\" style=\"padding-left: 40px;\">Llista de\u00a0<strong>preinscripcions ordenada<\/strong>\u00a0el\u00a0<strong>3 de juny<\/strong>.<\/p>\n<p dir=\"ltr\" style=\"padding-left: 40px;\"><strong>Oferta final de places<\/strong>\u00a0escolars el\u00a0<strong>20 de juny<\/strong>.<\/p>\n<p dir=\"ltr\" style=\"padding-left: 40px;\">Llista d&#8217;<strong>alumnes admesos<\/strong>\u00a0i llista d&#8217;<strong>espera<\/strong>\u00a0el\u00a0<strong>20 de juny<\/strong>.<\/p>\n<p dir=\"ltr\" style=\"padding-left: 40px;\"><a href=\"https:\/\/preinscripcio.gencat.cat\/ca\/estudis\/batxillerat\/inici\/\" target=\"_blank\" rel=\"noreferrer noopener\">M\u00e9s informaci\u00f3 sobre la preinscripci\u00f3 i matr\u00edcula al batxillerat.<\/a><\/p>\n<h1 dir=\"ltr\"><strong>CFGM<\/strong><\/h1>\n<p style=\"padding-left: 40px;\"><strong>Oferta inicial de places<\/strong>\u00a0escolars el\u00a0<strong>23<\/strong><strong>\u00a0de maig.<\/strong><\/p>\n<p dir=\"ltr\" style=\"padding-left: 40px;\"><a href=\"https:\/\/preinscripcio.gencat.cat\/ca\/estudis\/fp-grau-mitja\/inici\/\" target=\"_blank\" rel=\"noreferrer noopener\">M\u00e9s informaci\u00f3 sobre la preinscripci\u00f3 i matr\u00edcula als CFGM.<\/a><\/p>\n<h1><strong>CFGS<br \/>\n<\/strong><\/h1>\n<p style=\"padding-left: 40px;\"><strong>Oferta inicial de places<\/strong>\u00a0escolars el\u00a0<strong>23 de maig.<\/strong><\/p>\n<p style=\"padding-left: 40px;\"><a href=\"https:\/\/preinscripcio.gencat.cat\/ca\/estudis\/fp-grau-superior\/inici\/\" target=\"_blank\" rel=\"noreferrer noopener\">M\u00e9s informaci\u00f3 sobre la preinscripci\u00f3 i matr\u00edcula als CFGS.<\/a><\/p>\n","protected":false},"excerpt":{"rendered":"<p>ESO Oferta inicial de places\u00a0escolars el\u00a05\u00a0de mar\u00e7. Presentaci\u00f3 telem\u00e0tica de sol\u00b7licituds\u00a0del\u00a08 al 20 de mar\u00e7\u00a0(lliurament de documentaci\u00f3 acreditativa fins al\u00a022 de mar\u00e7) Podeu fer la preinscripci\u00f3 des d&#8217;aquest\u00a0enlla\u00e7. Llista de\u00a0sol\u00b7licituds amb puntuaci\u00f3 provisional\u00a0el\u00a017\u00a0d&#8217;abril. Presentaci\u00f3 de\u00a0reclamacions\u00a0a les puntuacions provisionals del\u00a017 al 21 d&#8217;abril. Llista de\u00a0sol\u00b7licituds amb la puntuaci\u00f3\u00a0un cop resoltes les reclamacions el\u00a025 d&#8217;abril. Sorteig\u00a0per resoldre [&hellip;]<\/p>\n","protected":false},"author":1,"featured_media":0,"parent":0,"menu_order":0,"comment_status":"closed","ping_status":"closed","template":"","meta":{"_bbp_topic_count":0,"_bbp_reply_count":0,"_bbp_total_topic_count":0,"_bbp_total_reply_count":0,"_bbp_voice_count":0,"_bbp_anonymous_reply_count":0,"_bbp_topic_count_hidden":0,"_bbp_reply_count_hidden":0,"_bbp_forum_subforum_count":0,"site-sidebar-layout":"default","site-content-layout":"","ast-site-content-layout":"","site-content-style":"default","site-sidebar-style":"default","ast-global-header-display":"","ast-banner-title-visibility":"","ast-main-header-display":"","ast-hfb-above-header-display":"","ast-hfb-below-header-display":"","ast-hfb-mobile-header-display":"","site-post-title":"","ast-breadcrumbs-content":"","ast-featured-img":"","footer-sml-layout":"","theme-transparent-header-meta":"","adv-header-id-meta":"","stick-header-meta":"","header-above-stick-meta":"","header-main-stick-meta":"","header-below-stick-meta":"","astra-migrate-meta-layouts":"default","ast-page-background-enabled":"default","ast-page-background-meta":{"desktop":{"background-color":"var(--ast-global-color-4)","background-image":"","background-repeat":"repeat","background-position":"center center","background-size":"auto","background-attachment":"scroll","background-type":"","background-media":"","overlay-type":"","overlay-color":"","overlay-opacity":"","overlay-gradient":""},"tablet":{"background-color":"","background-image":"","background-repeat":"repeat","background-position":"center center","background-size":"auto","background-attachment":"scroll","background-type":"","background-media":"","overlay-type":"","overlay-color":"","overlay-opacity":"","overlay-gradient":""},"mobile":{"background-color":"","background-image":"","background-repeat":"repeat","background-position":"center center","background-size":"auto","background-attachment":"scroll","background-type":"","background-media":"","overlay-type":"","overlay-color":"","overlay-opacity":"","overlay-gradient":""}},"ast-content-background-meta":{"desktop":{"background-color":"var(--ast-global-color-5)","background-image":"","background-repeat":"repeat","background-position":"center center","background-size":"auto","background-attachment":"scroll","background-type":"","background-media":"","overlay-type":"","overlay-color":"","overlay-opacity":"","overlay-gradient":""},"tablet":{"background-color":"var(--ast-global-color-5)","background-image":"","background-repeat":"repeat","background-position":"center center","background-size":"auto","background-attachment":"scroll","background-type":"","background-media":"","overlay-type":"","overlay-color":"","overlay-opacity":"","overlay-gradient":""},"mobile":{"background-color":"var(--ast-global-color-5)","background-image":"","background-repeat":"repeat","background-position":"center center","background-size":"auto","background-attachment":"scroll","background-type":"","background-media":"","overlay-type":"","overlay-color":"","overlay-opacity":"","overlay-gradient":""}},"footnotes":""},"class_list":["post-541","page","type-page","status-publish","hentry"],"post_mailing_queue_ids":[],"_links":{"self":[{"href":"https:\/\/agora.xtec.cat\/iesb7\/wp-json\/wp\/v2\/pages\/541","targetHints":{"allow":["GET"]}}],"collection":[{"href":"https:\/\/agora.xtec.cat\/iesb7\/wp-json\/wp\/v2\/pages"}],"about":[{"href":"https:\/\/agora.xtec.cat\/iesb7\/wp-json\/wp\/v2\/types\/page"}],"author":[{"embeddable":true,"href":"https:\/\/agora.xtec.cat\/iesb7\/wp-json\/wp\/v2\/users\/1"}],"replies":[{"embeddable":true,"href":"https:\/\/agora.xtec.cat\/iesb7\/wp-json\/wp\/v2\/comments?post=541"}],"version-history":[{"count":1,"href":"https:\/\/agora.xtec.cat\/iesb7\/wp-json\/wp\/v2\/pages\/541\/revisions"}],"predecessor-version":[{"id":542,"href":"https:\/\/agora.xtec.cat\/iesb7\/wp-json\/wp\/v2\/pages\/541\/revisions\/542"}],"wp:attachment":[{"href":"https:\/\/agora.xtec.cat\/iesb7\/wp-json\/wp\/v2\/media?parent=541"}],"curies":[{"name":"wp","href":"https:\/\/api.w.org\/{rel}","templated":true}]}}