{"id":49,"date":"2014-09-17T16:55:55","date_gmt":"2014-09-17T16:55:55","guid":{"rendered":"http:\/\/agora.xtec.cat\/iesb7\/?page_id=49"},"modified":"2026-02-11T19:05:22","modified_gmt":"2026-02-11T18:05:22","slug":"normes-dorganitzacio-i-funcionament","status":"publish","type":"page","link":"https:\/\/agora.xtec.cat\/iesb7\/linstitut\/normes-dorganitzacio-i-funcionament\/","title":{"rendered":"Normes i funcionament"},"content":{"rendered":"<p><img loading=\"lazy\" decoding=\"async\" src=\"https:\/\/educaciodigital.cat\/iesb7\/moodle\/pluginfile.php\/121581\/mod_page\/content\/45\/nofc.jpg\" width=\"239\" height=\"122\" \/><\/p>\n<p><span class=\"\"><a href=\"https:\/\/docs.google.com\/document\/d\/1lpn_WJoomywPWVSlyBfN8LjAfj__BEuwOY1YqYYbviY\/edit?usp=sharing\" target=\"_blank\" rel=\"noopener\">Normes d&#8217;organitzaci\u00f3 i funcionament<\/a><\/span><\/p>\n<p><a href=\"https:\/\/educaciodigital.cat\/iesb7\/moodle\/pluginfile.php\/121581\/mod_page\/content\/45\/PdD_NJ.pdf\"><img loading=\"lazy\" decoding=\"async\" class=\"img-responsive atto_image_button_text-bottom\" role=\"presentation\" src=\"https:\/\/educaciodigital.cat\/iesb7\/moodle\/pluginfile.php\/121581\/mod_page\/content\/45\/pdd20-24.png\" alt=\"\" width=\"200\" height=\"124\" \/><br \/>\n<\/a><\/p>\n<p><a href=\"https:\/\/educaciodigital.cat\/iesb7\/moodle\/pluginfile.php\/121581\/mod_page\/content\/45\/PdD_NJ.pdf\" target=\"_blank\" rel=\"noopener\">Projecte de direcci\u00f3<\/a><\/p>\n<p><span class=\"\"><a href=\"https:\/\/educaciodigital.cat\/iesb7\/moodle\/pluginfile.php\/121581\/mod_page\/content\/45\/carta%20comprom%C3%ADs%20educatiu%20ESO%202022-2023.pdf\" target=\"_blank\" rel=\"noopener\">Carta de comprom\u00eds educatiu (ESO)<\/a><\/span><strong><span class=\"\"><br \/>\n<\/span><\/strong><\/p>\n<p><strong><span class=\"\"><img loading=\"lazy\" decoding=\"async\" class=\"img-responsive atto_image_button_text-bottom\" role=\"presentation\" src=\"https:\/\/educaciodigital.cat\/iesb7\/moodle\/pluginfile.php\/121581\/mod_page\/content\/45\/pLC.jpg\" alt=\"\" width=\"352\" height=\"100\" \/><br \/>\n<\/span><\/strong><\/p>\n<p><span class=\"\"><a href=\"https:\/\/educaciodigital.cat\/iesb7\/moodle\/pluginfile.php\/121581\/mod_page\/content\/45\/Projecte_Linguistic_IES_Badalona_VII_web.pdf\" target=\"_blank\" rel=\"noopener\">Projecte ling\u00fc\u00edstic de centre<\/a><\/span><strong><span class=\"\"><br \/>\n<\/span><\/strong><\/p>\n<p><img decoding=\"async\" src=\"https:\/\/serveiseducatius.xtec.cat\/noguera\/wp-content\/uploads\/usu1149\/2022\/03\/edc.png\" alt=\"Suport EDC | Pla d'educaci\u00f3 digital de Catalunya\" \/><\/p>\n<p><a href=\"https:\/\/sites.google.com\/xtec.cat\/edcinstitutbadalonavii\/estrat%C3%A8gia-digital-de-centre\" target=\"_blank\" rel=\"noopener\">Estrat\u00e8gia Digital de Centre (EDC)<\/a><\/p>\n<p><strong><span class=\"\"><img loading=\"lazy\" decoding=\"async\" class=\"img-responsive atto_image_button_text-bottom\" role=\"presentation\" src=\"https:\/\/educaciodigital.cat\/iesb7\/moodle\/pluginfile.php\/121581\/mod_page\/content\/45\/PdC.jpg\" alt=\"\" width=\"226\" height=\"182\" \/><br \/>\n<\/span><\/strong><\/p>\n<p><span class=\"\"><a href=\"https:\/\/educaciodigital.cat\/iesb7\/moodle\/pluginfile.php\/121581\/mod_page\/content\/45\/Projecte_de_conviv%C3%A8ncia_INSB7.pdf\" target=\"_blank\" rel=\"noopener\">Projecte de conviv\u00e8ncia del centre<\/a><\/span><strong><span class=\"\"><br \/>\n<\/span><\/strong><\/p>\n<p><strong><span class=\"\"><img loading=\"lazy\" decoding=\"async\" class=\"img-fluid atto_image_button_text-bottom\" src=\"https:\/\/educaciodigital.cat\/iesb7\/moodle\/pluginfile.php\/121581\/mod_page\/content\/45\/femprevenci%C3%B3.jpg\" alt=\"Fem prevenci\u00f3!\" width=\"200\" height=\"147\" \/><br \/>\n<\/span><\/strong><\/p>\n<p><span class=\"\"><a href=\"https:\/\/drive.google.com\/drive\/folders\/1DjFWb8PBspg00ID-yy4Z3uZYNo7aZ7Ra\" target=\"_blank\" rel=\"noopener\">Informaci\u00f3 sobre prevenci\u00f3 de riscos laborals<\/a><\/span><\/p>\n","protected":false},"excerpt":{"rendered":"<p>Normes d&#8217;organitzaci\u00f3 i funcionament Projecte de direcci\u00f3 Carta de comprom\u00eds educatiu (ESO) Projecte ling\u00fc\u00edstic de centre Estrat\u00e8gia Digital de Centre (EDC) Projecte de conviv\u00e8ncia del centre Informaci\u00f3 sobre prevenci\u00f3 de riscos laborals<\/p>\n","protected":false},"author":1,"featured_media":0,"parent":19,"menu_order":6,"comment_status":"closed","ping_status":"closed","template":"","meta":{"_bbp_topic_count":0,"_bbp_reply_count":0,"_bbp_total_topic_count":0,"_bbp_total_reply_count":0,"_bbp_voice_count":0,"_bbp_anonymous_reply_count":0,"_bbp_topic_count_hidden":0,"_bbp_reply_count_hidden":0,"_bbp_forum_subforum_count":0,"site-sidebar-layout":"default","site-content-layout":"","ast-site-content-layout":"default","site-content-style":"default","site-sidebar-style":"default","ast-global-header-display":"","ast-banner-title-visibility":"","ast-main-header-display":"","ast-hfb-above-header-display":"","ast-hfb-below-header-display":"","ast-hfb-mobile-header-display":"","site-post-title":"","ast-breadcrumbs-content":"","ast-featured-img":"","footer-sml-layout":"","theme-transparent-header-meta":"default","adv-header-id-meta":"","stick-header-meta":"","header-above-stick-meta":"","header-main-stick-meta":"","header-below-stick-meta":"","astra-migrate-meta-layouts":"set","ast-page-background-enabled":"default","ast-page-background-meta":{"desktop":{"background-color":"var(--ast-global-color-4)","background-image":"","background-repeat":"repeat","background-position":"center center","background-size":"auto","background-attachment":"scroll","background-type":"","background-media":"","overlay-type":"","overlay-color":"","overlay-opacity":"","overlay-gradient":""},"tablet":{"background-color":"","background-image":"","background-repeat":"repeat","background-position":"center center","background-size":"auto","background-attachment":"scroll","background-type":"","background-media":"","overlay-type":"","overlay-color":"","overlay-opacity":"","overlay-gradient":""},"mobile":{"background-color":"","background-image":"","background-repeat":"repeat","background-position":"center center","background-size":"auto","background-attachment":"scroll","background-type":"","background-media":"","overlay-type":"","overlay-color":"","overlay-opacity":"","overlay-gradient":""}},"ast-content-background-meta":{"desktop":{"background-color":"var(--ast-global-color-5)","background-image":"","background-repeat":"repeat","background-position":"center center","background-size":"auto","background-attachment":"scroll","background-type":"","background-media":"","overlay-type":"","overlay-color":"","overlay-opacity":"","overlay-gradient":""},"tablet":{"background-color":"var(--ast-global-color-5)","background-image":"","background-repeat":"repeat","background-position":"center center","background-size":"auto","background-attachment":"scroll","background-type":"","background-media":"","overlay-type":"","overlay-color":"","overlay-opacity":"","overlay-gradient":""},"mobile":{"background-color":"var(--ast-global-color-5)","background-image":"","background-repeat":"repeat","background-position":"center center","background-size":"auto","background-attachment":"scroll","background-type":"","background-media":"","overlay-type":"","overlay-color":"","overlay-opacity":"","overlay-gradient":""}},"footnotes":""},"class_list":["post-49","page","type-page","status-publish","hentry"],"post_mailing_queue_ids":[],"_links":{"self":[{"href":"https:\/\/agora.xtec.cat\/iesb7\/wp-json\/wp\/v2\/pages\/49","targetHints":{"allow":["GET"]}}],"collection":[{"href":"https:\/\/agora.xtec.cat\/iesb7\/wp-json\/wp\/v2\/pages"}],"about":[{"href":"https:\/\/agora.xtec.cat\/iesb7\/wp-json\/wp\/v2\/types\/page"}],"author":[{"embeddable":true,"href":"https:\/\/agora.xtec.cat\/iesb7\/wp-json\/wp\/v2\/users\/1"}],"replies":[{"embeddable":true,"href":"https:\/\/agora.xtec.cat\/iesb7\/wp-json\/wp\/v2\/comments?post=49"}],"version-history":[{"count":6,"href":"https:\/\/agora.xtec.cat\/iesb7\/wp-json\/wp\/v2\/pages\/49\/revisions"}],"predecessor-version":[{"id":1191,"href":"https:\/\/agora.xtec.cat\/iesb7\/wp-json\/wp\/v2\/pages\/49\/revisions\/1191"}],"up":[{"embeddable":true,"href":"https:\/\/agora.xtec.cat\/iesb7\/wp-json\/wp\/v2\/pages\/19"}],"wp:attachment":[{"href":"https:\/\/agora.xtec.cat\/iesb7\/wp-json\/wp\/v2\/media?parent=49"}],"curies":[{"name":"wp","href":"https:\/\/api.w.org\/{rel}","templated":true}]}}