{"id":27,"date":"2014-09-17T16:24:03","date_gmt":"2014-09-17T16:24:03","guid":{"rendered":"http:\/\/agora.xtec.cat\/iesb7\/?page_id=27"},"modified":"2026-02-11T19:03:20","modified_gmt":"2026-02-11T18:03:20","slug":"historia","status":"publish","type":"page","link":"https:\/\/agora.xtec.cat\/iesb7\/linstitut\/historia\/","title":{"rendered":"Hist\u00f2ria"},"content":{"rendered":"<p><a href=\"https:\/\/agora.xtec.cat\/iesb7\/wp-content\/uploads\/usu3030\/2024\/03\/logo_institut_B7_petit.jpg\"><img loading=\"lazy\" decoding=\"async\" class=\"size-full wp-image-525 aligncenter\" src=\"https:\/\/agora.xtec.cat\/iesb7\/wp-content\/uploads\/usu3030\/2024\/03\/logo_institut_B7_petit.jpg\" alt=\"\" width=\"231\" height=\"158\" \/><\/a><\/p>\n<p style=\"text-align: justify;\">L&#8217;Institut Badalona VII \u00e9s un Institut d&#8217;Educaci\u00f3 Secund\u00e0ria situat al barri d&#8217;El Raval de la ciutat de Badalona (Barcelona). El &#8220;B7&#8221;, com \u00e9s conegut popularment, va ser el set\u00e8 institut d&#8217;educaci\u00f3 secund\u00e0ria que es va crear a la ciutat. La denominaci\u00f3 &#8220;Badalona VII&#8221; ha passat de ser un nom provisional a convertir-se en el signe d&#8217;identitat del centre.<\/p>\n<p style=\"text-align: justify;\">Actualment el nostre centre participa en la Xarxa de Compet\u00e8ncies B\u00e0siques, en la Xarxa d&#8217;Escoles Verdes, en el Pla Catal\u00e0 d&#8217;Esport Escolar, en el programa experimental de certificaci\u00f3 en lleng\u00fces estrangeres, en els programes d&#8217;innovaci\u00f3 educativa &#8220;araArt&#8221; i &#8220;M\u00f2bils.edu&#8221; i \u00e9s centre formador del pr\u00e0cticum del M\u00e0ster de formaci\u00f3 del professorat.<\/p>\n<p style=\"text-align: justify;\"><b>Una mica d&#8217;hist\u00f2ria<\/b><\/p>\n<p style=\"text-align: justify;\">L\u2019Institut Badalona VII es va crear l\u2019any 1985 a inst\u00e0ncia de diversos sectors de la ciutat relacionats amb l\u2019ensenyament. Durant els primers mesos del curs 1985-1986 el nou centre va iniciar les seves activitats en diverses aules cedides pels instituts La Pineda i Pompeu Fabra de Badalona. Durant el segon trimestre d&#8217;aquell primer curs el centre es va traslladar a l&#8217;edifici del carrer Pare Claret de Badalona on actualment es troba la seu del Conservatori Professional de M\u00fasica de Badalona, a l&#8217;espera que s&#8217;acab\u00e9s la construcci\u00f3 del nou edifici.<\/p>\n<p style=\"text-align: justify;\">L&#8217;edifici actual, ubicat al carrer Ausi\u00e0s March, 86, va ser constru\u00eft en els terrenys que a principis del segle XX ocupava la f\u00e0brica de tints Can Borr\u00e0s i on posteriorment es van instal\u00b7lar els magatzems de l&#8217;empresa de vidre Pedragosa. L&#8217;any 1985 els terrenys es van expropiar i les naus industrials van ser enderrocades per emprendre la construcci\u00f3 de l&#8217;institut, la placeta i l&#8217;esgl\u00e9sia. L&#8217;edifici de l&#8217;institut, inaugurat l&#8217;any 1989, \u00e9s obra dels arquitectes Ramon Artigues i Ramon Sanabria i va quedar finalista als Premis FAD.<\/p>\n<p style=\"text-align: justify;\">Durant els seus primers deu anys d\u2019exist\u00e8ncia, l\u2019institut va ser un centre d\u2019experimentaci\u00f3 de l\u2019anomenada reforma educativa de la LOGSE amb la implementaci\u00f3 dels estudis de l\u2019ESO, el batxillerat i els m\u00f2duls de formaci\u00f3 professional, precursors dels actuals cicles formatius.<\/p>\n<p style=\"text-align: justify;\">L\u2019any 1990 el Departament d\u2019Ensenyament va nomenar l\u2019institut Centre Experimental de R\u00e8gim Especial (CERE). L\u2019any 2000, una vegada generalitzada la Reforma, l&#8217;institut Badalona VII \u00e9s constitueix com a Centre Singular amb pla estrat\u00e8gic. A partir d\u2019aquest moment s\u2019inicia un proc\u00e9s de renovaci\u00f3 i estabilitzaci\u00f3 de la plantilla, amb la progressiva incorporaci\u00f3 de professorat que accedeix a una destinaci\u00f3 definitiva en el centre mitjan\u00e7ant concurs de trasllats ordinari. Durant el per\u00edode 2006-2009 el centre va participar en el Pla per a la Millora del Servei Educatiu promogut pel Departament d&#8217;Ensenyament. Els cursos 2011-2012 i 2012-2013 l&#8217;institut va col\u00b7laborar en la implementaci\u00f3 del Programa &#8220;Escola per l&#8217;\u00c8xit&#8221;.<\/p>\n<p style=\"text-align: justify;\"><b>Oferta educativa<\/b><\/p>\n<p style=\"text-align: justify;\">En aquests moments la nostra oferta educativa la formen els estudis d&#8217;<strong>ESO<\/strong>,\u00a0<strong>batxillerat<\/strong>\u00a0(modalitats de ci\u00e8ncies i tecnologia i humanitats i ci\u00e8ncies socials) i\u00a0<strong>cicles formatius<\/strong>\u00a0de les fam\u00edlies d&#8217;inform\u00e0tica (CFGM de sistemes microinform\u00e0tics i xarxes) i administrativa (CFGM de gesti\u00f3 administrativa i CFGS d&#8217;administraci\u00f3 i finances).<\/p>\n<p style=\"text-align: justify;\">La major part de l&#8217;alumnat que cursa\u00a0<b>estudis d&#8217;ESO<\/b>\u00a0al centre prov\u00e9 de les nostres escoles adscrites: Badalona Port, Gitanjali, Jungfrau, Llorens i Artigas, Merc\u00e8 Rodoreda, Progr\u00e9s i Vent\u00f3s Mir. Amb aquestes escoles mantenim una estreta relaci\u00f3, amb una coordinaci\u00f3 escola-Institut que va molt m\u00e9s enll\u00e0 del trasp\u00e0s d&#8217;informaci\u00f3 sobre l&#8217;alumnat que es matricula a primer d&#8217;ESO.<\/p>\n<p>L&#8217;alumnat de\u00a0<b>batxillerat\u00a0<\/b>prov\u00e9 en bona part dels que finalitzen 4t d&#8217;ESO al nostre centre i es completa amb alumnes provinents d&#8217;altres instituts i de centres privats concertats de la ciutat. En el cas dels cicles formatius, la major part de l&#8217;alumnat procedeix d&#8217;altres instituts de la ciutat i de poblacions properes (Sant Adri\u00e0 de Bes\u00f2s, Santa Coloma de Gramenet, poblacions del Maresme).<\/p>\n<p style=\"text-align: justify;\"><b>Relaci\u00f3 amb l&#8217;entorn<\/b><\/p>\n<p style=\"text-align: justify;\">Pel que fa a les relacions amb les entitats i institucions de l&#8217;entorn, mantenim una estreta col\u00b7laboraci\u00f3 amb un nombre important d&#8217;elles. En el cas de l&#8217;Ajuntament de Badalona, existeix una intensa relaci\u00f3 en m\u00faltiples projectes ( Jornades d&#8217;energies renovables i medi ambient, Fira de l&#8217;Ensenyament de Badalona, Escola del Mar, Escola de Natura, Museu de Badalona, etc.). Altres entitats amb les quals col.laborem s\u00f3n l&#8217;Escola Oficial d&#8217;Idiomes de Badalona, el Centre de Normalitzaci\u00f3 Ling\u00fc\u00edstica de Badalona i Sant Adri\u00e0 i el Consell Esportiu del Barcelon\u00e8s Nord (Pla Catal\u00e0 d&#8217;Esport a l&#8217;Escola, participaci\u00f3 en trobades esportives). Per altra banda, en les nostres instal\u00b7lacions es realitzen activitats de formaci\u00f3 obertes a les fam\u00edlies i al professorat d&#8217;altres centres.<\/p>\n<p>Tamb\u00e9 cal destacar la relaci\u00f3 que mant\u00e9 l&#8217;institut amb les empreses del nostre entorn. L&#8217;alumnat de cicles formatius realitza el m\u00f2dul de\u00a0<b>formaci\u00f3 en centres de treball (FCT)<\/b>\u00a0fent pr\u00e0ctiques en empreses privades i en institucions p\u00fabliques de Badalona i d&#8217;altres poblacions properes. Gr\u00e0cies a la bona feina que es porta a terme des de la coordinaci\u00f3 i el tutors de l&#8217;FCT , la positiva rebuda i col\u00b7laboraci\u00f3 de les empreses i la dedicaci\u00f3 i responsabilitat de l&#8217;alumnat hem aconseguit consolidar aquesta vinculaci\u00f3 amb el m\u00f3n empresarial. Des del curs 2017-2018 els tres cicles formatius que s&#8217;imparteixen al centre es poden cursar en la modalitat d&#8217;\u00a0<b>FP Dual.<\/b><\/p>\n<p><a href=\"https:\/\/drive.google.com\/file\/d\/1HcPFykjyAc2G96-0R-ocREdPggbU3b-h\/view\" target=\"_blank\" rel=\"noopener\"><img loading=\"lazy\" decoding=\"async\" class=\"size-medium wp-image-1262 aligncenter\" src=\"https:\/\/agora.xtec.cat\/iesb7\/wp-content\/uploads\/usu3030\/2026\/02\/Institut-Badalona-VII-25-anys-300x209.jpg\" alt=\"\" width=\"300\" height=\"209\" srcset=\"https:\/\/agora.xtec.cat\/iesb7\/wp-content\/uploads\/usu3030\/2026\/02\/Institut-Badalona-VII-25-anys-300x209.jpg 300w, https:\/\/agora.xtec.cat\/iesb7\/wp-content\/uploads\/usu3030\/2026\/02\/Institut-Badalona-VII-25-anys-768x536.jpg 768w, https:\/\/agora.xtec.cat\/iesb7\/wp-content\/uploads\/usu3030\/2026\/02\/Institut-Badalona-VII-25-anys.jpg 783w\" sizes=\"auto, (max-width: 300px) 100vw, 300px\" \/><\/a><\/p>\n<p>&nbsp;<\/p>\n","protected":false},"excerpt":{"rendered":"<p>L&#8217;Institut Badalona VII \u00e9s un Institut d&#8217;Educaci\u00f3 Secund\u00e0ria situat al barri d&#8217;El Raval de la ciutat de Badalona (Barcelona). El &#8220;B7&#8221;, com \u00e9s conegut popularment, va ser el set\u00e8 institut d&#8217;educaci\u00f3 secund\u00e0ria que es va crear a la ciutat. La denominaci\u00f3 &#8220;Badalona VII&#8221; ha passat de ser un nom provisional a convertir-se en el signe [&hellip;]<\/p>\n","protected":false},"author":1,"featured_media":0,"parent":19,"menu_order":0,"comment_status":"closed","ping_status":"closed","template":"","meta":{"_bbp_topic_count":0,"_bbp_reply_count":0,"_bbp_total_topic_count":0,"_bbp_total_reply_count":0,"_bbp_voice_count":0,"_bbp_anonymous_reply_count":0,"_bbp_topic_count_hidden":0,"_bbp_reply_count_hidden":0,"_bbp_forum_subforum_count":0,"site-sidebar-layout":"default","site-content-layout":"","ast-site-content-layout":"default","site-content-style":"default","site-sidebar-style":"default","ast-global-header-display":"","ast-banner-title-visibility":"","ast-main-header-display":"","ast-hfb-above-header-display":"","ast-hfb-below-header-display":"","ast-hfb-mobile-header-display":"","site-post-title":"","ast-breadcrumbs-content":"","ast-featured-img":"","footer-sml-layout":"","theme-transparent-header-meta":"default","adv-header-id-meta":"","stick-header-meta":"","header-above-stick-meta":"","header-main-stick-meta":"","header-below-stick-meta":"","astra-migrate-meta-layouts":"set","ast-page-background-enabled":"default","ast-page-background-meta":{"desktop":{"background-color":"var(--ast-global-color-4)","background-image":"","background-repeat":"repeat","background-position":"center center","background-size":"auto","background-attachment":"scroll","background-type":"","background-media":"","overlay-type":"","overlay-color":"","overlay-opacity":"","overlay-gradient":""},"tablet":{"background-color":"","background-image":"","background-repeat":"repeat","background-position":"center center","background-size":"auto","background-attachment":"scroll","background-type":"","background-media":"","overlay-type":"","overlay-color":"","overlay-opacity":"","overlay-gradient":""},"mobile":{"background-color":"","background-image":"","background-repeat":"repeat","background-position":"center center","background-size":"auto","background-attachment":"scroll","background-type":"","background-media":"","overlay-type":"","overlay-color":"","overlay-opacity":"","overlay-gradient":""}},"ast-content-background-meta":{"desktop":{"background-color":"var(--ast-global-color-5)","background-image":"","background-repeat":"repeat","background-position":"center center","background-size":"auto","background-attachment":"scroll","background-type":"","background-media":"","overlay-type":"","overlay-color":"","overlay-opacity":"","overlay-gradient":""},"tablet":{"background-color":"var(--ast-global-color-5)","background-image":"","background-repeat":"repeat","background-position":"center center","background-size":"auto","background-attachment":"scroll","background-type":"","background-media":"","overlay-type":"","overlay-color":"","overlay-opacity":"","overlay-gradient":""},"mobile":{"background-color":"var(--ast-global-color-5)","background-image":"","background-repeat":"repeat","background-position":"center center","background-size":"auto","background-attachment":"scroll","background-type":"","background-media":"","overlay-type":"","overlay-color":"","overlay-opacity":"","overlay-gradient":""}},"footnotes":""},"class_list":["post-27","page","type-page","status-publish","hentry"],"post_mailing_queue_ids":[],"_links":{"self":[{"href":"https:\/\/agora.xtec.cat\/iesb7\/wp-json\/wp\/v2\/pages\/27","targetHints":{"allow":["GET"]}}],"collection":[{"href":"https:\/\/agora.xtec.cat\/iesb7\/wp-json\/wp\/v2\/pages"}],"about":[{"href":"https:\/\/agora.xtec.cat\/iesb7\/wp-json\/wp\/v2\/types\/page"}],"author":[{"embeddable":true,"href":"https:\/\/agora.xtec.cat\/iesb7\/wp-json\/wp\/v2\/users\/1"}],"replies":[{"embeddable":true,"href":"https:\/\/agora.xtec.cat\/iesb7\/wp-json\/wp\/v2\/comments?post=27"}],"version-history":[{"count":6,"href":"https:\/\/agora.xtec.cat\/iesb7\/wp-json\/wp\/v2\/pages\/27\/revisions"}],"predecessor-version":[{"id":1263,"href":"https:\/\/agora.xtec.cat\/iesb7\/wp-json\/wp\/v2\/pages\/27\/revisions\/1263"}],"up":[{"embeddable":true,"href":"https:\/\/agora.xtec.cat\/iesb7\/wp-json\/wp\/v2\/pages\/19"}],"wp:attachment":[{"href":"https:\/\/agora.xtec.cat\/iesb7\/wp-json\/wp\/v2\/media?parent=27"}],"curies":[{"name":"wp","href":"https:\/\/api.w.org\/{rel}","templated":true}]}}