{"id":75,"date":"2014-09-18T10:21:02","date_gmt":"2014-09-18T09:21:02","guid":{"rendered":"http:\/\/agora.xtec.cat\/iesarnaucadell\/?page_id=75"},"modified":"2022-07-13T14:26:31","modified_gmt":"2022-07-13T12:26:31","slug":"activitats-extraescolars","status":"publish","type":"page","link":"https:\/\/agora.xtec.cat\/iesarnaucadell\/serveis\/activitats-extraescolars\/","title":{"rendered":"Associaci\u00f3 Esportiva Escolar"},"content":{"rendered":"<p>L\u2019associaci\u00f3 esportiva escolar ofereix un gran ventall d\u2019activitats esportives fora de l\u2019horari lectiu. Tenim\u00a0\u00a0equips de<strong>\u00a0volei<\/strong>,<strong>\u00a0futbol\u00a0<\/strong>i\u00a0<strong>b\u00e0squet<\/strong>\u00a0que participen a\u00a0 les competicions dels JEE (Jocs Esportiu Escolars). A m\u00e9s a m\u00e9s, tamb\u00e9 hi ha un grup de<strong>\u00a0hip-hop<\/strong>\u00a0i un altre de\u00a0<strong>b\u00e0dminton<\/strong>. Per altra banda, a les activitats de\u00a0<strong>nataci\u00f3<\/strong>,<strong>\u00a0p\u00e0del\u00a0<\/strong>i<strong>\u00a0fitness per a joves\u00a0<\/strong>hi participen alumnes dels quatre instituts p\u00fablics de la nostra ciutat.<\/p>\n<div class=\"pdf-emberd-area\">\n<div id=\"buttons\"><a href=\"https:\/\/institutarnaucadell.cat\/wp-content\/plugins\/pdf-poster\/pdfjs\/web\/viewer.php?file=http:\/\/institutarnaucadell.cat\/wp-content\/uploads\/2016\/01\/A.E.E.-Arnau-Cadell.pdf&amp;download=true&amp;print=false&amp;openfile=false\"><button>View Fullscreen<\/button><\/a><\/div>\n<\/div>\n<div class=\"wp-block-spacer\" aria-hidden=\"true\"><strong>ACTIVITATS EXTRAESCOLARS CURS 2022-2023<\/strong><\/p>\n<\/div>\n<div class=\"wp-block-spacer\" aria-hidden=\"true\"><strong>VOLEI, FUTBOL 5 i B\u00c0SQUET:<\/strong><\/div>\n<div class=\"wp-block-spacer\" aria-hidden=\"true\">\n&#8211; Entrenen: Dos dies a la setmana 1:30 h. dilluns i dimecres<br \/>\n&#8211; Partits: Els dissabtes al mat\u00ed<br \/>\n&#8211; Preu: 65\u20ac\/trimestre<\/div>\n<div class=\"wp-block-spacer\" aria-hidden=\"true\">\nCATEGORIES:<\/div>\n<div class=\"wp-block-spacer\" aria-hidden=\"true\">\nINFANTIL: nascuts al 2009 i 2010<br \/>\nCADET: nascuts al 2007 i 2008<br \/>\nJUVENIL: nascuts al 2005 i 2006<br \/>\nHIP-HOP: &#8211; Tots els dimecres de 15:30 a 16:30 h.<br \/>\n&#8211; Activitat per aprendre i passar-ho b\u00e9 mitjan\u00e7ant el ball i l&#8217;expressi\u00f3 corporal.<br \/>\nPreu: 40 \u20ac\/trimestre<\/div>\n<div aria-hidden=\"true\"><\/div>\n<div class=\"wp-block-spacer\" aria-hidden=\"true\"><strong>B\u00c0DMINTON:<\/strong><br \/>\n&#8211; Aprendre a jugar a b\u00e0dminton i possibilitat d\u2019anar en alguna competici\u00f3 puntual de Jocs Esportiu Escolars.<br \/>\nPreu: 50 \u20ac\/trimestre<\/div>\n<div aria-hidden=\"true\"><\/div>\n<div class=\"wp-block-spacer\" aria-hidden=\"true\"><strong>NATACI\u00d3 INTERINSTITUTS:<\/strong><br \/>\n&#8211; \u00c9s una activitat on hi participen alumnes dels 4 instituts p\u00fablics de Sant Cugat del Vall\u00e8s.<br \/>\n&#8211; \u00c9s vol fomentar la nataci\u00f3 com activitat saludable i utilit\u00e0ria.<br \/>\nPreu: 60 \u20ac\/anualment<\/div>\n<div class=\"wp-block-spacer\" aria-hidden=\"true\">\n<strong>P\u00c0DEL INTERINSTITUTS:*<\/strong><br \/>\n&#8211; \u00c9s una activitat on hi participen alumnes dels 4 instituts p\u00fablics de Sant Cugat del Vall\u00e8s<br \/>\n&#8211; Un o dos dies a la setmana: dilluns, dimarts, dimecres i\/o dijous de 15:30 a 16:30 h.<br \/>\n&#8211; Instal\u00b7laci\u00f3: Pistes Municipals de JAUME TUBAU.(Grup de m\u00e0xim 8 esportistes en dues pistes)<br \/>\nPreu: Un dia setmana 60 \u20ac\/trimestre. 2 dies setmana 120 \u20ac\/trimestre*<\/div>\n<div aria-hidden=\"true\"><\/div>\n<div class=\"wp-block-spacer\" aria-hidden=\"true\"><strong>ESGRIMA<\/strong>:<\/div>\n<div class=\"wp-block-spacer\" aria-hidden=\"true\">Conjuntament amb la FEDERACI\u00d3 CATALANA D\u2019ESGRIMA i l\u2019Ajuntament de Sant Cugat.<br \/>\nHorari i preu a determinar.<\/div>\n<div aria-hidden=\"true\"><\/div>\n<div aria-hidden=\"true\"><\/div>\n<div class=\"wp-block-spacer\" aria-hidden=\"true\"><strong>INSCRIPCIONS:<\/strong><br \/>\n\u25cf DIES: Amb la MATR\u00cdCULA DEL CURS (juny 2022)<br \/>\nDes de la Web de www.menjasa.coop<br \/>\nCorreu electr\u00f2nic de l\u2019AEE : aeearnaucadell@gmail.com<\/div>\n<p class=\"has-text-align-left\"><strong>Contacte<\/strong><\/p>\n<ul>\n<li>Per correu electr\u00f2nic:\u00a0<a href=\"mailto:aeearnaucadell@gmail.com\">aeearnaucadell@gmail.com<\/a><\/li>\n<li>dilluns i dimecres de 15:30 a 17:00 h a l\u2019Institut Arnau Cadell (cal demanar cita pr\u00e8via).<\/li>\n<\/ul>\n","protected":false},"excerpt":{"rendered":"<p>L\u2019associaci\u00f3 esportiva escolar ofereix un gran ventall d\u2019activitats esportives fora de l\u2019horari lectiu. Tenim\u00a0\u00a0equips de\u00a0volei,\u00a0futbol\u00a0i\u00a0b\u00e0squet\u00a0que participen a\u00a0 les competicions dels JEE (Jocs Esportiu Escolars). A m\u00e9s a m\u00e9s, tamb\u00e9 hi ha un grup de\u00a0hip-hop\u00a0i un altre de\u00a0b\u00e0dminton. Per altra banda, a les activitats de\u00a0nataci\u00f3,\u00a0p\u00e0del\u00a0i\u00a0fitness per&hellip;  <a href=\"https:\/\/agora.xtec.cat\/iesarnaucadell\/serveis\/activitats-extraescolars\/\" title=\"Read Associaci\u00f3 Esportiva Escolar\">Llegeix m\u00e9s\u00bb<\/a><\/p>\n","protected":false},"author":1,"featured_media":0,"parent":63,"menu_order":40,"comment_status":"closed","ping_status":"closed","template":"page-templates\/side-menu.php","meta":{"_bbp_topic_count":0,"_bbp_reply_count":0,"_bbp_total_topic_count":0,"_bbp_total_reply_count":0,"_bbp_voice_count":0,"_bbp_anonymous_reply_count":0,"_bbp_topic_count_hidden":0,"_bbp_reply_count_hidden":0,"_bbp_forum_subforum_count":0,"footnotes":""},"class_list":["post-75","page","type-page","status-publish","hentry"],"post_mailing_queue_ids":[],"_links":{"self":[{"href":"https:\/\/agora.xtec.cat\/iesarnaucadell\/wp-json\/wp\/v2\/pages\/75","targetHints":{"allow":["GET"]}}],"collection":[{"href":"https:\/\/agora.xtec.cat\/iesarnaucadell\/wp-json\/wp\/v2\/pages"}],"about":[{"href":"https:\/\/agora.xtec.cat\/iesarnaucadell\/wp-json\/wp\/v2\/types\/page"}],"author":[{"embeddable":true,"href":"https:\/\/agora.xtec.cat\/iesarnaucadell\/wp-json\/wp\/v2\/users\/1"}],"replies":[{"embeddable":true,"href":"https:\/\/agora.xtec.cat\/iesarnaucadell\/wp-json\/wp\/v2\/comments?post=75"}],"version-history":[{"count":3,"href":"https:\/\/agora.xtec.cat\/iesarnaucadell\/wp-json\/wp\/v2\/pages\/75\/revisions"}],"predecessor-version":[{"id":1687,"href":"https:\/\/agora.xtec.cat\/iesarnaucadell\/wp-json\/wp\/v2\/pages\/75\/revisions\/1687"}],"up":[{"embeddable":true,"href":"https:\/\/agora.xtec.cat\/iesarnaucadell\/wp-json\/wp\/v2\/pages\/63"}],"wp:attachment":[{"href":"https:\/\/agora.xtec.cat\/iesarnaucadell\/wp-json\/wp\/v2\/media?parent=75"}],"curies":[{"name":"wp","href":"https:\/\/api.w.org\/{rel}","templated":true}]}}