{"id":704,"date":"2020-03-26T09:52:59","date_gmt":"2020-03-26T08:52:59","guid":{"rendered":"https:\/\/agora.xtec.cat\/iesarnaucadell\/?page_id=704"},"modified":"2022-07-07T19:34:24","modified_gmt":"2022-07-07T17:34:24","slug":"materies-dels-batxillerats","status":"publish","type":"page","link":"https:\/\/agora.xtec.cat\/iesarnaucadell\/materies-dels-batxillerats\/","title":{"rendered":"Mat\u00e8ries dels batxillerats"},"content":{"rendered":"<header class=\"entry-header clearfix\">\n<h1 class=\"entry-title\">Mat\u00e8ries dels batxillerats<\/h1>\n<hr class=\"title\" \/>\n<\/header>\n<div class=\"microformats-container\"><\/div>\n<div class=\"entry-content\">\n<p>Les seg\u00fcents taules mostren les mat\u00e8ries que enguany s\u2019imparteixen a cada un dels itineraris de batxillerat. La selecci\u00f3 de mat\u00e8ries variar\u00e0 cada any en funci\u00f3 de la demanda.<\/p>\n<table class=\"wp-block-table\">\n<tbody>\n<tr>\n<th>1r de batxillerat de ci\u00e8ncies i tecnologia<\/th>\n<th>Hores<\/th>\n<\/tr>\n<tr>\n<td>Llengua catalana i literatura<\/td>\n<td>2<\/td>\n<\/tr>\n<tr>\n<td>Llengua castellana i literatura<\/td>\n<td>2<\/td>\n<\/tr>\n<tr>\n<td>Llengua estrangera (angl\u00e8s o franc\u00e8s)<\/td>\n<td>3<\/td>\n<\/tr>\n<tr>\n<td>Educaci\u00f3 f\u00edsica<\/td>\n<td>2<\/td>\n<\/tr>\n<tr>\n<td>Filosofia i ciutadania<\/td>\n<td>2<\/td>\n<\/tr>\n<tr>\n<td>Tutoria<\/td>\n<td>1<\/td>\n<\/tr>\n<tr>\n<td>Matem\u00e0tiques<\/td>\n<td>3<\/td>\n<\/tr>\n<tr>\n<td>Qu\u00edmica o Dibuix T\u00e8cnic<\/td>\n<td>3<\/td>\n<\/tr>\n<tr>\n<td>Biologia o F\u00edsica<\/td>\n<td>3<\/td>\n<\/tr>\n<tr>\n<td>F\u00edsica o Geologia o Enginyeria i Tecnologia<\/td>\n<td>3<\/td>\n<\/tr>\n<tr>\n<td>Biomedicina o Programaci\u00f3<\/td>\n<td>3<\/td>\n<\/tr>\n<tr>\n<td>Reptes cient\u00edfics o Rob\u00f2tica<\/td>\n<td><\/td>\n<\/tr>\n<\/tbody>\n<\/table>\n<div class=\"wp-block-spacer\" aria-hidden=\"true\"><\/div>\n<table class=\"wp-block-table\">\n<tbody>\n<tr>\n<th>1r de batxillerat d\u2019humanitats i ci\u00e8ncies socials<\/th>\n<th>Hores<\/th>\n<\/tr>\n<tr>\n<td>Llengua catalana i literatura<\/td>\n<td>2<\/td>\n<\/tr>\n<tr>\n<td>Llengua castellana i literatura<\/td>\n<td>2<\/td>\n<\/tr>\n<tr>\n<td>Llengua estrangera (angl\u00e8s o franc\u00e8s)<\/td>\n<td>3<\/td>\n<\/tr>\n<tr>\n<td>Educaci\u00f3 f\u00edsica<\/td>\n<td>2<\/td>\n<\/tr>\n<tr>\n<td>Filosofia i ciutadania<\/td>\n<td>2<\/td>\n<\/tr>\n<tr>\n<td>Tutoria<\/td>\n<td>1<\/td>\n<\/tr>\n<tr>\n<td>Psicologia<\/td>\n<td>3<\/td>\n<\/tr>\n<tr>\n<td>Hist\u00f2ria del m\u00f3n contemporani<\/td>\n<td>3<\/td>\n<\/tr>\n<tr>\n<td>Matem\u00e0tiques aplicades a les ci\u00e8ncies socials o Llat\u00ed<\/td>\n<td>3<\/td>\n<\/tr>\n<tr>\n<td>Literatura Universal o Economia<\/td>\n<td>3<\/td>\n<\/tr>\n<tr>\n<td>Funcionament de l&#8217;Empresa o M\u00f3n cl\u00e0ssic<\/td>\n<td>3<\/td>\n<\/tr>\n<tr>\n<td>Ciutadania, dret i pol\u00edtica<\/td>\n<td>3<\/td>\n<\/tr>\n<\/tbody>\n<\/table>\n<div class=\"wp-block-spacer\" aria-hidden=\"true\"><\/div>\n<table class=\"wp-block-table\">\n<tbody>\n<tr>\n<th>2n de batxillerat de ci\u00e8ncies i tecnologia<\/th>\n<th>Hores<\/th>\n<\/tr>\n<tr>\n<td>Llengua catalana i literatura<\/td>\n<td>2<\/td>\n<\/tr>\n<tr>\n<td>Llengua castellana i literatura<\/td>\n<td>2<\/td>\n<\/tr>\n<tr>\n<td>Llengua estrangera (angl\u00e8s o franc\u00e8s)<\/td>\n<td>3<\/td>\n<\/tr>\n<tr>\n<td>Hist\u00f2ria<\/td>\n<td>3<\/td>\n<\/tr>\n<tr>\n<td>Hist\u00f2ria de la Filosofia<\/td>\n<td>3<\/td>\n<\/tr>\n<tr>\n<td>Tutoria<\/td>\n<td>1<\/td>\n<\/tr>\n<tr>\n<td>Matem\u00e0tiques<\/td>\n<td>4<\/td>\n<\/tr>\n<tr>\n<td>F\u00edsica, Literatura Catalana o Ci\u00e8ncies de la terra i medi ambient<\/td>\n<td>4<\/td>\n<\/tr>\n<tr>\n<td>Biologia o Tecnologia industrial<\/td>\n<td>4<\/td>\n<\/tr>\n<tr>\n<td>Qu\u00edmica o Dibuix t\u00e8cnic<\/td>\n<td>4<\/td>\n<\/tr>\n<\/tbody>\n<\/table>\n<div class=\"wp-block-spacer\" aria-hidden=\"true\"><\/div>\n<table class=\"wp-block-table\">\n<tbody>\n<tr>\n<th>2n de batxillerat d\u2019humanitats i ci\u00e8ncies socials<\/th>\n<th>Hores<\/th>\n<\/tr>\n<tr>\n<td>Llengua catalana i literatura<\/td>\n<td>2<\/td>\n<\/tr>\n<tr>\n<td>Llengua castellana i literatura<\/td>\n<td>2<\/td>\n<\/tr>\n<tr>\n<td>Llengua estrangera (angl\u00e8s o franc\u00e8s)<\/td>\n<td>3<\/td>\n<\/tr>\n<tr>\n<td>Hist\u00f2ria<\/td>\n<td>3<\/td>\n<\/tr>\n<tr>\n<td>Hist\u00f2ria de la Filosofia<\/td>\n<td>3<\/td>\n<\/tr>\n<tr>\n<td>Tutoria<\/td>\n<td>1<\/td>\n<\/tr>\n<tr>\n<td>Geografia<\/td>\n<td>4<\/td>\n<\/tr>\n<tr>\n<td>Hist\u00f2ria de l\u2019art<\/td>\n<td>4<\/td>\n<\/tr>\n<tr>\n<td>Matem\u00e0tiques aplicades a les ci\u00e8ncies socials o Llat\u00ed<\/td>\n<td>4<\/td>\n<\/tr>\n<tr>\n<td>Economia i Organitzaci\u00f3 d&#8217;Empresa II o Literatura Catalana<\/td>\n<td>4<\/td>\n<\/tr>\n<\/tbody>\n<\/table>\n<\/div>\n","protected":false},"excerpt":{"rendered":"<p>Mat\u00e8ries dels batxillerats<\/p>\n<p>Les seg\u00fcents taules mostren les mat\u00e8ries que enguany s\u2019imparteixen a cada un dels itineraris de batxillerat. La selecci\u00f3 de mat\u00e8ries variar\u00e0 cada any en funci\u00f3 de la demanda.<\/p>\n<p>1r de batxillerat de ci\u00e8ncies i tecnologia<br \/>\nHores<\/p>\n<p>Llengua catalana i literatura<br \/>\n2<\/p>\n<p>Llengua castellana i literatura<br \/>\n2<\/p>\n<p>Llengua estrangera (angl\u00e8s o&hellip;  <a href=\"https:\/\/agora.xtec.cat\/iesarnaucadell\/materies-dels-batxillerats\/\" title=\"Read Mat\u00e8ries dels batxillerats\">Llegeix m\u00e9s\u00bb<\/a><\/p>\n","protected":false},"author":1,"featured_media":0,"parent":0,"menu_order":0,"comment_status":"closed","ping_status":"closed","template":"","meta":{"_bbp_topic_count":0,"_bbp_reply_count":0,"_bbp_total_topic_count":0,"_bbp_total_reply_count":0,"_bbp_voice_count":0,"_bbp_anonymous_reply_count":0,"_bbp_topic_count_hidden":0,"_bbp_reply_count_hidden":0,"_bbp_forum_subforum_count":0,"footnotes":""},"class_list":["post-704","page","type-page","status-publish","hentry"],"post_mailing_queue_ids":[],"_links":{"self":[{"href":"https:\/\/agora.xtec.cat\/iesarnaucadell\/wp-json\/wp\/v2\/pages\/704","targetHints":{"allow":["GET"]}}],"collection":[{"href":"https:\/\/agora.xtec.cat\/iesarnaucadell\/wp-json\/wp\/v2\/pages"}],"about":[{"href":"https:\/\/agora.xtec.cat\/iesarnaucadell\/wp-json\/wp\/v2\/types\/page"}],"author":[{"embeddable":true,"href":"https:\/\/agora.xtec.cat\/iesarnaucadell\/wp-json\/wp\/v2\/users\/1"}],"replies":[{"embeddable":true,"href":"https:\/\/agora.xtec.cat\/iesarnaucadell\/wp-json\/wp\/v2\/comments?post=704"}],"version-history":[{"count":3,"href":"https:\/\/agora.xtec.cat\/iesarnaucadell\/wp-json\/wp\/v2\/pages\/704\/revisions"}],"predecessor-version":[{"id":1656,"href":"https:\/\/agora.xtec.cat\/iesarnaucadell\/wp-json\/wp\/v2\/pages\/704\/revisions\/1656"}],"wp:attachment":[{"href":"https:\/\/agora.xtec.cat\/iesarnaucadell\/wp-json\/wp\/v2\/media?parent=704"}],"curies":[{"name":"wp","href":"https:\/\/api.w.org\/{rel}","templated":true}]}}