{"id":670,"date":"2020-08-24T10:41:17","date_gmt":"2020-08-24T08:41:17","guid":{"rendered":"https:\/\/agora.xtec.cat\/iesarnaucadell\/?page_id=670"},"modified":"2021-03-24T10:44:37","modified_gmt":"2021-03-24T09:44:37","slug":"el-nostre-centre-nuestro-centro-about-us","status":"publish","type":"page","link":"https:\/\/agora.xtec.cat\/iesarnaucadell\/el-nostre-centre-nuestro-centro-about-us\/","title":{"rendered":"El nostre centre\/Nuestro centro\/About us"},"content":{"rendered":"<p><b>ABOUT US<\/b><\/p>\n<p>We are a public high school located in Sant Cugat del Vall\u00e8s, which is about 15km from Barcelona, Spain. Our school is placed in a residential area, close to Collserolla\u2019s natural park.<\/p>\n<p>Our students are between 12 and 18 years old, we have about 700 students in total. We\u2019ve started working on International projects, and we are currently running an exchange program with an Italian High School. We are really interested in increasing our international exchange programs and willing to collaborate with other high schools in the near future.<\/p>\n<p>Our students are learning English as a foreign language, although a few of them have studied German or French in the previous academic years. We are interested in both a linguistic and cultural exchange. Our school\u2019s philosophy is based on creating connections between European students so they can become open-minded, committed, and better-prepared citizens for their professional future.<\/p>\n<p><b>NUESTRO CENTRO<\/b><\/p>\n<p>Somos una escuela p\u00fablica ubicada en el municipio de Sant Cugat del Vall\u00e8s (Barcelona), a 15 km de Barcelona. Nuestro instituto est\u00e1 localizado en una zona residencial cercana al parque natural de Collserola.<\/p>\n<p>Nuestros estudiantes tienen entre 12 y 18 a\u00f1os y en el instituto hay unos 700 alumnos. Acabamos de empezar a trabajar en intercambios y relaciones internacionales; actualmente tenemos un intercambio establecido con un instituto italiano. Estamos interesados en aumentar nuestros programas de intercambio (nacionales e internacionales) y queremos aumentar las colaboraciones con otros institutos en el futuro.<\/p>\n<p>Nuestro alumnado estudia mayoritariamente ingl\u00e9s como segunda lengua, aunque tambi\u00e9n se estudia franc\u00e9s y alem\u00e1n en el instituto. La filosof\u00eda de nuestro instituto est\u00e1 basada en la creaci\u00f3n de puentes con el alumnado de la pen\u00ednsula y el europeo, para formar estudiantes abiertos, concienciados y mejor preparados para el futuro personal y profesional.<\/p>\n<p><b>EL NOSTRE CENTRE<\/b><\/p>\n<p>Som una escola p\u00fablica ubicada al municipi de Sant Cugat del Vall\u00e8s (Barcelona), a 15 km de Barcelona. El nostre institut est\u00e0 localitzat a una zona residencial propera al parc natural de Collserola.<\/p>\n<p>Els nostres estudiants tenen entre 12 i 18 anys i a l\u2019institut hi ha uns 700 alumnes. Tot just acabem d\u2019iniciar els intercanvis i relacions internacionals; actualment participem en un intercanvi amb un institut itali\u00e0. Estem interessats a augmentar els nostres programes d\u2019intercanvi (nacionals i internacionals) i volem augmentar les nostres\u00a0col\u00b7laboracions\u00a0amb altres instituts en el futur.<\/p>\n<p>El nostre alumnat estudia majorit\u00e0riament angl\u00e8s com a segona llengua, tot i que tamb\u00e9 s\u2019estudia franc\u00e8s i alemany a l\u2019institut. La filosofia del nostre centre est\u00e0 basada en la creaci\u00f3 de ponts amb l\u2019alumnat de la pen\u00ednsula i d\u2019Europa, per a formar estudiants oberts, conscients i millor preparats per al futur personal i professional.<\/p>\n","protected":false},"excerpt":{"rendered":"<p>ABOUT US<br \/>\nWe are a public high school located in Sant Cugat del Vall\u00e8s, which is about 15km from Barcelona, Spain. Our school is placed in a residential area, close to Collserolla\u2019s natural park.<br \/>\nOur students are between 12 and 18 years old, we have about 700&hellip;  <a href=\"https:\/\/agora.xtec.cat\/iesarnaucadell\/el-nostre-centre-nuestro-centro-about-us\/\" title=\"Read El nostre centre\/Nuestro centro\/About us\">Llegeix m\u00e9s\u00bb<\/a><\/p>\n","protected":false},"author":1,"featured_media":0,"parent":0,"menu_order":0,"comment_status":"closed","ping_status":"closed","template":"","meta":{"_bbp_topic_count":0,"_bbp_reply_count":0,"_bbp_total_topic_count":0,"_bbp_total_reply_count":0,"_bbp_voice_count":0,"_bbp_anonymous_reply_count":0,"_bbp_topic_count_hidden":0,"_bbp_reply_count_hidden":0,"_bbp_forum_subforum_count":0,"footnotes":""},"class_list":["post-670","page","type-page","status-publish","hentry"],"post_mailing_queue_ids":[],"_links":{"self":[{"href":"https:\/\/agora.xtec.cat\/iesarnaucadell\/wp-json\/wp\/v2\/pages\/670","targetHints":{"allow":["GET"]}}],"collection":[{"href":"https:\/\/agora.xtec.cat\/iesarnaucadell\/wp-json\/wp\/v2\/pages"}],"about":[{"href":"https:\/\/agora.xtec.cat\/iesarnaucadell\/wp-json\/wp\/v2\/types\/page"}],"author":[{"embeddable":true,"href":"https:\/\/agora.xtec.cat\/iesarnaucadell\/wp-json\/wp\/v2\/users\/1"}],"replies":[{"embeddable":true,"href":"https:\/\/agora.xtec.cat\/iesarnaucadell\/wp-json\/wp\/v2\/comments?post=670"}],"version-history":[{"count":1,"href":"https:\/\/agora.xtec.cat\/iesarnaucadell\/wp-json\/wp\/v2\/pages\/670\/revisions"}],"predecessor-version":[{"id":671,"href":"https:\/\/agora.xtec.cat\/iesarnaucadell\/wp-json\/wp\/v2\/pages\/670\/revisions\/671"}],"wp:attachment":[{"href":"https:\/\/agora.xtec.cat\/iesarnaucadell\/wp-json\/wp\/v2\/media?parent=670"}],"curies":[{"name":"wp","href":"https:\/\/api.w.org\/{rel}","templated":true}]}}