{"id":67,"date":"2014-09-18T10:14:18","date_gmt":"2014-09-18T09:14:18","guid":{"rendered":"http:\/\/agora.xtec.cat\/iesarnaucadell\/?page_id=67"},"modified":"2021-03-23T10:53:10","modified_gmt":"2021-03-23T09:53:10","slug":"acollida","status":"publish","type":"page","link":"https:\/\/agora.xtec.cat\/iesarnaucadell\/serveis\/acollida\/","title":{"rendered":"Aula d\u2019estudi"},"content":{"rendered":"<p>A trav\u00e9s de la cooperativa\u00a0<a href=\"http:\/\/doblevia.coop\/\">Doble Via<\/a>, s\u2019ofereix un espai de refor\u00e7 educatiu que dona suport als alumnes en la realitzaci\u00f3 de les seves tasques acad\u00e8miques, alhora que es treballen t\u00e8cniques d\u2019estudi per a millorar el rendiment.<\/p>\n<table class=\"wp-block-table\">\n<tbody>\n<tr>\n<td><strong>Activitat<\/strong><\/td>\n<td><strong>Horari<\/strong><\/td>\n<td><strong>Lloc<\/strong><\/td>\n<td><strong>Preu<\/strong><\/td>\n<\/tr>\n<tr>\n<td>Aula d\u2019estudi<\/td>\n<td>De dilluns a dijous de 15:30 a 16:30 h<\/td>\n<td>Aula per assignar<\/td>\n<td>En funci\u00f3 del nombre de dies<\/td>\n<\/tr>\n<\/tbody>\n<\/table>\n<p>Les inscripcions s\u2019han a trav\u00e9s de la web de l\u2019empresa\u00a0<a href=\"http:\/\/menjasa.coop\/\">Doble Via<\/a>.<\/p>\n<p>Per a m\u00e9s informaci\u00f3 podeu consultar el seg\u00fcent enlla\u00e7:\u00a0<a href=\"http:\/\/menjadorarnaucadell.doblevia.coop\/serveis-que-oferim\/\">http:\/\/menjadorarnaucadell.doblevia.coop\/serveis-que-oferim\/<\/a><\/p>\n<div class=\"wp-block-spacer\" aria-hidden=\"true\"><\/div>\n<p class=\"has-text-color has-very-dark-gray-color\"><strong>Contacte<\/strong>:<\/p>\n<ul>\n<li>Coordinadora:\u00a0Ruth Escal\u00e9<\/li>\n<li>Tel\u00e8fon:\u00a0<a href=\"tel:+34628666690\">628 666 690<\/a>\u00a0de dilluns a divendres de 14 h a 16 h.<\/li>\n<li>Per correu electr\u00f2nic:\u00a0<a href=\"mailto:menjadorarnau@doblevia.coop\">menjadorarnau@doblevia.coop<\/a><\/li>\n<\/ul>\n","protected":false},"excerpt":{"rendered":"<p>A trav\u00e9s de la cooperativa\u00a0<a href=\"http:\/\/doblevia.coop\/\">Doble Via<\/a>, s\u2019ofereix un espai de refor\u00e7 educatiu que dona suport als alumnes en la realitzaci\u00f3 de les seves tasques acad\u00e8miques, alhora que es treballen t\u00e8cniques d\u2019estudi per a millorar el rendiment.<\/p>\n<p>Activitat<br \/>\nHorari<br \/>\nLloc<br \/>\nPreu<\/p>\n<p>Aula d\u2019estudi<br \/>\nDe dilluns a dijous de 15:30 a 16:30&hellip;  <a href=\"https:\/\/agora.xtec.cat\/iesarnaucadell\/serveis\/acollida\/\" title=\"Read Aula d\u2019estudi\">Llegeix m\u00e9s\u00bb<\/a><\/p>\n","protected":false},"author":1,"featured_media":0,"parent":63,"menu_order":20,"comment_status":"closed","ping_status":"closed","template":"page-templates\/side-menu.php","meta":{"_bbp_topic_count":0,"_bbp_reply_count":0,"_bbp_total_topic_count":0,"_bbp_total_reply_count":0,"_bbp_voice_count":0,"_bbp_anonymous_reply_count":0,"_bbp_topic_count_hidden":0,"_bbp_reply_count_hidden":0,"_bbp_forum_subforum_count":0,"footnotes":""},"class_list":["post-67","page","type-page","status-publish","hentry"],"post_mailing_queue_ids":[],"_links":{"self":[{"href":"https:\/\/agora.xtec.cat\/iesarnaucadell\/wp-json\/wp\/v2\/pages\/67","targetHints":{"allow":["GET"]}}],"collection":[{"href":"https:\/\/agora.xtec.cat\/iesarnaucadell\/wp-json\/wp\/v2\/pages"}],"about":[{"href":"https:\/\/agora.xtec.cat\/iesarnaucadell\/wp-json\/wp\/v2\/types\/page"}],"author":[{"embeddable":true,"href":"https:\/\/agora.xtec.cat\/iesarnaucadell\/wp-json\/wp\/v2\/users\/1"}],"replies":[{"embeddable":true,"href":"https:\/\/agora.xtec.cat\/iesarnaucadell\/wp-json\/wp\/v2\/comments?post=67"}],"version-history":[{"count":1,"href":"https:\/\/agora.xtec.cat\/iesarnaucadell\/wp-json\/wp\/v2\/pages\/67\/revisions"}],"predecessor-version":[{"id":614,"href":"https:\/\/agora.xtec.cat\/iesarnaucadell\/wp-json\/wp\/v2\/pages\/67\/revisions\/614"}],"up":[{"embeddable":true,"href":"https:\/\/agora.xtec.cat\/iesarnaucadell\/wp-json\/wp\/v2\/pages\/63"}],"wp:attachment":[{"href":"https:\/\/agora.xtec.cat\/iesarnaucadell\/wp-json\/wp\/v2\/media?parent=67"}],"curies":[{"name":"wp","href":"https:\/\/api.w.org\/{rel}","templated":true}]}}