{"id":665,"date":"2021-03-24T10:38:14","date_gmt":"2021-03-24T09:38:14","guid":{"rendered":"https:\/\/agora.xtec.cat\/iesarnaucadell\/?page_id=665"},"modified":"2021-03-24T10:38:14","modified_gmt":"2021-03-24T09:38:14","slug":"espai-dorientacio","status":"publish","type":"page","link":"https:\/\/agora.xtec.cat\/iesarnaucadell\/espai-dorientacio\/","title":{"rendered":"Espai d\u2019orientaci\u00f3"},"content":{"rendered":"<ul>\n<li><strong>Cicles formatius:\u00a0<\/strong>fam\u00edlies, cicles, mat\u00e8ries, cercador de centres. Feu clic<a href=\"http:\/\/queestudiar.gencat.cat\/ca\/estudis\/fp\/cicles-families\">\u00a0aqu\u00ed<\/a>.<\/li>\n<\/ul>\n<ul>\n<li><strong>Batxillerat:<\/strong>\u00a0modalitats, mat\u00e8ries, dobles titulacions, cercador de centres. Feu clic\u00a0<a href=\"http:\/\/queestudiar.gencat.cat\/ca\/estudis\/batxillerat\/\" target=\"_blank\" rel=\"noopener noreferrer\">aqu\u00ed<\/a>.<\/li>\n<\/ul>\n<ul>\n<li><strong>Proves acc\u00e9s grau mitj\u00e0 ensenyaments art\u00edstics<\/strong>. Feu clic\u00a0<a href=\"http:\/\/ensenyament.gencat.cat\/ca\/serveis-tramits\/proves\/proves-acces\/gm-apd\/\" target=\"_blank\" rel=\"noopener noreferrer\">aqu\u00ed<\/a>.<\/li>\n<\/ul>\n<ul>\n<li><strong>Proves acc\u00e9s grau mitj\u00e0 ensenyaments esportius espec\u00edfics<\/strong>. Feu clic\u00a0<a href=\"http:\/\/ensenyament.gencat.cat\/ca\/serveis-tramits\/proves\/proves-acces\/espec-esportius\/\">aqu\u00ed<\/a>.<\/li>\n<\/ul>\n<ul>\n<li><strong>Enlla\u00e7 general estudis Dept. Ensenyament<\/strong>. Feu clic\u00a0<a href=\"http:\/\/queestudiar.gencat.cat\/ca\/\">aqu\u00ed<\/a>.<\/li>\n<\/ul>\n<ul>\n<li><strong>Q\u00fcestionari d\u2019autoconeixement.\u00a0<\/strong>Feu clic\u00a0<a href=\"http:\/\/queestudiar.gencat.cat\/ca\/orientacio\/joves\/conec-interessos\/\">aqu\u00ed<\/a>.<\/li>\n<\/ul>\n<ul>\n<li><strong>Web d\u2019orientaci\u00f3.<\/strong>\u00a0Feu clic\u00a0<a href=\"https:\/\/unportal.cat\/\">aqu\u00ed<\/a>.<\/li>\n<\/ul>\n<ul>\n<li><strong>Oficina jove.<\/strong>\u00a0Feu clic\u00a0<a href=\"http:\/\/www.oficinajove.santcugat.cat\/\">aqu\u00ed<\/a>.<\/li>\n<\/ul>\n<p><a href=\"https:\/\/agora.xtec.cat\/iesarnaucadell\/wp-content\/uploads\/usu2503\/2021\/03\/Orientacion.jpg\"><img loading=\"lazy\" decoding=\"async\" class=\"alignnone size-full wp-image-666\" src=\"https:\/\/agora.xtec.cat\/iesarnaucadell\/wp-content\/uploads\/usu2503\/2021\/03\/Orientacion.jpg\" alt=\"\" width=\"268\" height=\"186\" \/><\/a><\/p>\n","protected":false},"excerpt":{"rendered":"<ul>\n<li>Cicles formatius:\u00a0fam\u00edlies, cicles, mat\u00e8ries, cercador de centres. Feu clic<a href=\"http:\/\/queestudiar.gencat.cat\/ca\/estudis\/fp\/cicles-families\">\u00a0aqu\u00ed<\/a>.<\/li>\n<\/ul>\n<ul>\n<li>Batxillerat:\u00a0modalitats, mat\u00e8ries, dobles titulacions, cercador de centres. Feu clic\u00a0<a href=\"http:\/\/queestudiar.gencat.cat\/ca\/estudis\/batxillerat\/\" target=\"_blank\" rel=\"noopener noreferrer\">aqu\u00ed<\/a>.<\/li>\n<\/ul>\n<ul>\n<li>Proves acc\u00e9s grau mitj\u00e0 ensenyaments art\u00edstics. Feu clic\u00a0<a href=\"http:\/\/ensenyament.gencat.cat\/ca\/serveis-tramits\/proves\/proves-acces\/gm-apd\/\" target=\"_blank\" rel=\"noopener noreferrer\">aqu\u00ed<\/a>.<\/li>\n<\/ul>\n<ul>\n<li>Proves acc\u00e9s grau mitj\u00e0 ensenyaments esportius espec\u00edfics. Feu clic\u00a0<a href=\"http:\/\/ensenyament.gencat.cat\/ca\/serveis-tramits\/proves\/proves-acces\/espec-esportius\/\">aqu\u00ed<\/a>.<\/li>\n<\/ul>\n<ul>\n<li>Enlla\u00e7 general estudis Dept.&hellip;  <a href=\"https:\/\/agora.xtec.cat\/iesarnaucadell\/espai-dorientacio\/\" title=\"Read Espai d\u2019orientaci\u00f3\">Llegeix m\u00e9s\u00bb<\/a><br \/>\n","protected":false},"author":1,"featured_media":0,"parent":0,"menu_order":0,"comment_status":"closed","ping_status":"closed","template":"","meta":{"_bbp_topic_count":0,"_bbp_reply_count":0,"_bbp_total_topic_count":0,"_bbp_total_reply_count":0,"_bbp_voice_count":0,"_bbp_anonymous_reply_count":0,"_bbp_topic_count_hidden":0,"_bbp_reply_count_hidden":0,"_bbp_forum_subforum_count":0,"footnotes":""},"class_list":["post-665","page","type-page","status-publish","hentry"],"post_mailing_queue_ids":[],"_links":{"self":[{"href":"https:\/\/agora.xtec.cat\/iesarnaucadell\/wp-json\/wp\/v2\/pages\/665","targetHints":{"allow":["GET"]}}],"collection":[{"href":"https:\/\/agora.xtec.cat\/iesarnaucadell\/wp-json\/wp\/v2\/pages"}],"about":[{"href":"https:\/\/agora.xtec.cat\/iesarnaucadell\/wp-json\/wp\/v2\/types\/page"}],"author":[{"embeddable":true,"href":"https:\/\/agora.xtec.cat\/iesarnaucadell\/wp-json\/wp\/v2\/users\/1"}],"replies":[{"embeddable":true,"href":"https:\/\/agora.xtec.cat\/iesarnaucadell\/wp-json\/wp\/v2\/comments?post=665"}],"version-history":[{"count":1,"href":"https:\/\/agora.xtec.cat\/iesarnaucadell\/wp-json\/wp\/v2\/pages\/665\/revisions"}],"predecessor-version":[{"id":667,"href":"https:\/\/agora.xtec.cat\/iesarnaucadell\/wp-json\/wp\/v2\/pages\/665\/revisions\/667"}],"wp:attachment":[{"href":"https:\/\/agora.xtec.cat\/iesarnaucadell\/wp-json\/wp\/v2\/media?parent=665"}],"curies":[{"name":"wp","href":"https:\/\/api.w.org\/{rel}","templated":true}]}}