{"id":27,"date":"2014-09-17T16:24:03","date_gmt":"2014-09-17T16:24:03","guid":{"rendered":"http:\/\/agora.xtec.cat\/iesarnaucadell\/?page_id=27"},"modified":"2021-03-22T11:49:36","modified_gmt":"2021-03-22T10:49:36","slug":"historia","status":"publish","type":"page","link":"https:\/\/agora.xtec.cat\/iesarnaucadell\/linstitut\/historia\/","title":{"rendered":"Hist\u00f2ria"},"content":{"rendered":"<p>La hist\u00f2ria de l\u2019Institut Arnau Cadell es remunta a l\u2019any 1977, quan es crea el Instituto nacional de bachillerato mixto de San Cugat. Fou el primer centre p\u00fablic de secund\u00e0ria del municipi i les classes van comen\u00e7ar amb 151 alumnes als baixos de l\u2019actual edifici de Correus.<\/p>\n<p>El curs seg\u00fcent, amb 345 alumnes, es trasllada prop de l\u2019escorxador, a l\u2019edifici que despr\u00e9s es va utilitzar per l\u2019escola Collserola.<\/p>\n<p>L\u2019any 1983, despr\u00e9s d\u2019anys de reivindicacions, va comen\u00e7ar a construir-se l\u2019actual edifici a l\u2019Avinguda Villadelprat.<\/p>\n<p>Finalment, el curs 1984-1985 es va inaugurar el centre, que va adoptar el nom de l\u2019escultor del Monestir de Sant Cugat del Vall\u00e8s, Arnau Cadell.<\/p>\n<div class=\"vc_row wpb_row vc_inner vc_row-fluid\">\n<div class=\"wpb_column vc_column_container vc_col-sm-12\">\n<div class=\"vc_column-inner \">\n<div class=\"wpb_wrapper\">\n<div class=\"wpb_text_column wpb_content_element \">\n<div class=\"wpb_wrapper\">\n<p>Finalment, el curs 1996-97, l\u2019Arnau Cadell junt amb els altres dos centres de secund\u00e0ria\u00a0 de Sant Cugat va iniciar la seva transformaci\u00f3 en Institut d\u2019Educaci\u00f3 Secund\u00e0ria amb la implantaci\u00f3 de tres grups de primer d\u2019ESO.<\/p>\n<\/div>\n<\/div>\n<div class=\"wpb_single_image wpb_content_element vc_align_center\">\n<figure class=\"wpb_wrapper vc_figure\">\n<div class=\"vc_single_image-wrapper   vc_box_border_grey\"><\/div>\n<\/figure>\n<\/div>\n<\/div>\n<\/div>\n<\/div>\n<\/div>\n<div class=\"vc_row wpb_row vc_inner vc_row-fluid\">\n<div class=\"wpb_column vc_column_container vc_col-sm-12\">\n<div class=\"vc_column-inner \">\n<div class=\"wpb_wrapper\">\n<div class=\"wpb_text_column wpb_content_element \">\n<div class=\"wpb_wrapper\">\n<p>El dia 30 d\u2019octubre de 1998, vam realitzar el que creiem que \u00e9s el r\u00e8cord mundial de salutacions: 673 alumnes, professors i personal no docent, ens vam saludar un a un, realitzant doncs un total de 226.128 salutacions<\/p>\n<p>Des de les hores el centre ha anat evolucionant fins a la situaci\u00f3 actual a on tenim entorn a 600 alumnes amb 4 l\u00ednies d\u2019ESO i dues de batxillerat en les modalitats tecno-cient\u00edfiques i human\u00edstica-social. Hem desenvolupat i seguim realitzant intercanvis ling\u00fc\u00edstics amb Fran\u00e7a i Alemanya i estem immersos en diferents programes de caire convivencial, ling\u00fcistic i medioambiental.<\/p>\n<p>Al llarg d\u2019aquest temps s\u00f3n molts els professionals que han anat treballant al Centre i que han donat lloc al que en aquest moment \u00e9s el nou Centre.<\/p>\n<\/div>\n<\/div>\n<\/div>\n<\/div>\n<\/div>\n<\/div>\n","protected":false},"excerpt":{"rendered":"<p>La hist\u00f2ria de l\u2019Institut Arnau Cadell es remunta a l\u2019any 1977, quan es crea el Instituto nacional de bachillerato mixto de San Cugat. Fou el primer centre p\u00fablic de secund\u00e0ria del municipi i les classes van comen\u00e7ar amb 151 alumnes als baixos de l\u2019actual edifici&hellip;  <a href=\"https:\/\/agora.xtec.cat\/iesarnaucadell\/linstitut\/historia\/\" title=\"Read Hist\u00f2ria\">Llegeix m\u00e9s\u00bb<\/a><\/p>\n","protected":false},"author":1,"featured_media":0,"parent":19,"menu_order":20,"comment_status":"closed","ping_status":"closed","template":"page-templates\/side-menu.php","meta":{"_bbp_topic_count":0,"_bbp_reply_count":0,"_bbp_total_topic_count":0,"_bbp_total_reply_count":0,"_bbp_voice_count":0,"_bbp_anonymous_reply_count":0,"_bbp_topic_count_hidden":0,"_bbp_reply_count_hidden":0,"_bbp_forum_subforum_count":0,"footnotes":""},"class_list":["post-27","page","type-page","status-publish","hentry"],"post_mailing_queue_ids":[],"_links":{"self":[{"href":"https:\/\/agora.xtec.cat\/iesarnaucadell\/wp-json\/wp\/v2\/pages\/27","targetHints":{"allow":["GET"]}}],"collection":[{"href":"https:\/\/agora.xtec.cat\/iesarnaucadell\/wp-json\/wp\/v2\/pages"}],"about":[{"href":"https:\/\/agora.xtec.cat\/iesarnaucadell\/wp-json\/wp\/v2\/types\/page"}],"author":[{"embeddable":true,"href":"https:\/\/agora.xtec.cat\/iesarnaucadell\/wp-json\/wp\/v2\/users\/1"}],"replies":[{"embeddable":true,"href":"https:\/\/agora.xtec.cat\/iesarnaucadell\/wp-json\/wp\/v2\/comments?post=27"}],"version-history":[{"count":1,"href":"https:\/\/agora.xtec.cat\/iesarnaucadell\/wp-json\/wp\/v2\/pages\/27\/revisions"}],"predecessor-version":[{"id":555,"href":"https:\/\/agora.xtec.cat\/iesarnaucadell\/wp-json\/wp\/v2\/pages\/27\/revisions\/555"}],"up":[{"embeddable":true,"href":"https:\/\/agora.xtec.cat\/iesarnaucadell\/wp-json\/wp\/v2\/pages\/19"}],"wp:attachment":[{"href":"https:\/\/agora.xtec.cat\/iesarnaucadell\/wp-json\/wp\/v2\/media?parent=27"}],"curies":[{"name":"wp","href":"https:\/\/api.w.org\/{rel}","templated":true}]}}