{"id":1778,"date":"2022-11-21T11:46:07","date_gmt":"2022-11-21T10:46:07","guid":{"rendered":"https:\/\/agora.xtec.cat\/iesarnaucadell\/?page_id=1778"},"modified":"2022-11-21T12:26:59","modified_gmt":"2022-11-21T11:26:59","slug":"descripcio-de-les-materies-bi","status":"publish","type":"page","link":"https:\/\/agora.xtec.cat\/iesarnaucadell\/descripcio-de-les-materies-bi\/","title":{"rendered":"Descripci\u00f3 de les mat\u00e8ries BI"},"content":{"rendered":"<header><\/header>\n<header><\/header>\n<p class=\"entry-header\">El Programa del Diploma (PD) del Batxillerat Internacional (IB) \u00e9s un programa educatiu amb el seu propi curr\u00edculum i sistema d&#8217;avaluaci\u00f3, destinat a alumnes de 16 a 19 anys. L&#8217;institut Arnau Cadell \u00e9s un centre educatiu p\u00fablic, per tant, tot l&#8217;alumnat que cursi el Programa Diploma obtindr\u00e0 la doble titulaci\u00f3 LOMLOE i IB (reconegut internacionalment).El curr\u00edculum de l&#8217;IB consta, per una banda, de tres components troncals: teoria del coneixement, CAS (Creativitat, Activitat i Servei) i monografia; i, per altra banda, de sis grups de mat\u00e8ria: estudis de llengua i literatura, adquisici\u00f3 delleng\u00fces, individus i societats, ci\u00e8ncies, matem\u00e0tiques i arts.<\/p>\n<p class=\"entry-header\">Teoria del Coneixement ajuda l&#8217;alumnat a construir una mirada interdisciplin\u00e0ria i actua d&#8217;eina cohesionadora de tots els aprenentatges i metodologies que s&#8217;adquireixen el curs. Es promou la reflexi\u00f3 i la necessitat de fer-se preguntes.<\/p>\n<p class=\"entry-header\">La monografia \u00e9s un treball de recerca personal equivalent al Treball de Recerca que es realitza en el Batxillerat LOMLOE.<\/p>\n<header><\/header>\n<header><\/header>\n<p class=\"entry-header\">El CAS es relaciona amb un conjunt d&#8217;activitats que l&#8217;alumne ha d&#8217;escollir lliurement i realitzar m\u00e9s enll\u00e1 del treball curricular de l&#8217;aula. Fomenta les accions participatives en el seu entorn i promou el comprom\u00eds c\u00edvic. El centre podr\u00e0 proposar activitats lligades al projecte educatiu, per\u00f2 \u00e9s el propi alumnat qui ha de construir el seu propi itinerari personal.<\/p>\n<p class=\"entry-header\">Els alumnes han de fer una mat\u00e8ria de cadascun dels cinc primers grups i una mat\u00e8ria del sis\u00e9 grup o b\u00e9 una segona mat\u00e8ria dels grups 1 al 5. L&#8217;alumnat ha de fer un m\u00ednim de tres mat\u00e8ries (i un m\u00e0xim de 4) de NS (nivell superior) i la resta de NM (nivell mitj\u00e0). La difer\u00e8ncia entre una mat\u00e8ria de nivell superior i una de nivell mitj\u00e0 est\u00e0 en l&#8217;extensi\u00f3 i grau d&#8217;aprofundiment dels continguts.Les mat\u00e8ries que oferim a l&#8217;Arnau Cadell s\u00f3n les seg\u00fcents:<\/p>\n<ul>\n<li style=\"list-style-type: none;\">\n<ul>\n<li>grup 1: literatura catalana<\/li>\n<li>grup 2: angl\u00e8s<\/li>\n<li>grup3: hist\u00f2ria<\/li>\n<li>grup 4: biologia o b\u00e9 f\u00edsica<\/li>\n<li>grup 5: matem\u00e0tiques, aplicacions i interpretaci\u00f3 o b\u00e9 matem\u00e0tiques, an\u00e0lisi i enfocaments.<\/li>\n<li>grup 6: gesti\u00f3 empresarial o b\u00e9 qu\u00edmica<\/li>\n<\/ul>\n<\/li>\n<\/ul>\n<div class=\"entry-content\">\n<p>A continuaci\u00f3 s&#8217;adjunta una breu descripci\u00f3 de les mat\u00e8ries del Batxillerat Internacional<\/p>\n<p><strong>Mat\u00e8ries troncals:<\/strong><\/p>\n<ul>\n<li style=\"list-style-type: none;\">\n<ul>\n<li><a href=\"https:\/\/agora.xtec.cat\/iesarnaucadell\/wp-content\/uploads\/usu2503\/2022\/11\/TEORIA-DEL-CONEIXEMENT.pdf\">Teoria del coneixement<\/a><\/li>\n<li><a href=\"https:\/\/agora.xtec.cat\/iesarnaucadell\/wp-content\/uploads\/usu2503\/2022\/11\/CAS-CREATIVITAT-ACCIO-I-SERVEI.pdf\">CAS<\/a> (Creativitat, Activitat i Servei)<\/li>\n<li><a href=\"https:\/\/agora.xtec.cat\/iesarnaucadell\/wp-content\/uploads\/usu2503\/2022\/11\/MONOGRAFIA.pdf\">Monografia<\/a><\/li>\n<\/ul>\n<\/li>\n<\/ul>\n<p><strong>Grups de mat\u00e8ries<\/strong><\/p>\n<ul>\n<li style=\"list-style-type: none;\">\n<ul>\n<li>grup 1: <a href=\"https:\/\/agora.xtec.cat\/iesarnaucadell\/wp-content\/uploads\/usu2503\/2022\/11\/CATALA-A_-LITERATURA-IB_compressed.pdf\">literatura catalana<\/a><\/li>\n<li>grup 2: <a href=\"https:\/\/agora.xtec.cat\/iesarnaucadell\/wp-content\/uploads\/usu2503\/2022\/11\/ENGLISH-B.pdf\">angl\u00e8s<\/a><\/li>\n<li>grup 3: <a href=\"https:\/\/agora.xtec.cat\/iesarnaucadell\/wp-content\/uploads\/usu2503\/2022\/11\/HISTORIA-IB.pdf\">hist\u00f2ria<\/a><\/li>\n<li>grup 4: <a href=\"https:\/\/agora.xtec.cat\/iesarnaucadell\/wp-content\/uploads\/usu2503\/2022\/11\/BIOLOGIA-IB.pdf\">biologia<\/a> o b\u00e9 <a href=\"https:\/\/agora.xtec.cat\/iesarnaucadell\/wp-content\/uploads\/usu2503\/2022\/11\/FISICA-IB.pdf\">f\u00edsica<\/a><\/li>\n<li>grup 5: <a href=\"https:\/\/agora.xtec.cat\/iesarnaucadell\/wp-content\/uploads\/usu2503\/2022\/11\/MAI-APLICACIONS-I-INTERPRETACIO.pdf\">matem\u00e0tiques aplicacions i interpretaci\u00f3<\/a> o b\u00e9 <a href=\"https:\/\/agora.xtec.cat\/iesarnaucadell\/wp-content\/uploads\/usu2503\/2022\/11\/MAE-ANALISIS-I-ENFOCAMENTS.pdf\">matem\u00e0tiques an\u00e0lisis i enfocaments<\/a>.<\/li>\n<li>grup 6: <a href=\"https:\/\/agora.xtec.cat\/iesarnaucadell\/wp-content\/uploads\/usu2503\/2022\/11\/GESTIO-EMPRESARIAL-IB.pdf\">gesti\u00f3 empresarial<\/a> o b\u00e9 <a href=\"https:\/\/agora.xtec.cat\/iesarnaucadell\/wp-content\/uploads\/usu2503\/2022\/11\/QUIMICA.pdf\">qu\u00edmica<\/a><\/li>\n<\/ul>\n<\/li>\n<\/ul>\n<p>Si ho prefereixes et pots descarregar tot el document senzer <a href=\"https:\/\/agora.xtec.cat\/iesarnaucadell\/wp-content\/uploads\/usu2503\/2022\/11\/DOSSIER-PROGRAMA-DEL-DIPLOMA-A-LARNAU_compressed.pdf\">aqu\u00ed<\/a><\/p>\n<\/div>\n","protected":false},"excerpt":{"rendered":"<p>El Programa del Diploma (PD) del Batxillerat Internacional (IB) \u00e9s un programa educatiu amb el seu propi curr\u00edculum i sistema d&#8217;avaluaci\u00f3, destinat a alumnes de 16 a 19 anys. L&#8217;institut Arnau Cadell \u00e9s un centre educatiu p\u00fablic, per tant, tot l&#8217;alumnat que cursi el Programa&hellip;  <a href=\"https:\/\/agora.xtec.cat\/iesarnaucadell\/descripcio-de-les-materies-bi\/\" title=\"Read Descripci\u00f3 de les mat\u00e8ries BI\">Llegeix m\u00e9s\u00bb<\/a><\/p>\n","protected":false},"author":1,"featured_media":0,"parent":0,"menu_order":0,"comment_status":"closed","ping_status":"closed","template":"","meta":{"_bbp_topic_count":0,"_bbp_reply_count":0,"_bbp_total_topic_count":0,"_bbp_total_reply_count":0,"_bbp_voice_count":0,"_bbp_anonymous_reply_count":0,"_bbp_topic_count_hidden":0,"_bbp_reply_count_hidden":0,"_bbp_forum_subforum_count":0,"footnotes":""},"class_list":["post-1778","page","type-page","status-publish","hentry"],"post_mailing_queue_ids":[],"_links":{"self":[{"href":"https:\/\/agora.xtec.cat\/iesarnaucadell\/wp-json\/wp\/v2\/pages\/1778","targetHints":{"allow":["GET"]}}],"collection":[{"href":"https:\/\/agora.xtec.cat\/iesarnaucadell\/wp-json\/wp\/v2\/pages"}],"about":[{"href":"https:\/\/agora.xtec.cat\/iesarnaucadell\/wp-json\/wp\/v2\/types\/page"}],"author":[{"embeddable":true,"href":"https:\/\/agora.xtec.cat\/iesarnaucadell\/wp-json\/wp\/v2\/users\/1"}],"replies":[{"embeddable":true,"href":"https:\/\/agora.xtec.cat\/iesarnaucadell\/wp-json\/wp\/v2\/comments?post=1778"}],"version-history":[{"count":4,"href":"https:\/\/agora.xtec.cat\/iesarnaucadell\/wp-json\/wp\/v2\/pages\/1778\/revisions"}],"predecessor-version":[{"id":1805,"href":"https:\/\/agora.xtec.cat\/iesarnaucadell\/wp-json\/wp\/v2\/pages\/1778\/revisions\/1805"}],"wp:attachment":[{"href":"https:\/\/agora.xtec.cat\/iesarnaucadell\/wp-json\/wp\/v2\/media?parent=1778"}],"curies":[{"name":"wp","href":"https:\/\/api.w.org\/{rel}","templated":true}]}}