{"id":1182,"date":"2021-09-16T13:21:44","date_gmt":"2021-09-16T11:21:44","guid":{"rendered":"https:\/\/agora.xtec.cat\/iesarnaucadell\/?page_id=1182"},"modified":"2024-09-16T13:58:48","modified_gmt":"2024-09-16T11:58:48","slug":"convalidacio-musica-curs-21-22","status":"publish","type":"page","link":"https:\/\/agora.xtec.cat\/iesarnaucadell\/convalidacio-musica-curs-21-22\/","title":{"rendered":"Convalidaci\u00f3 m\u00fasica curs 23-24"},"content":{"rendered":"<div style=\"text-align: justify;\"><span style=\"font-family: arial, sans-serif;\">L\u2019alumnat que cursi estudis de m\u00fasica en conservatoris, o escoles autoritzades, poden sol\u00b7licitar la convalidaci\u00f3 o el reconeixement de mat\u00e8ries.\u00a0 <\/span><span style=\"font-family: arial, sans-serif;\">Aquesta convalidaci\u00f3 s\u2019ha de demanar presentant la documentaci\u00f3 requerida a la secretaria del centre com a m\u00e0xim el <b>9 d&#8217;octubre de 2024.\u00a0<\/b><\/span><\/div>\n<p style=\"text-align: justify;\"><b><span style=\"font-family: arial, sans-serif;\">La documentaci\u00f3 necess\u00e0ria \u00e9s la seg\u00fcent:\u00a0<\/span><\/b><\/p>\n<div style=\"text-align: justify;\"><span style=\"font-family: arial, sans-serif;\">&#8211;\u00a0Sol\u00b7licitud de reducci\u00f3 de mat\u00e8ries de l&#8217;educaci\u00f3 secund\u00e0ria obligat\u00f2ria (ESO) per als alumnes que cursen estudis de m\u00fasica en un conservatori o centre professional o en una escola de m\u00fasica autoritzada.\u00a0<a href=\"https:\/\/agora.xtec.cat\/iesarnaucadell\/wp-content\/uploads\/usu2503\/2021\/09\/APU154-EMU1.pdf\"><b>EMU1<\/b><\/a><\/span><\/div>\n<div style=\"text-align: justify;\"><span style=\"font-family: arial, sans-serif;\">&#8211;\u00a0Certificat expedit pel conservatori o pel centre professional de m\u00fasica en qu\u00e8 s&#8217;acredita el curs que fa l&#8217;alumne\/a.\u00a0<a href=\"https:\/\/agora.xtec.cat\/iesarnaucadell\/wp-content\/uploads\/usu2503\/2021\/09\/A136-CMU1.pdf\"><b>CMU1<\/b><\/a><\/span><\/div>\n<div style=\"text-align: justify;\"><span style=\"font-family: arial, sans-serif;\">&#8211;\u00a0Certificat expedit per l\u2019escola de m\u00fasica autoritzada en qu\u00e8 s\u2019acredita el que fa l\u2019alumne\/a per al reconeixement dels estudis de m\u00fasica en l\u2019ESO.\u00a0<a href=\"https:\/\/agora.xtec.cat\/iesarnaucadell\/wp-content\/uploads\/usu2503\/2021\/09\/A155-CMU2.pdf\"><b>CMU2<\/b><\/a><\/span><\/div>\n<div><\/div>\n<div><\/div>\n","protected":false},"excerpt":{"rendered":"<p>L\u2019alumnat que cursi estudis de m\u00fasica en conservatoris, o escoles autoritzades, poden sol\u00b7licitar la convalidaci\u00f3 o el reconeixement de mat\u00e8ries.\u00a0 Aquesta convalidaci\u00f3 s\u2019ha de demanar presentant la documentaci\u00f3 requerida a la secretaria del centre com a m\u00e0xim el 9 d&#8217;octubre de 2024.\u00a0<br \/>\nLa documentaci\u00f3 necess\u00e0ria \u00e9s&hellip;  <a href=\"https:\/\/agora.xtec.cat\/iesarnaucadell\/convalidacio-musica-curs-21-22\/\" title=\"Read Convalidaci\u00f3 m\u00fasica curs 23-24\">Llegeix m\u00e9s\u00bb<\/a><\/p>\n","protected":false},"author":1,"featured_media":0,"parent":0,"menu_order":0,"comment_status":"closed","ping_status":"closed","template":"","meta":{"_bbp_topic_count":0,"_bbp_reply_count":0,"_bbp_total_topic_count":0,"_bbp_total_reply_count":0,"_bbp_voice_count":0,"_bbp_anonymous_reply_count":0,"_bbp_topic_count_hidden":0,"_bbp_reply_count_hidden":0,"_bbp_forum_subforum_count":0,"footnotes":""},"class_list":["post-1182","page","type-page","status-publish","hentry"],"post_mailing_queue_ids":[],"_links":{"self":[{"href":"https:\/\/agora.xtec.cat\/iesarnaucadell\/wp-json\/wp\/v2\/pages\/1182","targetHints":{"allow":["GET"]}}],"collection":[{"href":"https:\/\/agora.xtec.cat\/iesarnaucadell\/wp-json\/wp\/v2\/pages"}],"about":[{"href":"https:\/\/agora.xtec.cat\/iesarnaucadell\/wp-json\/wp\/v2\/types\/page"}],"author":[{"embeddable":true,"href":"https:\/\/agora.xtec.cat\/iesarnaucadell\/wp-json\/wp\/v2\/users\/1"}],"replies":[{"embeddable":true,"href":"https:\/\/agora.xtec.cat\/iesarnaucadell\/wp-json\/wp\/v2\/comments?post=1182"}],"version-history":[{"count":4,"href":"https:\/\/agora.xtec.cat\/iesarnaucadell\/wp-json\/wp\/v2\/pages\/1182\/revisions"}],"predecessor-version":[{"id":2368,"href":"https:\/\/agora.xtec.cat\/iesarnaucadell\/wp-json\/wp\/v2\/pages\/1182\/revisions\/2368"}],"wp:attachment":[{"href":"https:\/\/agora.xtec.cat\/iesarnaucadell\/wp-json\/wp\/v2\/media?parent=1182"}],"curies":[{"name":"wp","href":"https:\/\/api.w.org\/{rel}","templated":true}]}}