{"id":1170,"date":"2021-09-07T09:46:20","date_gmt":"2021-09-07T07:46:20","guid":{"rendered":"https:\/\/agora.xtec.cat\/iesarnaucadell\/?page_id=1170"},"modified":"2021-09-07T09:46:20","modified_gmt":"2021-09-07T07:46:20","slug":"horari-1r-dia-de-curs-21-22","status":"publish","type":"page","link":"https:\/\/agora.xtec.cat\/iesarnaucadell\/horari-1r-dia-de-curs-21-22\/","title":{"rendered":"Horari 1r dia de curs 21-22"},"content":{"rendered":"<div>Benvolgudes fam\u00edlies, us donem la benvinguda al curs 2021-2022. El dia 13 de setembre farem l&#8217;acollida inicial del nostre alumnat amb la seg\u00fcent organitzaci\u00f3 hor\u00e0ria:<\/div>\n<div><\/div>\n<div>* 10:00: recepci\u00f3 alumnat 1r ESO<\/div>\n<div>* 10:30: recepci\u00f3 alumnat 2n ESO<\/div>\n<div>* 11:00: recepci\u00f3 alumnat 1r de Batxillerat<\/div>\n<div>* 11:30: recepci\u00f3 alumnat 3r ESO<\/div>\n<div>* 12:00:\u00a0\u00a0recepci\u00f3 alumnat 4t ESO<\/div>\n<div>* 12:30: recepci\u00f3 alumnat 2n de Batxillerat<\/div>\n<div><\/div>\n<div>Us informem tamb\u00e9 que el servei de menjador est\u00e0 ja operatiu des del mateix dia 13, a les 13:30h.<\/div>\n","protected":false},"excerpt":{"rendered":"<p>Benvolgudes fam\u00edlies, us donem la benvinguda al curs 2021-2022. El dia 13 de setembre farem l&#8217;acollida inicial del nostre alumnat amb la seg\u00fcent organitzaci\u00f3 hor\u00e0ria:<\/p>\n<p>* 10:00: recepci\u00f3 alumnat 1r ESO<br \/>\n* 10:30: recepci\u00f3 alumnat 2n ESO<br \/>\n* 11:00: recepci\u00f3 alumnat 1r de Batxillerat<br \/>\n* 11:30: recepci\u00f3 alumnat 3r&hellip;  <a href=\"https:\/\/agora.xtec.cat\/iesarnaucadell\/horari-1r-dia-de-curs-21-22\/\" title=\"Read Horari 1r dia de curs 21-22\">Llegeix m\u00e9s\u00bb<\/a><\/p>\n","protected":false},"author":1,"featured_media":0,"parent":0,"menu_order":0,"comment_status":"closed","ping_status":"closed","template":"","meta":{"_bbp_topic_count":0,"_bbp_reply_count":0,"_bbp_total_topic_count":0,"_bbp_total_reply_count":0,"_bbp_voice_count":0,"_bbp_anonymous_reply_count":0,"_bbp_topic_count_hidden":0,"_bbp_reply_count_hidden":0,"_bbp_forum_subforum_count":0,"footnotes":""},"class_list":["post-1170","page","type-page","status-publish","hentry"],"post_mailing_queue_ids":[],"_links":{"self":[{"href":"https:\/\/agora.xtec.cat\/iesarnaucadell\/wp-json\/wp\/v2\/pages\/1170","targetHints":{"allow":["GET"]}}],"collection":[{"href":"https:\/\/agora.xtec.cat\/iesarnaucadell\/wp-json\/wp\/v2\/pages"}],"about":[{"href":"https:\/\/agora.xtec.cat\/iesarnaucadell\/wp-json\/wp\/v2\/types\/page"}],"author":[{"embeddable":true,"href":"https:\/\/agora.xtec.cat\/iesarnaucadell\/wp-json\/wp\/v2\/users\/1"}],"replies":[{"embeddable":true,"href":"https:\/\/agora.xtec.cat\/iesarnaucadell\/wp-json\/wp\/v2\/comments?post=1170"}],"version-history":[{"count":2,"href":"https:\/\/agora.xtec.cat\/iesarnaucadell\/wp-json\/wp\/v2\/pages\/1170\/revisions"}],"predecessor-version":[{"id":1172,"href":"https:\/\/agora.xtec.cat\/iesarnaucadell\/wp-json\/wp\/v2\/pages\/1170\/revisions\/1172"}],"wp:attachment":[{"href":"https:\/\/agora.xtec.cat\/iesarnaucadell\/wp-json\/wp\/v2\/media?parent=1170"}],"curies":[{"name":"wp","href":"https:\/\/api.w.org\/{rel}","templated":true}]}}