{"id":69,"date":"2014-09-18T10:15:07","date_gmt":"2014-09-18T09:15:07","guid":{"rendered":"http:\/\/agora.xtec.cat\/iesaran\/?page_id=69"},"modified":"2018-10-10T13:10:25","modified_gmt":"2018-10-10T11:10:25","slug":"menjador-escolar","status":"publish","type":"page","link":"https:\/\/agora.xtec.cat\/iesaran\/serveis\/menjador-escolar\/","title":{"rendered":"Minjador escolar"},"content":{"rendered":"<div class=\"page-header\">\n<h2>SERVICI DE MINJADOR DER INSTITUT D&#8217;ARAN<\/h2>\n<\/div>\n<div>\n<div><strong>L&#8217;espai romandr\u00e0 obert de DILLUNS a DIVENDRES de 14h30&#8242; a 15h.<\/strong><\/div>\n<p>SERVEI DE CARMANYOLA: El Servei de Carmanyola estar\u00e0 operatiu a partir de data 29 de setembre.<\/p>\n<p>&nbsp;<\/p>\n<p><img loading=\"lazy\" decoding=\"async\" src=\"http:\/\/www.iesaran.com\/images\/stories\/carmanyola.gif\" alt=\"\" width=\"90\" height=\"132\" border=\"0\" \/><\/p>\n<p><strong>El procediment d&#8217;acc\u00e9s \u00e9s el seg\u00fcent<\/strong>:<\/p>\n<ol>\n<li>L&#8217;alumne deixar\u00e0 a l&#8217;hora d&#8217;entrada al Centre (8h) la carmanyola (tupper degudament identificat) en l&#8217;espai del menjador<\/li>\n<li>El monitor guardar\u00e0 la carmanyola en l&#8217;espai de refrigeraci\u00f3.<\/li>\n<li>A les 14h30&#8221; quan l&#8217;alumne surt de classe, el monitor lliurar\u00e0 la carmanyola en el mateix espai de menjador.<\/li>\n<li>L&#8217;alumne podr\u00e0 accedir al microones per a escalfar-se el menjar.<\/li>\n<\/ol>\n<div>\n<p><em><strong>Nota important:\u00a0<\/strong><\/em><\/p>\n<ul>\n<li>El cost de l&#8217;acc\u00e9s \u00e9s\u00a0gratu\u00eft.<\/li>\n<li><em><strong>L&#8217;alumne ha de portar els estris per a menjar<\/strong><\/em>.<\/li>\n<li>La responsabilitat\u00a0de l&#8217;estat dels aliments que cada alumne porti\u00a0\u00e9s de la fam\u00edlia.<\/li>\n<li>L&#8217;espai estar\u00e0 degudament vigilat per monitor.<\/li>\n<li>La neteja de l&#8217;espai \u00a0la realitzar\u00e0 l&#8217;empresa de neteja del Centre. En el pla d&#8217;actuacions queda recollida la neteja di\u00e0ria de l&#8217;espai de refrigeraci\u00f3 i del microones.<\/li>\n<\/ul>\n<\/div>\n<div>______________________________________________________________<\/div>\n<p>&nbsp;<\/p>\n<p><strong>SERVEI DE MENJADOR:<\/strong>\u00a0El Servei de menjador queda tancat aquest curs.<\/p>\n<\/div>\n","protected":false},"excerpt":{"rendered":"<p>SERVICI DE MINJADOR DER INSTITUT D&#8217;ARAN<\/p>\n<p>L&#8217;espai romandr\u00e0 obert de DILLUNS a DIVENDRES de 14h30&#8242; a 15h.<br \/>\nSERVEI DE CARMANYOLA: El Servei de Carmanyola estar\u00e0 operatiu a partir de data 29 de setembre.<br \/>\n&nbsp;<\/p>\n<p>El procediment d&#8217;acc\u00e9s \u00e9s el seg\u00fcent:<\/p>\n<ol>\n<li>L&#8217;alumne deixar\u00e0 a l&#8217;hora d&#8217;entrada al Centre (8h) la carmanyola&hellip;  <a href=\"https:\/\/agora.xtec.cat\/iesaran\/serveis\/menjador-escolar\/\" title=\"Read Minjador escolar\">Llegeix m\u00e9s\u00bb<\/a><br \/>\n","protected":false},"author":1,"featured_media":0,"parent":63,"menu_order":20,"comment_status":"closed","ping_status":"closed","template":"page-templates\/side-menu.php","meta":{"_bbp_topic_count":0,"_bbp_reply_count":0,"_bbp_total_topic_count":0,"_bbp_total_reply_count":0,"_bbp_voice_count":0,"_bbp_anonymous_reply_count":0,"_bbp_topic_count_hidden":0,"_bbp_reply_count_hidden":0,"_bbp_forum_subforum_count":0,"footnotes":""},"class_list":["post-69","page","type-page","status-publish","hentry"],"post_mailing_queue_ids":[],"_links":{"self":[{"href":"https:\/\/agora.xtec.cat\/iesaran\/wp-json\/wp\/v2\/pages\/69","targetHints":{"allow":["GET"]}}],"collection":[{"href":"https:\/\/agora.xtec.cat\/iesaran\/wp-json\/wp\/v2\/pages"}],"about":[{"href":"https:\/\/agora.xtec.cat\/iesaran\/wp-json\/wp\/v2\/types\/page"}],"author":[{"embeddable":true,"href":"https:\/\/agora.xtec.cat\/iesaran\/wp-json\/wp\/v2\/users\/1"}],"replies":[{"embeddable":true,"href":"https:\/\/agora.xtec.cat\/iesaran\/wp-json\/wp\/v2\/comments?post=69"}],"version-history":[{"count":4,"href":"https:\/\/agora.xtec.cat\/iesaran\/wp-json\/wp\/v2\/pages\/69\/revisions"}],"predecessor-version":[{"id":659,"href":"https:\/\/agora.xtec.cat\/iesaran\/wp-json\/wp\/v2\/pages\/69\/revisions\/659"}],"up":[{"embeddable":true,"href":"https:\/\/agora.xtec.cat\/iesaran\/wp-json\/wp\/v2\/pages\/63"}],"wp:attachment":[{"href":"https:\/\/agora.xtec.cat\/iesaran\/wp-json\/wp\/v2\/media?parent=69"}],"curies":[{"name":"wp","href":"https:\/\/api.w.org\/{rel}","templated":true}]}}