{"id":601,"date":"2018-09-27T13:14:25","date_gmt":"2018-09-27T11:14:25","guid":{"rendered":"http:\/\/agora.xtec.cat\/iesaran\/?page_id=601"},"modified":"2022-10-19T10:39:19","modified_gmt":"2022-10-19T08:39:19","slug":"licitacions","status":"publish","type":"page","link":"https:\/\/agora.xtec.cat\/iesaran\/linstitut\/licitacions\/","title":{"rendered":"Licitacions"},"content":{"rendered":"<h6>Adjuntem el link de l\u2019anunci que hem publicat a la Web de Contractaci\u00f3 P\u00fablica per el servei de neteja de les depend\u00e8ncies de l\u2019Institut d\u2019Aran<\/h6>\n<h6>LINK:\u00a0\u00a0\u00a0\u00a0 <a href=\"https:\/\/contractaciopublica.gencat.cat\/ecofin_pscp\/AppJava\/notice.pscp?reqCode=viewCn&amp;idDoc=109963280&amp;lawType=\">ANUNCI CONTRACTACI\u00d3<\/a><\/h6>\n<h6><\/h6>\n<p>Calendari<\/p>\n","protected":false},"excerpt":{"rendered":"<p>Adjuntem el link de l\u2019anunci que hem publicat a la Web de Contractaci\u00f3 P\u00fablica per el servei de neteja de les depend\u00e8ncies de l\u2019Institut d\u2019Aran<br \/>\nLINK:\u00a0\u00a0\u00a0\u00a0 <a href=\"https:\/\/contractaciopublica.gencat.cat\/ecofin_pscp\/AppJava\/notice.pscp?reqCode=viewCn&amp;idDoc=109963280&amp;lawType=\">ANUNCI CONTRACTACI\u00d3<\/a><\/p>\n<p>Calendari<\/p>\n","protected":false},"author":1,"featured_media":0,"parent":19,"menu_order":90,"comment_status":"closed","ping_status":"closed","template":"page-templates\/side-menu.php","meta":{"_bbp_topic_count":0,"_bbp_reply_count":0,"_bbp_total_topic_count":0,"_bbp_total_reply_count":0,"_bbp_voice_count":0,"_bbp_anonymous_reply_count":0,"_bbp_topic_count_hidden":0,"_bbp_reply_count_hidden":0,"_bbp_forum_subforum_count":0,"footnotes":""},"class_list":["post-601","page","type-page","status-publish","hentry"],"post_mailing_queue_ids":[],"_links":{"self":[{"href":"https:\/\/agora.xtec.cat\/iesaran\/wp-json\/wp\/v2\/pages\/601","targetHints":{"allow":["GET"]}}],"collection":[{"href":"https:\/\/agora.xtec.cat\/iesaran\/wp-json\/wp\/v2\/pages"}],"about":[{"href":"https:\/\/agora.xtec.cat\/iesaran\/wp-json\/wp\/v2\/types\/page"}],"author":[{"embeddable":true,"href":"https:\/\/agora.xtec.cat\/iesaran\/wp-json\/wp\/v2\/users\/1"}],"replies":[{"embeddable":true,"href":"https:\/\/agora.xtec.cat\/iesaran\/wp-json\/wp\/v2\/comments?post=601"}],"version-history":[{"count":3,"href":"https:\/\/agora.xtec.cat\/iesaran\/wp-json\/wp\/v2\/pages\/601\/revisions"}],"predecessor-version":[{"id":16508,"href":"https:\/\/agora.xtec.cat\/iesaran\/wp-json\/wp\/v2\/pages\/601\/revisions\/16508"}],"up":[{"embeddable":true,"href":"https:\/\/agora.xtec.cat\/iesaran\/wp-json\/wp\/v2\/pages\/19"}],"wp:attachment":[{"href":"https:\/\/agora.xtec.cat\/iesaran\/wp-json\/wp\/v2\/media?parent=601"}],"curies":[{"name":"wp","href":"https:\/\/api.w.org\/{rel}","templated":true}]}}