{"id":592,"date":"2018-09-26T13:32:39","date_gmt":"2018-09-26T11:32:39","guid":{"rendered":"http:\/\/agora.xtec.cat\/iesaran\/?page_id=592"},"modified":"2019-02-28T10:55:03","modified_gmt":"2019-02-28T09:55:03","slug":"bachibac","status":"publish","type":"page","link":"https:\/\/agora.xtec.cat\/iesaran\/linstitut\/secretaria\/projecte-educatiu\/projectes\/bachibac\/","title":{"rendered":"Doble titulaci\u00f3 batxiller i baccalaur\u00e9at"},"content":{"rendered":"<p><strong>El Batxibac (curr\u00edculum mixte Batxillerat + Baccalaureat franc\u00e9s):<\/strong><\/p>\n<div><\/div>\n<p><img loading=\"lazy\" decoding=\"async\" src=\"http:\/\/www.iesaran.com\/images\/Imatges\/BatxiBac.jpg\" alt=\"BatxiBac\" width=\"164\" height=\"122\" \/>\u00a0\u00a0<a href=\"https:\/\/drive.google.com\/file\/d\/0B_dQFUDKhEMpME9zYkRaWjYwYVk\/view?usp=sharing\" target=\"_self\">Presentaci\u00f3 Batxibac INS ARAN (CLICK)<\/a><\/p>\n<p>\u00c9s una modalitat de batxillerat que es fa cursant 1\/3 de l\u2019horari lectiu en llengua francesa. Quan s&#8217;acaba es pot obtenir la doble titulaci\u00f3 de Batxillerat i Baccalaur\u00e9at, si s&#8217;aproven totes les mat\u00e8ries i se supera una prova externa.<\/p>\n<p align=\"justify\"><strong>Com s&#8217;organitza el Batxibac a l&#8217;Institut d&#8217;Aran?<\/strong><\/p>\n<p align=\"justify\">Es pot fer tant el batxillerat cient\u00edfic i tecnol\u00f2gic, com el social i human\u00edstic. En ambd\u00f3s casos es fan en franc\u00e9s les mat\u00e8ries de llengua i literatura francesa, a m\u00e9s d&#8217;hist\u00f2ria d&#8217;Espanya i de Fran\u00e7a, filosofia i hist\u00f2ria de la filosofia. Tamb\u00e9 el l&#8217;exposici\u00f3 del treball de recerca.<\/p>\n<p align=\"justify\"><strong>Estructura i distribuci\u00f3 de mat\u00e8ries comuns, de modalitat i optatives al batxibac<\/strong><\/p>\n<p><img loading=\"lazy\" decoding=\"async\" class=\"alignnone\" src=\"http:\/\/www.iesaran.com\/images\/Imatges\/bac1.JPG\" alt=\"bac1\" width=\"420\" height=\"293\" \/><\/p>\n<p><img loading=\"lazy\" decoding=\"async\" class=\"alignnone\" src=\"http:\/\/www.iesaran.com\/images\/Imatges\/bac2.JPG\" alt=\"bac2\" width=\"423\" height=\"285\" \/><\/p>\n<p align=\"justify\"><a href=\"https:\/\/dl.dropboxusercontent.com\/u\/14592227\/PROPOSTA%20CURRICULUM%20ESO%20BATX%20LOMCE%20INSTITUT%20ARAN.pdf\"><strong>Quines avantages t\u00e9?<\/strong><\/a><\/p>\n<p align=\"justify\">El Batxibac permet obtenir dos titulacions en dos anys (Batxillerat espanyol + Baccalaureat Franc\u00e9s). Permet accedir de manera directa a la Universitat espanyola i a la Universitat francesa, sempre i quan es superi la prova externa.<\/p>\n<p align=\"justify\">La proximitat de la Val d&#8217;Aran amb l&#8217;Estat Franc\u00e9s permet, a m\u00e9s, de gaudir de diferents activitats curriculars i acad\u00e8miques en intercanvi amb diferents Lyc\u00e9es propers.<strong>\u00a0<\/strong><\/p>\n<p align=\"justify\"><strong>Podeu tenir m\u00e9s informaci\u00f3 del Batxibac en la web de la Xtec:\u00a0<a href=\"http:\/\/www.xtec.cat\/web\/curriculum\/batxillerat\/baccalaureat\">http:\/\/www.xtec.cat\/web\/curriculum\/batxillerat\/baccalaureat<\/a><\/strong><\/p>\n","protected":false},"excerpt":{"rendered":"<p>El Batxibac (curr\u00edculum mixte Batxillerat + Baccalaureat franc\u00e9s):<\/p>\n<p>\u00a0\u00a0<a href=\"https:\/\/drive.google.com\/file\/d\/0B_dQFUDKhEMpME9zYkRaWjYwYVk\/view?usp=sharing\" target=\"_self\">Presentaci\u00f3 Batxibac INS ARAN (CLICK)<\/a><br \/>\n\u00c9s una modalitat de batxillerat que es fa cursant 1\/3 de l\u2019horari lectiu en llengua francesa. Quan s&#8217;acaba es pot obtenir la doble titulaci\u00f3 de Batxillerat i Baccalaur\u00e9at, si s&#8217;aproven totes les&hellip;  <a href=\"https:\/\/agora.xtec.cat\/iesaran\/linstitut\/secretaria\/projecte-educatiu\/projectes\/bachibac\/\" title=\"Read Doble titulaci\u00f3 batxiller i baccalaur\u00e9at\">Llegeix m\u00e9s\u00bb<\/a><\/p>\n","protected":false},"author":1,"featured_media":0,"parent":545,"menu_order":0,"comment_status":"closed","ping_status":"closed","template":"","meta":{"_bbp_topic_count":0,"_bbp_reply_count":0,"_bbp_total_topic_count":0,"_bbp_total_reply_count":0,"_bbp_voice_count":0,"_bbp_anonymous_reply_count":0,"_bbp_topic_count_hidden":0,"_bbp_reply_count_hidden":0,"_bbp_forum_subforum_count":0,"footnotes":""},"class_list":["post-592","page","type-page","status-publish","hentry"],"post_mailing_queue_ids":[],"_links":{"self":[{"href":"https:\/\/agora.xtec.cat\/iesaran\/wp-json\/wp\/v2\/pages\/592","targetHints":{"allow":["GET"]}}],"collection":[{"href":"https:\/\/agora.xtec.cat\/iesaran\/wp-json\/wp\/v2\/pages"}],"about":[{"href":"https:\/\/agora.xtec.cat\/iesaran\/wp-json\/wp\/v2\/types\/page"}],"author":[{"embeddable":true,"href":"https:\/\/agora.xtec.cat\/iesaran\/wp-json\/wp\/v2\/users\/1"}],"replies":[{"embeddable":true,"href":"https:\/\/agora.xtec.cat\/iesaran\/wp-json\/wp\/v2\/comments?post=592"}],"version-history":[{"count":4,"href":"https:\/\/agora.xtec.cat\/iesaran\/wp-json\/wp\/v2\/pages\/592\/revisions"}],"predecessor-version":[{"id":13949,"href":"https:\/\/agora.xtec.cat\/iesaran\/wp-json\/wp\/v2\/pages\/592\/revisions\/13949"}],"up":[{"embeddable":true,"href":"https:\/\/agora.xtec.cat\/iesaran\/wp-json\/wp\/v2\/pages\/545"}],"wp:attachment":[{"href":"https:\/\/agora.xtec.cat\/iesaran\/wp-json\/wp\/v2\/media?parent=592"}],"curies":[{"name":"wp","href":"https:\/\/api.w.org\/{rel}","templated":true}]}}