{"id":564,"date":"2018-09-26T13:29:45","date_gmt":"2018-09-26T11:29:45","guid":{"rendered":"http:\/\/agora.xtec.cat\/iesaran\/?page_id=564"},"modified":"2019-04-20T21:49:46","modified_gmt":"2019-04-20T19:49:46","slug":"cf-degestio-administrativa","status":"publish","type":"page","link":"https:\/\/agora.xtec.cat\/iesaran\/departaments\/cf-degestio-administrativa\/","title":{"rendered":"CF de gesti\u00f3 administrativa."},"content":{"rendered":"<p><strong>Gesti\u00f3 administrativa<\/strong><\/p>\n<p>La compet\u00e8ncia general d&#8217;aquest t\u00edtol consisteix a activitats de suport administratiu en l&#8217;\u00e0mbit laboral, comptable, comercial, financer i fiscal, aix\u00ed com d&#8217;atenci\u00f3 al client\/usuari, tant en empreses p\u00fabliques com en empreses privades, aplicant la normativa vigent i protocols de qualitat, assegurant la satisfacci\u00f3 del client i actuant segons les normes de prevenci\u00f3 de riscos laborals i de protecci\u00f3 ambiental.<\/p>\n<p><strong>COMPET\u00c8NCIES PROFESSIONALS, PERSONALS I SOCIALS<\/strong><\/p>\n<p><strong>\u00a0<\/strong><span style=\"font-family: inherit; font-size: 1em;\">Tramitar documents o comunicacions internes o externes en els circuits d\u2019informaci\u00f3 de l\u2019empresa.<\/span><\/p>\n<ol>\n<li>Elaborar documents i comunicacions a partir d\u2019ordres rebudes o informaci\u00f3 obtinguda.<\/li>\n<li>Classificar, registrar i arxivar comunicacions i documents segons les t\u00e8cniques apropiades i els par\u00e0metres establerts en l\u2019empresa.<\/li>\n<li>Registrar comptablement la documentaci\u00f3 suport corresponent a l\u2019operativa de l\u2019empresa e condicions de seguretat i qualitat.<\/li>\n<li>Realitzar gestions administratives de tresoreria, seguint les normes i protocols establerts per la ger\u00e8ncia a fi de mantenir la liquiditat de l\u2019organitzaci\u00f3.<\/li>\n<li>Efectuar les gestions administratives de les \u00e0rees de selecci\u00f3 i formaci\u00f3 dels recursos humans de l\u2019empresa, ajustant-se a la normativa vigent i a la pol\u00edtica empresarial, sota la supervisi\u00f3 del responsable superior del departament.<\/li>\n<li>Donar suport administratiu en l\u2019\u00e0rea de gesti\u00f3 laboral de l\u2019empresa ajustant-se a la normativa vigent i sota la supervisi\u00f3 del responsable superior del departament.<\/li>\n<li>Realitzar les gestions administratives de l\u2019activitat comercial registrant la documentaci\u00f3 suport corresponent a determinades obligacions fiscals derivades.<\/li>\n<li>Desenvolupar les activitats d\u2019atenci\u00f3 al client\/usuari en l\u2019\u00e0mbit administratiu i comercial assegurant els nivells de qualitat establerts i relacionats amb la imatge de l\u2019empresa\/instituci\u00f3.<\/li>\n<li>Aplicar els protocols de seguretat laboral i ambiental, higiene i qualitat durant tot el proc\u00e9s productiu, per evitar danys en les persones i el medi ambient.<\/li>\n<li>Complir amb els objectius de la producci\u00f3, actuant conforme als principis de responsabilitat i mantenint unes relacions professionals adequades amb els membres de l\u2019equip de treball.<\/li>\n<li>Resoldre problemes i prendre decisions individuals seguint les normes i procediments establerts, definits dins de l\u2019\u00e0mbit de la seva compet\u00e8ncia.<\/li>\n<li>Mantenir l\u2019esperit d\u2019innovaci\u00f3, de millora dels processos de producci\u00f3 i d\u2019actualitzaci\u00f3 de coneixements en l\u2019\u00e0mbit del seu treball.<\/li>\n<li>Exercir els seus drets i complir amb les obligacions derivades de les relacions laborals, d\u2019acord amb l\u2019establert en la legislaci\u00f3 vigent.<\/li>\n<li>Detectar i analitzar oportunitats d\u2019ocupaci\u00f3 i autoocupaci\u00f3 desenvolupant una cultura emprenedora i adaptant-se a diferents llocs de treball i noves situacions.<\/li>\n<li>Participar de forma activa en la vida econ\u00f2mica, social i cultural, amb una actitud cr\u00edtica i responsable.<\/li>\n<li>Participar en les activitats de l\u2019empresa amb respecte i actituds de toler\u00e0ncia.<\/li>\n<li>Adaptar-se a diferents llocs de treball i noves situacions laborals originats per canvis tecnol\u00f2gics i organitzatius en els processos productius.<\/li>\n<li>Participar en el treball en equip respectant la jerarquia definida en l\u2019organitzaci\u00f3.<\/li>\n<\/ol>\n<p><strong>CURRICULUM<\/strong><\/p>\n<table>\n<tbody>\n<tr>\n<td width=\"260\"><strong>M\u00f2duls Professionals<\/strong><\/td>\n<td width=\"81\"><strong><em>Hores m\u00e0x-m\u00edn<\/em><\/strong><\/td>\n<td width=\"47\"><strong><em>HLLD<\/em><\/strong><\/td>\n<td width=\"279\"><strong>Unitats formatives<\/strong><\/td>\n<td width=\"74\"><strong><em>Hores m\u00ednimes<\/em><\/strong><\/td>\n<\/tr>\n<tr>\n<td width=\"260\">01 Comunicaci\u00f3 empresarial i atenci\u00f3 al client **<\/td>\n<td width=\"81\">165-132<\/td>\n<td width=\"47\">33<\/td>\n<td width=\"279\">UF 1 Comunicaci\u00f3 empresarial oral<\/td>\n<td width=\"74\">33<\/td>\n<\/tr>\n<tr>\n<td width=\"260\"><\/td>\n<td width=\"81\"><\/td>\n<td width=\"47\"><\/td>\n<td width=\"279\">UF 2 Comunicaci\u00f3 empresarial escrita<\/td>\n<td width=\"74\">33<\/td>\n<\/tr>\n<tr>\n<td width=\"260\"><\/td>\n<td width=\"81\"><\/td>\n<td width=\"47\"><\/td>\n<td width=\"279\">UF 3 Sistemes d\u2019arxiu<\/td>\n<td width=\"74\">33<\/td>\n<\/tr>\n<tr>\n<td width=\"260\"><\/td>\n<td width=\"81\"><\/td>\n<td width=\"47\"><\/td>\n<td width=\"279\">UF 4 Atenci\u00f3 al client\/usuari<\/td>\n<td width=\"74\">33<\/td>\n<\/tr>\n<tr>\n<td width=\"260\">02 Operacions administratives de compravenda *<\/td>\n<td width=\"81\">165-132<\/td>\n<td width=\"47\">33<\/td>\n<td width=\"279\">UF 1 Circuit administratiu de la compravenda<\/td>\n<td width=\"74\">66<\/td>\n<\/tr>\n<tr>\n<td width=\"260\"><\/td>\n<td width=\"81\"><\/td>\n<td width=\"47\"><\/td>\n<td width=\"279\">UF 2 Gesti\u00f3 d\u2019estocs<\/td>\n<td width=\"74\">33<\/td>\n<\/tr>\n<tr>\n<td width=\"260\"><\/td>\n<td width=\"81\"><\/td>\n<td width=\"47\"><\/td>\n<td width=\"279\">UF3 Declaracions fiscals derivades de la compravenda<\/td>\n<td width=\"74\">33<\/td>\n<\/tr>\n<tr>\n<td width=\"260\">03 Operacions administratives de recursos humans<\/td>\n<td width=\"81\">99<\/td>\n<td width=\"47\"><\/td>\n<td width=\"279\">UF 1 Selecci\u00f3 i formaci\u00f3<\/td>\n<td width=\"74\">33<\/td>\n<\/tr>\n<tr>\n<td width=\"260\"><\/td>\n<td width=\"81\"><\/td>\n<td width=\"47\"><\/td>\n<td width=\"279\">UF 2 Contractaci\u00f3 i retribuci\u00f3<\/td>\n<td width=\"74\">33<\/td>\n<\/tr>\n<tr>\n<td width=\"260\"><\/td>\n<td width=\"81\"><\/td>\n<td width=\"47\"><\/td>\n<td width=\"279\">UF 3 Processos de l\u2019activitat laboral<\/td>\n<td width=\"74\">33<\/td>\n<\/tr>\n<tr>\n<td width=\"260\">04 Operacions auxiliars de gesti\u00f3 de tresoreria **<\/td>\n<td width=\"81\">132<\/td>\n<td width=\"47\"><\/td>\n<td width=\"279\">UF 1 Control de tresoreria<\/td>\n<td width=\"74\">33<\/td>\n<\/tr>\n<tr>\n<td width=\"260\"><\/td>\n<td width=\"81\"><\/td>\n<td width=\"47\"><\/td>\n<td width=\"279\">UF 2 Tramitaci\u00f3 d\u2019instruments financers i id\u2019assegurances<\/td>\n<td width=\"74\">66<\/td>\n<\/tr>\n<tr>\n<td width=\"260\"><\/td>\n<td width=\"81\"><\/td>\n<td width=\"47\"><\/td>\n<td width=\"279\">UF 3 Operacions financeres b\u00e0siques<\/td>\n<td width=\"74\">33<\/td>\n<\/tr>\n<tr>\n<td width=\"260\">05 T\u00e8cnica comptable<\/td>\n<td width=\"81\">165-132<\/td>\n<td width=\"47\">33<\/td>\n<td width=\"279\">UF 1 Patrimoni i metodologia comptable<\/td>\n<td width=\"74\">33<\/td>\n<\/tr>\n<tr>\n<td rowspan=\"2\" width=\"260\"><\/td>\n<td rowspan=\"2\" width=\"81\"><\/td>\n<td rowspan=\"2\" width=\"47\"><\/td>\n<td width=\"279\">UF 2 Cicle comptable b\u00e0sic<\/td>\n<td width=\"74\">33<\/td>\n<\/tr>\n<tr>\n<td width=\"279\">UF 3 Cicle comptable mitj\u00e0<\/td>\n<td width=\"74\">66<\/td>\n<\/tr>\n<tr>\n<td width=\"260\">06 Tractament de la documentaci\u00f3 comptable *<\/td>\n<td width=\"81\">132-99<\/td>\n<td width=\"47\">33<\/td>\n<td width=\"279\">UF 1 Preparaci\u00f3 i codificaci\u00f3 comptable<\/td>\n<td width=\"74\">33<\/td>\n<\/tr>\n<tr>\n<td width=\"260\"><\/td>\n<td width=\"81\"><\/td>\n<td width=\"47\"><\/td>\n<td width=\"279\">UF 2 Registre comptable<\/td>\n<td width=\"74\">36<\/td>\n<\/tr>\n<tr>\n<td width=\"260\"><\/td>\n<td width=\"81\"><\/td>\n<td width=\"47\"><\/td>\n<td width=\"279\">UF 3 Comptes anuals b\u00e0sics<\/td>\n<td width=\"74\">15<\/td>\n<\/tr>\n<tr>\n<td width=\"260\"><\/td>\n<td width=\"81\"><\/td>\n<td width=\"47\"><\/td>\n<td width=\"279\">UF 4\u00a0 Verificaci\u00f3 i control intern<\/td>\n<td width=\"74\">15<\/td>\n<\/tr>\n<tr>\n<td width=\"260\">07\u00a0 Tractament inform\u00e0tic de la informaci\u00f3 *<\/td>\n<td width=\"81\">231<\/td>\n<td width=\"47\"><\/td>\n<td width=\"279\">UF 1 Tecnologia i comunicacions digitals<\/td>\n<td width=\"74\">33<\/td>\n<\/tr>\n<tr>\n<td width=\"260\"><\/td>\n<td width=\"81\"><\/td>\n<td width=\"47\"><\/td>\n<td width=\"279\">UF 2 Ordinografia i gravaci\u00f3 de dades<\/td>\n<td width=\"74\">33<\/td>\n<\/tr>\n<tr>\n<td width=\"260\"><\/td>\n<td width=\"81\"><\/td>\n<td width=\"47\"><\/td>\n<td width=\"279\">UF 3 Tractament de la informaci\u00f3 escrita i num\u00e8rica<\/td>\n<td width=\"74\">66<\/td>\n<\/tr>\n<tr>\n<td width=\"260\"><\/td>\n<td width=\"81\"><\/td>\n<td width=\"47\"><\/td>\n<td width=\"279\">UF 4 Tractament de dades i integraci\u00f3 d\u2019aplicacions<\/td>\n<td width=\"74\">33<\/td>\n<\/tr>\n<tr>\n<td width=\"260\"><\/td>\n<td width=\"81\"><\/td>\n<td width=\"47\"><\/td>\n<td width=\"279\">UF 5 Presentacions multim\u00e8dia de continguts<\/td>\n<td width=\"74\">33<\/td>\n<\/tr>\n<tr>\n<td width=\"260\"><\/td>\n<td width=\"81\"><\/td>\n<td width=\"47\"><\/td>\n<td width=\"279\">UF 6 Eines d\u2019internet per a l&#8217;empresa<\/td>\n<td width=\"74\">33<\/td>\n<\/tr>\n<tr>\n<td rowspan=\"2\" width=\"260\">08 Operacions administratives de suport *<\/td>\n<td rowspan=\"2\" width=\"81\">66<\/td>\n<td rowspan=\"2\" width=\"47\"><\/td>\n<td width=\"279\">UF 1 Selecci\u00f3 i tractament de la informaci\u00f3<\/td>\n<td width=\"74\">33<\/td>\n<\/tr>\n<tr>\n<td width=\"279\">UF 2 Operacions log\u00edstiques de suport administratiu<\/td>\n<td width=\"74\">33<\/td>\n<\/tr>\n<tr>\n<td width=\"260\">09 Angl\u00e8s<\/td>\n<td width=\"81\">99<\/td>\n<td width=\"47\"><\/td>\n<td width=\"279\">UF 1 Angl\u00e8s t\u00e8cnic<\/td>\n<td width=\"74\">99<\/td>\n<\/tr>\n<tr>\n<td rowspan=\"4\" width=\"260\">10 Empresa i Administraci\u00f3 **<\/td>\n<td rowspan=\"4\" width=\"81\">165<\/td>\n<td rowspan=\"4\" width=\"47\"><\/td>\n<td width=\"279\">UF 1 Innovaci\u00f3 i emprenedoria<\/td>\n<td width=\"74\">33<\/td>\n<\/tr>\n<tr>\n<td width=\"279\">UF 2 Empresa i activitat econ\u00f2mica<\/td>\n<td width=\"74\">24<\/td>\n<\/tr>\n<tr>\n<td width=\"279\">UF 3 Administraci\u00f3 p\u00fablica<\/td>\n<td width=\"74\">60<\/td>\n<\/tr>\n<tr>\n<td width=\"279\">UF 4 Fiscalitat empresarial b\u00e0sica<\/td>\n<td width=\"74\">48<\/td>\n<\/tr>\n<tr>\n<td width=\"260\">11 Empresa a l\u2019aula *<\/td>\n<td width=\"81\">132<\/td>\n<td width=\"47\"><\/td>\n<td width=\"279\">UF 1 Empresa a l\u2019aula<\/td>\n<td width=\"74\">132<\/td>\n<\/tr>\n<tr>\n<td width=\"260\">12 Formaci\u00f3 i orientaci\u00f3 laboral<\/td>\n<td width=\"81\">99<\/td>\n<td width=\"47\"><\/td>\n<td width=\"279\">UF 1 Incorporaci\u00f3 al treball<\/td>\n<td width=\"74\">66<\/td>\n<\/tr>\n<tr>\n<td width=\"260\"><\/td>\n<td width=\"81\"><\/td>\n<td width=\"47\"><\/td>\n<td width=\"279\">UF 2 Prevenci\u00f3 de riscos laborals<\/td>\n<td width=\"74\">33<\/td>\n<\/tr>\n<tr>\n<td width=\"260\">13 Formaci\u00f3 en centres de treball<\/td>\n<td width=\"81\">350<\/td>\n<td width=\"47\"><\/td>\n<td width=\"279\"><\/td>\n<td width=\"74\"><\/td>\n<\/tr>\n<tr>\n<td width=\"260\">Total<\/td>\n<td width=\"81\">2000<\/td>\n<td width=\"47\">132<\/td>\n<td width=\"279\"><\/td>\n<td width=\"74\"><\/td>\n<\/tr>\n<\/tbody>\n<\/table>\n","protected":false},"excerpt":{"rendered":"<p>Gesti\u00f3 administrativa<br \/>\nLa compet\u00e8ncia general d&#8217;aquest t\u00edtol consisteix a activitats de suport administratiu en l&#8217;\u00e0mbit laboral, comptable, comercial, financer i fiscal, aix\u00ed com d&#8217;atenci\u00f3 al client\/usuari, tant en empreses p\u00fabliques com en empreses privades, aplicant la normativa vigent i protocols de qualitat, assegurant la satisfacci\u00f3 del&hellip;  <a href=\"https:\/\/agora.xtec.cat\/iesaran\/departaments\/cf-degestio-administrativa\/\" title=\"Read CF de gesti\u00f3 administrativa.\">Llegeix m\u00e9s\u00bb<\/a><\/p>\n","protected":false},"author":1,"featured_media":0,"parent":525,"menu_order":9,"comment_status":"closed","ping_status":"closed","template":"page-templates\/side-menu.php","meta":{"_bbp_topic_count":0,"_bbp_reply_count":0,"_bbp_total_topic_count":0,"_bbp_total_reply_count":0,"_bbp_voice_count":0,"_bbp_anonymous_reply_count":0,"_bbp_topic_count_hidden":0,"_bbp_reply_count_hidden":0,"_bbp_forum_subforum_count":0,"footnotes":""},"class_list":["post-564","page","type-page","status-publish","hentry"],"post_mailing_queue_ids":[],"_links":{"self":[{"href":"https:\/\/agora.xtec.cat\/iesaran\/wp-json\/wp\/v2\/pages\/564","targetHints":{"allow":["GET"]}}],"collection":[{"href":"https:\/\/agora.xtec.cat\/iesaran\/wp-json\/wp\/v2\/pages"}],"about":[{"href":"https:\/\/agora.xtec.cat\/iesaran\/wp-json\/wp\/v2\/types\/page"}],"author":[{"embeddable":true,"href":"https:\/\/agora.xtec.cat\/iesaran\/wp-json\/wp\/v2\/users\/1"}],"replies":[{"embeddable":true,"href":"https:\/\/agora.xtec.cat\/iesaran\/wp-json\/wp\/v2\/comments?post=564"}],"version-history":[{"count":2,"href":"https:\/\/agora.xtec.cat\/iesaran\/wp-json\/wp\/v2\/pages\/564\/revisions"}],"predecessor-version":[{"id":14162,"href":"https:\/\/agora.xtec.cat\/iesaran\/wp-json\/wp\/v2\/pages\/564\/revisions\/14162"}],"up":[{"embeddable":true,"href":"https:\/\/agora.xtec.cat\/iesaran\/wp-json\/wp\/v2\/pages\/525"}],"wp:attachment":[{"href":"https:\/\/agora.xtec.cat\/iesaran\/wp-json\/wp\/v2\/media?parent=564"}],"curies":[{"name":"wp","href":"https:\/\/api.w.org\/{rel}","templated":true}]}}