{"id":545,"date":"2018-09-26T13:26:09","date_gmt":"2018-09-26T11:26:09","guid":{"rendered":"http:\/\/agora.xtec.cat\/iesaran\/?page_id=545"},"modified":"2021-02-21T12:34:09","modified_gmt":"2021-02-21T11:34:09","slug":"projectes","status":"publish","type":"page","link":"https:\/\/agora.xtec.cat\/iesaran\/linstitut\/secretaria\/projecte-educatiu\/projectes\/","title":{"rendered":"Un centre de Qualitat e Milhora"},"content":{"rendered":"<div>\n<h1><span style=\"color: #000000;\"><strong>INSTITUT D&#8217;ARAN: un Centre de Qualitat e Milhora.<\/strong><\/span><\/h1>\n<\/div>\n<div><\/div>\n<div>\n<p style=\"text-align: justify;\"><span style=\"color: #000000;\">Er Institut d\u2019Aran des de h\u00e8 f\u00f2r\u00e7a temps a amiat un conjunt d\u2019accions e proaccions pr\u2019amor d\u2019art\u00e9nher era excell\u00e9ncia educativa. Aguest proc\u00e8s ei eth frut dera implicaci\u00f3n de tota era comunitat educativa: escolans, pairs e mairs, docents, administracions locaus e educatives, e diu\u00e8rses entitats d\u2019Aran.<\/span><\/p>\n<p style=\"text-align: justify;\"><span style=\"color: #000000;\">Er Institut a estat tostemp conscient dera importancia d\u2019ua bona educaci\u00f3n. Es professionaus e era r\u00e8sta dera comunitat educativa trebalhan ent\u00e0 cercar era milhora continua e era satisfaccion de totes es persones implicades. Per a\u00e7\u00f2, eth n\u00f2ste objectiu compartit ei d\u2019establir ua linha de trebalh e d\u2019exit pr\u2019amor qu\u2019es v\u00f2sti hilhs siguen en un centre educatiu de qualitat contrastada.<\/span><\/p>\n<\/div>\n<div><\/div>\n<div>\n<div class=\"avPlayerWrapper avVideo\">\n<div class=\"avPlayerContainer\">\n<div id=\"AVPlayerID_0_e051b354947c062e04a7cc5d2e4395c6\" class=\"avPlayerBlock\" style=\"text-align: center;\"><iframe loading=\"lazy\" src=\"https:\/\/www.youtube.com\/embed\/6fAeGBIWDdM\" width=\"560\" height=\"315\" frameborder=\"0\"><\/iframe><\/div>\n<\/div>\n<\/div>\n<\/div>\n<div><\/div>\n<div><\/div>\n<div><\/div>\n<div><\/div>\n<div><span style=\"color: #000000;\"><strong style=\"font-family: inherit; font-size: 1em; text-align: justify;\">En Institut d\u2019Aran poderatz trapar:<\/strong><\/span><\/div>\n<div><span style=\"color: #000000;\">\u00a0<\/span><\/div>\n<div>\n<p style=\"text-align: justify;\"><span style=\"color: #000000;\">En relacion a\u2026\u2026 :<strong>\u00a0<\/strong><\/span><\/p>\n<p style=\"text-align: justify;\"><span style=\"color: #000000;\"><strong>ER AMBIT PEDAGOGIC:<\/strong><\/span><\/p>\n<ol style=\"text-align: justify;\">\n<li><span style=\"color: #000000;\">Atencion educativa e psicopedagogica personalizada as besonhs deth v\u00f2ste hilh\/a. damb programes de diversificacion curriculara, atencions individualizades e especifiques, trebalh en petiti grops, trebalhs deref\u00f2r\u00e7 e\/o ampliacion\u2026<\/span><\/li>\n<li><span style=\"color: #000000;\">Organitzacion deth Centre per equips docents, pr\u2019amor d\u2019afavorir eth seguiment pedagogic der alumnat.<\/span><\/li>\n<li><span style=\"color: #000000;\">Un Plan d\u2019Accion Tutoriau suenhat se realizen tutories de seguiment en tot art\u00e9nher ua r\u00e0tio de mens de 10 escolans per cada tutor\/itz.<\/span><\/li>\n<li><span style=\"color: #000000;\">Impuls dera formacion int\u00e8rna deth professorat. Professorat implicat e organizat en equips de milhora int\u00e8rns: ent\u00e0s programacions didactiques, entath cai\u00e8r deth professorat, entath desvolopament de contenguts digitaus, entath trabalh especific en Plan d\u2019Accion Tutoriau, en Educacion Emocionau\u2026<\/span><\/li>\n<li><span style=\"color: #000000;\">Artenhuda d\u2019un consens \u00a0adequat respecte ath Proj\u00e8cte Ling\u00fcistic que garant\u00eds era competencia ling\u00fc\u00edstica en cinc leng\u00fces: castelhan, occitan (aran\u00e9s), angl\u00e9s e franc\u00e9s.<\/span><\/li>\n<li><span style=\"color: #000000;\">Implantacion i reformulacion deth proj\u00e8cte Educat 2.0 a trau\u00e8s deth PLA TAC ent\u00e0 afavorir era compet\u00e9ncia digitau des n\u00f2sti escolans.<\/span><\/li>\n<li><span style=\"color: #000000;\">Milhora der abit lector a trau\u00e8s deth programa \u201cImpuls ara Lectura\u201d, e milhora der espaci dera Bibliot\u00e8ca. Coordinacion damb nera bibliot\u00e8ca municipau.<\/span><\/li>\n<li><span style=\"color: #000000;\">Coordinacion damb eth Servici Aran\u00e9s dera Salut (SAS) d\u2019ua s\u00e8rie d\u2019actuacions pr\u2019amor de sensibilizar e informar es escolans sus abits saludables (nutricion e activitat f\u00edsica)<\/span><\/li>\n<li><span style=\"color: #000000;\">Trebalh sus educacion emocionau damb er alumnat de 1r. cicle d\u2019ESO.<\/span><\/li>\n<li><span style=\"color: #000000;\">Proj\u00e8cte de relacion internacionau damb Instituts de Fran\u00e7a e Estats Units damb er objectiu de potenciar es leng\u00fces estrang\u00e8res.<\/span><\/li>\n<\/ol>\n<p style=\"text-align: justify;\"><span style=\"color: #000000;\"><strong>ERA AUF\u00c8RTA ACAD\u00c8MICA:<\/strong><\/span><\/p>\n<ol style=\"text-align: justify;\">\n<li><span style=\"color: #000000;\">S\u2019a impulsat e organizat ua FP adaptada ar entorn, ent\u00e0s familhes d\u2019Administracion e Esp\u00f2rts. Ena FP s\u2019a potenciat eth Plan d\u2019Impuls ar Angl\u00e9s.<\/span><\/li>\n<li><span style=\"color: #000000;\">S\u2019a establit un conv\u00e8ni damb Er Institut Obert de Catalonha (IOC) ent\u00e0 afavorir e aumentar era oferta academica en Bachilherat.<\/span><\/li>\n<li><span style=\"color: #000000;\">Conv\u00e8ni damb eth Conselh Generau ena implantacion deth Centre de Tecnificacion d\u2019Esp\u00f2rts d\u2019Hiv\u00e8rn, que da sup\u00f2rt integrau a toti es joeni esportistes qu\u2019an estat seleccionadi pera Federacion d\u2019Esp\u00f2rts d\u2019Hivern.<\/span><\/li>\n<li><span style=\"color: #000000;\">Desvolopament deth Programa d\u2019Acreditacion professionau \u00a0entad aqueres persones que vien deth mon laborau e v\u00f2len acreditar documentaument era sua experiencia professionau.<\/span><\/li>\n<\/ol>\n<p style=\"text-align: justify;\"><span style=\"color: #000000;\"><strong>ACTIVITATS EXTRAESCOLARES:<\/strong><\/span><\/p>\n<ol style=\"text-align: justify;\">\n<li><span style=\"color: #000000;\">Potenciacion des activitats extraescolares a trau\u00e8s deth PCEE (Associacion Esportiva der Institut d\u2019Aran). I a un ampli ventalh d\u2019activitats ent\u00e0 escu\u00e9lher de tipe esportiu e culturau.<\/span><\/li>\n<\/ol>\n<p style=\"text-align: justify;\"><span style=\"color: #000000;\"><strong>RECORSI \u00a0E MILHORES ARTENHUDES:<\/strong><\/span><\/p>\n<ol style=\"text-align: justify;\">\n<li><span style=\"color: #000000;\">Rehabilitacion integrau dera bastissa.<\/span><\/li>\n<li><span style=\"color: #000000;\">Establiment deth Plan estrategic especific damb eth Departament d\u2019Ensenhament (damb ua aportacion econ\u00f3mica \u00e8xtre de m\u00e8s de 80.000 \u20ac)<\/span><\/li>\n<li><span style=\"color: #000000;\">Artenhuda deth \u00a0\u201cCertificat de Qualitat e Milhora Continua ISO 9001\u201d, que certifique \u00a0qu\u2019eth centre dispause d\u2019ua s\u00e8rie de mecanismos organizatius e de gestion ent\u00e0 asegurar era plia satisfaccion des s\u00f2ns usatg\u00e8rs (encara qu\u2019era terminologia utilizada \u201cusatg\u00e8r\u201d non m\u2019agrade pas guaire de cara ath public en generau).<\/span><\/li>\n<li><span style=\"color: #000000;\">Melhora substanciau dera contractacion dera empresa de neteja deth Centre.<\/span><\/li>\n<li><span style=\"color: #000000;\">Digitalitzacion des aules ordin\u00e0ries ent\u00e0 que tot er alumnat e professorat age acc\u00e8s as naues tecnologies. Damb ua dotacion d\u2019inversion artenhuda de m\u00e8s de 114.000 \u20ac.<\/span><\/li>\n<li><span style=\"color: #000000;\">Creacion d\u2019ua imatge corporativa de centre (Logo der Institut d\u2019Aran)<\/span><\/li>\n<li><span style=\"color: #000000;\">Milhora e desvolopament deth Plan de Risques Laboraus.<\/span><\/li>\n<li><span style=\"color: #000000;\">Dotacion d\u2019aules especifiques: laborat\u00f2ri d\u2019idi\u00f2mes, aula de musica e biblioteca..<\/span><\/li>\n<li><span style=\"color: #000000;\">Equipament e adequacion totau d\u2019espacis coma es laborat\u00f2ris de F\u00edsica e Quimica, eth de Biologia e es talh\u00e8rs de Tecnologia.<\/span><\/li>\n<li><span style=\"color: #000000;\">Establiment servici de cafeteria ent\u00e0 qu\u2019es escolans agen era possibilitat de minjar adquadament ara ora dera recreacion.<\/span><\/li>\n<li><span style=\"color: #000000;\">Implantacion dera jornada compactada.<\/span><\/li>\n<li><span style=\"color: #000000;\">Acc\u00e8s ath servici de minjador damb era flambi\u00e8ra (carmanyola) damb eth sup\u00f2rt der AMPA<\/span><\/li>\n<\/ol>\n<p style=\"text-align: justify;\"><strong>COMUNICACION DAMB ER ENTORN:<\/strong><\/p>\n<ol style=\"text-align: justify;\">\n<li><span style=\"color: #000000;\">Desvolopament dera web deth Centre e canaus de comunicacion associadi (Facebook, corr\u00e8u electronic, B\u00f3stia de suggerimentgs electr\u00f3nica\u2026)<\/span><\/li>\n<li><span style=\"color: #000000;\">Potenciacion d\u2019espacis assamblearis damb er alumnat, coma eth Conselh de Delegats.<\/span><\/li>\n<li><span style=\"color: #000000;\">Potenciacion dera formaci\u00f3n des dinamizadors e des mediadors deth Centre.<\/span><\/li>\n<li><span style=\"color: #000000;\">Implantacion dera H\u00e8sta dera Graduacion.<\/span><\/li>\n<li><span style=\"color: #000000;\">Creacion e desvolopament dera Esc\u00f2la de Pairs de Mairs.<\/span><\/li>\n<\/ol>\n<p style=\"text-align: justify;\"><span style=\"color: #000000;\">Actualment els Projectes que es desenvolupen a l\u2019INS. d\u2019ARAN s\u00f3n els seg\u00fcents:<\/span><\/p>\n<ul style=\"text-align: justify;\">\n<li><span style=\"color: #000000;\"><a style=\"color: #000000;\" href=\"http:\/\/www.iesaran.com\/index.php?option=com_content&amp;view=article&amp;id=24\">Projecte Batxibac<\/a><\/span><\/li>\n<li><span style=\"color: #000000;\">Projecte Intercanvis amb Woodstock i Quebec<\/span><\/li>\n<li><span style=\"color: #000000;\"><a style=\"color: #000000;\" href=\"http:\/\/www.xtec.cat\/web\/innovacio\/pqmc\">Certificaci\u00f3 de Qualitat ISO: 2008<\/a><\/span><\/li>\n<li><span style=\"color: #000000;\">El Pla d\u2019Autonomia del Centre<\/span><\/li>\n<li><span style=\"color: #000000;\"><a style=\"color: #000000;\" href=\"http:\/\/www.iesaran.com\/index.php?option=com_content&amp;view=article&amp;id=246\">El Programa d\u2019Assessorament i Reconeixement Professional<\/a><\/span><\/li>\n<li><span style=\"color: #000000;\"><a style=\"color: #000000;\" href=\"http:\/\/www.iesaran.com\/index.php?option=com_content&amp;view=article&amp;id=98&amp;Itemid=98\">El Pla Catal\u00e0 de l\u2019Esport a l\u2019escola (Associaci\u00f3 Esportiva INS. d\u2019 ARAN)<\/a><\/span><\/li>\n<li><span style=\"color: #000000;\"><a style=\"color: #000000;\" href=\"http:\/\/educat.xtec.cat\/\">L\u2019Educat 2.0<\/a><\/span><\/li>\n<li><span style=\"color: #000000;\"><a style=\"color: #000000;\" href=\"http:\/\/bibliotecainsdaran.blogspot.com.es\/\">L\u2019espai de la Biblioteca<\/a><\/span><\/li>\n<li><span style=\"color: #000000;\">Pla de conviv\u00e8ncia (Mediaci\u00f3 Escolar)<\/span><\/li>\n<li><span style=\"color: #000000;\">El Pl\u00e0 d\u2019impuls d\u2019angl\u00e8s<\/span><\/li>\n<li><span style=\"color: #000000;\">Projecte d\u2019experimentaci\u00f3 amb la Vall di Fassa (per l\u2019establiment de treballs de recerca al Batxillerat)<\/span><\/li>\n<li><span style=\"color: #000000;\">Projecte de treball compartit amb centres de Fran\u00e7a per la millora de l\u2019expressi\u00f3 escrita i oral.<\/span><\/li>\n<li><span style=\"color: #000000;\"><a style=\"color: #000000;\" href=\"http:\/\/www20.gencat.cat\/portal\/site\/Educacio\/menuitem.a942a3586bf3ec184ed22010b0c0e1a0\/?vgnextoid=59cbd414d6330210VgnVCM1000008d0c1e0aRCRD&amp;vgnextchannel=59cbd414d6330210VgnVCM1000008d0c1e0aRCRD&amp;vgnextfmt=default\">Centre formador d\u2019estudiants universitaris.<\/a><\/span><\/li>\n<\/ul>\n<p style=\"text-align: justify;\"><span style=\"color: #000000;\">A banda hi ha els projectes interns d\u2019atenci\u00f3 a la diversitat:<\/span><\/p>\n<ul style=\"text-align: justify;\">\n<li><span style=\"color: #000000;\">El Projecte \u201cTu si que pots\u201d<\/span><\/li>\n<li><span style=\"color: #000000;\">L\u2019Aula d\u2019Acollida<\/span><\/li>\n<li><span style=\"color: #000000;\">La USEE (Unitat de Suport a l\u2019Educaci\u00f3 Especial)<\/span><\/li>\n<\/ul>\n<p style=\"text-align: justify;\"><span style=\"color: #000000;\"><strong>E f\u00f2r\u00e7a causes m\u00e8s!\u2026 \u00a0gr\u00e0cies ara implicacion generosa de toti.<\/strong><\/span><\/p>\n<p style=\"text-align: justify;\"><span style=\"color: #000000;\"><strong>Sajam de milhorar dia a dia, perque er Institut d\u2019Aran ei eth t\u00f2n Institut.<\/strong><\/span><\/p>\n<\/div>\n","protected":false},"excerpt":{"rendered":"<p>INSTITUT D&#8217;ARAN: un Centre de Qualitat e Milhora.<\/p>\n<p>Er Institut d\u2019Aran des de h\u00e8 f\u00f2r\u00e7a temps a amiat un conjunt d\u2019accions e proaccions pr\u2019amor d\u2019art\u00e9nher era excell\u00e9ncia educativa. Aguest proc\u00e8s ei eth frut dera implicaci\u00f3n de tota era comunitat educativa: escolans, pairs e mairs, docents, administracions&hellip;  <a href=\"https:\/\/agora.xtec.cat\/iesaran\/linstitut\/secretaria\/projecte-educatiu\/projectes\/\" title=\"Read Un centre de Qualitat e Milhora\">Llegeix m\u00e9s\u00bb<\/a><\/p>\n","protected":false},"author":1,"featured_media":0,"parent":57,"menu_order":4,"comment_status":"closed","ping_status":"closed","template":"","meta":{"_bbp_topic_count":0,"_bbp_reply_count":0,"_bbp_total_topic_count":0,"_bbp_total_reply_count":0,"_bbp_voice_count":0,"_bbp_anonymous_reply_count":0,"_bbp_topic_count_hidden":0,"_bbp_reply_count_hidden":0,"_bbp_forum_subforum_count":0,"footnotes":""},"class_list":["post-545","page","type-page","status-publish","hentry"],"post_mailing_queue_ids":[],"_links":{"self":[{"href":"https:\/\/agora.xtec.cat\/iesaran\/wp-json\/wp\/v2\/pages\/545","targetHints":{"allow":["GET"]}}],"collection":[{"href":"https:\/\/agora.xtec.cat\/iesaran\/wp-json\/wp\/v2\/pages"}],"about":[{"href":"https:\/\/agora.xtec.cat\/iesaran\/wp-json\/wp\/v2\/types\/page"}],"author":[{"embeddable":true,"href":"https:\/\/agora.xtec.cat\/iesaran\/wp-json\/wp\/v2\/users\/1"}],"replies":[{"embeddable":true,"href":"https:\/\/agora.xtec.cat\/iesaran\/wp-json\/wp\/v2\/comments?post=545"}],"version-history":[{"count":4,"href":"https:\/\/agora.xtec.cat\/iesaran\/wp-json\/wp\/v2\/pages\/545\/revisions"}],"predecessor-version":[{"id":15740,"href":"https:\/\/agora.xtec.cat\/iesaran\/wp-json\/wp\/v2\/pages\/545\/revisions\/15740"}],"up":[{"embeddable":true,"href":"https:\/\/agora.xtec.cat\/iesaran\/wp-json\/wp\/v2\/pages\/57"}],"wp:attachment":[{"href":"https:\/\/agora.xtec.cat\/iesaran\/wp-json\/wp\/v2\/media?parent=545"}],"curies":[{"name":"wp","href":"https:\/\/api.w.org\/{rel}","templated":true}]}}