{"id":544,"date":"2018-09-26T13:26:09","date_gmt":"2018-09-26T11:26:09","guid":{"rendered":"http:\/\/agora.xtec.cat\/iesaran\/?page_id=544"},"modified":"2019-02-20T13:09:31","modified_gmt":"2019-02-20T12:09:31","slug":"vision-deth-centre","status":"publish","type":"page","link":"https:\/\/agora.xtec.cat\/iesaran\/linstitut\/secretaria\/projecte-educatiu\/vision-deth-centre\/","title":{"rendered":"Visi\u00f3n deth centre"},"content":{"rendered":"<p style=\"text-align: justify;\">L&#8217;Institut d\u2019Aran vol <strong>ser un motor educatiu i cultural del territori<\/strong>.<\/p>\n<p style=\"text-align: justify;\">Les caracter\u00edstiques culturals, i identitaries de la comarca determinen que la visi\u00f3 que tenim del centre es focalitzi en <strong>crear una escola oberta, inclusiva, amb marcat car\u00e0cter ecol\u00f2gic, promotora de la salut, i a on les noves tecnologies tinguin un paper fonamental en les tasques d\u2019ensenyament aprenentatge. Tanmateix, un altre aspecte a destacar ha de ser l\u2019implementaci\u00f3 d\u2019un projecte ling\u00fc\u00edstic en aquest entorn pluriling\u00fce i pluricultural.<\/strong><\/p>\n","protected":false},"excerpt":{"rendered":"<p>L&#8217;Institut d\u2019Aran vol ser un motor educatiu i cultural del territori.<br \/>\nLes caracter\u00edstiques culturals, i identitaries de la comarca determinen que la visi\u00f3 que tenim del centre es focalitzi en crear una escola oberta, inclusiva, amb marcat car\u00e0cter ecol\u00f2gic, promotora de la salut, i a on&hellip;  <a href=\"https:\/\/agora.xtec.cat\/iesaran\/linstitut\/secretaria\/projecte-educatiu\/vision-deth-centre\/\" title=\"Read Visi\u00f3n deth centre\">Llegeix m\u00e9s\u00bb<\/a><\/p>\n","protected":false},"author":1,"featured_media":0,"parent":57,"menu_order":0,"comment_status":"closed","ping_status":"closed","template":"","meta":{"_bbp_topic_count":0,"_bbp_reply_count":0,"_bbp_total_topic_count":0,"_bbp_total_reply_count":0,"_bbp_voice_count":0,"_bbp_anonymous_reply_count":0,"_bbp_topic_count_hidden":0,"_bbp_reply_count_hidden":0,"_bbp_forum_subforum_count":0,"footnotes":""},"class_list":["post-544","page","type-page","status-publish","hentry"],"post_mailing_queue_ids":[],"_links":{"self":[{"href":"https:\/\/agora.xtec.cat\/iesaran\/wp-json\/wp\/v2\/pages\/544","targetHints":{"allow":["GET"]}}],"collection":[{"href":"https:\/\/agora.xtec.cat\/iesaran\/wp-json\/wp\/v2\/pages"}],"about":[{"href":"https:\/\/agora.xtec.cat\/iesaran\/wp-json\/wp\/v2\/types\/page"}],"author":[{"embeddable":true,"href":"https:\/\/agora.xtec.cat\/iesaran\/wp-json\/wp\/v2\/users\/1"}],"replies":[{"embeddable":true,"href":"https:\/\/agora.xtec.cat\/iesaran\/wp-json\/wp\/v2\/comments?post=544"}],"version-history":[{"count":3,"href":"https:\/\/agora.xtec.cat\/iesaran\/wp-json\/wp\/v2\/pages\/544\/revisions"}],"predecessor-version":[{"id":13722,"href":"https:\/\/agora.xtec.cat\/iesaran\/wp-json\/wp\/v2\/pages\/544\/revisions\/13722"}],"up":[{"embeddable":true,"href":"https:\/\/agora.xtec.cat\/iesaran\/wp-json\/wp\/v2\/pages\/57"}],"wp:attachment":[{"href":"https:\/\/agora.xtec.cat\/iesaran\/wp-json\/wp\/v2\/media?parent=544"}],"curies":[{"name":"wp","href":"https:\/\/api.w.org\/{rel}","templated":true}]}}