{"id":543,"date":"2018-09-26T13:26:09","date_gmt":"2018-09-26T11:26:09","guid":{"rendered":"http:\/\/agora.xtec.cat\/iesaran\/?page_id=543"},"modified":"2019-02-20T13:10:36","modified_gmt":"2019-02-20T12:10:36","slug":"mission-deth-centre","status":"publish","type":"page","link":"https:\/\/agora.xtec.cat\/iesaran\/linstitut\/secretaria\/projecte-educatiu\/mission-deth-centre\/","title":{"rendered":"Mission deth centre"},"content":{"rendered":"<p style=\"text-align: justify;\">A l\u2019Institut d\u2019Aran, l\u2019activitat educativa t\u00e9 com a finalitats b\u00e0siques el ple desenvolupament de la personalitat de l\u2019alumne\/a, la formaci\u00f3 en el respecte als drets i llibertats fonamentals i en l\u2019exercici de la toler\u00e0ncia i de la llibertat dins els principis c\u00edvics i democr\u00e0tics de conviv\u00e8ncia, aix\u00ed com la preparaci\u00f3 per participar activament en la vida social i cultural del territori.<\/p>\n<p style=\"text-align: justify;\">L\u2019\u00e0mbit d\u2019acci\u00f3 del centre \u00e9s la Val d&#8217;Aran, que t\u00e9 una identitat cultural i ling\u00fc\u00edstica molt definida. Tanmateix, el territori es caracteritza pel seu potencial d\u2019oci i turisme actiu, el qual \u00e9s el seu fonament econ\u00f2mic, juntament amb el sector de la construcci\u00f3 i de les empreses de serveis.<\/p>\n<p style=\"text-align: justify;\"><strong>VALORS<\/strong><\/p>\n<p style=\"text-align: justify;\">1- Educar en el respecte a un mateix, als altres i a l\u2019entorn escolar, per tal d\u2019aconseguir les condicions de treball i de conviv\u00e8ncia adequades.<\/p>\n<p style=\"text-align: justify;\">2- Educar per a la igualtat, sense cap mena de discriminaci\u00f3, fomentant el respecte a la diversitat.<\/p>\n<p style=\"text-align: justify;\">3- Implicar els alumnes en el coneixement i respecte al medi ambient.<\/p>\n<p style=\"text-align: justify;\">4- Afavorir la percepci\u00f3 i el coneixement de l&#8217;entorn com a \u00e0mbit m\u00e9s immediat d&#8217;an\u00e0lisi, d&#8217;integraci\u00f3 i d&#8217;obertura a la realitat.<\/p>\n<p style=\"text-align: justify;\">5- Fomentar el respecte a la diversitat, \u00e8tnica, cultural , ideol\u00f2gica i religiosa.<\/p>\n<p style=\"text-align: justify;\">6- Considerar la diversitat de l&#8217;alumnat, tenint presents els diferents coneixements, capacitats i destreses.<\/p>\n<p style=\"text-align: justify;\">7- Promoure la salut com aspecte fonamental en la formaci\u00f3 de la persona.<\/p>\n","protected":false},"excerpt":{"rendered":"<p>A l\u2019Institut d\u2019Aran, l\u2019activitat educativa t\u00e9 com a finalitats b\u00e0siques el ple desenvolupament de la personalitat de l\u2019alumne\/a, la formaci\u00f3 en el respecte als drets i llibertats fonamentals i en l\u2019exercici de la toler\u00e0ncia i de la llibertat dins els principis c\u00edvics i democr\u00e0tics de&hellip;  <a href=\"https:\/\/agora.xtec.cat\/iesaran\/linstitut\/secretaria\/projecte-educatiu\/mission-deth-centre\/\" title=\"Read Mission deth centre\">Llegeix m\u00e9s\u00bb<\/a><\/p>\n","protected":false},"author":1,"featured_media":0,"parent":57,"menu_order":0,"comment_status":"closed","ping_status":"closed","template":"","meta":{"_bbp_topic_count":0,"_bbp_reply_count":0,"_bbp_total_topic_count":0,"_bbp_total_reply_count":0,"_bbp_voice_count":0,"_bbp_anonymous_reply_count":0,"_bbp_topic_count_hidden":0,"_bbp_reply_count_hidden":0,"_bbp_forum_subforum_count":0,"footnotes":""},"class_list":["post-543","page","type-page","status-publish","hentry"],"post_mailing_queue_ids":[],"_links":{"self":[{"href":"https:\/\/agora.xtec.cat\/iesaran\/wp-json\/wp\/v2\/pages\/543","targetHints":{"allow":["GET"]}}],"collection":[{"href":"https:\/\/agora.xtec.cat\/iesaran\/wp-json\/wp\/v2\/pages"}],"about":[{"href":"https:\/\/agora.xtec.cat\/iesaran\/wp-json\/wp\/v2\/types\/page"}],"author":[{"embeddable":true,"href":"https:\/\/agora.xtec.cat\/iesaran\/wp-json\/wp\/v2\/users\/1"}],"replies":[{"embeddable":true,"href":"https:\/\/agora.xtec.cat\/iesaran\/wp-json\/wp\/v2\/comments?post=543"}],"version-history":[{"count":3,"href":"https:\/\/agora.xtec.cat\/iesaran\/wp-json\/wp\/v2\/pages\/543\/revisions"}],"predecessor-version":[{"id":13723,"href":"https:\/\/agora.xtec.cat\/iesaran\/wp-json\/wp\/v2\/pages\/543\/revisions\/13723"}],"up":[{"embeddable":true,"href":"https:\/\/agora.xtec.cat\/iesaran\/wp-json\/wp\/v2\/pages\/57"}],"wp:attachment":[{"href":"https:\/\/agora.xtec.cat\/iesaran\/wp-json\/wp\/v2\/media?parent=543"}],"curies":[{"name":"wp","href":"https:\/\/api.w.org\/{rel}","templated":true}]}}