{"id":542,"date":"2018-09-26T13:22:41","date_gmt":"2018-09-26T11:22:41","guid":{"rendered":"http:\/\/agora.xtec.cat\/iesaran\/?page_id=542"},"modified":"2019-07-03T12:27:22","modified_gmt":"2019-07-03T10:27:22","slug":"educacio-fisica-i-musica","status":"publish","type":"page","link":"https:\/\/agora.xtec.cat\/iesaran\/departaments\/educacio-fisica-i-musica\/","title":{"rendered":"Educaci\u00f3 f\u00edsica i m\u00fasica."},"content":{"rendered":"<div class=\"page-header\">\n<h2>Departament de Motricitat i Expressi\u00f3 (Educaci\u00f3 F\u00edsica i M\u00fasica)<\/h2>\n<\/div>\n<div>\n<h1>Tasques d&#8217;estiu\u00a0a lliurar al Setembre:<\/h1>\n<ul>\n<li><strong>Dossier<\/strong>\u00a0recuperaci\u00f3\u00a0M\u00fasic.<\/li>\n<li>Educaci\u00f3 F\u00edsica<\/li>\n<\/ul>\n<p><img loading=\"lazy\" decoding=\"async\" src=\"http:\/\/www.iesaran.com\/images\/stories\/ef.gif\" alt=\"\" width=\"356\" height=\"222\" border=\"0\" \/><\/p>\n<\/div>\n","protected":false},"excerpt":{"rendered":"<p>Departament de Motricitat i Expressi\u00f3 (Educaci\u00f3 F\u00edsica i M\u00fasica)<\/p>\n<p>Tasques d&#8217;estiu\u00a0a lliurar al Setembre:<\/p>\n<ul>\n<li>Dossier\u00a0recuperaci\u00f3\u00a0M\u00fasic.<\/li>\n<li>Educaci\u00f3 F\u00edsica<\/li>\n<\/ul>\n","protected":false},"author":1,"featured_media":0,"parent":525,"menu_order":0,"comment_status":"closed","ping_status":"closed","template":"page-templates\/side-menu.php","meta":{"_bbp_topic_count":0,"_bbp_reply_count":0,"_bbp_total_topic_count":0,"_bbp_total_reply_count":0,"_bbp_voice_count":0,"_bbp_anonymous_reply_count":0,"_bbp_topic_count_hidden":0,"_bbp_reply_count_hidden":0,"_bbp_forum_subforum_count":0,"footnotes":""},"class_list":["post-542","page","type-page","status-publish","hentry"],"post_mailing_queue_ids":[],"_links":{"self":[{"href":"https:\/\/agora.xtec.cat\/iesaran\/wp-json\/wp\/v2\/pages\/542","targetHints":{"allow":["GET"]}}],"collection":[{"href":"https:\/\/agora.xtec.cat\/iesaran\/wp-json\/wp\/v2\/pages"}],"about":[{"href":"https:\/\/agora.xtec.cat\/iesaran\/wp-json\/wp\/v2\/types\/page"}],"author":[{"embeddable":true,"href":"https:\/\/agora.xtec.cat\/iesaran\/wp-json\/wp\/v2\/users\/1"}],"replies":[{"embeddable":true,"href":"https:\/\/agora.xtec.cat\/iesaran\/wp-json\/wp\/v2\/comments?post=542"}],"version-history":[{"count":3,"href":"https:\/\/agora.xtec.cat\/iesaran\/wp-json\/wp\/v2\/pages\/542\/revisions"}],"predecessor-version":[{"id":14378,"href":"https:\/\/agora.xtec.cat\/iesaran\/wp-json\/wp\/v2\/pages\/542\/revisions\/14378"}],"up":[{"embeddable":true,"href":"https:\/\/agora.xtec.cat\/iesaran\/wp-json\/wp\/v2\/pages\/525"}],"wp:attachment":[{"href":"https:\/\/agora.xtec.cat\/iesaran\/wp-json\/wp\/v2\/media?parent=542"}],"curies":[{"name":"wp","href":"https:\/\/api.w.org\/{rel}","templated":true}]}}