{"id":541,"date":"2018-09-26T13:22:41","date_gmt":"2018-09-26T11:22:41","guid":{"rendered":"http:\/\/agora.xtec.cat\/iesaran\/?page_id=541"},"modified":"2020-07-21T10:22:10","modified_gmt":"2020-07-21T08:22:10","slug":"llengues-estrangeres","status":"publish","type":"page","link":"https:\/\/agora.xtec.cat\/iesaran\/departaments\/llengues-estrangeres\/","title":{"rendered":"Lleng\u00fces estrangeres."},"content":{"rendered":"<h2>Departament de Lleng\u00fces Estrangeres (Angl\u00e8s i Franc\u00e8s)<\/h2>\n<h1>Tasques d&#8217;estiu\u00a0a lliurar al Setembre:<\/h1>\n<p><b><strong>NOTA PER A TOTS ELS ALUMNES DE LLENGUA ESTRANGERA (ESO):<\/strong><\/b><\/p>\n<p>TOTS ELS ALUMNES D\u2019ESO QUE HAGIN\u00a0<b><strong>SUSP\u00c8S<\/strong><\/b>\u00a0<b><strong>ANGL\u00c8S<\/strong><\/b>\u00a0O\u00a0<b><strong>FRANC\u00c8S<\/strong><\/b>\u00a0<b><strong>D\u2019ESO<\/strong><\/b>\u00a0HAN DE FER ELS\u00a0<b><strong>DEURES OBLIGAT\u00d2RIAMENT,<\/strong><\/b>\u00a0SI ES VOLEN PRESENTAR ALS EX\u00c0MENS DE SETEMBRE.\u00a0ELS\u00a0<b><strong>DEURES<\/strong><\/b>\u00a0COMPTARAN UN\u00a0<b><strong>10% DE LA NOTA FINAL.<\/strong><\/b><\/p>\n<p><b><strong>\u00a0<\/strong><\/b><\/p>\n<p><a href=\"https:\/\/drive.google.com\/file\/d\/1l3WJVyEVksk-IUqw5a9l89uOKdsLssqV\/view?usp=sharing\"><b><strong>DEURES ESTIU LLENG\u00dcES ESTRANGERES (click)<\/strong><\/b><\/a><\/p>\n","protected":false},"excerpt":{"rendered":"<p>Departament de Lleng\u00fces Estrangeres (Angl\u00e8s i Franc\u00e8s)<br \/>\nTasques d&#8217;estiu\u00a0a lliurar al Setembre:<br \/>\nNOTA PER A TOTS ELS ALUMNES DE LLENGUA ESTRANGERA (ESO):<br \/>\nTOTS ELS ALUMNES D\u2019ESO QUE HAGIN\u00a0SUSP\u00c8S\u00a0ANGL\u00c8S\u00a0O\u00a0FRANC\u00c8S\u00a0D\u2019ESO\u00a0HAN DE FER ELS\u00a0DEURES OBLIGAT\u00d2RIAMENT,\u00a0SI ES VOLEN PRESENTAR ALS EX\u00c0MENS DE SETEMBRE.\u00a0ELS\u00a0DEURES\u00a0COMPTARAN UN\u00a010% DE LA NOTA FINAL.<br \/>\n\u00a0<br \/>\n<a href=\"https:\/\/drive.google.com\/file\/d\/1l3WJVyEVksk-IUqw5a9l89uOKdsLssqV\/view?usp=sharing\">DEURES ESTIU LLENG\u00dcES ESTRANGERES&hellip;  <a href=\"https:\/\/agora.xtec.cat\/iesaran\/departaments\/llengues-estrangeres\/\" title=\"Read Lleng\u00fces estrangeres.\">Llegeix m\u00e9s\u00bb<\/a><\/p>\n","protected":false},"author":1,"featured_media":0,"parent":525,"menu_order":0,"comment_status":"closed","ping_status":"closed","template":"page-templates\/side-menu.php","meta":{"_bbp_topic_count":0,"_bbp_reply_count":0,"_bbp_total_topic_count":0,"_bbp_total_reply_count":0,"_bbp_voice_count":0,"_bbp_anonymous_reply_count":0,"_bbp_topic_count_hidden":0,"_bbp_reply_count_hidden":0,"_bbp_forum_subforum_count":0,"footnotes":""},"class_list":["post-541","page","type-page","status-publish","hentry"],"post_mailing_queue_ids":[],"_links":{"self":[{"href":"https:\/\/agora.xtec.cat\/iesaran\/wp-json\/wp\/v2\/pages\/541","targetHints":{"allow":["GET"]}}],"collection":[{"href":"https:\/\/agora.xtec.cat\/iesaran\/wp-json\/wp\/v2\/pages"}],"about":[{"href":"https:\/\/agora.xtec.cat\/iesaran\/wp-json\/wp\/v2\/types\/page"}],"author":[{"embeddable":true,"href":"https:\/\/agora.xtec.cat\/iesaran\/wp-json\/wp\/v2\/users\/1"}],"replies":[{"embeddable":true,"href":"https:\/\/agora.xtec.cat\/iesaran\/wp-json\/wp\/v2\/comments?post=541"}],"version-history":[{"count":3,"href":"https:\/\/agora.xtec.cat\/iesaran\/wp-json\/wp\/v2\/pages\/541\/revisions"}],"predecessor-version":[{"id":15268,"href":"https:\/\/agora.xtec.cat\/iesaran\/wp-json\/wp\/v2\/pages\/541\/revisions\/15268"}],"up":[{"embeddable":true,"href":"https:\/\/agora.xtec.cat\/iesaran\/wp-json\/wp\/v2\/pages\/525"}],"wp:attachment":[{"href":"https:\/\/agora.xtec.cat\/iesaran\/wp-json\/wp\/v2\/media?parent=541"}],"curies":[{"name":"wp","href":"https:\/\/api.w.org\/{rel}","templated":true}]}}