{"id":538,"date":"2018-09-26T13:22:41","date_gmt":"2018-09-26T11:22:41","guid":{"rendered":"http:\/\/agora.xtec.cat\/iesaran\/?page_id=538"},"modified":"2018-11-07T13:50:01","modified_gmt":"2018-11-07T12:50:01","slug":"ciencies-socials","status":"publish","type":"page","link":"https:\/\/agora.xtec.cat\/iesaran\/departaments\/ciencies-socials\/","title":{"rendered":"Ci\u00e8ncies Socials"},"content":{"rendered":"<div class=\"page-header\">\n<h2>Departament de Ci\u00e8ncies Socials<\/h2>\n<\/div>\n<div>\n<h1><strong>Tasques d&#8217;estiu\u00a0a lliurar al Setembre (ALUMNES ESO i BATXILLERAT):<\/strong><\/h1>\n<p>CONFECCI\u00d3 del QUADERN de CURS de la mat\u00e8ria de Ci\u00e8ncies Socials corresponent (valoraci\u00f3: fins a 2 punts de la nota final).<\/p>\n<p><a href=\"https:\/\/drive.google.com\/drive\/folders\/1dH7Q3w7iAMylCX7QFyYbB0Td9WheClxL?usp=sharing\" target=\"_blank\" rel=\"noopener\">DEURES D&#8217;\u00c8TICA-FILOSOFIA-EMPRENEDORIA (click)<\/a><\/p>\n<p>_____________________________________________________________________<\/p>\n<h2><strong>WEBS i RECURSOS COMPLEMENTARIS:<\/strong><\/h2>\n<ul>\n<li><a href=\"http:\/\/1resoiesaran.jimdo.com\/\" target=\"_blank\" rel=\"noopener\">1resoiesaran.jimdo.com<\/a><\/li>\n<li><a href=\"http:\/\/3resoiesaran.jimdo.com\/\" target=\"_blank\" rel=\"noopener\">3resoiesaran.jimdo.com<\/a><\/li>\n<li><a href=\"http:\/\/2nbtxinsaran.jimdo.com\/\">2nbtxinsaran.jimdo.com<\/a><\/li>\n<\/ul>\n<\/div>\n","protected":false},"excerpt":{"rendered":"<p>Departament de Ci\u00e8ncies Socials<\/p>\n<p>Tasques d&#8217;estiu\u00a0a lliurar al Setembre (ALUMNES ESO i BATXILLERAT):<br \/>\nCONFECCI\u00d3 del QUADERN de CURS de la mat\u00e8ria de Ci\u00e8ncies Socials corresponent (valoraci\u00f3: fins a 2 punts de la nota final).<br \/>\n<a href=\"https:\/\/drive.google.com\/drive\/folders\/1dH7Q3w7iAMylCX7QFyYbB0Td9WheClxL?usp=sharing\" target=\"_blank\" rel=\"noopener\">DEURES D&#8217;\u00c8TICA-FILOSOFIA-EMPRENEDORIA (click)<\/a><br \/>\n_____________________________________________________________________<br \/>\nWEBS i RECURSOS COMPLEMENTARIS:<\/p>\n<ul>\n<li><a href=\"http:\/\/1resoiesaran.jimdo.com\/\" target=\"_blank\" rel=\"noopener\">1resoiesaran.jimdo.com<\/a><\/li>\n<li><a href=\"http:\/\/3resoiesaran.jimdo.com\/\" target=\"_blank\"&hellip;  <a href=\"https:\/\/agora.xtec.cat\/iesaran\/departaments\/ciencies-socials\/\" title=\"Read Ci\u00e8ncies Socials\">Llegeix m\u00e9s\u00bb<\/a><br \/>\n","protected":false},"author":1,"featured_media":0,"parent":525,"menu_order":0,"comment_status":"closed","ping_status":"closed","template":"page-templates\/side-menu.php","meta":{"_bbp_topic_count":0,"_bbp_reply_count":0,"_bbp_total_topic_count":0,"_bbp_total_reply_count":0,"_bbp_voice_count":0,"_bbp_anonymous_reply_count":0,"_bbp_topic_count_hidden":0,"_bbp_reply_count_hidden":0,"_bbp_forum_subforum_count":0,"footnotes":""},"class_list":["post-538","page","type-page","status-publish","hentry"],"post_mailing_queue_ids":[],"_links":{"self":[{"href":"https:\/\/agora.xtec.cat\/iesaran\/wp-json\/wp\/v2\/pages\/538","targetHints":{"allow":["GET"]}}],"collection":[{"href":"https:\/\/agora.xtec.cat\/iesaran\/wp-json\/wp\/v2\/pages"}],"about":[{"href":"https:\/\/agora.xtec.cat\/iesaran\/wp-json\/wp\/v2\/types\/page"}],"author":[{"embeddable":true,"href":"https:\/\/agora.xtec.cat\/iesaran\/wp-json\/wp\/v2\/users\/1"}],"replies":[{"embeddable":true,"href":"https:\/\/agora.xtec.cat\/iesaran\/wp-json\/wp\/v2\/comments?post=538"}],"version-history":[{"count":2,"href":"https:\/\/agora.xtec.cat\/iesaran\/wp-json\/wp\/v2\/pages\/538\/revisions"}],"predecessor-version":[{"id":623,"href":"https:\/\/agora.xtec.cat\/iesaran\/wp-json\/wp\/v2\/pages\/538\/revisions\/623"}],"up":[{"embeddable":true,"href":"https:\/\/agora.xtec.cat\/iesaran\/wp-json\/wp\/v2\/pages\/525"}],"wp:attachment":[{"href":"https:\/\/agora.xtec.cat\/iesaran\/wp-json\/wp\/v2\/media?parent=538"}],"curies":[{"name":"wp","href":"https:\/\/api.w.org\/{rel}","templated":true}]}}