{"id":27,"date":"2014-09-17T16:24:03","date_gmt":"2014-09-17T16:24:03","guid":{"rendered":"http:\/\/agora.xtec.cat\/iesaran\/?page_id=27"},"modified":"2018-11-21T12:42:42","modified_gmt":"2018-11-21T11:42:42","slug":"historia","status":"publish","type":"page","link":"https:\/\/agora.xtec.cat\/iesaran\/linstitut\/historia\/","title":{"rendered":"Ist\u00f2ria"},"content":{"rendered":"<p style=\"font-weight: 400; text-align: justify;\"><b><strong>L\u2019Institut d\u2019Ensenyament Secundari de Vielha<\/strong><\/b>, que aquest va ser el nom inicial, es va crear el curs 1985-86 i, encara que aquesta \u00e9s la data oficial del seu inici, el centre va tenir uns antecedents (el que podr\u00edem dir pre-hist\u00f2ria ) que podem situar al curs 1970-71, quan la \u201c<b><strong>Fundaci\u00f3n de Ense\u00f1anza Valle de Aran<\/strong><\/b>\u201d construeix l\u2019edifici actual i s\u2019inaugura el\u00a0<b><strong>Col\u00b7legi \u201cJoan March\u201d<\/strong><\/b>, sota la gesti\u00f3 dels germans de La Salle que ja dirigien un col\u00b7legi a Vielha des de feia uns quants anys.\u00a0Al Col\u00b7legi \u201cJoan March\u201d s\u2019impartia Educaci\u00f3 Prim\u00e0ria, Batxillerat (despr\u00e9s BUP), i les branques de Formaci\u00f3 Professional d\u2019Electricitat i Administratiu.<\/p>\n<p><img decoding=\"async\" class=\"aligncenter\" src=\"http:\/\/www.iesaran.com\/images\/stories\/fotodiari.jpg\" alt=\"\" border=\"0\" \/><\/p>\n<p style=\"font-weight: 400;\">El curs 1984-85, els germans de La Salle deixen la gesti\u00f3 del col\u00b7legi i aquest queda dividit en tres \u201ccentres\u201d que coexisteixen al mateix edifici,\u00a0<b><strong>el Col\u00b7legi P\u00fablic d\u2019Ensenyament Primari, la Secci\u00f3 de Formaci\u00f3 Professiona<\/strong><\/b>l depenent del Departament d\u2019Ensenyament i<b><strong>\u00a0el Col\u00b7legi Municipal Homologat de Vielha<\/strong><\/b>, depenent directament de l\u2019Ajuntament de Vielha que impartia el BUP i, per primera, vegada el COU.<\/p>\n<p style=\"font-weight: 400;\"><b><strong>El curs 1985-86, es crea l\u2019Institut d\u2019Ensenyament Secundari de Vielha per unificaci\u00f3 dels claustres i dels equips directius de la secci\u00f3 de Formaci\u00f3 Professional i del CMH de Vielha.<\/strong><\/b><\/p>\n<p style=\"font-weight: 400;\">A principi dels anys 90 el Consell Escolar va proposar com a nom propi del centre el d\u2019Institut d\u2019Ensenyament Secundari d\u2019Aran. Despr\u00e9s hi ha hagut canvis de noms en funci\u00f3 de les pol\u00edtiques educatives de les diferents administracions de la Generalitat, va passar a ser Institut d\u2019Educaci\u00f3 Secund\u00e0ria d\u2019Aran i, recentment, Institut d\u2019Aran.<\/p>\n<p style=\"font-weight: 400;\">Durant aquest per\u00edode de temps, s\u2019han anat modificant els curr\u00edculums i, fins i tot, l\u2019estructura de l\u2019ensenyament que va comportar la implantaci\u00f3, a partir del 1997, del nou sistema educatiu, l\u2019Educaci\u00f3 Secund\u00e0ria Obligat\u00f2ria (ESO) dels 12 als 16 anys, el Batxillerat i els nous Cicles Formatius de Formaci\u00f3 Professional.<\/p>\n<p style=\"font-weight: 400;\">Un dels problemes m\u00e9s importants que hem tingut durant molts anys, ha estat la manca d\u2019espai i el deteriorament de les instal\u00b7lacions ja que, per una banda, compart\u00edem l\u2019edifici amb el CEIP Garona i, per una altra, la Generalitat no feia inversions importants per no tenir la titularitat de l\u2019edifici.<\/p>\n<p style=\"font-weight: 400;\">Aquesta situaci\u00f3 de manca d\u2019espai anava empitjorant per l\u2019augment constant de la poblaci\u00f3 escolar a partir, sobretot, dels anys 90.\u00a0La situaci\u00f3 era molt complicada i ens en vam sortir prou b\u00e9 gr\u00e0cies a la bona entesa que hi ha hagut sempre entre els claustres i els equips directius de l\u2019IES d\u2019Aran i del CEIP Garona.<\/p>\n<p style=\"font-weight: 400;\">Per fi, l\u2019any 2007, es va inaugurar el flamant CEIP Garona i la situaci\u00f3 va millorar considerablement. A la vegada que es constru\u00efa el nou col\u00b7legi, es van accelerar les gestions per elaborar el projecte de remodelaci\u00f3 integral de l\u2019Institut i, finalment, vam poder utilitzar part de les noves instal\u00b7lacions el curs 2009-10 i, en la seva totalitat, el present curs 2010-2011, precisament, coincidint amb el 25\u00e8 aniversari.<\/p>\n<p style=\"font-weight: 400;\">_____________________________________________________________<\/p>\n<p style=\"font-weight: 400;\">Er IES d&#8217;Aran ei un centre public en tot dep\u00e9ner deth Departament d&#8217;Ensenhament dera Generalitat de Catalonha que se cre\u00e8c en an 1985. Actuauments s\u2019impartissen ensenhaments d\u2019ESO, Bachillierat, Cicles Formatius de Grad Mejan d\u2019Explotacion de Sist\u00e8mes Informatics &#8211; Gestion administrativa e de Conduccion de grops en Miei naturau. Tanben se realize eth Cicle Formatiu de Grad Superior d\u2019Animacion d\u2019Activitats Fisiques e Esportiues, er CAS e un PFII de &#8220;Venda, oficina e atencions tath public&#8221;.<\/p>\n<p style=\"font-weight: 400;\">Er encastre d&#8217;accion deth centre ei era comarca dera Val d&#8217;Aran, qu&#8217;a ua identitat culturau e ling\u00fcistica f\u00f2r\u00e7a definida. Totun, eth territ\u00f2ri se caracterize peth s\u00f2n potenciau d\u2019\u00f2ci e torisme actiu, eth quau ei eth s\u00f2n fondament economic, amassa damb eth sector deth bastiment e des empreses\u00a0 de servicis.<\/p>\n<p>En aguest centre, era activitat educativa a coma fins basiques eth plen desvolopament dera personalitat der escolan\/a, era formacion eth \u00e7\u00f2 qu&#8217;ei des drets e libertats fonamentaus e en exercici dera toler\u00e0ncia e dera libertat laguens es principis civics e democratics de conviv\u00e9ncia, atau coma premanir-les ent\u00e0 participar activaments ena vida sociau e culturau deth territ\u00f2ri.<\/p>\n<p style=\"font-weight: 400;\">\u00a0<img loading=\"lazy\" decoding=\"async\" class=\"aligncenter\" src=\"http:\/\/www.iesaran.com\/images\/stories\/ies2.jpg\" alt=\"\" width=\"351\" height=\"242\" border=\"0\" \/><\/p>\n","protected":false},"excerpt":{"rendered":"<p>L\u2019Institut d\u2019Ensenyament Secundari de Vielha, que aquest va ser el nom inicial, es va crear el curs 1985-86 i, encara que aquesta \u00e9s la data oficial del seu inici, el centre va tenir uns antecedents (el que podr\u00edem dir pre-hist\u00f2ria ) que podem situar al&hellip;  <a href=\"https:\/\/agora.xtec.cat\/iesaran\/linstitut\/historia\/\" title=\"Read Ist\u00f2ria\">Llegeix m\u00e9s\u00bb<\/a><\/p>\n","protected":false},"author":1,"featured_media":0,"parent":19,"menu_order":20,"comment_status":"closed","ping_status":"closed","template":"page-templates\/side-menu.php","meta":{"_bbp_topic_count":0,"_bbp_reply_count":0,"_bbp_total_topic_count":0,"_bbp_total_reply_count":0,"_bbp_voice_count":0,"_bbp_anonymous_reply_count":0,"_bbp_topic_count_hidden":0,"_bbp_reply_count_hidden":0,"_bbp_forum_subforum_count":0,"footnotes":""},"class_list":["post-27","page","type-page","status-publish","hentry"],"post_mailing_queue_ids":[],"_links":{"self":[{"href":"https:\/\/agora.xtec.cat\/iesaran\/wp-json\/wp\/v2\/pages\/27","targetHints":{"allow":["GET"]}}],"collection":[{"href":"https:\/\/agora.xtec.cat\/iesaran\/wp-json\/wp\/v2\/pages"}],"about":[{"href":"https:\/\/agora.xtec.cat\/iesaran\/wp-json\/wp\/v2\/types\/page"}],"author":[{"embeddable":true,"href":"https:\/\/agora.xtec.cat\/iesaran\/wp-json\/wp\/v2\/users\/1"}],"replies":[{"embeddable":true,"href":"https:\/\/agora.xtec.cat\/iesaran\/wp-json\/wp\/v2\/comments?post=27"}],"version-history":[{"count":4,"href":"https:\/\/agora.xtec.cat\/iesaran\/wp-json\/wp\/v2\/pages\/27\/revisions"}],"predecessor-version":[{"id":13680,"href":"https:\/\/agora.xtec.cat\/iesaran\/wp-json\/wp\/v2\/pages\/27\/revisions\/13680"}],"up":[{"embeddable":true,"href":"https:\/\/agora.xtec.cat\/iesaran\/wp-json\/wp\/v2\/pages\/19"}],"wp:attachment":[{"href":"https:\/\/agora.xtec.cat\/iesaran\/wp-json\/wp\/v2\/media?parent=27"}],"curies":[{"name":"wp","href":"https:\/\/api.w.org\/{rel}","templated":true}]}}