{"id":19,"date":"2014-09-17T14:56:56","date_gmt":"2014-09-17T14:56:56","guid":{"rendered":"http:\/\/agora.xtec.cat\/iesaran\/?page_id=19"},"modified":"2018-11-21T13:27:21","modified_gmt":"2018-11-21T12:27:21","slug":"linstitut","status":"publish","type":"page","link":"https:\/\/agora.xtec.cat\/iesaran\/linstitut\/","title":{"rendered":"Er institut"},"content":{"rendered":"<p>Er institut d&#8217;Aran ei un centre public que depen deth &#8220;Departament d&#8217;Educaci\u00f3 de la Generalitat de Catalunya&#8221; que se creec en an 1985 com a onion deth col\u00e8gi &#8220;Joan MArch e era seccion de formacion Professionau.<\/p>\n<p>En Institut s&#8217;impartissen es estudis de ESO, Bachilierat ( modalitats de Sci\u00e8ncies, Tecnologia e Umanitats), 2 Cicles de grau Miejan (Gestion Administrativa e Condoccion de grups en Miei Naturau), 1 cicle de grau superior (Animacion d&#8217;activitats fisiques e esportiues).<\/p>\n<p>Laguens des ensenhaments aufrits eth centre dispose de Aula d&#8217;acuelhuda (t\u00e0 facilitar era integracion der alumnat nauvengut), Aula dub\u00e8rta (t\u00e0 aqueth alumnat que li ei de besonh ua atencion m\u00e9s individualitzada), USEE ( Unitat d&#8217;educacion Especiau), possibilitat de estudiar quaqua assignatura pera IOC com a h\u00e8nt aqu\u00e8ri estudiant que formen part de equips de tecnificacion Esportiua.<\/p>\n<p>&nbsp;<\/p>\n","protected":false},"excerpt":{"rendered":"<p>Er institut d&#8217;Aran ei un centre public que depen deth &#8220;Departament d&#8217;Educaci\u00f3 de la Generalitat de Catalunya&#8221; que se creec en an 1985 com a onion deth col\u00e8gi &#8220;Joan MArch e era seccion de formacion Professionau.<br \/>\nEn Institut s&#8217;impartissen es estudis de ESO, Bachilierat ( modalitats&hellip;  <a href=\"https:\/\/agora.xtec.cat\/iesaran\/linstitut\/\" title=\"Read Er institut\">Llegeix m\u00e9s\u00bb<\/a><\/p>\n","protected":false},"author":1,"featured_media":0,"parent":0,"menu_order":0,"comment_status":"closed","ping_status":"closed","template":"page-templates\/side-menu.php","meta":{"_bbp_topic_count":0,"_bbp_reply_count":0,"_bbp_total_topic_count":0,"_bbp_total_reply_count":0,"_bbp_voice_count":0,"_bbp_anonymous_reply_count":0,"_bbp_topic_count_hidden":0,"_bbp_reply_count_hidden":0,"_bbp_forum_subforum_count":0,"footnotes":""},"class_list":["post-19","page","type-page","status-publish","hentry"],"post_mailing_queue_ids":[],"_links":{"self":[{"href":"https:\/\/agora.xtec.cat\/iesaran\/wp-json\/wp\/v2\/pages\/19","targetHints":{"allow":["GET"]}}],"collection":[{"href":"https:\/\/agora.xtec.cat\/iesaran\/wp-json\/wp\/v2\/pages"}],"about":[{"href":"https:\/\/agora.xtec.cat\/iesaran\/wp-json\/wp\/v2\/types\/page"}],"author":[{"embeddable":true,"href":"https:\/\/agora.xtec.cat\/iesaran\/wp-json\/wp\/v2\/users\/1"}],"replies":[{"embeddable":true,"href":"https:\/\/agora.xtec.cat\/iesaran\/wp-json\/wp\/v2\/comments?post=19"}],"version-history":[{"count":3,"href":"https:\/\/agora.xtec.cat\/iesaran\/wp-json\/wp\/v2\/pages\/19\/revisions"}],"predecessor-version":[{"id":13713,"href":"https:\/\/agora.xtec.cat\/iesaran\/wp-json\/wp\/v2\/pages\/19\/revisions\/13713"}],"wp:attachment":[{"href":"https:\/\/agora.xtec.cat\/iesaran\/wp-json\/wp\/v2\/media?parent=19"}],"curies":[{"name":"wp","href":"https:\/\/api.w.org\/{rel}","templated":true}]}}