{"id":15760,"date":"2021-02-21T15:34:07","date_gmt":"2021-02-21T14:34:07","guid":{"rendered":"http:\/\/agora.xtec.cat\/iesaran\/?page_id=15760"},"modified":"2022-03-09T09:39:50","modified_gmt":"2022-03-09T08:39:50","slug":"tramitacio-certificat-dequivalencia-de-catala","status":"publish","type":"page","link":"https:\/\/agora.xtec.cat\/iesaran\/linstitut\/secretaria\/tramits\/tramitacio-certificat-dequivalencia-de-catala\/","title":{"rendered":"Tramitaci\u00f3 Certificat d&#8217;equival\u00e8ncia de Catal\u00e0"},"content":{"rendered":"<ul>\n<li><strong>TRAMITACI\u00d3 DEL CERTIFICAT D\u2019EQUIVAL\u00c8NCIA DEL NIVELL B2\/C1 DE CATAL\u00c0<\/strong><\/li>\n<\/ul>\n<p>El centre actua tamb\u00e9 com a oficina gestora de la Direcci\u00f3 General de Pol\u00edtica Ling\u00fc\u00edstica i emet certificats acreditatius d\u2019equival\u00e8ncia del nivell B2 (certificat de nivell intermedi de catal\u00e0) i nivell C1 (certificat de nivell de sufici\u00e8ncia de catal\u00e0).<\/p>\n<p><strong>Com se sol\u00b7licita?<\/strong><\/p>\n<p>La persona interessada haur\u00e0 d\u2019emplenar la sol\u00b7licitud de reconeixement d\u2019equival\u00e8ncia del nivell B2\/C1 de catal\u00e0 i lliurar-lo a la secretaria junt amb la documentaci\u00f3 que s\u2019escaigui segons el quadre d\u2019equival\u00e8ncies.<\/p>\n<p><strong>Quadre d\u2019equival\u00e8ncies:<\/strong><\/p>\n<p><strong>Nivell B2<\/strong><\/p>\n<table width=\"596\">\n<tbody>\n<tr>\n<td width=\"192\">Si tens\u2026<\/td>\n<td width=\"212\">Cal haver estudiat<\/td>\n<td width=\"192\">Documents que cal presentar<\/td>\n<\/tr>\n<tr>\n<td width=\"192\">T\u00edtol de graduat escolar (EGB)<\/td>\n<td width=\"212\">tota l\u2019EGB a Catalunya i cursat la mat\u00e8ria de la llengua catalana en la <strong>totalitat <\/strong>dels estudis esmentats a partir del curs 1978\/1979<\/td>\n<td width=\"192\"><strong>Original i fotoc\u00f2pia de:<\/strong>\u2013 DNI<\/p>\n<p>\u2013 Llibre\/certificat d\u2019EGB<\/td>\n<\/tr>\n<tr>\n<td width=\"192\">T\u00edtol FP1<\/td>\n<td width=\"212\">tota l\u2019EGB i l\u2019FP1 a Catalunya i cursat la mat\u00e8ria de la llengua catalana en la <strong>totalitat<\/strong> dels estudis esmentats a partir del curs 1978\/1979 (curs d\u2019inici d\u2019EGB)<\/td>\n<td width=\"192\"><strong>Original i fotoc\u00f2pia de:<\/strong>\u2013 DNI<\/p>\n<p>\u2013 Llibre\/certificat d\u2019EGB<\/p>\n<p>\u2013 Certificat acad\u00e8mic d\u2019FP1<\/td>\n<\/tr>\n<\/tbody>\n<\/table>\n<p><strong>\u00a0<\/strong><strong>Nivell C1<\/strong><\/p>\n<table width=\"596\">\n<tbody>\n<tr>\n<td width=\"192\">Si tens\u2026<\/td>\n<td width=\"212\">Cal haver estudiat<\/td>\n<td width=\"192\">Documents que cal presentar<\/td>\n<\/tr>\n<tr>\n<td width=\"192\">T\u00edtol BUP<\/td>\n<td width=\"212\">tota l\u2019EGB i BUP a Catalunya i s\u2019hagi cursat de manera oficial la mat\u00e8ria de llengua catalana en la <strong>totalitat <\/strong>dels estudis esmentats a partir del curs 1978\/1979 (curs d\u2019inici d\u2019EGB)<\/td>\n<td width=\"192\"><strong>Original i fotoc\u00f2pia de:<\/strong><strong>\u2013<\/strong> DNI<\/p>\n<p>\u2013 Llibre\/certificat d\u2019EGB<\/p>\n<p>\u2013 Llibre\/certificat de BUP<\/td>\n<\/tr>\n<tr>\n<td width=\"192\">T\u00edtol\u00a0 FP2<\/td>\n<td width=\"212\">Tota l\u2019EGB, FP1 i FP2 a Catalunya i s\u2019hagi cursat de manera oficial la mat\u00e8ria de llengua catalana en la <strong>totalitat<\/strong> dels estudis esmentats a partir del curs 1978\/1979 (curs d\u2019inici d\u2019EGB)<\/td>\n<td width=\"192\"><strong>Original i fotoc\u00f2pia de:<\/strong>\u2013 DNI<\/p>\n<p>\u2013 Llibre\/certificat d\u2019EGB<\/p>\n<p>\u2013 Certificat acad\u00e8mic d\u2019FP1 i FP2<\/td>\n<\/tr>\n<tr>\n<td width=\"192\">T\u00edtol BATXILLERAT<\/td>\n<td width=\"212\">almenys 3 cursos de PRIM\u00c0RIA i 5 entre ESO i BATX a Catalunya i cursat la mat\u00e8ria de llengua catalana en la <strong>totalitat <\/strong>dels estudis m\u00ednims esmentats.<\/td>\n<td width=\"192\"><strong>Original i fotoc\u00f2pia de:<\/strong>\u2013 DNI<\/p>\n<p>\u2013 Llibre\/certificat de prim\u00e0ria, d\u2019ESO i Batxillerat<\/td>\n<\/tr>\n<tr>\n<td width=\"192\">T\u00edtol ESO<\/td>\n<td width=\"212\">almenys 3 cursos de PRIM\u00c0RIA i tota l\u2019ESO a Catalunya i <strong>cursat i aprovat <\/strong>la mat\u00e8ria de llengua catalana en la totalitat dels estudis m\u00ednims esmentats. El requisit d\u2019acreditaci\u00f3 d\u2019haver aprovat la mat\u00e8ria de llengua catalana, \u00e9s d\u2019aplicaci\u00f3 als t\u00edtols de graduat en educaci\u00f3 secund\u00e0ria obtinguts a partir del curs 2007\/2008<\/td>\n<td width=\"192\"><strong>Original i fotoc\u00f2pia de:<\/strong>\u2013 DNI<\/p>\n<p>\u2013 Llibre\/certificat de prim\u00e0ria i d\u2019ESO<\/td>\n<\/tr>\n<\/tbody>\n<\/table>\n<p>&nbsp;<\/p>\n<p>En cas que no disposeu dels llibres d\u2019escolaritat, la persona interessada haur\u00e0 d\u2019adre\u00e7ar-se a la secretaria del centre on va cursar els seus estudis per demanar el llibre o, en el seu defecte, el certificat equivalent.<\/p>\n<p><strong>Quan i com es pot recollir?<\/strong><\/p>\n<p>La secretaria del centre emetr\u00e0 un certificat d\u2019equival\u00e8ncia del nivell B2\/C1 de catal\u00e0 en un <b>per\u00edode aproximat de 7 dies<\/b>, en cas que s\u2019aporti <b>tota la documentaci\u00f3<\/b>. El certificat ser\u00e0 lliurat a la persona interessada o a una <b>persona degudament autoritzada.<\/b><\/p>\n","protected":false},"excerpt":{"rendered":"<ul>\n<li>TRAMITACI\u00d3 DEL CERTIFICAT D\u2019EQUIVAL\u00c8NCIA DEL NIVELL B2\/C1 DE CATAL\u00c0<\/li>\n<\/ul>\n<p>El centre actua tamb\u00e9 com a oficina gestora de la Direcci\u00f3 General de Pol\u00edtica Ling\u00fc\u00edstica i emet certificats acreditatius d\u2019equival\u00e8ncia del nivell B2 (certificat de nivell intermedi de catal\u00e0) i nivell C1 (certificat de nivell de sufici\u00e8ncia&hellip;  <a href=\"https:\/\/agora.xtec.cat\/iesaran\/linstitut\/secretaria\/tramits\/tramitacio-certificat-dequivalencia-de-catala\/\" title=\"Read Tramitaci\u00f3 Certificat d&#8217;equival\u00e8ncia de Catal\u00e0\">Llegeix m\u00e9s\u00bb<\/a><\/p>\n","protected":false},"author":11,"featured_media":0,"parent":14285,"menu_order":0,"comment_status":"closed","ping_status":"closed","template":"","meta":{"_bbp_topic_count":0,"_bbp_reply_count":0,"_bbp_total_topic_count":0,"_bbp_total_reply_count":0,"_bbp_voice_count":0,"_bbp_anonymous_reply_count":0,"_bbp_topic_count_hidden":0,"_bbp_reply_count_hidden":0,"_bbp_forum_subforum_count":0,"footnotes":""},"class_list":["post-15760","page","type-page","status-publish","hentry"],"post_mailing_queue_ids":[],"_links":{"self":[{"href":"https:\/\/agora.xtec.cat\/iesaran\/wp-json\/wp\/v2\/pages\/15760","targetHints":{"allow":["GET"]}}],"collection":[{"href":"https:\/\/agora.xtec.cat\/iesaran\/wp-json\/wp\/v2\/pages"}],"about":[{"href":"https:\/\/agora.xtec.cat\/iesaran\/wp-json\/wp\/v2\/types\/page"}],"author":[{"embeddable":true,"href":"https:\/\/agora.xtec.cat\/iesaran\/wp-json\/wp\/v2\/users\/11"}],"replies":[{"embeddable":true,"href":"https:\/\/agora.xtec.cat\/iesaran\/wp-json\/wp\/v2\/comments?post=15760"}],"version-history":[{"count":1,"href":"https:\/\/agora.xtec.cat\/iesaran\/wp-json\/wp\/v2\/pages\/15760\/revisions"}],"predecessor-version":[{"id":15762,"href":"https:\/\/agora.xtec.cat\/iesaran\/wp-json\/wp\/v2\/pages\/15760\/revisions\/15762"}],"up":[{"embeddable":true,"href":"https:\/\/agora.xtec.cat\/iesaran\/wp-json\/wp\/v2\/pages\/14285"}],"wp:attachment":[{"href":"https:\/\/agora.xtec.cat\/iesaran\/wp-json\/wp\/v2\/media?parent=15760"}],"curies":[{"name":"wp","href":"https:\/\/api.w.org\/{rel}","templated":true}]}}