{"id":13746,"date":"2019-01-11T09:43:04","date_gmt":"2019-01-11T08:43:04","guid":{"rendered":"http:\/\/agora.xtec.cat\/iesaran\/?page_id=13746"},"modified":"2026-03-19T19:31:24","modified_gmt":"2026-03-19T18:31:24","slug":"cad","status":"publish","type":"page","link":"https:\/\/agora.xtec.cat\/iesaran\/estudis\/cad\/","title":{"rendered":"CFGM GAD &#8211; Gesti\u00f3 Administrativa"},"content":{"rendered":"<p><strong>T\u00e8cnic-T\u00e8cnica en Gesti\u00f3 administrativa &#8211; CFPM AG10<\/strong><\/p>\n<p style=\"text-align: center;\"><a href=\"https:\/\/agora.xtec.cat\/iesaran\/wp-content\/uploads\/usu1107\/2020\/05\/Cartell-Cicle-Mitja-Gesti\u00f3-Adminstrativa-2019-20-1.jpeg\"><img loading=\"lazy\" decoding=\"async\" class=\"wp-image-15051 alignleft\" src=\"https:\/\/agora.xtec.cat\/iesaran\/wp-content\/uploads\/usu1107\/2020\/05\/Cartell-Cicle-Mitja-Gesti\u00f3-Adminstrativa-2019-20-1-724x1024.jpeg\" alt=\"\" width=\"191\" height=\"270\" srcset=\"https:\/\/agora.xtec.cat\/iesaran\/wp-content\/uploads\/usu1107\/2020\/05\/Cartell-Cicle-Mitja-Gesti\u00f3-Adminstrativa-2019-20-1-724x1024.jpeg 724w, https:\/\/agora.xtec.cat\/iesaran\/wp-content\/uploads\/usu1107\/2020\/05\/Cartell-Cicle-Mitja-Gesti\u00f3-Adminstrativa-2019-20-1-212x300.jpeg 212w, https:\/\/agora.xtec.cat\/iesaran\/wp-content\/uploads\/usu1107\/2020\/05\/Cartell-Cicle-Mitja-Gesti\u00f3-Adminstrativa-2019-20-1-768x1086.jpeg 768w, https:\/\/agora.xtec.cat\/iesaran\/wp-content\/uploads\/usu1107\/2020\/05\/Cartell-Cicle-Mitja-Gesti\u00f3-Adminstrativa-2019-20-1.jpeg 1755w\" sizes=\"auto, (max-width: 191px) 100vw, 191px\" \/><\/a><a href=\"https:\/\/drive.google.com\/file\/d\/1ItAXxZxo_Ygv2LhuaQX6jsuTNwijbCCp\/view?usp=share_link\"><span style=\"color: #000080;\"><strong>Video de presentaci\u00f3 CFGM GAD<\/strong><\/span><\/a><\/p>\n<p>La compet\u00e8ncia general d&#8217;aquest t\u00edtol consisteix a activitats de suport administratiu en l&#8217;\u00e0mbit laboral, comptable, comercial, financer i fiscal, aix\u00ed com d&#8217;atenci\u00f3 al client\/usuari, tant en empreses p\u00fabliques com en empreses privades, aplicant la normativa vigent i protocols de qualitat, assegurant la satisfacci\u00f3 del client i actuant segons les normes de prevenci\u00f3 de riscos laborals i de protecci\u00f3 ambiental.<\/p>\n<p>&nbsp;<\/p>\n<p><strong>COMPET\u00c8NCIES PROFESSIONALS, PERSONALS I SOCIALS<\/strong><\/p>\n<p style=\"text-align: justify;\"><strong>\u00a0<\/strong><span style=\"font-family: inherit; font-size: 1em;\">Tramitar documents o comunicacions internes o externes en els circuits d\u2019informaci\u00f3 de l\u2019empresa.<\/span><\/p>\n<ol>\n<li style=\"text-align: justify;\">Elaborar documents i comunicacions a partir d\u2019ordres rebudes o informaci\u00f3 obtinguda.<\/li>\n<li style=\"text-align: justify;\">Classificar, registrar i arxivar comunicacions i documents segons les t\u00e8cniques apropiades i els par\u00e0metres establerts en l\u2019empresa.<\/li>\n<li style=\"text-align: justify;\">Registrar comptablement la documentaci\u00f3 suport corresponent a l\u2019operativa de l\u2019empresa e condicions de seguretat i qualitat.<\/li>\n<li style=\"text-align: justify;\">Realitzar gestions administratives de tresoreria, seguint les normes i protocols establerts per la ger\u00e8ncia a fi de mantenir la liquiditat de l\u2019organitzaci\u00f3.<\/li>\n<li style=\"text-align: justify;\">Efectuar les gestions administratives de les \u00e0rees de selecci\u00f3 i formaci\u00f3 dels recursos humans de l\u2019empresa, ajustant-se a la normativa vigent i a la pol\u00edtica empresarial, sota la supervisi\u00f3 del responsable superior del departament.<\/li>\n<li style=\"text-align: justify;\">Donar suport administratiu en l\u2019\u00e0rea de gesti\u00f3 laboral de l\u2019empresa ajustant-se a la normativa vigent i sota la supervisi\u00f3 del responsable superior del departament.<\/li>\n<li style=\"text-align: justify;\">Realitzar les gestions administratives de l\u2019activitat comercial registrant la documentaci\u00f3 suport corresponent a determinades obligacions fiscals derivades.<\/li>\n<li style=\"text-align: justify;\">Desenvolupar les activitats d\u2019atenci\u00f3 al client\/usuari en l\u2019\u00e0mbit administratiu i comercial assegurant els nivells de qualitat establerts i relacionats amb la imatge de l\u2019empresa\/instituci\u00f3.<\/li>\n<li style=\"text-align: justify;\">Aplicar els protocols de seguretat laboral i ambiental, higiene i qualitat durant tot el proc\u00e9s productiu, per evitar danys en les persones i el medi ambient.<\/li>\n<li style=\"text-align: justify;\">Complir amb els objectius de la producci\u00f3, actuant conforme als principis de responsabilitat i mantenint unes relacions professionals adequades amb els membres de l\u2019equip de treball.<\/li>\n<li style=\"text-align: justify;\">Resoldre problemes i prendre decisions individuals seguint les normes i procediments establerts, definits dins de l\u2019\u00e0mbit de la seva compet\u00e8ncia.<\/li>\n<li style=\"text-align: justify;\">Mantenir l\u2019esperit d\u2019innovaci\u00f3, de millora dels processos de producci\u00f3 i d\u2019actualitzaci\u00f3 de coneixements en l\u2019\u00e0mbit del seu treball.<\/li>\n<li style=\"text-align: justify;\">Exercir els seus drets i complir amb les obligacions derivades de les relacions laborals, d\u2019acord amb l\u2019establert en la legislaci\u00f3 vigent.<\/li>\n<li style=\"text-align: justify;\">Detectar i analitzar oportunitats d\u2019ocupaci\u00f3 i autoocupaci\u00f3 desenvolupant una cultura emprenedora i adaptant-se a diferents llocs de treball i noves situacions.<\/li>\n<li style=\"text-align: justify;\">Participar de forma activa en la vida econ\u00f2mica, social i cultural, amb una actitud cr\u00edtica i responsable.<\/li>\n<li style=\"text-align: justify;\">Participar en les activitats de l\u2019empresa amb respecte i actituds de toler\u00e0ncia.<\/li>\n<li style=\"text-align: justify;\">Adaptar-se a diferents llocs de treball i noves situacions laborals originats per canvis tecnol\u00f2gics i organitzatius en els processos productius.<\/li>\n<li style=\"text-align: justify;\">Participar en el treball en equip respectant la jerarquia definida en l\u2019organitzaci\u00f3.<\/li>\n<\/ol>\n<p><strong>CURR\u00cdCULUM<\/strong><\/p>\n<p><a href=\"https:\/\/agora.xtec.cat\/iesaran\/wp-content\/uploads\/usu1107\/2026\/03\/Curriculum-GAD-1.jpg\"><img loading=\"lazy\" decoding=\"async\" class=\"alignnone size-full wp-image-17349\" src=\"https:\/\/agora.xtec.cat\/iesaran\/wp-content\/uploads\/usu1107\/2026\/03\/Curriculum-GAD-1.jpg\" alt=\"\" width=\"772\" height=\"631\" srcset=\"https:\/\/agora.xtec.cat\/iesaran\/wp-content\/uploads\/usu1107\/2026\/03\/Curriculum-GAD-1.jpg 772w, https:\/\/agora.xtec.cat\/iesaran\/wp-content\/uploads\/usu1107\/2026\/03\/Curriculum-GAD-1-300x245.jpg 300w, https:\/\/agora.xtec.cat\/iesaran\/wp-content\/uploads\/usu1107\/2026\/03\/Curriculum-GAD-1-768x628.jpg 768w\" sizes=\"auto, (max-width: 772px) 100vw, 772px\" \/><\/a><\/p>\n<p><a href=\"https:\/\/agora.xtec.cat\/iesaran\/wp-content\/uploads\/usu1107\/2026\/03\/Curriculum-GAD-2.jpg\"><img loading=\"lazy\" decoding=\"async\" class=\"alignnone size-full wp-image-17348\" src=\"https:\/\/agora.xtec.cat\/iesaran\/wp-content\/uploads\/usu1107\/2026\/03\/Curriculum-GAD-2.jpg\" alt=\"\" width=\"765\" height=\"730\" srcset=\"https:\/\/agora.xtec.cat\/iesaran\/wp-content\/uploads\/usu1107\/2026\/03\/Curriculum-GAD-2.jpg 765w, https:\/\/agora.xtec.cat\/iesaran\/wp-content\/uploads\/usu1107\/2026\/03\/Curriculum-GAD-2-300x286.jpg 300w\" sizes=\"auto, (max-width: 765px) 100vw, 765px\" \/><\/a><\/p>\n","protected":false},"excerpt":{"rendered":"<p>T\u00e8cnic-T\u00e8cnica en Gesti\u00f3 administrativa &#8211; CFPM AG10<br \/>\n<a href=\"https:\/\/agora.xtec.cat\/iesaran\/wp-content\/uploads\/usu1107\/2020\/05\/Cartell-Cicle-Mitja-Gesti\u00f3-Adminstrativa-2019-20-1.jpeg\"><\/a><a href=\"https:\/\/drive.google.com\/file\/d\/1ItAXxZxo_Ygv2LhuaQX6jsuTNwijbCCp\/view?usp=share_link\">Video de presentaci\u00f3 CFGM GAD<\/a><br \/>\nLa compet\u00e8ncia general d&#8217;aquest t\u00edtol consisteix a activitats de suport administratiu en l&#8217;\u00e0mbit laboral, comptable, comercial, financer i fiscal, aix\u00ed com d&#8217;atenci\u00f3 al client\/usuari, tant en empreses p\u00fabliques com en empreses privades, aplicant&hellip;  <a href=\"https:\/\/agora.xtec.cat\/iesaran\/estudis\/cad\/\" title=\"Read CFGM GAD &#8211; Gesti\u00f3 Administrativa\">Llegeix m\u00e9s\u00bb<\/a><\/p>\n","protected":false},"author":5,"featured_media":0,"parent":195,"menu_order":4,"comment_status":"closed","ping_status":"closed","template":"","meta":{"_bbp_topic_count":0,"_bbp_reply_count":0,"_bbp_total_topic_count":0,"_bbp_total_reply_count":0,"_bbp_voice_count":0,"_bbp_anonymous_reply_count":0,"_bbp_topic_count_hidden":0,"_bbp_reply_count_hidden":0,"_bbp_forum_subforum_count":0,"footnotes":""},"class_list":["post-13746","page","type-page","status-publish","hentry"],"post_mailing_queue_ids":[],"_links":{"self":[{"href":"https:\/\/agora.xtec.cat\/iesaran\/wp-json\/wp\/v2\/pages\/13746","targetHints":{"allow":["GET"]}}],"collection":[{"href":"https:\/\/agora.xtec.cat\/iesaran\/wp-json\/wp\/v2\/pages"}],"about":[{"href":"https:\/\/agora.xtec.cat\/iesaran\/wp-json\/wp\/v2\/types\/page"}],"author":[{"embeddable":true,"href":"https:\/\/agora.xtec.cat\/iesaran\/wp-json\/wp\/v2\/users\/5"}],"replies":[{"embeddable":true,"href":"https:\/\/agora.xtec.cat\/iesaran\/wp-json\/wp\/v2\/comments?post=13746"}],"version-history":[{"count":4,"href":"https:\/\/agora.xtec.cat\/iesaran\/wp-json\/wp\/v2\/pages\/13746\/revisions"}],"predecessor-version":[{"id":17350,"href":"https:\/\/agora.xtec.cat\/iesaran\/wp-json\/wp\/v2\/pages\/13746\/revisions\/17350"}],"up":[{"embeddable":true,"href":"https:\/\/agora.xtec.cat\/iesaran\/wp-json\/wp\/v2\/pages\/195"}],"wp:attachment":[{"href":"https:\/\/agora.xtec.cat\/iesaran\/wp-json\/wp\/v2\/media?parent=13746"}],"curies":[{"name":"wp","href":"https:\/\/api.w.org\/{rel}","templated":true}]}}