{"id":13743,"date":"2019-01-11T09:43:04","date_gmt":"2019-01-11T08:43:04","guid":{"rendered":"http:\/\/agora.xtec.cat\/iesaran\/?page_id=13743"},"modified":"2023-11-06T12:35:51","modified_gmt":"2023-11-06T11:35:51","slug":"cafemn","status":"publish","type":"page","link":"https:\/\/agora.xtec.cat\/iesaran\/estudis\/cafemn\/","title":{"rendered":"CFPM AE10 -Guia en el medi natural i de temps de lleure (LOE)"},"content":{"rendered":"<p><strong>Guia en el medi natural i de temps de Lleure<\/strong><\/p>\n<p>Cicle de 2 anys de durada amb una formaci\u00f3 de 2000 hores. L\u2019horari \u00e9s de mat\u00ed. Forma professionals que s\u00e0piguen conduir grups a peu, amb bicicleta i a cavall per la natura. Inclou compet\u00e8ncies com la nataci\u00f3, les activitats n\u00e0utiques, el socorrisme al medi natural, guiatge de baixa i mitja muntanya, i el lleure infantil i juvenil.<\/p>\n<p>\u00c9s un cicle eminentment pr\u00e0ctic. La majoria de dies es surt a la natura faci el temps que faci (cal equipar-se b\u00e9). Tenim el Parc de Collserola a tocar cosa que ens facilita l\u2019acc\u00e9s a la muntanya. Realitzem sortides a altres parcs naturals com el Garraf, Montserrat, Montseny, Serra de Prades, Bergued\u00e0 i La Cerdanya. L\u2019alumnat col\u00b7labora organitzant diferents activitats amb alumnes de prim\u00e0ria i Eso dinamitzant activitats d\u2019orientaci\u00f3 i multi aventura. Aix\u00f2 permet preparar activitats similars a les de la seva futura activitat professional.<\/p>\n<p>\u00c9s un cicle formatiu ideal per aquelles persones que vulguin treballar en contacte amb la natura, conscients del que suposa un cicle com aquest: acabar treballant amb persones en un entorn natural no exempt de riscos. Aix\u00f2 vol dir responsabilitat, coneixement, condici\u00f3 f\u00edsica, habilitats comunicatives, passi\u00f3 per la muntanya i sobretot moltes ganes d\u2019aprendre. Els alumnes completen la seva formaci\u00f3 amb pr\u00e0ctiques en empreses dedicades al lleure i a les activitats a la natura.<\/p>\n<p><a href=\"https:\/\/agora.xtec.cat\/iesaran\/estudis\/cafemn\/attachment\/captura-cf\/\" rel=\"attachment wp-att-16745\"><img loading=\"lazy\" decoding=\"async\" class=\"aligncenter size-full wp-image-16745\" src=\"https:\/\/agora.xtec.cat\/iesaran\/wp-content\/uploads\/usu1107\/2023\/11\/Captura-cf.png\" alt=\"\" width=\"1119\" height=\"276\" \/><\/a><\/p>\n<table style=\"width: 52.0601%;\" width=\"573\">\n<tbody>\n<tr>\n<td style=\"width: 98.6063%; text-align: center;\" colspan=\"3\" width=\"573\">CFGM AE10 &#8211; GUIA EN EL MEDI NATURAL I TEMPS DE LLEURE<\/td>\n<\/tr>\n<tr>\n<td style=\"width: 14.4599%;\" width=\"83\">CODI<\/td>\n<td style=\"width: 69.8606%;\" width=\"407\">M\u00d2DUL<\/td>\n<td style=\"width: 14.2857%;\" width=\"83\">Hores<\/td>\n<\/tr>\n<tr>\n<td style=\"width: 14.4599%;\" width=\"83\">MP1<\/td>\n<td style=\"width: 69.8606%;\" width=\"407\">T\u00e8cniques d\u2019equitaci\u00f3<\/td>\n<td style=\"width: 14.2857%;\" width=\"83\">99<\/td>\n<\/tr>\n<tr>\n<td style=\"width: 14.4599%;\" rowspan=\"2\" width=\"83\"><\/td>\n<td style=\"width: 69.8606%;\" width=\"407\">UF1 Operacions pr\u00e8vies a la munta de cavall<\/td>\n<td style=\"width: 14.2857%;\" width=\"83\">22<\/td>\n<\/tr>\n<tr>\n<td style=\"width: 69.8606%;\" width=\"407\">UF2 aplicaci\u00f3 de t\u00e8cniques d\u2019equitaci\u00f3<\/td>\n<td style=\"width: 14.2857%;\" width=\"83\">77<\/td>\n<\/tr>\n<tr>\n<td style=\"width: 14.4599%;\" width=\"83\">MP2<\/td>\n<td style=\"width: 69.8606%;\" width=\"407\">Guia eq\u00fcestre<\/td>\n<td style=\"width: 14.2857%;\" width=\"83\">66<\/td>\n<\/tr>\n<tr>\n<td style=\"width: 14.4599%;\" rowspan=\"2\" width=\"83\"><\/td>\n<td style=\"width: 69.8606%;\" width=\"407\">UF1 Activitats eq\u00fcestres en el medi natural<\/td>\n<td style=\"width: 14.2857%;\" width=\"83\">44<\/td>\n<\/tr>\n<tr>\n<td style=\"width: 69.8606%;\" width=\"407\">UF2 Activitats eq\u00fcestres recreatives<\/td>\n<td style=\"width: 14.2857%;\" width=\"83\">22<\/td>\n<\/tr>\n<tr>\n<td style=\"width: 14.4599%;\" width=\"83\">MP3<\/td>\n<td style=\"width: 69.8606%;\" width=\"407\">Atenci\u00f3 a grups<\/td>\n<td style=\"width: 14.2857%;\" width=\"83\">66<\/td>\n<\/tr>\n<tr>\n<td style=\"width: 14.4599%;\" rowspan=\"2\" width=\"83\"><\/td>\n<td style=\"width: 69.8606%;\" width=\"407\">UF1 Habilitats comunicatives<\/td>\n<td style=\"width: 14.2857%;\" width=\"83\">22<\/td>\n<\/tr>\n<tr>\n<td style=\"width: 69.8606%;\" width=\"407\">UF2 Din\u00e0mica de grups<\/td>\n<td style=\"width: 14.2857%;\" width=\"83\">44<\/td>\n<\/tr>\n<tr>\n<td style=\"width: 14.4599%;\" width=\"83\">MP4<\/td>\n<td style=\"width: 69.8606%;\" width=\"407\">Organitzaci\u00f3 d\u2019itineraris<\/td>\n<td style=\"width: 14.2857%;\" width=\"83\">66<\/td>\n<\/tr>\n<tr>\n<td style=\"width: 14.4599%;\" width=\"83\"><\/td>\n<td style=\"width: 69.8606%;\" width=\"407\">UF1 Organitzaci\u00f3 d\u2019itineraris<\/td>\n<td style=\"width: 14.2857%;\" width=\"83\">66<\/td>\n<\/tr>\n<tr>\n<td style=\"width: 14.4599%;\" width=\"83\">MP5<\/td>\n<td style=\"width: 69.8606%;\" width=\"407\">Guia de muntanya baixa i mitjana<\/td>\n<td style=\"width: 14.2857%;\" width=\"83\">132<\/td>\n<\/tr>\n<tr>\n<td style=\"width: 14.4599%;\" rowspan=\"2\" width=\"83\"><\/td>\n<td style=\"width: 69.8606%;\" width=\"407\">UF1 Meteorologia i t\u00e8cniques d\u2019orientaci\u00f3 per a guies<\/td>\n<td style=\"width: 14.2857%;\" width=\"83\">44<\/td>\n<\/tr>\n<tr>\n<td style=\"width: 69.8606%;\" width=\"407\">UF2 Guia de persones a la muntanya<\/td>\n<td style=\"width: 14.2857%;\" width=\"83\">88<\/td>\n<\/tr>\n<tr>\n<td style=\"width: 14.4599%;\" width=\"83\">MP6<\/td>\n<td style=\"width: 69.8606%;\" width=\"407\">Guia de bicicleta<\/td>\n<td style=\"width: 14.2857%;\" width=\"83\">99<\/td>\n<\/tr>\n<tr>\n<td style=\"width: 14.4599%;\" rowspan=\"2\" width=\"83\"><\/td>\n<td style=\"width: 69.8606%;\" width=\"407\">UF1 Manteniment de la bicicleta<\/td>\n<td style=\"width: 14.2857%;\" width=\"83\">22<\/td>\n<\/tr>\n<tr>\n<td style=\"width: 69.8606%;\" width=\"407\">UF2 Guia de grups en bicicleta<\/td>\n<td style=\"width: 14.2857%;\" width=\"83\">77<\/td>\n<\/tr>\n<tr>\n<td style=\"width: 14.4599%;\" width=\"83\">MP7<\/td>\n<td style=\"width: 69.8606%;\" width=\"407\">T\u00e8cniques de temps de lleure<\/td>\n<td style=\"width: 14.2857%;\" width=\"83\">99<\/td>\n<\/tr>\n<tr>\n<td style=\"width: 14.4599%;\" rowspan=\"2\" width=\"83\"><\/td>\n<td style=\"width: 69.8606%;\" width=\"407\">UF1 Activitats d\u2019educaci\u00f3 en el lleure<\/td>\n<td style=\"width: 14.2857%;\" width=\"83\">50<\/td>\n<\/tr>\n<tr>\n<td style=\"width: 69.8606%;\" width=\"407\">UF2 Activitats i estades al medi natural<\/td>\n<td style=\"width: 14.2857%;\" width=\"83\">49<\/td>\n<\/tr>\n<tr>\n<td style=\"width: 14.4599%;\" width=\"83\">MP8<\/td>\n<td style=\"width: 69.8606%;\" width=\"407\">T\u00e8cniques de nataci\u00f3<\/td>\n<td style=\"width: 14.2857%;\" width=\"83\">44<\/td>\n<\/tr>\n<tr>\n<td style=\"width: 14.4599%;\" width=\"83\"><\/td>\n<td style=\"width: 69.8606%;\" width=\"407\">UF1 T\u00e8cniques de nataci\u00f3<\/td>\n<td style=\"width: 14.2857%;\" width=\"83\">44<\/td>\n<\/tr>\n<tr>\n<td style=\"width: 14.4599%;\" width=\"83\">MP9<\/td>\n<td style=\"width: 69.8606%;\" width=\"407\">Socorrisme en el medi natural<\/td>\n<td style=\"width: 14.2857%;\" width=\"83\">99<\/td>\n<\/tr>\n<tr>\n<td style=\"width: 14.4599%;\" rowspan=\"2\" width=\"83\"><\/td>\n<td style=\"width: 69.8606%;\" width=\"407\">UF1 Intervenci\u00f3 en primers auxilis<\/td>\n<td style=\"width: 14.2857%;\" width=\"83\">44<\/td>\n<\/tr>\n<tr>\n<td style=\"width: 69.8606%;\" width=\"407\">UF2 Rescat d\u2019accidentats en espais aqu\u00e0tics naturals<\/td>\n<td style=\"width: 14.2857%;\" width=\"83\">55<\/td>\n<\/tr>\n<tr>\n<td style=\"width: 14.4599%;\" width=\"83\">MP10<\/td>\n<td style=\"width: 69.8606%;\" width=\"407\">Guia en el medi natural aqu\u00e0tic<\/td>\n<td style=\"width: 14.2857%;\" width=\"83\">99<\/td>\n<\/tr>\n<tr>\n<td style=\"width: 14.4599%;\" width=\"83\"><\/td>\n<td style=\"width: 69.8606%;\" width=\"407\">UF1 Guia en el medi natural aqu\u00e0tic<\/td>\n<td style=\"width: 14.2857%;\" width=\"83\">99<\/td>\n<\/tr>\n<tr>\n<td style=\"width: 14.4599%;\" width=\"83\">MP11<\/td>\n<td style=\"width: 69.8606%;\" width=\"407\">Maniobres amb cordes<\/td>\n<td style=\"width: 14.2857%;\" width=\"83\">132<\/td>\n<\/tr>\n<tr>\n<td style=\"width: 14.4599%;\" rowspan=\"2\" width=\"83\"><\/td>\n<td style=\"width: 69.8606%;\" width=\"407\">UF1 Activitats de multi aventura en vies ferrads, escalada, espeologia i barrancs<\/td>\n<td style=\"width: 14.2857%;\" width=\"83\">110<\/td>\n<\/tr>\n<tr>\n<td style=\"width: 69.8606%;\" width=\"407\">UF2 Activitats de multi aventura en instal\u00b7lacions de lleure i aventura<\/td>\n<td style=\"width: 14.2857%;\" width=\"83\">22<\/td>\n<\/tr>\n<tr>\n<td style=\"width: 14.4599%;\" width=\"83\">MP12<\/td>\n<td style=\"width: 69.8606%;\" width=\"407\">Formaci\u00f3 i orientaci\u00f3 laboral<\/td>\n<td style=\"width: 14.2857%;\" width=\"83\">66<\/td>\n<\/tr>\n<tr>\n<td style=\"width: 14.4599%;\" rowspan=\"2\" width=\"83\"><\/td>\n<td style=\"width: 69.8606%;\" width=\"407\">UF1 Incorporaci\u00f3 al treball<\/td>\n<td style=\"width: 14.2857%;\" width=\"83\">33<\/td>\n<\/tr>\n<tr>\n<td style=\"width: 69.8606%;\" width=\"407\">UF2 Prevenci\u00f3 de riscos laborals<\/td>\n<td style=\"width: 14.2857%;\" width=\"83\">33<\/td>\n<\/tr>\n<tr>\n<td style=\"width: 14.4599%;\" width=\"83\">MP14<\/td>\n<td style=\"width: 69.8606%;\" width=\"407\">Angl\u00e8s t\u00e8cnic<\/td>\n<td style=\"width: 14.2857%;\" width=\"83\">99<\/td>\n<\/tr>\n<tr>\n<td style=\"width: 14.4599%;\" width=\"83\"><\/td>\n<td style=\"width: 69.8606%;\" width=\"407\">UF1 Angl\u00e8s t\u00e8cnic<\/td>\n<td style=\"width: 14.2857%;\" width=\"83\">99<\/td>\n<\/tr>\n<tr>\n<td style=\"width: 14.4599%;\" width=\"83\">MP13<\/td>\n<td style=\"width: 69.8606%;\" width=\"407\">Empresa i iniciativa emprenedora<\/td>\n<td style=\"width: 14.2857%;\" width=\"83\">66<\/td>\n<\/tr>\n<tr>\n<td style=\"width: 14.4599%;\" width=\"83\"><\/td>\n<td style=\"width: 69.8606%;\" width=\"407\">UF1 Empresa i iniciativa emprenedora<\/td>\n<td style=\"width: 14.2857%;\" width=\"83\">66<\/td>\n<\/tr>\n<tr>\n<td style=\"width: 14.4599%;\" width=\"83\">MP15<\/td>\n<td style=\"width: 69.8606%;\" width=\"407\">S\u00edntesi<\/td>\n<td style=\"width: 14.2857%;\" width=\"83\">297<\/td>\n<\/tr>\n<tr>\n<td style=\"width: 14.4599%;\" width=\"83\"><\/td>\n<td style=\"width: 69.8606%;\" width=\"407\">UF1 S\u00edntesi<\/td>\n<td style=\"width: 14.2857%;\" width=\"83\">297<\/td>\n<\/tr>\n<tr>\n<td style=\"width: 14.4599%;\" width=\"83\">MP16<\/td>\n<td style=\"width: 69.8606%;\" width=\"407\">Formaci\u00f3 en centres de treball<\/td>\n<td style=\"width: 14.2857%;\" width=\"83\">383<\/td>\n<\/tr>\n<tr>\n<td style=\"width: 14.4599%;\" width=\"83\"><\/td>\n<td style=\"width: 69.8606%;\" width=\"407\">UF1 Formaci\u00f3 en centres de treball<\/td>\n<td style=\"width: 14.2857%;\" width=\"83\">383<\/td>\n<\/tr>\n<tr>\n<td style=\"width: 14.4599%;\" width=\"83\">MP017<\/td>\n<td style=\"width: 69.8606%;\" width=\"407\">Modalitat de despla\u00e7ament en el medi nevat<\/td>\n<td style=\"width: 14.2857%;\" width=\"83\">88<\/td>\n<\/tr>\n<tr>\n<td style=\"width: 14.4599%;\" width=\"83\"><\/td>\n<td style=\"width: 69.8606%;\" width=\"407\">UF1 Despla\u00e7ament en el medi nevat<\/td>\n<td style=\"width: 14.2857%;\" width=\"83\">88<\/td>\n<\/tr>\n<tr>\n<td style=\"width: 14.4599%;\" width=\"83\">TUT<\/td>\n<td style=\"width: 69.8606%;\" width=\"407\">Tutoria<\/td>\n<td style=\"width: 14.2857%;\" width=\"83\">33<\/td>\n<\/tr>\n<\/tbody>\n<\/table>\n","protected":false},"excerpt":{"rendered":"<p>Guia en el medi natural i de temps de Lleure<br \/>\nCicle de 2 anys de durada amb una formaci\u00f3 de 2000 hores. L\u2019horari \u00e9s de mat\u00ed. Forma professionals que s\u00e0piguen conduir grups a peu, amb bicicleta i a cavall per la natura. Inclou compet\u00e8ncies com la&hellip;  <a href=\"https:\/\/agora.xtec.cat\/iesaran\/estudis\/cafemn\/\" title=\"Read CFPM AE10 -Guia en el medi natural i de temps de lleure (LOE)\">Llegeix m\u00e9s\u00bb<\/a><\/p>\n","protected":false},"author":5,"featured_media":0,"parent":195,"menu_order":0,"comment_status":"closed","ping_status":"closed","template":"","meta":{"_bbp_topic_count":0,"_bbp_reply_count":0,"_bbp_total_topic_count":0,"_bbp_total_reply_count":0,"_bbp_voice_count":0,"_bbp_anonymous_reply_count":0,"_bbp_topic_count_hidden":0,"_bbp_reply_count_hidden":0,"_bbp_forum_subforum_count":0,"footnotes":""},"class_list":["post-13743","page","type-page","status-publish","hentry"],"post_mailing_queue_ids":[],"_links":{"self":[{"href":"https:\/\/agora.xtec.cat\/iesaran\/wp-json\/wp\/v2\/pages\/13743","targetHints":{"allow":["GET"]}}],"collection":[{"href":"https:\/\/agora.xtec.cat\/iesaran\/wp-json\/wp\/v2\/pages"}],"about":[{"href":"https:\/\/agora.xtec.cat\/iesaran\/wp-json\/wp\/v2\/types\/page"}],"author":[{"embeddable":true,"href":"https:\/\/agora.xtec.cat\/iesaran\/wp-json\/wp\/v2\/users\/5"}],"replies":[{"embeddable":true,"href":"https:\/\/agora.xtec.cat\/iesaran\/wp-json\/wp\/v2\/comments?post=13743"}],"version-history":[{"count":5,"href":"https:\/\/agora.xtec.cat\/iesaran\/wp-json\/wp\/v2\/pages\/13743\/revisions"}],"predecessor-version":[{"id":16746,"href":"https:\/\/agora.xtec.cat\/iesaran\/wp-json\/wp\/v2\/pages\/13743\/revisions\/16746"}],"up":[{"embeddable":true,"href":"https:\/\/agora.xtec.cat\/iesaran\/wp-json\/wp\/v2\/pages\/195"}],"wp:attachment":[{"href":"https:\/\/agora.xtec.cat\/iesaran\/wp-json\/wp\/v2\/media?parent=13743"}],"curies":[{"name":"wp","href":"https:\/\/api.w.org\/{rel}","templated":true}]}}