{"id":13674,"date":"2018-11-07T13:39:40","date_gmt":"2018-11-07T12:39:40","guid":{"rendered":"http:\/\/agora.xtec.cat\/iesaran\/?page_id=13674"},"modified":"2019-11-15T22:41:14","modified_gmt":"2019-11-15T21:41:14","slug":"documents-families","status":"publish","type":"page","link":"https:\/\/agora.xtec.cat\/iesaran\/familia-alumnes\/documents-families\/","title":{"rendered":"Documents families"},"content":{"rendered":"<p><strong><span style=\"color: #379e15;\">Documents d&#8217;utilitat per les families:<\/span><\/strong><\/p>\n<ul>\n<li><a href=\"https:\/\/www.dropbox.com\/s\/jhoxd7w483up6tv\/DOC.02%20-%20CARTA%20COMPROMIS%2018-19%20-%20ESO.pdf?dl=0\" target=\"_blank\" rel=\"noopener noreferrer\">Era Carta de Compromis Educatiu ESO<\/a><\/li>\n<li><a href=\"https:\/\/www.dropbox.com\/s\/ybfrg77b26j7n3u\/Carta%20comprom%C3%ADs%20educatiu%20BTX.pdf?dl=0\" target=\"_blank\" rel=\"noopener noreferrer\">Era Carta de Compromis Educatiu\u00a0BATXILLERAT<\/a><\/li>\n<li><a href=\"https:\/\/www.dropbox.com\/s\/alvozen6940gd4c\/Carta%20de%20comprom%C3%ADs%20educatiu%20FP.pdf?dl=0\" target=\"_blank\" rel=\"noopener noreferrer\">Era Carta de Compromis EducatiuCICLES FORMATIUS<\/a><\/li>\n<li><a href=\"https:\/\/www.dropbox.com\/s\/cgvnhiikpmja4dx\/Protocol%201x1%20INS%20d%27Aran.pdf?dl=0\" target=\"_blank\" rel=\"noopener noreferrer\">Protocol a seguir dins del programa Educat 2.0 (Port\u00e0tils)<\/a><\/li>\n<li><a href=\"https:\/\/www.dropbox.com\/s\/i60nmnn3lnhgbu6\/autoritzaci%C3%B3%20us%20de%20serveis%20i%20recursos%20digitals%20%28menors%20de%2014%20anys%29.pdf?dl=0\" target=\"_blank\" rel=\"noopener noreferrer\">\u00das de serveis i recursos web 2.0. Model d&#8217;autoritzaci\u00f3 i de comunicaci\u00f3 (alumnes menors de 14 anys)<\/a><\/li>\n<li><a href=\"https:\/\/www.dropbox.com\/s\/sosvcsav5jwhn7g\/autoritzaci%C3%B3%20us%20de%20serveis%20i%20recursos%20digitals%20%28majors%20de%2014%20anys%20per%C3%B2%20menors%20d%27edat%29.pdf?dl=0\" target=\"_blank\" rel=\"noopener noreferrer\">\u00das de serveis i recursos web 2.0. Model d&#8217;autoritzaci\u00f3 i de comunicaci\u00f3 (alumnes majors de 14 anys per\u00f2 menors d&#8217;edat)<\/a><\/li>\n<li><a href=\"https:\/\/www.dropbox.com\/s\/ht54g4rcxh8odao\/autoritzaci%C3%B3%20general%20sortides%20actuau.pdf?dl=0\" target=\"_blank\" rel=\"noopener noreferrer\">Full d&#8217;autoritzaci\u00f3 general per a realitzar sortides\u00a0durant el curs actual<\/a><\/li>\n<li><a href=\"https:\/\/www.dropbox.com\/s\/4wa36jdoupj17iy\/fulla%20drets%20d%27imatge.pdf?dl=0\" target=\"_blank\" rel=\"noopener noreferrer\">Full d&#8217;autoritzaci\u00f3 pels Drets d&#8217;imatge de l&#8217;alumne.<\/a><\/li>\n<\/ul>\n<p>&nbsp;<\/p>\n<p><strong><span style=\"color: #379e15;\">Dossiers informatius per les families:<\/span><\/strong><\/p>\n<ul>\n<li>Dossier d&#8217;acuelluda tas fam\u00edlies e alumnat de naua incorporacion\u00a0(6au de Primaria)<\/li>\n<li>Dossier d&#8217;acollida per les fam\u00edlies (ESO)<\/li>\n<li>Presentaci\u00f3 d&#8217;acollida per les fam\u00edlies de Batxillerat<\/li>\n<\/ul>\n","protected":false},"excerpt":{"rendered":"<p>Documents d&#8217;utilitat per les families:<\/p>\n<ul>\n<li><a href=\"https:\/\/www.dropbox.com\/s\/jhoxd7w483up6tv\/DOC.02%20-%20CARTA%20COMPROMIS%2018-19%20-%20ESO.pdf?dl=0\" target=\"_blank\" rel=\"noopener noreferrer\">Era Carta de Compromis Educatiu ESO<\/a><\/li>\n<li><a href=\"https:\/\/www.dropbox.com\/s\/ybfrg77b26j7n3u\/Carta%20comprom%C3%ADs%20educatiu%20BTX.pdf?dl=0\" target=\"_blank\" rel=\"noopener noreferrer\">Era Carta de Compromis Educatiu\u00a0BATXILLERAT<\/a><\/li>\n<li><a href=\"https:\/\/www.dropbox.com\/s\/alvozen6940gd4c\/Carta%20de%20comprom%C3%ADs%20educatiu%20FP.pdf?dl=0\" target=\"_blank\" rel=\"noopener noreferrer\">Era Carta de Compromis EducatiuCICLES FORMATIUS<\/a><\/li>\n<li><a href=\"https:\/\/www.dropbox.com\/s\/cgvnhiikpmja4dx\/Protocol%201x1%20INS%20d%27Aran.pdf?dl=0\" target=\"_blank\" rel=\"noopener noreferrer\">Protocol a seguir dins del programa Educat 2.0 (Port\u00e0tils)<\/a><\/li>\n<li><a href=\"https:\/\/www.dropbox.com\/s\/i60nmnn3lnhgbu6\/autoritzaci%C3%B3%20us%20de%20serveis%20i%20recursos%20digitals%20%28menors%20de%2014%20anys%29.pdf?dl=0\" target=\"_blank\"&hellip;  <a href=\"https:\/\/agora.xtec.cat\/iesaran\/familia-alumnes\/documents-families\/\" title=\"Read Documents families\">Llegeix m\u00e9s\u00bb<\/a><br \/>\n","protected":false},"author":1,"featured_media":0,"parent":605,"menu_order":12,"comment_status":"closed","ping_status":"closed","template":"page-templates\/side-menu.php","meta":{"_bbp_topic_count":0,"_bbp_reply_count":0,"_bbp_total_topic_count":0,"_bbp_total_reply_count":0,"_bbp_voice_count":0,"_bbp_anonymous_reply_count":0,"_bbp_topic_count_hidden":0,"_bbp_reply_count_hidden":0,"_bbp_forum_subforum_count":0,"footnotes":""},"class_list":["post-13674","page","type-page","status-publish","hentry"],"post_mailing_queue_ids":[],"_links":{"self":[{"href":"https:\/\/agora.xtec.cat\/iesaran\/wp-json\/wp\/v2\/pages\/13674","targetHints":{"allow":["GET"]}}],"collection":[{"href":"https:\/\/agora.xtec.cat\/iesaran\/wp-json\/wp\/v2\/pages"}],"about":[{"href":"https:\/\/agora.xtec.cat\/iesaran\/wp-json\/wp\/v2\/types\/page"}],"author":[{"embeddable":true,"href":"https:\/\/agora.xtec.cat\/iesaran\/wp-json\/wp\/v2\/users\/1"}],"replies":[{"embeddable":true,"href":"https:\/\/agora.xtec.cat\/iesaran\/wp-json\/wp\/v2\/comments?post=13674"}],"version-history":[{"count":3,"href":"https:\/\/agora.xtec.cat\/iesaran\/wp-json\/wp\/v2\/pages\/13674\/revisions"}],"predecessor-version":[{"id":14489,"href":"https:\/\/agora.xtec.cat\/iesaran\/wp-json\/wp\/v2\/pages\/13674\/revisions\/14489"}],"up":[{"embeddable":true,"href":"https:\/\/agora.xtec.cat\/iesaran\/wp-json\/wp\/v2\/pages\/605"}],"wp:attachment":[{"href":"https:\/\/agora.xtec.cat\/iesaran\/wp-json\/wp\/v2\/media?parent=13674"}],"curies":[{"name":"wp","href":"https:\/\/api.w.org\/{rel}","templated":true}]}}